{"id":101,"date":"2024-04-02T20:29:02","date_gmt":"2024-04-02T18:29:02","guid":{"rendered":"https:\/\/swissmediadesign.com\/?page_id=101"},"modified":"2025-03-25T11:07:55","modified_gmt":"2025-03-25T10:07:55","slug":"landing-pages","status":"publish","type":"page","link":"https:\/\/swissmediadesign.com\/es\/nuestra-experiencia\/hacerse-visible\/tiendas-de-diseno-web\/paginas-de-destino\/","title":{"rendered":"P\u00e1ginas de destino"},"content":{"rendered":"<style type=\"text\/css\" data-created_by=\"avia_inline_auto\" id=\"style-css-av-1dfg9h-5873a5a44b92245697bcec6f5296640e\">\n.avia-section.av-1dfg9h-5873a5a44b92245697bcec6f5296640e{\nbackground-repeat:no-repeat;\nbackground-image:url(https:\/\/swissmediadesign.com\/wp-content\/uploads\/2024\/04\/landing-passenger-airplane-at-colorful-sunset-2023-11-27-05-35-19-utc-1500x1001.jpg);\nbackground-position:50% 50%;\nbackground-attachment:scroll;\n}\n.avia-section.av-1dfg9h-5873a5a44b92245697bcec6f5296640e .av-section-color-overlay{\nopacity:0.5;\nbackground-color:#000000;\n}\n<\/style>\n<div id='av_section_1'  class='avia-section av-1dfg9h-5873a5a44b92245697bcec6f5296640e main_color avia-section-default avia-no-border-styling  avia-builder-el-0  el_before_av_section  avia-builder-el-first  avia-full-stretch avia-bg-style-scroll av-section-color-overlay-active container_wrap fullsize'  data-section-bg-repeat='stretch'><div class=\"av-section-color-overlay-wrap\"><div class=\"av-section-color-overlay\"><\/div><div class='container av-section-cont-open' ><main  role=\"main\" itemprop=\"mainContentOfPage\"  class='template-page content  av-content-full alpha units'><div class='post-entry post-entry-type-page post-entry-101'><div class='entry-content-wrapper clearfix'>\n<div  class='flex_column av-197vh1-2b258110f597503aa7c42fe8a991bb40 av_one_fifth  avia-builder-el-1  el_before_av_three_fifth  avia-builder-el-first  first flex_column_div'     ><\/div><div  class='flex_column av-14bfmd-e8b29907e6fd427f044a094e28867b7e av_three_fifth  avia-builder-el-2  el_after_av_one_fifth  el_before_av_one_fifth  flex_column_div'     ><p>\n<style type=\"text\/css\" data-created_by=\"avia_inline_auto\" id=\"style-css-av-yk6z1-8426dae07fc76d2dc45f748c8834a91a\">\n#top .av-special-heading.av-yk6z1-8426dae07fc76d2dc45f748c8834a91a{\npadding-bottom:10px;\ncolor:#ffffff;\n}\nbody .av-special-heading.av-yk6z1-8426dae07fc76d2dc45f748c8834a91a .av-special-heading-tag .heading-char{\nfont-size:25px;\n}\n.av-special-heading.av-yk6z1-8426dae07fc76d2dc45f748c8834a91a .special-heading-inner-border{\nborder-color:#ffffff;\n}\n.av-special-heading.av-yk6z1-8426dae07fc76d2dc45f748c8834a91a .av-subheading{\nfont-size:15px;\n}\n<\/style>\n<div  class='av-special-heading av-yk6z1-8426dae07fc76d2dc45f748c8834a91a av-special-heading-h1 custom-color-heading blockquote modern-quote modern-centered  avia-builder-el-3  el_before_av_textblock  avia-builder-el-first'><h1 class='av-special-heading-tag'  itemprop=\"headline\"  >P\u00e1ginas de destino<\/h1><div class='av_custom_color av-subheading av-subheading_below'><p><a href=\"https:\/\/swissmediadesign.com\/es\/nuestra-experiencia\/hacerse-visible\/tiendas-de-diseno-web\/\">Dise\u00f1o web y tiendas<\/a> \/ <a href=\"https:\/\/swissmediadesign.com\/es\/nuestra-experiencia\/hacerse-visible\/tiendas-de-diseno-web\/paginas-de-destino\/\">P\u00e1ginas de carga<\/a><\/p>\n<\/div><div class=\"special-heading-border\"><div class=\"special-heading-inner-border\"><\/div><\/div><\/div><br \/>\n\n<style type=\"text\/css\" data-created_by=\"avia_inline_auto\" id=\"style-css-av-p8o9p-31af9ec0598f5039d1bce2a91873032d\">\n#top .av_textblock_section.av-p8o9p-31af9ec0598f5039d1bce2a91873032d .avia_textblock{\ncolor:#ffffff;\n}\n<\/style>\n<section  class='av_textblock_section av-p8o9p-31af9ec0598f5039d1bce2a91873032d'   itemscope=\"itemscope\" itemtype=\"https:\/\/schema.org\/CreativeWork\" ><div class='avia_textblock av_inherit_color'  itemprop=\"text\" ><p style=\"text-align: center;\">Nuestros especialistas combinan tecnolog\u00eda punta y excelencia creativa para desarrollar p\u00e1ginas de aterrizaje \u00fanicas que no s\u00f3lo atraigan visitantes, sino que tambi\u00e9n los conviertan en clientes fieles. Con soluciones personalizadas que se adaptan con precisi\u00f3n a sus objetivos, garantizamos resultados que superan sus expectativas.<\/p>\n<\/div><\/section><\/p><\/div><div  class='flex_column av-mit4d-7785cf8d4ebdc71a7893d57623006a13 av_one_fifth  avia-builder-el-5  el_after_av_three_fifth  avia-builder-el-last  flex_column_div'     ><\/div><\/div><\/div><\/main><!-- close content main element --><\/div><\/div><\/div><div id='av_section_2'  class='avia-section av-edih9-82c6336002680ae65caf70020c42c573 main_color avia-section-default avia-no-border-styling  avia-builder-el-6  el_after_av_section  avia-builder-el-last  avia-bg-style-scroll container_wrap fullsize'  ><div class='container av-section-cont-open' ><div class='template-page content  av-content-full alpha units'><div class='post-entry post-entry-type-page post-entry-101'><div class='entry-content-wrapper clearfix'>\n<div  class='flex_column av-a0vl9-aef20b87967535146cd9ccb491a7707c av_one_full  avia-builder-el-7  avia-builder-el-no-sibling  first flex_column_div'     ><p>\n<style type=\"text\/css\" data-created_by=\"avia_inline_auto\" id=\"style-css-av-lus6t5kq-9b2aa2994cf7d8af61636d5cb67436cf\">\n#top .av-special-heading.av-lus6t5kq-9b2aa2994cf7d8af61636d5cb67436cf{\npadding-bottom:10px;\n}\nbody .av-special-heading.av-lus6t5kq-9b2aa2994cf7d8af61636d5cb67436cf .av-special-heading-tag .heading-char{\nfont-size:25px;\n}\n.av-special-heading.av-lus6t5kq-9b2aa2994cf7d8af61636d5cb67436cf .av-subheading{\nfont-size:15px;\n}\n<\/style>\n<div  class='av-special-heading av-lus6t5kq-9b2aa2994cf7d8af61636d5cb67436cf av-special-heading-h2 blockquote modern-quote  avia-builder-el-8  el_before_av_textblock  avia-builder-el-first'><h2 class='av-special-heading-tag'  itemprop=\"headline\"  >Donde la creatividad se une a la conversi\u00f3n: p\u00e1ginas de destino perfectas para cada objetivo<\/h2><div class=\"special-heading-border\"><div class=\"special-heading-inner-border\"><\/div><\/div><\/div><br \/>\n<section  class='av_textblock_section av-lus6sfc4-88f2ba3fb408329d639cea8419781b34'   itemscope=\"itemscope\" itemtype=\"https:\/\/schema.org\/CreativeWork\" ><div class='avia_textblock'  itemprop=\"text\" ><p>En Swiss Media Design somos conscientes del papel crucial que desempe\u00f1a una p\u00e1gina de aterrizaje dise\u00f1ada con maestr\u00eda en el entorno digital actual. Nuestras p\u00e1ginas de aterrizaje personalizadas, centradas en el usuario y visualmente atractivas est\u00e1n dise\u00f1adas para aumentar sus tasas de conversi\u00f3n. Ya se trate del lanzamiento de un nuevo producto, la promoci\u00f3n de un evento o la captaci\u00f3n de clientes potenciales, desarrollamos p\u00e1ginas de aterrizaje que se adaptan perfectamente a sus necesidades individuales. Con un dise\u00f1o atractivo, contenidos atrayentes y llamadas a la acci\u00f3n eficaces, convertimos a todos los visitantes en clientes.<\/p>\n<p>Nuestras p\u00e1ginas de destino ofrecen una visualizaci\u00f3n y una experiencia de usuario de primera clase en cualquier dispositivo. Gracias al dise\u00f1o responsivo y a las mejores pr\u00e1cticas de SEO, nos aseguramos de que sus p\u00e1ginas est\u00e9n optimizadas tanto para los usuarios como para los motores de b\u00fasqueda. Mediante enfoques basados en datos, como las pruebas A\/B y los an\u00e1lisis de rendimiento, nos esforzamos continuamente por mejorar.<\/p>\n<p>Le damos la flexibilidad de integrar perfectamente las p\u00e1ginas de destino en su sitio web existente o crearlas desde cero en un subdominio, en funci\u00f3n de sus objetivos estrat\u00e9gicos y preferencias. Esta flexibilidad nos permite ampliar y reforzar su presencia en l\u00ednea de diversas maneras. La integraci\u00f3n con Google Analytics nos permite obtener informaci\u00f3n precisa sobre el comportamiento de los usuarios, lo que a su vez garantiza que usted siempre est\u00e9 al tanto del rendimiento de sus p\u00e1ginas y pueda tomar decisiones basadas en datos.<\/p>\n<p>Con Swiss Media Design, desbloquear\u00e1 todo el potencial de las p\u00e1ginas de aterrizaje desarrolladas por profesionales que respaldan eficazmente sus estrategias de marketing digital. Perm\u00edtanos redise\u00f1ar su panorama digital con p\u00e1ginas de destino personalizadas que reflejen su marca y atraigan a su p\u00fablico objetivo. Descubra c\u00f3mo nuestra experiencia puede llevar su marketing online al siguiente nivel y c\u00f3mo puede conseguir resultados sostenibles con nuestras soluciones bien pensadas.<\/p>\n<\/div><\/section><\/p><\/div>\n<\/p>","protected":false},"excerpt":{"rendered":"","protected":false},"author":2,"featured_media":0,"parent":88,"menu_order":3113,"comment_status":"closed","ping_status":"closed","template":"","meta":{"footnotes":""},"class_list":["post-101","page","type-page","status-publish","hentry"],"_links":{"self":[{"href":"https:\/\/swissmediadesign.com\/es\/wp-json\/wp\/v2\/pages\/101","targetHints":{"allow":["GET"]}}],"collection":[{"href":"https:\/\/swissmediadesign.com\/es\/wp-json\/wp\/v2\/pages"}],"about":[{"href":"https:\/\/swissmediadesign.com\/es\/wp-json\/wp\/v2\/types\/page"}],"author":[{"embeddable":true,"href":"https:\/\/swissmediadesign.com\/es\/wp-json\/wp\/v2\/users\/2"}],"replies":[{"embeddable":true,"href":"https:\/\/swissmediadesign.com\/es\/wp-json\/wp\/v2\/comments?post=101"}],"version-history":[{"count":0,"href":"https:\/\/swissmediadesign.com\/es\/wp-json\/wp\/v2\/pages\/101\/revisions"}],"up":[{"embeddable":true,"href":"https:\/\/swissmediadesign.com\/es\/wp-json\/wp\/v2\/pages\/88"}],"wp:attachment":[{"href":"https:\/\/swissmediadesign.com\/es\/wp-json\/wp\/v2\/media?parent=101"}],"curies":[{"name":"wp","href":"https:\/\/api.w.org\/{rel}","templated":true}]}}