{"id":104,"date":"2024-04-02T20:29:45","date_gmt":"2024-04-02T18:29:45","guid":{"rendered":"https:\/\/swissmediadesign.com\/?page_id=104"},"modified":"2025-03-25T10:50:20","modified_gmt":"2025-03-25T09:50:20","slug":"corporate-identity","status":"publish","type":"page","link":"https:\/\/swissmediadesign.com\/es\/nuestra-experiencia\/hacerse-visible\/identidad-corporativa\/","title":{"rendered":"Identidad corporativa"},"content":{"rendered":"<style type=\"text\/css\" data-created_by=\"avia_inline_auto\" id=\"style-css-av-15630o-bc15ec1bc50a583ba66bf4cc2344ae3f\">\n.avia-section.av-15630o-bc15ec1bc50a583ba66bf4cc2344ae3f{\nbackground-repeat:no-repeat;\nbackground-image:url(https:\/\/swissmediadesign.com\/wp-content\/uploads\/2024\/05\/224386232_m_normal_none-1500x1000.jpg);\nbackground-position:50% 50%;\nbackground-attachment:scroll;\n}\n.avia-section.av-15630o-bc15ec1bc50a583ba66bf4cc2344ae3f .av-section-color-overlay{\nopacity:0.5;\nbackground-color:#000000;\n}\n<\/style>\n<div id='av_section_1'  class='avia-section av-15630o-bc15ec1bc50a583ba66bf4cc2344ae3f main_color avia-section-default avia-no-border-styling  avia-builder-el-0  el_before_av_masonry_gallery  avia-builder-el-first  avia-full-stretch avia-bg-style-scroll av-section-color-overlay-active container_wrap fullsize'  data-section-bg-repeat='stretch'><div class=\"av-section-color-overlay-wrap\"><div class=\"av-section-color-overlay\"><\/div><div class='container av-section-cont-open' ><main  role=\"main\" itemprop=\"mainContentOfPage\"  class='template-page content  av-content-full alpha units'><div class='post-entry post-entry-type-page post-entry-104'><div class='entry-content-wrapper clearfix'>\n<div  class='flex_column av-3kbog-46beac140847957a1d8bee3d43ca85f6 av_one_fifth  avia-builder-el-1  el_before_av_three_fifth  avia-builder-el-first  first flex_column_div'     ><\/div><div  class='flex_column av-t0mk8-a057906703b00888225e2f329cc4e16b av_three_fifth  avia-builder-el-2  el_after_av_one_fifth  el_before_av_one_fifth  flex_column_div'     ><p>\n<style type=\"text\/css\" data-created_by=\"avia_inline_auto\" id=\"style-css-av-lvwg3xfd-7e683d8e86f03671c90ef589adbd7d0d\">\n#top .av-special-heading.av-lvwg3xfd-7e683d8e86f03671c90ef589adbd7d0d{\npadding-bottom:10px;\ncolor:#ffffff;\n}\nbody .av-special-heading.av-lvwg3xfd-7e683d8e86f03671c90ef589adbd7d0d .av-special-heading-tag .heading-char{\nfont-size:25px;\n}\n.av-special-heading.av-lvwg3xfd-7e683d8e86f03671c90ef589adbd7d0d .special-heading-inner-border{\nborder-color:#ffffff;\n}\n.av-special-heading.av-lvwg3xfd-7e683d8e86f03671c90ef589adbd7d0d .av-subheading{\nfont-size:15px;\n}\n<\/style>\n<div  class='av-special-heading av-lvwg3xfd-7e683d8e86f03671c90ef589adbd7d0d av-special-heading-h1 custom-color-heading blockquote modern-quote modern-centered  avia-builder-el-3  el_before_av_textblock  avia-builder-el-first'><h1 class='av-special-heading-tag'  itemprop=\"headline\"  >Identidad corporativa<\/h1><div class='av_custom_color av-subheading av-subheading_below'><p><a href=\"https:\/\/swissmediadesign.com\/es\/nuestra-experiencia\/hacerse-visible\/\">Hazte visible<\/a> \/ <a href=\"https:\/\/swissmediadesign.com\/es\/nuestra-experiencia\/hacerse-visible\/identidad-corporativa\/\">Identidad corporativa<\/a><\/p>\n<\/div><div class=\"special-heading-border\"><div class=\"special-heading-inner-border\"><\/div><\/div><\/div><br \/>\n\n<style type=\"text\/css\" data-created_by=\"avia_inline_auto\" id=\"style-css-av-mtrew-0eab85b7e5a3dc2311fa36c645d099b8\">\n#top .av_textblock_section.av-mtrew-0eab85b7e5a3dc2311fa36c645d099b8 .avia_textblock{\ncolor:#ffffff;\n}\n<\/style>\n<section  class='av_textblock_section av-mtrew-0eab85b7e5a3dc2311fa36c645d099b8'   itemscope=\"itemscope\" itemtype=\"https:\/\/schema.org\/CreativeWork\" ><div class='avia_textblock av_inherit_color'  itemprop=\"text\" ><p style=\"text-align: center;\">Descubra ahora las soluciones de identidad corporativa innovadoras y personalizadas de Swiss Media Design. Con estrategias integrales y creativas, desarrollamos proactivamente su identidad de marca \u00fanica para lograr una presencia fuerte, asertiva y convincente, as\u00ed como un aumento sostenible del valor de mercado.<\/p>\n<\/div><\/section><\/p><\/div><div  class='flex_column av-eful4-3805b4973650b6298d9dfec93a1a7285 av_one_fifth  avia-builder-el-5  el_after_av_three_fifth  avia-builder-el-last  flex_column_div'     ><\/div>\n<style type=\"text\/css\" data-created_by=\"avia_inline_auto\" id=\"style-css-av-9c88w-7ba1fe1f2e981f932fd4bd9a7960fb86\">\n#top .av-masonry.av-9c88w-7ba1fe1f2e981f932fd4bd9a7960fb86{\nbackground-color:#ffffff;\n}\n<\/style>\n<div id='av-masonry-1' class='av-masonry av-9c88w-7ba1fe1f2e981f932fd4bd9a7960fb86 noHover av-flex-size av-large-gap av-hover-overlay-active av-masonry-animation-active av-masonry-col-3 av-caption-always av-caption-style-overlay av-masonry-gallery' data-post_id=\"104\"><div class=\"av-masonry-container isotope av-js-disabled\"><div class='av-masonry-entry isotope-item av-masonry-item-no-image'><\/div><a href=\"https:\/\/swissmediadesign.com\/es\/nuestra-experiencia\/hacerse-visible\/identidad-corporativa\/diseno-del-logotipo\/\"  aria-label=\"dise\u00f1o de logotipos\"  id='av-masonry-1-item-574' data-av-masonry-item='574' class='av-masonry-entry isotope-item post-574 attachment type-attachment status-inherit hentry  av-masonry-item-with-image' title=\"Dise\u00f1o del logotipo\" alt=\"\"  data-av-masonry-custom-link=\"https:\/\/swissmediadesign.com\/unsere-expertise\/sichtbar-werden\/corporate-identity\/logodesign\/\"  itemprop=\"thumbnailUrl\" ><div class='av-inner-masonry-sizer'><\/div><figure class='av-inner-masonry main_color'><div class=\"av-masonry-outerimage-container\"><div class='av-masonry-image-container'   ><img decoding=\"async\" src=\"https:\/\/swissmediadesign.com\/wp-content\/uploads\/2024\/04\/224386232_m_normal_none-3-1030x687.jpg\" title=\"Dise\u00f1o del logotipo\" alt=\"\" \/><\/div><\/div><figcaption class='av-inner-masonry-content site-background'><div class='av-inner-masonry-content-pos'><div class='av-inner-masonry-content-pos-content'><div class='avia-arrow'><\/div><h3 class='av-masonry-entry-title entry-title'  itemprop=\"headline\" >Dise\u00f1o del logotipo<\/h3><div class='av-masonry-entry-content entry-content'  itemprop=\"text\" >Descubra ahora las innovadoras soluciones de dise\u00f1o de logotipos personalizadas de Swiss Media Design. Con estrategias integrales, creativas y espec\u00edficas, desarrollamos de forma proactiva su logotipo \u00fanico para lograr una presencia fuerte, asertiva y convincente, as\u00ed como una percepci\u00f3n de marca sostenible e impresionante.<\/div><\/div><\/div><\/figcaption><\/figure><\/a><!--end av-masonry entry--><a href=\"https:\/\/swissmediadesign.com\/es\/nuestra-experiencia\/hacerse-visible\/identidad-corporativa\/branding-rebranding\/\"  aria-label=\"imagen Branding &amp; Rebranding\"  id='av-masonry-1-item-840' data-av-masonry-item='840' class='av-masonry-entry isotope-item post-840 attachment type-attachment status-inherit hentry  av-masonry-item-with-image' title=\"Branding y rebranding\" alt=\"\"  data-av-masonry-custom-link=\"https:\/\/swissmediadesign.com\/unsere-expertise\/sichtbar-werden\/corporate-identity\/branding-rebranding\/\"  itemprop=\"thumbnailUrl\" ><div class='av-inner-masonry-sizer'><\/div><figure class='av-inner-masonry main_color'><div class=\"av-masonry-outerimage-container\"><div class='av-masonry-image-container'   ><img decoding=\"async\" src=\"https:\/\/swissmediadesign.com\/wp-content\/uploads\/2024\/05\/207420574_m_normal_none-1030x687.jpg\" title=\"Branding y rebranding\" alt=\"\" \/><\/div><\/div><figcaption class='av-inner-masonry-content site-background'><div class='av-inner-masonry-content-pos'><div class='av-inner-masonry-content-pos-content'><div class='avia-arrow'><\/div><h3 class='av-masonry-entry-title entry-title'  itemprop=\"headline\" >Branding y rebranding<\/h3><div class='av-masonry-entry-content entry-content'  itemprop=\"text\" >Descubra el poder transformador de nuestros servicios de branding y rebranding. Con una amplia experiencia y creatividad, desarrollamos estrategias de marca personalizadas que hacen que su marca sea visible e impactante. Utilizamos su visi\u00f3n para crear una imagen de marca convincente que garantice el \u00e9xito a largo plazo.<\/div><\/div><\/div><\/figcaption><\/figure><\/a><!--end av-masonry entry--><a href=\"https:\/\/swissmediadesign.com\/es\/nuestra-experiencia\/hacerse-visible\/identidad-corporativa\/equipamiento-empresarial\/\"  aria-label=\"image business equipment\"  id='av-masonry-1-item-852' data-av-masonry-item='852' class='av-masonry-entry isotope-item post-852 attachment type-attachment status-inherit hentry  av-masonry-item-with-image' title=\"Material de oficina\" alt=\"\"  data-av-masonry-custom-link=\"https:\/\/swissmediadesign.com\/unsere-expertise\/sichtbar-werden\/corporate-identity\/geschaeftsausstattung\/\"  itemprop=\"thumbnailUrl\" ><div class='av-inner-masonry-sizer'><\/div><figure class='av-inner-masonry main_color'><div class=\"av-masonry-outerimage-container\"><div class='av-masonry-image-container'   ><img decoding=\"async\" src=\"https:\/\/swissmediadesign.com\/wp-content\/uploads\/2024\/05\/53826564_m_normal_none-1030x687.jpg\" title=\"Material de oficina\" alt=\"\" \/><\/div><\/div><figcaption class='av-inner-masonry-content site-background'><div class='av-inner-masonry-content-pos'><div class='av-inner-masonry-content-pos-content'><div class='avia-arrow'><\/div><h3 class='av-masonry-entry-title entry-title'  itemprop=\"headline\" >Material de oficina<\/h3><div class='av-masonry-entry-content entry-content'  itemprop=\"text\" >Descubra nuestras soluciones personalizadas de equipamiento empresarial que refuerzan y diferencian su marca. Utilizamos nuestra experiencia y creatividad para dise\u00f1ar desde tarjetas de visita hasta completos materiales publicitarios que impresionar\u00e1n. Cada elemento de su papeler\u00eda empresarial refleja su identidad corporativa y transmite el mensaje de su marca.<\/div><\/div><\/div><\/figcaption><\/figure><\/a><!--end av-masonry entry--><\/div><\/div><\/p>","protected":false},"excerpt":{"rendered":"","protected":false},"author":2,"featured_media":0,"parent":86,"menu_order":3120,"comment_status":"closed","ping_status":"closed","template":"","meta":{"footnotes":""},"class_list":["post-104","page","type-page","status-publish","hentry"],"_links":{"self":[{"href":"https:\/\/swissmediadesign.com\/es\/wp-json\/wp\/v2\/pages\/104","targetHints":{"allow":["GET"]}}],"collection":[{"href":"https:\/\/swissmediadesign.com\/es\/wp-json\/wp\/v2\/pages"}],"about":[{"href":"https:\/\/swissmediadesign.com\/es\/wp-json\/wp\/v2\/types\/page"}],"author":[{"embeddable":true,"href":"https:\/\/swissmediadesign.com\/es\/wp-json\/wp\/v2\/users\/2"}],"replies":[{"embeddable":true,"href":"https:\/\/swissmediadesign.com\/es\/wp-json\/wp\/v2\/comments?post=104"}],"version-history":[{"count":0,"href":"https:\/\/swissmediadesign.com\/es\/wp-json\/wp\/v2\/pages\/104\/revisions"}],"up":[{"embeddable":true,"href":"https:\/\/swissmediadesign.com\/es\/wp-json\/wp\/v2\/pages\/86"}],"wp:attachment":[{"href":"https:\/\/swissmediadesign.com\/es\/wp-json\/wp\/v2\/media?parent=104"}],"curies":[{"name":"wp","href":"https:\/\/api.w.org\/{rel}","templated":true}]}}