{"id":109,"date":"2024-04-02T20:30:59","date_gmt":"2024-04-02T18:30:59","guid":{"rendered":"https:\/\/swissmediadesign.com\/?page_id=109"},"modified":"2025-03-25T11:21:55","modified_gmt":"2025-03-25T10:21:55","slug":"branding-rebranding","status":"publish","type":"page","link":"https:\/\/swissmediadesign.com\/es\/nuestra-experiencia\/hacerse-visible\/identidad-corporativa\/branding-rebranding\/","title":{"rendered":"Branding y rebranding"},"content":{"rendered":"<style type=\"text\/css\" data-created_by=\"avia_inline_auto\" id=\"style-css-av-1e1nnh-fe7a2c93cc3f571549a8e7f493fb32cc\">\n.avia-section.av-1e1nnh-fe7a2c93cc3f571549a8e7f493fb32cc{\nbackground-repeat:no-repeat;\nbackground-image:url(https:\/\/swissmediadesign.com\/wp-content\/uploads\/2024\/05\/207420574_m_normal_none-1500x1000.jpg);\nbackground-position:50% 50%;\nbackground-attachment:scroll;\n}\n.avia-section.av-1e1nnh-fe7a2c93cc3f571549a8e7f493fb32cc .av-section-color-overlay{\nopacity:0.5;\nbackground-color:#000000;\n}\n<\/style>\n<div id='av_section_1'  class='avia-section av-1e1nnh-fe7a2c93cc3f571549a8e7f493fb32cc main_color avia-section-default avia-no-border-styling  avia-builder-el-0  el_before_av_one_full  avia-builder-el-first  avia-full-stretch avia-bg-style-scroll av-section-color-overlay-active container_wrap fullsize'  data-section-bg-repeat='stretch'><div class=\"av-section-color-overlay-wrap\"><div class=\"av-section-color-overlay\"><\/div><div class='container av-section-cont-open' ><main  role=\"main\" itemprop=\"mainContentOfPage\"  class='template-page content  av-content-full alpha units'><div class='post-entry post-entry-type-page post-entry-109'><div class='entry-content-wrapper clearfix'>\n<div  class='flex_column av-18tx5x-7695476ea70dbfee9e1528bdaa8dd9a0 av_one_fifth  avia-builder-el-1  el_before_av_three_fifth  avia-builder-el-first  first flex_column_div'     ><\/div><div  class='flex_column av-10n951-0b47673e12a4490479678ca5b04cbd36 av_three_fifth  avia-builder-el-2  el_after_av_one_fifth  el_before_av_one_fifth  flex_column_div'     ><p>\n<style type=\"text\/css\" data-created_by=\"avia_inline_auto\" id=\"style-css-av-lw0euykp-f3c232ed86e880e5d3ee50fe423c8bae\">\n#top .av-special-heading.av-lw0euykp-f3c232ed86e880e5d3ee50fe423c8bae{\npadding-bottom:10px;\ncolor:#ffffff;\n}\nbody .av-special-heading.av-lw0euykp-f3c232ed86e880e5d3ee50fe423c8bae .av-special-heading-tag .heading-char{\nfont-size:25px;\n}\n.av-special-heading.av-lw0euykp-f3c232ed86e880e5d3ee50fe423c8bae .special-heading-inner-border{\nborder-color:#ffffff;\n}\n.av-special-heading.av-lw0euykp-f3c232ed86e880e5d3ee50fe423c8bae .av-subheading{\nfont-size:15px;\n}\n<\/style>\n<div  class='av-special-heading av-lw0euykp-f3c232ed86e880e5d3ee50fe423c8bae av-special-heading-h1 custom-color-heading blockquote modern-quote modern-centered  avia-builder-el-3  el_before_av_textblock  avia-builder-el-first'><h1 class='av-special-heading-tag'  itemprop=\"headline\"  >Marca <span class='special_amp'>&amp;<\/span> Rebranding<\/h1><div class='av_custom_color av-subheading av-subheading_below'><p><a href=\"https:\/\/swissmediadesign.com\/es\/nuestra-experiencia\/hacerse-visible\/identidad-corporativa\/\">Identidad corporativa<\/a> \/ <a href=\"https:\/\/swissmediadesign.com\/es\/nuestra-experiencia\/hacerse-visible\/identidad-corporativa\/branding-rebranding\/\">Branding y rebranding<\/a><\/p>\n<\/div><div class=\"special-heading-border\"><div class=\"special-heading-inner-border\"><\/div><\/div><\/div><br \/>\n\n<style type=\"text\/css\" data-created_by=\"avia_inline_auto\" id=\"style-css-av-wr90l-234e0f6c1da2858f4bd1a298acc4916b\">\n#top .av_textblock_section.av-wr90l-234e0f6c1da2858f4bd1a298acc4916b .avia_textblock{\ncolor:#ffffff;\n}\n<\/style>\n<section  class='av_textblock_section av-wr90l-234e0f6c1da2858f4bd1a298acc4916b'   itemscope=\"itemscope\" itemtype=\"https:\/\/schema.org\/CreativeWork\" ><div class='avia_textblock av_inherit_color'  itemprop=\"text\" ><p style=\"text-align: center;\">Descubra el poder transformador de nuestros servicios de branding y rebranding. Con una amplia experiencia y creatividad, desarrollamos estrategias de marca personalizadas que hacen que su marca sea visible e impactante. Utilizamos su visi\u00f3n para crear una imagen de marca convincente que garantice el \u00e9xito a largo plazo.<\/p>\n<\/div><\/section><\/p><\/div><div  class='flex_column av-p546t-8e1d0608e675866d0698ada5eb4c95d4 av_one_fifth  avia-builder-el-5  el_after_av_three_fifth  avia-builder-el-last  flex_column_div'     ><\/div><\/div><\/div><\/main><!-- close content main element --><\/div><\/div><\/div><div id='after_section_1'  class='main_color av_default_container_wrap container_wrap fullsize'  ><div class='container av-section-cont-open' ><div class='template-page content  av-content-full alpha units'><div class='post-entry post-entry-type-page post-entry-109'><div class='entry-content-wrapper clearfix'><div  class='flex_column av-n3k1h-ab63db29a2dfd945cdbfc454252f87bd av_one_full  avia-builder-el-6  el_after_av_section  avia-builder-el-no-sibling  first flex_column_div'     ><p>\n<style type=\"text\/css\" data-created_by=\"avia_inline_auto\" id=\"style-css-av-cy79h-20645e4c5322b2d78c5b4fa4e347876c\">\n#top .av-special-heading.av-cy79h-20645e4c5322b2d78c5b4fa4e347876c{\npadding-bottom:10px;\n}\nbody .av-special-heading.av-cy79h-20645e4c5322b2d78c5b4fa4e347876c .av-special-heading-tag .heading-char{\nfont-size:25px;\n}\n.av-special-heading.av-cy79h-20645e4c5322b2d78c5b4fa4e347876c .av-subheading{\nfont-size:15px;\n}\n<\/style>\n<div  class='av-special-heading av-cy79h-20645e4c5322b2d78c5b4fa4e347876c av-special-heading-h2 blockquote modern-quote  avia-builder-el-7  el_before_av_textblock  avia-builder-el-first'><h2 class='av-special-heading-tag'  itemprop=\"headline\"  > Refuerce su marca con nuestros servicios profesionales de branding y rebranding<\/h2><div class=\"special-heading-border\"><div class=\"special-heading-inner-border\"><\/div><\/div><\/div><br \/>\n<section  class='av_textblock_section av-16fv1-a2c97b0a17bb8ccb9c935d8a35e3ecd0'   itemscope=\"itemscope\" itemtype=\"https:\/\/schema.org\/CreativeWork\" ><div class='avia_textblock'  itemprop=\"text\" ><p>En nuestro acelerado mundo, una marca clara y atractiva es fundamental para el \u00e9xito de una empresa. Nuestro servicio de branding y rebranding eleva la identidad de su marca y la adapta a las condiciones cambiantes del mercado. Con a\u00f1os de experiencia y una creatividad desenfrenada, ofrecemos soluciones personalizadas que no s\u00f3lo hacen visible su marca, sino que tambi\u00e9n causan una impresi\u00f3n duradera y crean una ventaja competitiva.<\/p>\n<p>Con nosotros, todo empieza con un profundo conocimiento de la historia de su marca y de los valores que desea encarnar. Nos sumergimos en el alma de su negocio para comprender y destacar los aspectos \u00fanicos que le diferencian. Este proceso nos ayuda a desarrollar estrategias que no s\u00f3lo son t\u00e9cnicamente perfectas, sino tambi\u00e9n emocionalmente resonantes.<\/p>\n<p>Nuestro enfoque integra sus objetivos empresariales en cada detalle del proceso de cambio de marca, desde el redise\u00f1o visual hasta el reajuste estrat\u00e9gico de sus comunicaciones de marca. Nuestros expertos utilizan sus visiones b\u00e1sicas para crear una imagen de marca coherente y atractiva que refleje la esencia de su filosof\u00eda empresarial y se dirija directamente a su p\u00fablico objetivo. Hacemos especial hincapi\u00e9 en contar una historia que cree conexiones reales e implique emocionalmente a sus clientes.<\/p>\n<p>Trabajemos juntos para redefinir su marca y transformarla en una identidad preparada para el futuro que garantice el \u00e9xito a largo plazo. Nuestra pasi\u00f3n es impulsar su negocio a trav\u00e9s de una imagen de marca creativa y eficaz. Con nuestro enfoque integral, nos aseguraremos de que su marca brille en todas las facetas y establezca una conexi\u00f3n duradera con los clientes y las partes interesadas. Vea c\u00f3mo su empresa no s\u00f3lo crece, sino que tambi\u00e9n encuentra un significado y una conexi\u00f3n m\u00e1s profundos con su p\u00fablico a trav\u00e9s de nuestros esfuerzos de creaci\u00f3n de marca espec\u00edficos.<\/p>\n<\/div><\/section><\/p><\/div><\/p>","protected":false},"excerpt":{"rendered":"","protected":false},"author":2,"featured_media":0,"parent":104,"menu_order":3222,"comment_status":"closed","ping_status":"closed","template":"","meta":{"footnotes":""},"class_list":["post-109","page","type-page","status-publish","hentry"],"_links":{"self":[{"href":"https:\/\/swissmediadesign.com\/es\/wp-json\/wp\/v2\/pages\/109","targetHints":{"allow":["GET"]}}],"collection":[{"href":"https:\/\/swissmediadesign.com\/es\/wp-json\/wp\/v2\/pages"}],"about":[{"href":"https:\/\/swissmediadesign.com\/es\/wp-json\/wp\/v2\/types\/page"}],"author":[{"embeddable":true,"href":"https:\/\/swissmediadesign.com\/es\/wp-json\/wp\/v2\/users\/2"}],"replies":[{"embeddable":true,"href":"https:\/\/swissmediadesign.com\/es\/wp-json\/wp\/v2\/comments?post=109"}],"version-history":[{"count":0,"href":"https:\/\/swissmediadesign.com\/es\/wp-json\/wp\/v2\/pages\/109\/revisions"}],"up":[{"embeddable":true,"href":"https:\/\/swissmediadesign.com\/es\/wp-json\/wp\/v2\/pages\/104"}],"wp:attachment":[{"href":"https:\/\/swissmediadesign.com\/es\/wp-json\/wp\/v2\/media?parent=109"}],"curies":[{"name":"wp","href":"https:\/\/api.w.org\/{rel}","templated":true}]}}