{"id":111,"date":"2024-04-02T20:31:17","date_gmt":"2024-04-02T18:31:17","guid":{"rendered":"https:\/\/swissmediadesign.com\/?page_id=111"},"modified":"2025-03-25T10:54:41","modified_gmt":"2025-03-25T09:54:41","slug":"geschaeftsausstattung","status":"publish","type":"page","link":"https:\/\/swissmediadesign.com\/es\/nuestra-experiencia\/hacerse-visible\/identidad-corporativa\/equipamiento-empresarial\/","title":{"rendered":"Material de oficina"},"content":{"rendered":"<style type=\"text\/css\" data-created_by=\"avia_inline_auto\" id=\"style-css-av-y8q67-33201bf8c99822921cfdbaefbb37bd3c\">\n.avia-section.av-y8q67-33201bf8c99822921cfdbaefbb37bd3c{\nbackground-repeat:no-repeat;\nbackground-image:url(https:\/\/swissmediadesign.com\/wp-content\/uploads\/2024\/05\/53826564_m_normal_none-1500x1001.jpg);\nbackground-position:50% 50%;\nbackground-attachment:scroll;\n}\n.avia-section.av-y8q67-33201bf8c99822921cfdbaefbb37bd3c .av-section-color-overlay{\nopacity:0.5;\nbackground-color:#000000;\n}\n<\/style>\n<div id='av_section_1'  class='avia-section av-y8q67-33201bf8c99822921cfdbaefbb37bd3c main_color avia-section-default avia-no-border-styling  avia-builder-el-0  el_before_av_one_full  avia-builder-el-first  avia-full-stretch avia-bg-style-scroll av-section-color-overlay-active container_wrap fullsize'  data-section-bg-repeat='stretch'><div class=\"av-section-color-overlay-wrap\"><div class=\"av-section-color-overlay\"><\/div><div class='container av-section-cont-open' ><main  role=\"main\" itemprop=\"mainContentOfPage\"  class='template-page content  av-content-full alpha units'><div class='post-entry post-entry-type-page post-entry-111'><div class='entry-content-wrapper clearfix'>\n<div  class='flex_column av-q24gn-ac7ac8fd75a9ea85b1cde6afe982d718 av_one_fifth  avia-builder-el-1  el_before_av_three_fifth  avia-builder-el-first  first flex_column_div'     ><\/div><div  class='flex_column av-j3jmn-be19d56015c23474c8d804f53ff81995 av_three_fifth  avia-builder-el-2  el_after_av_one_fifth  el_before_av_one_fifth  flex_column_div'     ><p>\n<style type=\"text\/css\" data-created_by=\"avia_inline_auto\" id=\"style-css-av-lw0ggl6z-b4400b2d408b90b8634e1cbb58086c8d\">\n#top .av-special-heading.av-lw0ggl6z-b4400b2d408b90b8634e1cbb58086c8d{\npadding-bottom:10px;\ncolor:#ffffff;\n}\nbody .av-special-heading.av-lw0ggl6z-b4400b2d408b90b8634e1cbb58086c8d .av-special-heading-tag .heading-char{\nfont-size:25px;\n}\n.av-special-heading.av-lw0ggl6z-b4400b2d408b90b8634e1cbb58086c8d .special-heading-inner-border{\nborder-color:#ffffff;\n}\n.av-special-heading.av-lw0ggl6z-b4400b2d408b90b8634e1cbb58086c8d .av-subheading{\nfont-size:15px;\n}\n<\/style>\n<div  class='av-special-heading av-lw0ggl6z-b4400b2d408b90b8634e1cbb58086c8d av-special-heading-h1 custom-color-heading blockquote modern-quote modern-centered  avia-builder-el-3  el_before_av_textblock  avia-builder-el-first'><h1 class='av-special-heading-tag'  itemprop=\"headline\"  >Material de oficina<\/h1><div class='av_custom_color av-subheading av-subheading_below'><p><a href=\"https:\/\/swissmediadesign.com\/es\/nuestra-experiencia\/hacerse-visible\/identidad-corporativa\/\">Identidad corporativa<\/a> \/ <a href=\"https:\/\/swissmediadesign.com\/es\/nuestra-experiencia\/hacerse-visible\/identidad-corporativa\/equipamiento-empresarial\/\">Material de oficina<\/a><\/p>\n<\/div><div class=\"special-heading-border\"><div class=\"special-heading-inner-border\"><\/div><\/div><\/div><br \/>\n\n<style type=\"text\/css\" data-created_by=\"avia_inline_auto\" id=\"style-css-av-lw0gktp2-5bbb5dfce05fd9818838601d8ecb2b8f\">\n#top .av_textblock_section.av-lw0gktp2-5bbb5dfce05fd9818838601d8ecb2b8f .avia_textblock{\ncolor:#ffffff;\n}\n<\/style>\n<section  class='av_textblock_section av-lw0gktp2-5bbb5dfce05fd9818838601d8ecb2b8f'   itemscope=\"itemscope\" itemtype=\"https:\/\/schema.org\/CreativeWork\" ><div class='avia_textblock av_inherit_color'  itemprop=\"text\" ><p style=\"text-align: center;\">Descubra nuestras soluciones personalizadas de equipamiento empresarial que refuerzan y diferencian su marca. Utilizamos nuestra experiencia y creatividad para dise\u00f1ar desde tarjetas de visita hasta amplios materiales publicitarios. Cada elemento de su papeler\u00eda empresarial refleja su identidad corporativa y transmite el mensaje de su marca.<\/p>\n<\/div><\/section><\/p><\/div><div  class='flex_column av-f629j-2729f6439816463471abf1c1424eada4 av_one_fifth  avia-builder-el-5  el_after_av_three_fifth  avia-builder-el-last  flex_column_div'     ><\/div><\/div><\/div><\/main><!-- close content main element --><\/div><\/div><\/div><div id='after_section_1'  class='main_color av_default_container_wrap container_wrap fullsize'  ><div class='container av-section-cont-open' ><div class='template-page content  av-content-full alpha units'><div class='post-entry post-entry-type-page post-entry-111'><div class='entry-content-wrapper clearfix'><div  class='flex_column av-7pv67-044e4b69891b0b6d5b6398decde42421 av_one_full  avia-builder-el-6  el_after_av_section  avia-builder-el-no-sibling  first flex_column_div'     ><p>\n<style type=\"text\/css\" data-created_by=\"avia_inline_auto\" id=\"style-css-av-lw0gjk39-2a415922c13a10bf0d600b9039e009e3\">\n#top .av-special-heading.av-lw0gjk39-2a415922c13a10bf0d600b9039e009e3{\npadding-bottom:10px;\n}\nbody .av-special-heading.av-lw0gjk39-2a415922c13a10bf0d600b9039e009e3 .av-special-heading-tag .heading-char{\nfont-size:25px;\n}\n.av-special-heading.av-lw0gjk39-2a415922c13a10bf0d600b9039e009e3 .av-subheading{\nfont-size:15px;\n}\n<\/style>\n<div  class='av-special-heading av-lw0gjk39-2a415922c13a10bf0d600b9039e009e3 av-special-heading-h2 blockquote modern-quote  avia-builder-el-7  el_before_av_textblock  avia-builder-el-first'><h2 class='av-special-heading-tag'  itemprop=\"headline\"  >Equipamiento empresarial profesional para un aspecto llamativo<\/h2><div class=\"special-heading-border\"><div class=\"special-heading-inner-border\"><\/div><\/div><\/div><br \/>\n<section  class='av_textblock_section av-lw0gjs1c-e6814fc6fccf38ca4fefe5198dca43af'   itemscope=\"itemscope\" itemtype=\"https:\/\/schema.org\/CreativeWork\" ><div class='avia_textblock'  itemprop=\"text\" ><p>Una papeler\u00eda empresarial coherente y de alta calidad es la base fundamental para cualquier empresa que desee comunicar su marca con eficacia y diferenciarse de sus competidores. Con nosotros encontrar\u00e1 soluciones personalizadas que no s\u00f3lo reflejar\u00e1n fielmente su identidad corporativa en cada detalle, sino que tambi\u00e9n le ayudar\u00e1n a expresar la singularidad de su marca. Ya se trate de tarjetas de visita, papeler\u00eda, material de oficina personalizado, folletos impactantes, flyers memorables o una gran variedad de otros materiales, le garantizamos que cada uno de los elementos de su papeler\u00eda est\u00e1 dise\u00f1ado con el m\u00e1ximo nivel de profesionalidad y transmite un mensaje s\u00f3lido y coherente que atrae emocionalmente a su p\u00fablico objetivo y causa una impresi\u00f3n duradera.<\/p>\n<p>Nuestra amplia gama de productos abarca una gran variedad de art\u00edculos que pueden personalizarse seg\u00fan sus requisitos y deseos espec\u00edficos. Tanto si necesita una amplia gama de documentos empresariales de uso diario como si desea producir material promocional especializado para una pr\u00f3xima campa\u00f1a de marketing, nuestros experimentados dise\u00f1adores y expertos en productos est\u00e1n preparados para satisfacer todas sus necesidades y hacer realidad su visi\u00f3n. Nos esforzamos no s\u00f3lo por reforzar su identidad visual, sino tambi\u00e9n por garantizar que se satisfagan plenamente los aspectos pr\u00e1cticos de sus necesidades empresariales.<\/p>\n<p>Trabajar con usted en todo momento es especialmente importante para nosotros. Trabajamos duro para garantizar que cada faceta de su papeler\u00eda empresarial no s\u00f3lo sea est\u00e9ticamente agradable, sino tambi\u00e9n funcionalmente eficiente y de una calidad inigualable. De este modo, nos aseguramos de que los materiales no s\u00f3lo representen su marca, sino que tambi\u00e9n sean pr\u00e1cticos para el uso profesional diario.<\/p>\n<p>Trabajemos juntos para crear art\u00edculos de papeler\u00eda que no s\u00f3lo reflejen el verdadero car\u00e1cter y los valores de su marca, sino que tambi\u00e9n destaquen su posicionamiento estrat\u00e9gico y promuevan su \u00e9xito empresarial. Juntos podemos realizar una papeler\u00eda empresarial impresionante y coherente que destaque el valor de sus ofertas y deje una impresi\u00f3n memorable y positiva tanto en sus clientes como en sus socios comerciales.<\/p>\n<\/div><\/section><\/p><\/div><\/p>","protected":false},"excerpt":{"rendered":"","protected":false},"author":2,"featured_media":0,"parent":104,"menu_order":3223,"comment_status":"closed","ping_status":"closed","template":"","meta":{"footnotes":""},"class_list":["post-111","page","type-page","status-publish","hentry"],"_links":{"self":[{"href":"https:\/\/swissmediadesign.com\/es\/wp-json\/wp\/v2\/pages\/111","targetHints":{"allow":["GET"]}}],"collection":[{"href":"https:\/\/swissmediadesign.com\/es\/wp-json\/wp\/v2\/pages"}],"about":[{"href":"https:\/\/swissmediadesign.com\/es\/wp-json\/wp\/v2\/types\/page"}],"author":[{"embeddable":true,"href":"https:\/\/swissmediadesign.com\/es\/wp-json\/wp\/v2\/users\/2"}],"replies":[{"embeddable":true,"href":"https:\/\/swissmediadesign.com\/es\/wp-json\/wp\/v2\/comments?post=111"}],"version-history":[{"count":0,"href":"https:\/\/swissmediadesign.com\/es\/wp-json\/wp\/v2\/pages\/111\/revisions"}],"up":[{"embeddable":true,"href":"https:\/\/swissmediadesign.com\/es\/wp-json\/wp\/v2\/pages\/104"}],"wp:attachment":[{"href":"https:\/\/swissmediadesign.com\/es\/wp-json\/wp\/v2\/media?parent=111"}],"curies":[{"name":"wp","href":"https:\/\/api.w.org\/{rel}","templated":true}]}}