{"id":116,"date":"2024-04-02T20:32:34","date_gmt":"2024-04-02T18:32:34","guid":{"rendered":"https:\/\/swissmediadesign.com\/?page_id=116"},"modified":"2025-04-24T08:33:16","modified_gmt":"2025-04-24T06:33:16","slug":"suchmaschinenoptimierung","status":"publish","type":"page","link":"https:\/\/swissmediadesign.com\/es\/nuestra-experiencia\/hacerse-visible\/optimizacion-para-buscadores-seo\/","title":{"rendered":"Optimizaci\u00f3n de motores de b\u00fasqueda"},"content":{"rendered":"<style type=\"text\/css\" data-created_by=\"avia_inline_auto\" id=\"style-css-av-1d0318-2b3dc645589f02aa6d3b75ac9318bca2\">\n.avia-section.av-1d0318-2b3dc645589f02aa6d3b75ac9318bca2{\nbackground-repeat:no-repeat;\nbackground-image:url(https:\/\/swissmediadesign.com\/wp-content\/uploads\/2024\/05\/139589453_m_normal_none-1500x1000.jpg);\nbackground-position:50% 50%;\nbackground-attachment:scroll;\n}\n.avia-section.av-1d0318-2b3dc645589f02aa6d3b75ac9318bca2 .av-section-color-overlay{\nopacity:0.5;\nbackground-color:#000000;\n}\n<\/style>\n<div id='av_section_1'  class='avia-section av-1d0318-2b3dc645589f02aa6d3b75ac9318bca2 main_color avia-section-default avia-no-border-styling  avia-builder-el-0  el_before_av_masonry_gallery  avia-builder-el-first  avia-full-stretch avia-bg-style-scroll av-section-color-overlay-active container_wrap fullsize'  data-section-bg-repeat='stretch'><div class=\"av-section-color-overlay-wrap\"><div class=\"av-section-color-overlay\"><\/div><div class='container av-section-cont-open' ><main  role=\"main\" itemprop=\"mainContentOfPage\"  class='template-page content  av-content-full alpha units'><div class='post-entry post-entry-type-page post-entry-116'><div class='entry-content-wrapper clearfix'>\n<div  class='flex_column av-196ptg-085c843899b8bd6a8bf5034036174aad av_one_fifth  avia-builder-el-1  el_before_av_three_fifth  avia-builder-el-first  first flex_column_div'     ><\/div><div  class='flex_column av-128o9w-dc7bfccfcd2f1ab8a992da999b6de09d av_three_fifth  avia-builder-el-2  el_after_av_one_fifth  el_before_av_one_fifth  flex_column_div'     ><p>\n<style type=\"text\/css\" data-created_by=\"avia_inline_auto\" id=\"style-css-av-lw0hx950-0e5dba829327e4751d4a5c9487871b6e\">\n#top .av-special-heading.av-lw0hx950-0e5dba829327e4751d4a5c9487871b6e{\npadding-bottom:10px;\ncolor:#ffffff;\n}\nbody .av-special-heading.av-lw0hx950-0e5dba829327e4751d4a5c9487871b6e .av-special-heading-tag .heading-char{\nfont-size:25px;\n}\n.av-special-heading.av-lw0hx950-0e5dba829327e4751d4a5c9487871b6e .special-heading-inner-border{\nborder-color:#ffffff;\n}\n.av-special-heading.av-lw0hx950-0e5dba829327e4751d4a5c9487871b6e .av-subheading{\nfont-size:15px;\n}\n<\/style>\n<div  class='av-special-heading av-lw0hx950-0e5dba829327e4751d4a5c9487871b6e av-special-heading-h1 custom-color-heading blockquote modern-quote modern-centered  avia-builder-el-3  el_before_av_textblock  avia-builder-el-first'><h1 class='av-special-heading-tag'  itemprop=\"headline\"  >Optimizaci\u00f3n de motores de b\u00fasqueda<\/h1><div class='av_custom_color av-subheading av-subheading_below'><p><a href=\"https:\/\/swissmediadesign.com\/es\/nuestra-experiencia\/hacerse-visible\/\">Hazte visible<\/a> \/ <a href=\"https:\/\/swissmediadesign.com\/es\/unsere-expertise\/sichtbar-werden\/suchmaschinenoptimierung\/&quot;\/\">Optimizaci\u00f3n de motores de b\u00fasqueda<\/a><\/p>\n<\/div><div class=\"special-heading-border\"><div class=\"special-heading-inner-border\"><\/div><\/div><\/div><br \/>\n\n<style type=\"text\/css\" data-created_by=\"avia_inline_auto\" id=\"style-css-av-ufw90-4d8ff55d7d3189da347551dad0880b8c\">\n#top .av_textblock_section.av-ufw90-4d8ff55d7d3189da347551dad0880b8c .avia_textblock{\ncolor:#ffffff;\n}\n<\/style>\n<section  class='av_textblock_section av-ufw90-4d8ff55d7d3189da347551dad0880b8c'   itemscope=\"itemscope\" itemtype=\"https:\/\/schema.org\/CreativeWork\" ><div class='avia_textblock av_inherit_color'  itemprop=\"text\" ><p style=\"text-align: center;\">Descubra c\u00f3mo nuestras estrategias SEO pueden llevar su sitio web a lo m\u00e1s alto de los motores de b\u00fasqueda. Con una amplia experiencia y t\u00e9cnicas innovadoras, optimizamos su contenido, mejoramos su posicionamiento y aumentamos su visibilidad. Cada medida tiene como objetivo atraer a su p\u00fablico objetivo y transmitir el mensaje de su marca.<\/p>\n<\/div><\/section><\/p><\/div><div  class='flex_column av-p1bmc-b8b4aafde8bf754d7896207fe4bfc2ba av_one_fifth  avia-builder-el-5  el_after_av_three_fifth  avia-builder-el-last  flex_column_div'     ><\/div>\n<style type=\"text\/css\" data-created_by=\"avia_inline_auto\" id=\"style-css-av-ihbh8-ee8c01476fd7547017f6f156d0b98824\">\n#top .av-masonry.av-ihbh8-ee8c01476fd7547017f6f156d0b98824{\nbackground-color:#ffffff;\n}\n<\/style>\n<div id='av-masonry-1' class='av-masonry av-ihbh8-ee8c01476fd7547017f6f156d0b98824 noHover av-flex-size av-large-gap av-hover-overlay-active av-masonry-animation-active av-masonry-col-3 av-caption-always av-caption-style-overlay av-masonry-gallery' data-post_id=\"116\"><div class=\"av-masonry-container isotope av-js-disabled\"><div class='av-masonry-entry isotope-item av-masonry-item-no-image'><\/div><a href=\"https:\/\/swissmediadesign.com\/es\/nuestra-experiencia\/hacerse-visible\/optimizacion-para-buscadores-seo\/busqueda-de-palabras-clave\/\"  aria-label=\"b\u00fasqueda de palabras clave\"  id='av-masonry-1-item-877' data-av-masonry-item='877' class='av-masonry-entry isotope-item post-877 attachment type-attachment status-inherit hentry  av-masonry-item-with-image' title=\"B\u00fasqueda de palabras clave\" alt=\"\"  data-av-masonry-custom-link=\"https:\/\/swissmediadesign.com\/unsere-expertise\/sichtbar-werden\/suchmaschinenoptimierung\/keyword-recherche\/\"  itemprop=\"thumbnailUrl\" ><div class='av-inner-masonry-sizer'><\/div><figure class='av-inner-masonry main_color'><div class=\"av-masonry-outerimage-container\"><div class='av-masonry-image-container'   ><img decoding=\"async\" src=\"https:\/\/swissmediadesign.com\/wp-content\/uploads\/2024\/05\/198249903_m_normal_none-1030x687.jpg\" title=\"B\u00fasqueda de palabras clave\" alt=\"\" \/><\/div><\/div><figcaption class='av-inner-masonry-content site-background'><div class='av-inner-masonry-content-pos'><div class='av-inner-masonry-content-pos-content'><div class='avia-arrow'><\/div><h3 class='av-masonry-entry-title entry-title'  itemprop=\"headline\" >B\u00fasqueda de palabras clave<\/h3><div class='av-masonry-entry-content entry-content'  itemprop=\"text\" >Optimice su presencia en Internet con un estudio de palabras clave. Nuestra experiencia especializada le ayuda a comprender con precisi\u00f3n las consultas de b\u00fasqueda de su grupo objetivo y a responder a ellas con eficacia. Descubra c\u00f3mo una estrategia de palabras clave bien pensada puede transformar su marketing e impulsar significativamente su \u00e9xito digital.<\/div><\/div><\/div><\/figcaption><\/figure><\/a><!--end av-masonry entry--><a href=\"https:\/\/swissmediadesign.com\/es\/nuestra-experiencia\/hacerse-visible\/optimizacion-para-buscadores-seo\/on-page-seo\/\"  aria-label=\"imagen SEO en la p\u00e1gina\"  id='av-masonry-1-item-882' data-av-masonry-item='882' class='av-masonry-entry isotope-item post-882 attachment type-attachment status-inherit hentry  av-masonry-item-with-image' title=\"SEO en la p\u00e1gina\" alt=\"\"  data-av-masonry-custom-link=\"https:\/\/swissmediadesign.com\/unsere-expertise\/sichtbar-werden\/suchmaschinenoptimierung\/on-page-seo\/\"  itemprop=\"thumbnailUrl\" ><div class='av-inner-masonry-sizer'><\/div><figure class='av-inner-masonry main_color'><div class=\"av-masonry-outerimage-container\"><div class='av-masonry-image-container'   ><img decoding=\"async\" src=\"https:\/\/swissmediadesign.com\/wp-content\/uploads\/2024\/05\/149942382_m_normal_none-1030x687.jpg\" title=\"SEO en la p\u00e1gina\" alt=\"\" \/><\/div><\/div><figcaption class='av-inner-masonry-content site-background'><div class='av-inner-masonry-content-pos'><div class='av-inner-masonry-content-pos-content'><div class='avia-arrow'><\/div><h3 class='av-masonry-entry-title entry-title'  itemprop=\"headline\" >SEO en la p\u00e1gina<\/h3><div class='av-masonry-entry-content entry-content'  itemprop=\"text\" >Lleve su sitio web al siguiente nivel con nuestra profunda experiencia y creatividad. Desarrollamos estrategias SEO precisas que no s\u00f3lo aumentan la visibilidad, sino que tambi\u00e9n fomentan la interacci\u00f3n. Los metat\u00edtulos personalizados y las palabras clave espec\u00edficas presentan su contenido y se dirigen eficazmente a su p\u00fablico objetivo.<\/div><\/div><\/div><\/figcaption><\/figure><\/a><!--end av-masonry entry--><a href=\"https:\/\/swissmediadesign.com\/es\/nuestra-experiencia\/hacerse-visible\/optimizacion-para-buscadores-seo\/estrategias-seo-locales\/\"  aria-label=\"imagen Estrategias SEO locales\"  id='av-masonry-1-item-898' data-av-masonry-item='898' class='av-masonry-entry isotope-item post-898 attachment type-attachment status-inherit hentry  av-masonry-item-with-image' title=\"Estrategias SEO locales\" alt=\"\"  data-av-masonry-custom-link=\"https:\/\/swissmediadesign.com\/unsere-expertise\/sichtbar-werden\/suchmaschinenoptimierung\/lokale-seo-strategien\/\"  itemprop=\"thumbnailUrl\" ><div class='av-inner-masonry-sizer'><\/div><figure class='av-inner-masonry main_color'><div class=\"av-masonry-outerimage-container\"><div class='av-masonry-image-container'   ><img decoding=\"async\" src=\"https:\/\/swissmediadesign.com\/wp-content\/uploads\/2024\/05\/116596555_m_normal_none-1030x687.jpg\" title=\"Estrategias SEO locales\" alt=\"\" \/><\/div><\/div><figcaption class='av-inner-masonry-content site-background'><div class='av-inner-masonry-content-pos'><div class='av-inner-masonry-content-pos-content'><div class='avia-arrow'><\/div><h3 class='av-masonry-entry-title entry-title'  itemprop=\"headline\" >Estrategias SEO locales<\/h3><div class='av-masonry-entry-content entry-content'  itemprop=\"text\" >Con m\u00e1s de una d\u00e9cada de experiencia en el mercado suizo, podemos hacer que su negocio sea visible a nivel local. Nuestras soluciones de SEO local utilizan enfoques innovadores para desarrollar estrategias que atraigan la atenci\u00f3n y ofrezcan resultados sostenibles. Perm\u00edtanos convertir sus objetivos de SEO local en \u00e9xitos cuantificables.<\/div><\/div><\/div><\/figcaption><\/figure><\/a><!--end av-masonry entry--><\/div><\/div><\/p>","protected":false},"excerpt":{"rendered":"","protected":false},"author":2,"featured_media":0,"parent":86,"menu_order":3130,"comment_status":"closed","ping_status":"closed","template":"","meta":{"footnotes":""},"class_list":["post-116","page","type-page","status-publish","hentry"],"_links":{"self":[{"href":"https:\/\/swissmediadesign.com\/es\/wp-json\/wp\/v2\/pages\/116","targetHints":{"allow":["GET"]}}],"collection":[{"href":"https:\/\/swissmediadesign.com\/es\/wp-json\/wp\/v2\/pages"}],"about":[{"href":"https:\/\/swissmediadesign.com\/es\/wp-json\/wp\/v2\/types\/page"}],"author":[{"embeddable":true,"href":"https:\/\/swissmediadesign.com\/es\/wp-json\/wp\/v2\/users\/2"}],"replies":[{"embeddable":true,"href":"https:\/\/swissmediadesign.com\/es\/wp-json\/wp\/v2\/comments?post=116"}],"version-history":[{"count":0,"href":"https:\/\/swissmediadesign.com\/es\/wp-json\/wp\/v2\/pages\/116\/revisions"}],"up":[{"embeddable":true,"href":"https:\/\/swissmediadesign.com\/es\/wp-json\/wp\/v2\/pages\/86"}],"wp:attachment":[{"href":"https:\/\/swissmediadesign.com\/es\/wp-json\/wp\/v2\/media?parent=116"}],"curies":[{"name":"wp","href":"https:\/\/api.w.org\/{rel}","templated":true}]}}