{"id":120,"date":"2024-04-02T20:33:04","date_gmt":"2024-04-02T18:33:04","guid":{"rendered":"https:\/\/swissmediadesign.com\/?page_id=120"},"modified":"2025-03-25T10:59:01","modified_gmt":"2025-03-25T09:59:01","slug":"on-page-seo","status":"publish","type":"page","link":"https:\/\/swissmediadesign.com\/es\/nuestra-experiencia\/hacerse-visible\/optimizacion-para-buscadores-seo\/on-page-seo\/","title":{"rendered":"SEO en la p\u00e1gina"},"content":{"rendered":"<style type=\"text\/css\" data-created_by=\"avia_inline_auto\" id=\"style-css-av-lw0k7ccz-41d6a5c99278af492dfbaa65dd0fbd04\">\n.avia-section.av-lw0k7ccz-41d6a5c99278af492dfbaa65dd0fbd04{\nbackground-repeat:no-repeat;\nbackground-image:url(https:\/\/swissmediadesign.com\/wp-content\/uploads\/2024\/05\/149942382_m_normal_none-1500x1000.jpg);\nbackground-position:50% 50%;\nbackground-attachment:scroll;\n}\n.avia-section.av-lw0k7ccz-41d6a5c99278af492dfbaa65dd0fbd04 .av-section-color-overlay{\nopacity:0.5;\nbackground-color:#000000;\n}\n<\/style>\n<div id='av_section_1'  class='avia-section av-lw0k7ccz-41d6a5c99278af492dfbaa65dd0fbd04 main_color avia-section-default avia-no-border-styling  avia-builder-el-0  el_before_av_one_full  avia-builder-el-first  avia-full-stretch avia-bg-style-scroll av-section-color-overlay-active container_wrap fullsize'  data-section-bg-repeat='stretch'><div class=\"av-section-color-overlay-wrap\"><div class=\"av-section-color-overlay\"><\/div><div class='container av-section-cont-open' ><main  role=\"main\" itemprop=\"mainContentOfPage\"  class='template-page content  av-content-full alpha units'><div class='post-entry post-entry-type-page post-entry-120'><div class='entry-content-wrapper clearfix'>\n<div  class='flex_column av-18y56g-c173eeb8c529c58bc0b1d44a17286f5e av_one_fifth  avia-builder-el-1  el_before_av_three_fifth  avia-builder-el-first  first flex_column_div'     ><\/div><div  class='flex_column av-119vyo-df88dc2872628b050b0194f399dc381d av_three_fifth  avia-builder-el-2  el_after_av_one_fifth  el_before_av_one_fifth  flex_column_div'     ><p>\n<style type=\"text\/css\" data-created_by=\"avia_inline_auto\" id=\"style-css-av-lw0k5o75-a429611fbb0171bbf0d9746a04ec61cf\">\n#top .av-special-heading.av-lw0k5o75-a429611fbb0171bbf0d9746a04ec61cf{\npadding-bottom:10px;\ncolor:#ffffff;\n}\nbody .av-special-heading.av-lw0k5o75-a429611fbb0171bbf0d9746a04ec61cf .av-special-heading-tag .heading-char{\nfont-size:25px;\n}\n.av-special-heading.av-lw0k5o75-a429611fbb0171bbf0d9746a04ec61cf .special-heading-inner-border{\nborder-color:#ffffff;\n}\n.av-special-heading.av-lw0k5o75-a429611fbb0171bbf0d9746a04ec61cf .av-subheading{\nfont-size:15px;\n}\n<\/style>\n<div  class='av-special-heading av-lw0k5o75-a429611fbb0171bbf0d9746a04ec61cf av-special-heading-h1 custom-color-heading blockquote modern-quote modern-centered  avia-builder-el-3  el_before_av_textblock  avia-builder-el-first'><h1 class='av-special-heading-tag'  itemprop=\"headline\"  >SEO en la p\u00e1gina<\/h1><div class='av_custom_color av-subheading av-subheading_below'><p><a href=\"https:\/\/swissmediadesign.com\/es\/nuestra-experiencia\/hacerse-visible\/optimizacion-para-buscadores-seo\/\">Optimizaci\u00f3n de motores de b\u00fasqueda<\/a> \/ <a href=\"https:\/\/swissmediadesign.com\/es\/nuestra-experiencia\/hacerse-visible\/optimizacion-para-buscadores-seo\/on-page-seo\/\">SEO en la p\u00e1gina<\/a><\/p>\n<\/div><div class=\"special-heading-border\"><div class=\"special-heading-inner-border\"><\/div><\/div><\/div><br \/>\n\n<style type=\"text\/css\" data-created_by=\"avia_inline_auto\" id=\"style-css-av-ym1cg-7f605075cba3d6c74cb6ed0d17dd8266\">\n#top .av_textblock_section.av-ym1cg-7f605075cba3d6c74cb6ed0d17dd8266 .avia_textblock{\ncolor:#ffffff;\n}\n<\/style>\n<section  class='av_textblock_section av-ym1cg-7f605075cba3d6c74cb6ed0d17dd8266'   itemscope=\"itemscope\" itemtype=\"https:\/\/schema.org\/CreativeWork\" ><div class='avia_textblock av_inherit_color'  itemprop=\"text\" ><p style=\"text-align: center;\">Lleve su sitio web al siguiente nivel con nuestra profunda experiencia y creatividad. Desarrollamos estrategias SEO precisas que no s\u00f3lo aumentan la visibilidad, sino que tambi\u00e9n fomentan la interacci\u00f3n. Los metat\u00edtulos personalizados y las palabras clave espec\u00edficas presentan su contenido y se dirigen eficazmente a su p\u00fablico objetivo.<\/p>\n<\/div><\/section><\/p><\/div><div  class='flex_column av-rr6rs-4d8dd6d4524b94f8a745a5d121685481 av_one_fifth  avia-builder-el-5  el_after_av_three_fifth  avia-builder-el-last  flex_column_div'     ><\/div><\/div><\/div><\/main><!-- close content main element --><\/div><\/div><\/div><div id='after_section_1'  class='main_color av_default_container_wrap container_wrap fullsize'  ><div class='container av-section-cont-open' ><div class='template-page content  av-content-full alpha units'><div class='post-entry post-entry-type-page post-entry-120'><div class='entry-content-wrapper clearfix'><div  class='flex_column av-l95m8-59d4852a4ea69bf68f22c5e5b128761f av_one_full  avia-builder-el-6  el_after_av_section  avia-builder-el-no-sibling  first flex_column_div'     ><p>\n<style type=\"text\/css\" data-created_by=\"avia_inline_auto\" id=\"style-css-av-gzckw-88c813061c58609aebd15f763b5882a1\">\n#top .av-special-heading.av-gzckw-88c813061c58609aebd15f763b5882a1{\npadding-bottom:10px;\n}\nbody .av-special-heading.av-gzckw-88c813061c58609aebd15f763b5882a1 .av-special-heading-tag .heading-char{\nfont-size:25px;\n}\n.av-special-heading.av-gzckw-88c813061c58609aebd15f763b5882a1 .av-subheading{\nfont-size:15px;\n}\n<\/style>\n<div  class='av-special-heading av-gzckw-88c813061c58609aebd15f763b5882a1 av-special-heading-h2 blockquote modern-quote  avia-builder-el-7  el_before_av_textblock  avia-builder-el-first'><h2 class='av-special-heading-tag'  itemprop=\"headline\"  >Optimice su presencia en l\u00ednea con nuestros servicios personalizados de SEO on-page<\/h2><div class=\"special-heading-border\"><div class=\"special-heading-inner-border\"><\/div><\/div><\/div><br \/>\n<section  class='av_textblock_section av-9whfc-4d6ae5f87289ec99503c56c0d7c2fc9b'   itemscope=\"itemscope\" itemtype=\"https:\/\/schema.org\/CreativeWork\" ><div class='avia_textblock'  itemprop=\"text\" ><p>El SEO en la p\u00e1gina es crucial no s\u00f3lo para posicionarse bien en los motores de b\u00fasqueda, sino tambi\u00e9n para establecer conexiones reales con sus visitantes. En nuestra estrategia de SEO personalizada, hacemos especial hincapi\u00e9 en la creaci\u00f3n de metat\u00edtulos y descripciones \u00fanicos para cada p\u00e1gina de su sitio web. Adem\u00e1s, determinamos una palabra clave espec\u00edfica para cada p\u00e1gina que capte con precisi\u00f3n la esencia del contenido y atraiga al p\u00fablico objetivo. Estas medidas garantizan que cada p\u00e1gina se presente de la mejor manera posible, comunicando el mensaje de su marca con fuerza y claridad, a la vez que aumenta la relevancia en las clasificaciones de los motores de b\u00fasqueda.<\/p>\n<p>Cada metat\u00edtulo, descripci\u00f3n y palabra clave se redacta cuidadosamente para despertar tanto la curiosidad como el inter\u00e9s de su p\u00fablico objetivo, creando un contacto inicial que atrae a los clientes potenciales a profundizar en el contenido de su sitio. Este enfoque personalizado no s\u00f3lo ayuda a mejorar la visibilidad en los resultados de b\u00fasqueda, sino que tambi\u00e9n crea una resonancia emocional que convierte a los visitantes en clientes fieles.<\/p>\n<p>Tambi\u00e9n trabajamos para optimizar la experiencia del usuario en cada una de las p\u00e1ginas de su sitio web, reduciendo los tiempos de carga, simplificando la navegaci\u00f3n y garantizando que todo el contenido se dise\u00f1e teniendo en cuenta la usabilidad y la accesibilidad. Vemos cada p\u00e1gina de su sitio web como una oportunidad para contar una historia que atraiga a sus visitantes y les haga volver a por m\u00e1s.<\/p>\n<p>Gracias a la optimizaci\u00f3n de las palabras clave, la mejora de la navegaci\u00f3n del usuario y el cumplimiento de las mejores pr\u00e1cticas t\u00e9cnicas, su sitio web no s\u00f3lo ser\u00e1 encontrado, sino que permanecer\u00e1 anclado en la mente de sus visitantes. Nuestro objetivo es convertir su presencia en l\u00ednea en una fuente de experiencias memorables que marquen la diferencia en su mercado y le consoliden como una autoridad l\u00edder en su sector. Trabajemos juntos para alcanzar sus objetivos y convertir su sitio web en un centro de atracci\u00f3n magn\u00e9tico para su p\u00fablico objetivo.<\/p>\n<\/div><\/section><\/p><\/div><\/p>","protected":false},"excerpt":{"rendered":"","protected":false},"author":2,"featured_media":0,"parent":116,"menu_order":3132,"comment_status":"closed","ping_status":"closed","template":"","meta":{"footnotes":""},"class_list":["post-120","page","type-page","status-publish","hentry"],"_links":{"self":[{"href":"https:\/\/swissmediadesign.com\/es\/wp-json\/wp\/v2\/pages\/120","targetHints":{"allow":["GET"]}}],"collection":[{"href":"https:\/\/swissmediadesign.com\/es\/wp-json\/wp\/v2\/pages"}],"about":[{"href":"https:\/\/swissmediadesign.com\/es\/wp-json\/wp\/v2\/types\/page"}],"author":[{"embeddable":true,"href":"https:\/\/swissmediadesign.com\/es\/wp-json\/wp\/v2\/users\/2"}],"replies":[{"embeddable":true,"href":"https:\/\/swissmediadesign.com\/es\/wp-json\/wp\/v2\/comments?post=120"}],"version-history":[{"count":0,"href":"https:\/\/swissmediadesign.com\/es\/wp-json\/wp\/v2\/pages\/120\/revisions"}],"up":[{"embeddable":true,"href":"https:\/\/swissmediadesign.com\/es\/wp-json\/wp\/v2\/pages\/116"}],"wp:attachment":[{"href":"https:\/\/swissmediadesign.com\/es\/wp-json\/wp\/v2\/media?parent=120"}],"curies":[{"name":"wp","href":"https:\/\/api.w.org\/{rel}","templated":true}]}}