{"id":122,"date":"2024-04-02T20:33:23","date_gmt":"2024-04-02T18:33:23","guid":{"rendered":"https:\/\/swissmediadesign.com\/?page_id=122"},"modified":"2025-03-25T10:00:20","modified_gmt":"2025-03-25T09:00:20","slug":"lokale-seo-strategien","status":"publish","type":"page","link":"https:\/\/swissmediadesign.com\/es\/nuestra-experiencia\/hacerse-visible\/optimizacion-para-buscadores-seo\/estrategias-seo-locales\/","title":{"rendered":"Estrategias SEO locales"},"content":{"rendered":"<style type=\"text\/css\" data-created_by=\"avia_inline_auto\" id=\"style-css-av-1f4uxe-aec319be8dfd3d0773d1fcc213b63520\">\n.avia-section.av-1f4uxe-aec319be8dfd3d0773d1fcc213b63520{\nbackground-repeat:no-repeat;\nbackground-image:url(https:\/\/swissmediadesign.com\/wp-content\/uploads\/2024\/05\/116596555_m_normal_none-1500x1000.jpg);\nbackground-position:50% 50%;\nbackground-attachment:scroll;\n}\n.avia-section.av-1f4uxe-aec319be8dfd3d0773d1fcc213b63520 .av-section-color-overlay{\nopacity:0.5;\nbackground-color:#000000;\n}\n<\/style>\n<div id='av_section_1'  class='avia-section av-1f4uxe-aec319be8dfd3d0773d1fcc213b63520 main_color avia-section-default avia-no-border-styling  avia-builder-el-0  el_before_av_one_full  avia-builder-el-first  avia-full-stretch avia-bg-style-scroll av-section-color-overlay-active container_wrap fullsize'  data-section-bg-repeat='stretch'><div class=\"av-section-color-overlay-wrap\"><div class=\"av-section-color-overlay\"><\/div><div class='container av-section-cont-open' ><main  role=\"main\" itemprop=\"mainContentOfPage\"  class='template-page content  av-content-full alpha units'><div class='post-entry post-entry-type-page post-entry-122'><div class='entry-content-wrapper clearfix'>\n<div  class='flex_column av-16xjr6-a56984cb9b3bf8861c9a3d69cd6a51c6 av_one_fifth  avia-builder-el-1  el_before_av_three_fifth  avia-builder-el-first  first flex_column_div'     ><\/div><div  class='flex_column av-40c2y-421678a8a69207addcbd79a0d2c0aa82 av_three_fifth  avia-builder-el-2  el_after_av_one_fifth  el_before_av_one_fifth  flex_column_div'     ><p>\n<style type=\"text\/css\" data-created_by=\"avia_inline_auto\" id=\"style-css-av-lw0koatk-4afbafa4977495812c5abf337c79d89d\">\n#top .av-special-heading.av-lw0koatk-4afbafa4977495812c5abf337c79d89d{\npadding-bottom:10px;\ncolor:#ffffff;\n}\nbody .av-special-heading.av-lw0koatk-4afbafa4977495812c5abf337c79d89d .av-special-heading-tag .heading-char{\nfont-size:25px;\n}\n.av-special-heading.av-lw0koatk-4afbafa4977495812c5abf337c79d89d .special-heading-inner-border{\nborder-color:#ffffff;\n}\n.av-special-heading.av-lw0koatk-4afbafa4977495812c5abf337c79d89d .av-subheading{\nfont-size:15px;\n}\n<\/style>\n<div  class='av-special-heading av-lw0koatk-4afbafa4977495812c5abf337c79d89d av-special-heading-h1 custom-color-heading blockquote modern-quote modern-centered  avia-builder-el-3  el_before_av_textblock  avia-builder-el-first'><h1 class='av-special-heading-tag'  itemprop=\"headline\"  >Estrategias SEO locales<\/h1><div class='av_custom_color av-subheading av-subheading_below'><p><a href=\"https:\/\/swissmediadesign.com\/es\/nuestra-experiencia\/hacerse-visible\/optimizacion-para-buscadores-seo\/\">Optimizaci\u00f3n de motores de b\u00fasqueda<\/a> \/ <a href=\"https:\/\/swissmediadesign.com\/es\/nuestra-experiencia\/hacerse-visible\/optimizacion-para-buscadores-seo\/estrategias-seo-locales\/\">Estrategias SEO locales<\/a><\/p>\n<\/div><div class=\"special-heading-border\"><div class=\"special-heading-inner-border\"><\/div><\/div><\/div><br \/>\n\n<style type=\"text\/css\" data-created_by=\"avia_inline_auto\" id=\"style-css-av-ufq2y-ae543d438fd157e1ce2285ecc03419e0\">\n#top .av_textblock_section.av-ufq2y-ae543d438fd157e1ce2285ecc03419e0 .avia_textblock{\ncolor:#ffffff;\n}\n<\/style>\n<section  class='av_textblock_section av-ufq2y-ae543d438fd157e1ce2285ecc03419e0'   itemscope=\"itemscope\" itemtype=\"https:\/\/schema.org\/CreativeWork\" ><div class='avia_textblock av_inherit_color'  itemprop=\"text\" ><p style=\"text-align: center;\">Con m\u00e1s de una d\u00e9cada de experiencia en el mercado suizo, podemos hacer que su negocio sea visible a nivel local. Nuestras soluciones de SEO local utilizan enfoques innovadores para desarrollar estrategias que atraigan la atenci\u00f3n y ofrezcan resultados sostenibles. Perm\u00edtanos convertir sus objetivos de SEO local en \u00e9xitos cuantificables.<\/p>\n<\/div><\/section><\/p><\/div><div  class='flex_column av-qhnvu-b3d27dd8b920d6b8212d4725eeb8c6e5 av_one_fifth  avia-builder-el-5  el_after_av_three_fifth  avia-builder-el-last  flex_column_div'     ><\/div><\/div><\/div><\/main><!-- close content main element --><\/div><\/div><\/div><div id='after_section_1'  class='main_color av_default_container_wrap container_wrap fullsize'  ><div class='container av-section-cont-open' ><div class='template-page content  av-content-full alpha units'><div class='post-entry post-entry-type-page post-entry-122'><div class='entry-content-wrapper clearfix'><div  class='flex_column av-lk34y-a19de273ca4fec7dacbbe52ababd91a8 av_one_full  avia-builder-el-6  el_after_av_section  avia-builder-el-no-sibling  first flex_column_div'     ><p>\n<style type=\"text\/css\" data-created_by=\"avia_inline_auto\" id=\"style-css-av-dr0b6-21ab953e66e443fdc89e9abc440c65ae\">\n#top .av-special-heading.av-dr0b6-21ab953e66e443fdc89e9abc440c65ae{\npadding-bottom:10px;\n}\nbody .av-special-heading.av-dr0b6-21ab953e66e443fdc89e9abc440c65ae .av-special-heading-tag .heading-char{\nfont-size:25px;\n}\n.av-special-heading.av-dr0b6-21ab953e66e443fdc89e9abc440c65ae .av-subheading{\nfont-size:15px;\n}\n<\/style>\n<div  class='av-special-heading av-dr0b6-21ab953e66e443fdc89e9abc440c65ae av-special-heading-h2 blockquote modern-quote  avia-builder-el-7  el_before_av_textblock  avia-builder-el-first'><h2 class='av-special-heading-tag'  itemprop=\"headline\"  > Aumente su visibilidad local con nuestras estrategias especializadas de SEO local<\/h2><div class=\"special-heading-border\"><div class=\"special-heading-inner-border\"><\/div><\/div><\/div><br \/>\n<section  class='av_textblock_section av-9a6yi-a60bc9f247626670561b2c47ed31fc46'   itemscope=\"itemscope\" itemtype=\"https:\/\/schema.org\/CreativeWork\" ><div class='avia_textblock'  itemprop=\"text\" ><p>En el mundo digital actual, es fundamental ser visible a nivel local y conectar directamente con su p\u00fablico objetivo. Nuestros servicios SEO locales a medida est\u00e1n dise\u00f1ados espec\u00edficamente para que su empresa destaque en los resultados de b\u00fasqueda locales, principalmente mediante la optimizaci\u00f3n exhaustiva de su perfil de Google My Business. No s\u00f3lo hacemos que su perfil sea m\u00e1s atractivo para las b\u00fasquedas locales, sino que tambi\u00e9n nos aseguramos de que la informaci\u00f3n de su empresa sea precisa y est\u00e9 actualizada para aumentar su credibilidad y visibilidad en su mercado local.<\/p>\n<p>Con m\u00e1s de 10 a\u00f1os de experiencia en SEO local, especialmente en Suiza, contamos con la experiencia y los conocimientos locales necesarios para hacer que su negocio sea visible de forma eficaz. Entendemos los retos y oportunidades espec\u00edficos del mercado suizo y utilizamos estos conocimientos para desarrollar estrategias espec\u00edficas que sit\u00faen su ubicaci\u00f3n y su marca en el centro de atenci\u00f3n. Nuestro profundo conocimiento del mercado local nos permite calibrar sus esfuerzos de SEO para maximizar el impacto y aumentar su visibilidad donde m\u00e1s importa: en su \u00e1rea inmediata.<\/p>\n<p>Nuestras estrategias de SEO local, emocionalmente atractivas, van m\u00e1s all\u00e1 de la optimizaci\u00f3n t\u00e9cnica. Le ayudamos a construir una relaci\u00f3n m\u00e1s profunda con su comunidad local mediante la creaci\u00f3n de contenido aut\u00e9ntico que cuenta su historia \u00fanica y atrae a los clientes locales. Mediante la promoci\u00f3n de rese\u00f1as y la participaci\u00f3n en redes locales, reforzamos su presencia local y generamos confianza y fidelidad entre sus clientes.<\/p>\n<p>Conf\u00ede en nuestras t\u00e9cnicas de SEO local espec\u00edficas no s\u00f3lo para mejorar su presencia en l\u00ednea, sino tambi\u00e9n para ayudar a establecer su marca como una fuerza a tener en cuenta en la comunidad local. Trabajemos juntos para situarle en los primeros puestos de los resultados de b\u00fasqueda locales y forjar conexiones reales y duraderas con sus clientes locales.<\/p>\n<\/div><\/section><\/p><\/div><\/p>","protected":false},"excerpt":{"rendered":"","protected":false},"author":2,"featured_media":0,"parent":116,"menu_order":3133,"comment_status":"closed","ping_status":"closed","template":"","meta":{"footnotes":""},"class_list":["post-122","page","type-page","status-publish","hentry"],"_links":{"self":[{"href":"https:\/\/swissmediadesign.com\/es\/wp-json\/wp\/v2\/pages\/122","targetHints":{"allow":["GET"]}}],"collection":[{"href":"https:\/\/swissmediadesign.com\/es\/wp-json\/wp\/v2\/pages"}],"about":[{"href":"https:\/\/swissmediadesign.com\/es\/wp-json\/wp\/v2\/types\/page"}],"author":[{"embeddable":true,"href":"https:\/\/swissmediadesign.com\/es\/wp-json\/wp\/v2\/users\/2"}],"replies":[{"embeddable":true,"href":"https:\/\/swissmediadesign.com\/es\/wp-json\/wp\/v2\/comments?post=122"}],"version-history":[{"count":0,"href":"https:\/\/swissmediadesign.com\/es\/wp-json\/wp\/v2\/pages\/122\/revisions"}],"up":[{"embeddable":true,"href":"https:\/\/swissmediadesign.com\/es\/wp-json\/wp\/v2\/pages\/116"}],"wp:attachment":[{"href":"https:\/\/swissmediadesign.com\/es\/wp-json\/wp\/v2\/media?parent=122"}],"curies":[{"name":"wp","href":"https:\/\/api.w.org\/{rel}","templated":true}]}}