{"id":133,"date":"2024-04-02T20:39:23","date_gmt":"2024-04-02T18:39:23","guid":{"rendered":"https:\/\/swissmediadesign.com\/?page_id=133"},"modified":"2025-04-24T08:33:50","modified_gmt":"2025-04-24T06:33:50","slug":"google-analytics","status":"publish","type":"page","link":"https:\/\/swissmediadesign.com\/es\/nuestra-experiencia\/crece\/marketing-en-linea\/estrategia-de-creacion-de-contenidos\/","title":{"rendered":"Google Analytics"},"content":{"rendered":"<style type=\"text\/css\" data-created_by=\"avia_inline_auto\" id=\"style-css-av-lw0xwvdj-9434f89b56b8be4ebcdbd4bab1aeb5c3\">\n.avia-section.av-lw0xwvdj-9434f89b56b8be4ebcdbd4bab1aeb5c3{\nbackground-repeat:no-repeat;\nbackground-image:url(https:\/\/swissmediadesign.com\/wp-content\/uploads\/2024\/05\/mockup-of-a-macbook-pro-being-used-in-a-public-space-489-el-1500x1000.png);\nbackground-position:50% 50%;\nbackground-attachment:scroll;\n}\n.avia-section.av-lw0xwvdj-9434f89b56b8be4ebcdbd4bab1aeb5c3 .av-section-color-overlay{\nopacity:0.5;\nbackground-color:#000000;\n}\n<\/style>\n<div id='av_section_1'  class='avia-section av-lw0xwvdj-9434f89b56b8be4ebcdbd4bab1aeb5c3 main_color avia-section-default avia-no-border-styling  avia-builder-el-0  el_before_av_one_full  avia-builder-el-first  avia-full-stretch avia-bg-style-scroll av-section-color-overlay-active container_wrap fullsize'  data-section-bg-repeat='stretch'><div class=\"av-section-color-overlay-wrap\"><div class=\"av-section-color-overlay\"><\/div><div class='container av-section-cont-open' ><main  role=\"main\" itemprop=\"mainContentOfPage\"  class='template-page content  av-content-full alpha units'><div class='post-entry post-entry-type-page post-entry-133'><div class='entry-content-wrapper clearfix'>\n<div  class='flex_column av-1878tp-dbc15d9fe5bd991946abfe238011c956 av_one_fifth  avia-builder-el-1  el_before_av_three_fifth  avia-builder-el-first  first flex_column_div'     ><\/div><div  class='flex_column av-11xakd-45b9125b7ad6f3267ca26df41b1aec1e av_three_fifth  avia-builder-el-2  el_after_av_one_fifth  el_before_av_one_fifth  flex_column_div'     ><p>\n<style type=\"text\/css\" data-created_by=\"avia_inline_auto\" id=\"style-css-av-lw0xvn8i-6319b30530ceb7af25e438b666d1ca30\">\n#top .av-special-heading.av-lw0xvn8i-6319b30530ceb7af25e438b666d1ca30{\npadding-bottom:10px;\ncolor:#ffffff;\n}\nbody .av-special-heading.av-lw0xvn8i-6319b30530ceb7af25e438b666d1ca30 .av-special-heading-tag .heading-char{\nfont-size:25px;\n}\n.av-special-heading.av-lw0xvn8i-6319b30530ceb7af25e438b666d1ca30 .special-heading-inner-border{\nborder-color:#ffffff;\n}\n.av-special-heading.av-lw0xvn8i-6319b30530ceb7af25e438b666d1ca30 .av-subheading{\nfont-size:15px;\n}\n<\/style>\n<div  class='av-special-heading av-lw0xvn8i-6319b30530ceb7af25e438b666d1ca30 av-special-heading-h1 custom-color-heading blockquote modern-quote modern-centered  avia-builder-el-3  el_before_av_textblock  avia-builder-el-first'><h1 class='av-special-heading-tag'  itemprop=\"headline\"  >Google Analytics<\/h1><div class='av_custom_color av-subheading av-subheading_below'><p><a href=\"https:\/\/swissmediadesign.com\/es\/nuestra-experiencia\/crece\/marketing-en-linea\/\">An\u00e1lisis y optimizaci\u00f3n<\/a> \/ <a href=\"https:\/\/swissmediadesign.com\/es\/nuestra-experiencia\/crece\/marketing-en-linea\/estrategia-de-creacion-de-contenidos\/\">Google Analytics<\/a><\/p>\n<\/div><div class=\"special-heading-border\"><div class=\"special-heading-inner-border\"><\/div><\/div><\/div><br \/>\n\n<style type=\"text\/css\" data-created_by=\"avia_inline_auto\" id=\"style-css-av-z35v9-9faa17a259a8bd82e7be91f5509467b0\">\n#top .av_textblock_section.av-z35v9-9faa17a259a8bd82e7be91f5509467b0 .avia_textblock{\ncolor:#ffffff;\n}\n<\/style>\n<section  class='av_textblock_section av-z35v9-9faa17a259a8bd82e7be91f5509467b0'   itemscope=\"itemscope\" itemtype=\"https:\/\/schema.org\/CreativeWork\" ><div class='avia_textblock av_inherit_color'  itemprop=\"text\" ><p style=\"text-align: center;\">Aproveche el poder de Google Analytics para tomar decisiones informadas e impulsar el crecimiento de su negocio. Gracias a nuestros amplios conocimientos y enfoques innovadores, le ofrecemos soluciones de an\u00e1lisis personalizadas que proporcionan informaci\u00f3n en profundidad sobre el comportamiento de sus usuarios.<\/p>\n<\/div><\/section><\/p><\/div><div  class='flex_column av-ov7q5-f0f31cd1e9552a2a14cb610834a6e122 av_one_fifth  avia-builder-el-5  el_after_av_three_fifth  avia-builder-el-last  flex_column_div'     ><\/div><\/div><\/div><\/main><!-- close content main element --><\/div><\/div><\/div><div id='after_section_1'  class='main_color av_default_container_wrap container_wrap fullsize'  ><div class='container av-section-cont-open' ><div class='template-page content  av-content-full alpha units'><div class='post-entry post-entry-type-page post-entry-133'><div class='entry-content-wrapper clearfix'><div  class='flex_column av-n00qt-7aa55bb5457a11e49d16c086adb56907 av_one_full  avia-builder-el-6  el_after_av_section  avia-builder-el-no-sibling  first flex_column_div'     ><p>\n<style type=\"text\/css\" data-created_by=\"avia_inline_auto\" id=\"style-css-av-ejsl1-7c60ff659d89ade9e3ee3641b90b702b\">\n#top .av-special-heading.av-ejsl1-7c60ff659d89ade9e3ee3641b90b702b{\npadding-bottom:10px;\n}\nbody .av-special-heading.av-ejsl1-7c60ff659d89ade9e3ee3641b90b702b .av-special-heading-tag .heading-char{\nfont-size:25px;\n}\n.av-special-heading.av-ejsl1-7c60ff659d89ade9e3ee3641b90b702b .av-subheading{\nfont-size:15px;\n}\n<\/style>\n<div  class='av-special-heading av-ejsl1-7c60ff659d89ade9e3ee3641b90b702b av-special-heading-h2 blockquote modern-quote  avia-builder-el-7  el_before_av_textblock  avia-builder-el-first'><h2 class='av-special-heading-tag'  itemprop=\"headline\"  >Optimice su rendimiento con Google Analytics<\/h2><div class=\"special-heading-border\"><div class=\"special-heading-inner-border\"><\/div><\/div><\/div><br \/>\n<section  class='av_textblock_section av-ao5kt-ca5e695a8007814c6b58ab77ada3f9dd'   itemscope=\"itemscope\" itemtype=\"https:\/\/schema.org\/CreativeWork\" ><div class='avia_textblock'  itemprop=\"text\" ><p>En el mundo digital actual, es crucial tomar las decisiones correctas en el momento adecuado. En Swiss Media Design, entendemos el poder de los datos y c\u00f3mo pueden impulsar su negocio. Por eso ofrecemos soluciones integrales con Google Analytics para llevar su presencia en l\u00ednea al siguiente nivel. Universal Analytics ha sido durante mucho tiempo la columna vertebral de muchas estrategias digitales. Permite obtener informaci\u00f3n detallada sobre el comportamiento de los usuarios, medir el \u00e9xito de las campa\u00f1as y adaptar las estrategias de marketing en consecuencia. Pero el panorama digital evoluciona, al igual que las herramientas que necesitamos utilizar.<\/p>\n<p>Bienvenido a la era de Google Analytics 4, una actualizaci\u00f3n revolucionaria que cambia radicalmente la forma de analizar los datos. GA4 le ofrece una perspectiva completamente nueva y funciones mejoradas espec\u00edficamente adaptadas a las exigencias modernas del mundo digital. GA4 abandona el modelo de sesi\u00f3n tradicional en favor de un seguimiento m\u00e1s flexible basado en eventos. Esto significa que cada interacci\u00f3n -desde el clic hasta el desplazamiento- se registra en detalle, lo que le proporciona una visi\u00f3n m\u00e1s profunda del comportamiento del usuario. Tanto si se trata de un sitio web como de una aplicaci\u00f3n, GA4 integra a la perfecci\u00f3n datos de distintas plataformas. Esto le proporciona una visi\u00f3n hol\u00edstica del recorrido del usuario y le ayuda a perfeccionar sus estrategias de marketing. Con IA integrada, GA4 proporciona an\u00e1lisis predictivos que le permiten predecir y responder de forma proactiva al comportamiento futuro de los usuarios. GA4 est\u00e1 dise\u00f1ado para cumplir la normativa vigente sobre protecci\u00f3n de datos y reduce la dependencia de las cookies. As\u00ed, siempre estar\u00e1 en el lado seguro.<\/p>\n<p>En Swiss Media Design sabemos que los datos son algo m\u00e1s que n\u00fameros. Cuentan la historia de sus clientes y su comportamiento. Con nuestra experiencia, le ayudamos a descifrar estas historias y convertirlas en estrategias de \u00e9xito. Nuestro equipo de experimentados analistas de datos y estrategas digitales trabajar\u00e1 estrechamente con usted para desarrollar soluciones personalizadas. Le ayudamos a implantar GA4, interpretar datos complejos y optimizar sus campa\u00f1as de marketing. Nuestra misi\u00f3n es maximizar el crecimiento de su negocio a trav\u00e9s de decisiones basadas en datos.<\/p>\n<p>Trabajemos juntos para convertir sus visiones en \u00e9xitos cuantificables. Conf\u00ede en Swiss Media Design para liberar todo el potencial de Google Analytics 4 para su negocio. Descubra c\u00f3mo podemos optimizar sus estrategias online y conseguir resultados sostenibles. P\u00f3ngase en contacto con nosotros hoy mismo y comience su viaje hacia un futuro basado en datos con Swiss Media Design.<\/p>\n<\/div><\/section><\/p><\/div><\/p>","protected":false},"excerpt":{"rendered":"","protected":false},"author":2,"featured_media":0,"parent":131,"menu_order":3211,"comment_status":"closed","ping_status":"closed","template":"","meta":{"footnotes":""},"class_list":["post-133","page","type-page","status-publish","hentry"],"_links":{"self":[{"href":"https:\/\/swissmediadesign.com\/es\/wp-json\/wp\/v2\/pages\/133","targetHints":{"allow":["GET"]}}],"collection":[{"href":"https:\/\/swissmediadesign.com\/es\/wp-json\/wp\/v2\/pages"}],"about":[{"href":"https:\/\/swissmediadesign.com\/es\/wp-json\/wp\/v2\/types\/page"}],"author":[{"embeddable":true,"href":"https:\/\/swissmediadesign.com\/es\/wp-json\/wp\/v2\/users\/2"}],"replies":[{"embeddable":true,"href":"https:\/\/swissmediadesign.com\/es\/wp-json\/wp\/v2\/comments?post=133"}],"version-history":[{"count":0,"href":"https:\/\/swissmediadesign.com\/es\/wp-json\/wp\/v2\/pages\/133\/revisions"}],"up":[{"embeddable":true,"href":"https:\/\/swissmediadesign.com\/es\/wp-json\/wp\/v2\/pages\/131"}],"wp:attachment":[{"href":"https:\/\/swissmediadesign.com\/es\/wp-json\/wp\/v2\/media?parent=133"}],"curies":[{"name":"wp","href":"https:\/\/api.w.org\/{rel}","templated":true}]}}