{"id":135,"date":"2024-04-02T20:39:55","date_gmt":"2024-04-02T18:39:55","guid":{"rendered":"https:\/\/swissmediadesign.com\/?page_id=135"},"modified":"2025-04-24T08:41:38","modified_gmt":"2025-04-24T06:41:38","slug":"conversion-tracking","status":"publish","type":"page","link":"https:\/\/swissmediadesign.com\/es\/nuestra-experiencia\/crece\/marketing-en-linea\/marketing-en-redes-sociales\/","title":{"rendered":"Seguimiento de las conversiones"},"content":{"rendered":"<style type=\"text\/css\" data-created_by=\"avia_inline_auto\" id=\"style-css-av-lw0y5a2t-b23259ca2b2468d2e52fff91d5453f53\">\n.avia-section.av-lw0y5a2t-b23259ca2b2468d2e52fff91d5453f53{\nbackground-repeat:no-repeat;\nbackground-image:url(https:\/\/swissmediadesign.com\/wp-content\/uploads\/2024\/05\/conversion-tracking-1500x1000.jpg);\nbackground-position:50% 50%;\nbackground-attachment:scroll;\n}\n.avia-section.av-lw0y5a2t-b23259ca2b2468d2e52fff91d5453f53 .av-section-color-overlay{\nopacity:0.5;\nbackground-color:#000000;\n}\n<\/style>\n<div id='av_section_1'  class='avia-section av-lw0y5a2t-b23259ca2b2468d2e52fff91d5453f53 main_color avia-section-default avia-no-border-styling  avia-builder-el-0  el_before_av_one_full  avia-builder-el-first  avia-full-stretch avia-bg-style-scroll av-section-color-overlay-active container_wrap fullsize'  data-section-bg-repeat='stretch'><div class=\"av-section-color-overlay-wrap\"><div class=\"av-section-color-overlay\"><\/div><div class='container av-section-cont-open' ><main  role=\"main\" itemprop=\"mainContentOfPage\"  class='template-page content  av-content-full alpha units'><div class='post-entry post-entry-type-page post-entry-135'><div class='entry-content-wrapper clearfix'>\n<div  class='flex_column av-10spx3-b26f2cd0c36377b105192a014db3c1bd av_one_fifth  avia-builder-el-1  el_before_av_three_fifth  avia-builder-el-first  first flex_column_div'     ><\/div><div  class='flex_column av-utkjr-cf93199cc483b5bef7491aea758b59b6 av_three_fifth  avia-builder-el-2  el_after_av_one_fifth  el_before_av_one_fifth  flex_column_div'     ><p>\n<style type=\"text\/css\" data-created_by=\"avia_inline_auto\" id=\"style-css-av-lw0y3w5y-1d1c289e1d2159fb3bbe4d5bb55e589c\">\n#top .av-special-heading.av-lw0y3w5y-1d1c289e1d2159fb3bbe4d5bb55e589c{\npadding-bottom:10px;\ncolor:#ffffff;\n}\nbody .av-special-heading.av-lw0y3w5y-1d1c289e1d2159fb3bbe4d5bb55e589c .av-special-heading-tag .heading-char{\nfont-size:25px;\n}\n.av-special-heading.av-lw0y3w5y-1d1c289e1d2159fb3bbe4d5bb55e589c .special-heading-inner-border{\nborder-color:#ffffff;\n}\n.av-special-heading.av-lw0y3w5y-1d1c289e1d2159fb3bbe4d5bb55e589c .av-subheading{\nfont-size:15px;\n}\n<\/style>\n<div  class='av-special-heading av-lw0y3w5y-1d1c289e1d2159fb3bbe4d5bb55e589c av-special-heading-h1 custom-color-heading blockquote modern-quote modern-centered  avia-builder-el-3  el_before_av_textblock  avia-builder-el-first'><h1 class='av-special-heading-tag'  itemprop=\"headline\"  >Seguimiento de las conversiones<\/h1><div class='av_custom_color av-subheading av-subheading_below'><p><a href=\"https:\/\/swissmediadesign.com\/es\/nuestra-experiencia\/crece\/marketing-en-linea\/\">An\u00e1lisis y optimizaci\u00f3n<\/a> \/ <a href=\"https:\/\/swissmediadesign.com\/es\/nuestra-experiencia\/crece\/marketing-en-linea\/marketing-en-redes-sociales\/\">Seguimiento de las conversiones<\/a><\/p>\n<\/div><div class=\"special-heading-border\"><div class=\"special-heading-inner-border\"><\/div><\/div><\/div><br \/>\n\n<style type=\"text\/css\" data-created_by=\"avia_inline_auto\" id=\"style-css-av-oxhin-82d3850d118eef5fa0cf1e93d444d5c6\">\n#top .av_textblock_section.av-oxhin-82d3850d118eef5fa0cf1e93d444d5c6 .avia_textblock{\ncolor:#ffffff;\n}\n<\/style>\n<section  class='av_textblock_section av-oxhin-82d3850d118eef5fa0cf1e93d444d5c6'   itemscope=\"itemscope\" itemtype=\"https:\/\/schema.org\/CreativeWork\" ><div class='avia_textblock av_inherit_color'  itemprop=\"text\" ><p style=\"text-align: center;\">En Swiss Media Design, utilizamos el seguimiento de conversiones para analizar el comportamiento de sus usuarios y optimizar sus estrategias de marketing. Con Google Tag Manager y Google Ads, aumentamos sus tasas de conversi\u00f3n y maximizamos su ROI. Conf\u00ede en nuestra experiencia para alcanzar sus objetivos de marketing de forma eficaz.<\/p>\n<\/div><\/section><\/p><\/div><div  class='flex_column av-iojiv-1ead89b838ccff8e9a2a03f536cd1c5e av_one_fifth  avia-builder-el-5  el_after_av_three_fifth  avia-builder-el-last  flex_column_div'     ><\/div><\/div><\/div><\/main><!-- close content main element --><\/div><\/div><\/div><div id='after_section_1'  class='main_color av_default_container_wrap container_wrap fullsize'  ><div class='container av-section-cont-open' ><div class='template-page content  av-content-full alpha units'><div class='post-entry post-entry-type-page post-entry-135'><div class='entry-content-wrapper clearfix'><div  class='flex_column av-jnggv-d230e65fce51906268eb8dd69692fefb av_one_full  avia-builder-el-6  el_after_av_section  avia-builder-el-no-sibling  first flex_column_div'     ><p>\n<style type=\"text\/css\" data-created_by=\"avia_inline_auto\" id=\"style-css-av-djofj-1bdf357e64f8c80b3e25925bc80e2186\">\n#top .av-special-heading.av-djofj-1bdf357e64f8c80b3e25925bc80e2186{\npadding-bottom:10px;\n}\nbody .av-special-heading.av-djofj-1bdf357e64f8c80b3e25925bc80e2186 .av-special-heading-tag .heading-char{\nfont-size:25px;\n}\n.av-special-heading.av-djofj-1bdf357e64f8c80b3e25925bc80e2186 .av-subheading{\nfont-size:15px;\n}\n<\/style>\n<div  class='av-special-heading av-djofj-1bdf357e64f8c80b3e25925bc80e2186 av-special-heading-h2 blockquote modern-quote  avia-builder-el-7  el_before_av_textblock  avia-builder-el-first'><h2 class='av-special-heading-tag'  itemprop=\"headline\"  >Maximice su \u00e9xito con el seguimiento de conversiones<\/h2><div class=\"special-heading-border\"><div class=\"special-heading-inner-border\"><\/div><\/div><\/div><br \/>\n<section  class='av_textblock_section av-7bi7r-4fc1457395e2696ae2eba4969b42c952'   itemscope=\"itemscope\" itemtype=\"https:\/\/schema.org\/CreativeWork\" ><div class='avia_textblock'  itemprop=\"text\" ><p>En el mundo digital actual, es fundamental comprender y optimizar cada paso que dan sus clientes. En Swiss Media Design, ofrecemos soluciones integrales de seguimiento de conversiones para ayudarle a orientar con precisi\u00f3n sus estrategias de marketing y lograr un \u00e9xito cuantificable. Nuestro objetivo es aumentar sus tasas de conversi\u00f3n y ampliar su negocio de forma sostenible.<\/p>\n<p>Con el seguimiento de conversiones, puedes saber exactamente qu\u00e9 acciones realizan tus usuarios en tu sitio web o en tu aplicaci\u00f3n. Ya se trate de compras, registros u otras interacciones importantes, le ayudamos a registrar y analizar estos datos de forma eficaz. Google Tag Manager desempe\u00f1a un papel fundamental en este sentido, ya que permite implementar y gestionar f\u00e1cilmente los c\u00f3digos de seguimiento sin necesidad de tener profundos conocimientos de programaci\u00f3n. Esto le permite reaccionar r\u00e1pidamente a los cambios y optimizar sus campa\u00f1as de forma continua.<\/p>\n<p>Google Ads y el seguimiento de conversiones van de la mano. Al vincular Google Ads con su seguimiento de conversiones, puede medir el rendimiento de sus anuncios de forma espec\u00edfica y maximizar el retorno de la inversi\u00f3n (ROI). Le ayudamos a dise\u00f1ar sus campa\u00f1as publicitarias de forma que no s\u00f3lo atraigan la atenci\u00f3n, sino que tambi\u00e9n consigan conversiones reales. Con informes y an\u00e1lisis detallados, obtendr\u00e1 informaci\u00f3n valiosa sobre la eficacia de su publicidad y podr\u00e1 utilizar sus presupuestos de forma m\u00e1s eficiente.<\/p>\n<p>Otro aspecto importante es el control de costes. Con el coste por adquisici\u00f3n (CPA), puede determinar exactamente cu\u00e1nto est\u00e1 dispuesto a pagar por cada conversi\u00f3n. Le ayudamos a alcanzar sus objetivos de CPA optimizando continuamente sus campa\u00f1as para lograr la m\u00e1xima eficacia. De este modo, nos aseguramos de que su gasto en marketing se convierta en resultados empresariales reales.<\/p>\n<p>Combinando el seguimiento de conversiones, Google Tag Manager, Google Ads y una estrategia CPA espec\u00edfica, podr\u00e1 ampliar su negocio de forma eficaz. Nuestro equipo de Swiss Media Design trabajar\u00e1 estrechamente con usted para desarrollar soluciones personalizadas adaptadas a sus necesidades espec\u00edficas. Le ayudaremos a tomar las decisiones adecuadas en el momento oportuno y a maximizar su potencial de crecimiento.<\/p>\n<p>Optimicemos juntos sus estrategias digitales y logremos un \u00e9xito sostenible. Conf\u00ede en la experiencia de Swiss Media Design para liberar todo el potencial del seguimiento de conversiones y de nuestras soluciones de marketing personalizadas para su empresa. P\u00f3ngase en contacto con nosotros hoy mismo y comience su viaje hacia un futuro basado en los datos con Swiss Media Design.<\/p>\n<\/div><\/section><\/p><\/div><\/p>","protected":false},"excerpt":{"rendered":"","protected":false},"author":2,"featured_media":0,"parent":131,"menu_order":3212,"comment_status":"closed","ping_status":"closed","template":"","meta":{"footnotes":""},"class_list":["post-135","page","type-page","status-publish","hentry"],"_links":{"self":[{"href":"https:\/\/swissmediadesign.com\/es\/wp-json\/wp\/v2\/pages\/135","targetHints":{"allow":["GET"]}}],"collection":[{"href":"https:\/\/swissmediadesign.com\/es\/wp-json\/wp\/v2\/pages"}],"about":[{"href":"https:\/\/swissmediadesign.com\/es\/wp-json\/wp\/v2\/types\/page"}],"author":[{"embeddable":true,"href":"https:\/\/swissmediadesign.com\/es\/wp-json\/wp\/v2\/users\/2"}],"replies":[{"embeddable":true,"href":"https:\/\/swissmediadesign.com\/es\/wp-json\/wp\/v2\/comments?post=135"}],"version-history":[{"count":0,"href":"https:\/\/swissmediadesign.com\/es\/wp-json\/wp\/v2\/pages\/135\/revisions"}],"up":[{"embeddable":true,"href":"https:\/\/swissmediadesign.com\/es\/wp-json\/wp\/v2\/pages\/131"}],"wp:attachment":[{"href":"https:\/\/swissmediadesign.com\/es\/wp-json\/wp\/v2\/media?parent=135"}],"curies":[{"name":"wp","href":"https:\/\/api.w.org\/{rel}","templated":true}]}}