{"id":137,"date":"2024-04-02T20:40:17","date_gmt":"2024-04-02T18:40:17","guid":{"rendered":"https:\/\/swissmediadesign.com\/?page_id=137"},"modified":"2025-04-24T08:41:58","modified_gmt":"2025-04-24T06:41:58","slug":"leistungsanalyse-und-reporting","status":"publish","type":"page","link":"https:\/\/swissmediadesign.com\/es\/nuestra-experiencia\/crece\/marketing-en-linea\/anuncios-de-google\/","title":{"rendered":"An\u00e1lisis de resultados e informes"},"content":{"rendered":"<style type=\"text\/css\" data-created_by=\"avia_inline_auto\" id=\"style-css-av-xzokp-0d52c07dcc3563de8cb31e0a28a009d4\">\n.avia-section.av-xzokp-0d52c07dcc3563de8cb31e0a28a009d4{\nbackground-repeat:no-repeat;\nbackground-image:url(https:\/\/swissmediadesign.com\/wp-content\/uploads\/2024\/05\/198321432_m_normal_none-1500x1001.jpg);\nbackground-position:50% 50%;\nbackground-attachment:scroll;\n}\n.avia-section.av-xzokp-0d52c07dcc3563de8cb31e0a28a009d4 .av-section-color-overlay{\nopacity:0.5;\nbackground-color:#000000;\n}\n<\/style>\n<div id='av_section_1'  class='avia-section av-xzokp-0d52c07dcc3563de8cb31e0a28a009d4 main_color avia-section-default avia-no-border-styling  avia-builder-el-0  el_before_av_one_full  avia-builder-el-first  avia-full-stretch avia-bg-style-scroll av-section-color-overlay-active container_wrap fullsize'  data-section-bg-repeat='stretch'><div class=\"av-section-color-overlay-wrap\"><div class=\"av-section-color-overlay\"><\/div><div class='container av-section-cont-open' ><main  role=\"main\" itemprop=\"mainContentOfPage\"  class='template-page content  av-content-full alpha units'><div class='post-entry post-entry-type-page post-entry-137'><div class='entry-content-wrapper clearfix'>\n<div  class='flex_column av-r9jr5-0da13cf54bde121fea60277c410b0189 av_one_fifth  avia-builder-el-1  el_before_av_three_fifth  avia-builder-el-first  first flex_column_div'     ><\/div><div  class='flex_column av-kerht-9b0828fb2a32df73c9e4b666e6b0253d av_three_fifth  avia-builder-el-2  el_after_av_one_fifth  el_before_av_one_fifth  flex_column_div'     ><p>\n<style type=\"text\/css\" data-created_by=\"avia_inline_auto\" id=\"style-css-av-lwi032yi-4441c5e97020c75c67c62fbc17229953\">\n#top .av-special-heading.av-lwi032yi-4441c5e97020c75c67c62fbc17229953{\npadding-bottom:10px;\ncolor:#ffffff;\n}\nbody .av-special-heading.av-lwi032yi-4441c5e97020c75c67c62fbc17229953 .av-special-heading-tag .heading-char{\nfont-size:25px;\n}\n.av-special-heading.av-lwi032yi-4441c5e97020c75c67c62fbc17229953 .special-heading-inner-border{\nborder-color:#ffffff;\n}\n.av-special-heading.av-lwi032yi-4441c5e97020c75c67c62fbc17229953 .av-subheading{\nfont-size:15px;\n}\n<\/style>\n<div  class='av-special-heading av-lwi032yi-4441c5e97020c75c67c62fbc17229953 av-special-heading-h1 custom-color-heading blockquote modern-quote modern-centered  avia-builder-el-3  el_before_av_textblock  avia-builder-el-first'><h1 class='av-special-heading-tag'  itemprop=\"headline\"  >An\u00e1lisis de resultados e informes<\/h1><div class='av_custom_color av-subheading av-subheading_below'><p><a href=\"https:\/\/swissmediadesign.com\/es\/nuestra-experiencia\/crece\/marketing-en-linea\/\">An\u00e1lisis y optimizaci\u00f3n<\/a> \/ <a href=\"https:\/\/swissmediadesign.com\/es\/nuestra-experiencia\/crece\/marketing-en-linea\/anuncios-de-google\/\">An\u00e1lisis de resultados e informes<\/a><\/p>\n<\/div><div class=\"special-heading-border\"><div class=\"special-heading-inner-border\"><\/div><\/div><\/div><br \/>\n\n<style type=\"text\/css\" data-created_by=\"avia_inline_auto\" id=\"style-css-av-lwi03aef-95e6516224e83c7ed2d355d47687267e\">\n#top .av_textblock_section.av-lwi03aef-95e6516224e83c7ed2d355d47687267e .avia_textblock{\ncolor:#ffffff;\n}\n<\/style>\n<section  class='av_textblock_section av-lwi03aef-95e6516224e83c7ed2d355d47687267e'   itemscope=\"itemscope\" itemtype=\"https:\/\/schema.org\/CreativeWork\" ><div class='avia_textblock av_inherit_color'  itemprop=\"text\" ><div class=\"flex flex-grow flex-col max-w-full\">\n<div class=\"min-h-&#091;20px&#093; text-message flex flex-col items-start whitespace-pre-wrap break-words &#091;.text-message+&amp;&#093;:mt-5 juice:w-full juice:items-end overflow-x-auto gap-2\" dir=\"auto\" data-message-author-role=\"assistant\" data-message-id=\"2b3ab82a-0c47-46eb-93a9-9133e1930da0\">\n<div class=\"flex w-full flex-col gap-1 juice:empty:hidden juice:first:pt-&#091;3px&#093;\">\n<div class=\"markdown prose w-full break-words dark:prose-invert dark\">\n<p style=\"text-align: center;\">En Swiss Media Design, ofrecemos an\u00e1lisis de rendimiento e informes exhaustivos para optimizar sus estrategias de marketing basadas en datos. Con informes y an\u00e1lisis personalizados, mejoramos sus procesos de toma de decisiones y maximizamos los resultados. Conf\u00ede en nuestra experiencia para alcanzar eficazmente sus objetivos.<\/p>\n<\/div>\n<\/div>\n<\/div>\n<\/div>\n<\/div><\/section><\/p><\/div><div  class='flex_column av-eswip-50b2273a9562785229eee8cb6157764f av_one_fifth  avia-builder-el-5  el_after_av_three_fifth  avia-builder-el-last  flex_column_div'     ><\/div><\/div><\/div><\/main><!-- close content main element --><\/div><\/div><\/div><div id='after_section_1'  class='main_color av_default_container_wrap container_wrap fullsize'  ><div class='container av-section-cont-open' ><div class='template-page content  av-content-full alpha units'><div class='post-entry post-entry-type-page post-entry-137'><div class='entry-content-wrapper clearfix'><div  class='flex_column av-atemh-2fade73719d4c97b1d31cf1796950088 av_one_full  avia-builder-el-6  el_after_av_section  avia-builder-el-no-sibling  first flex_column_div'     ><p>\n<style type=\"text\/css\" data-created_by=\"avia_inline_auto\" id=\"style-css-av-lwi03ve4-6ab095e295e7345cfb6a88a86c43b2cc\">\n#top .av-special-heading.av-lwi03ve4-6ab095e295e7345cfb6a88a86c43b2cc{\npadding-bottom:10px;\n}\nbody .av-special-heading.av-lwi03ve4-6ab095e295e7345cfb6a88a86c43b2cc .av-special-heading-tag .heading-char{\nfont-size:25px;\n}\n.av-special-heading.av-lwi03ve4-6ab095e295e7345cfb6a88a86c43b2cc .av-subheading{\nfont-size:15px;\n}\n<\/style>\n<div  class='av-special-heading av-lwi03ve4-6ab095e295e7345cfb6a88a86c43b2cc av-special-heading-h2 blockquote modern-quote  avia-builder-el-7  el_before_av_textblock  avia-builder-el-first'><h2 class='av-special-heading-tag'  itemprop=\"headline\"  > Optimice su negocio con an\u00e1lisis de rendimiento e informes<\/h2><div class=\"special-heading-border\"><div class=\"special-heading-inner-border\"><\/div><\/div><\/div><br \/>\n<section  class='av_textblock_section av-lwi04xus-255a7a8e95ca165f409aca6de226e8de'   itemscope=\"itemscope\" itemtype=\"https:\/\/schema.org\/CreativeWork\" ><div class='avia_textblock'  itemprop=\"text\" ><p>En el panorama digital actual, es fundamental tomar decisiones informadas basadas en datos precisos. En Swiss Media Design, ofrecemos soluciones integrales de an\u00e1lisis de rendimiento e informes para optimizar sus estrategias de marketing y maximizar los resultados de su negocio.<\/p>\n<p>Nuestros servicios de an\u00e1lisis del rendimiento y elaboraci\u00f3n de informes le permiten conocer en profundidad el rendimiento de sus campa\u00f1as de marketing y actividades comerciales. Utilizamos herramientas de an\u00e1lisis avanzadas para crear informes detallados que le ayuden a comprender el comportamiento de sus usuarios y evaluar la eficacia de sus acciones.<\/p>\n<p>Con informes personalizados, le proporcionamos informaci\u00f3n clara y comprensible para ayudarle a mejorar continuamente su estrategia. Nuestros informes est\u00e1n dise\u00f1ados para mostrarle las m\u00e9tricas y tendencias clave, de modo que pueda ver inmediatamente qu\u00e9 est\u00e1 funcionando y d\u00f3nde es necesario optimizar. Nuestros an\u00e1lisis detallados le permiten orientar sus recursos y gestionar eficazmente sus presupuestos de marketing.<\/p>\n<p>Los informes peri\u00f3dicos son un componente clave de nuestro servicio. No s\u00f3lo le proporcionamos informaci\u00f3n puntual, sino que nos aseguramos de que est\u00e9 continuamente informado sobre el rendimiento de sus campa\u00f1as. Nuestros expertos analizan los datos, identifican oportunidades y retos y le ofrecen recomendaciones claras para alcanzar sus objetivos.<\/p>\n<p>Nuestros servicios de an\u00e1lisis de rendimiento e informes tambi\u00e9n incluyen la integraci\u00f3n de herramientas como Google Analytics y otras herramientas de an\u00e1lisis que le permiten obtener informaci\u00f3n multiplataforma. Esto le permite vigilar todo el comportamiento de los usuarios en su sitio web y en sus aplicaciones y adaptar sus estrategias en consecuencia.<\/p>\n<p>Con Swiss Media Design a su lado, tendr\u00e1 un socio de confianza que le apoyar\u00e1 en todo momento. Le ayudamos a tomar decisiones basadas en datos y a alcanzar sus objetivos empresariales de forma eficiente. Conf\u00ede en nuestra experiencia y trabajemos juntos para mejorar su rendimiento y lograr un \u00e9xito sostenible.<\/p>\n<p>P\u00f3ngase en contacto con nosotros hoy mismo para descubrir c\u00f3mo nuestros servicios de an\u00e1lisis de rendimiento y elaboraci\u00f3n de informes pueden ayudarle a optimizar sus estrategias digitales e impulsar su negocio. Juntos podemos convertir sus datos en un activo valioso para el crecimiento sostenible y el \u00e9xito.<\/p>\n<\/div><\/section><\/p><\/div><\/p>","protected":false},"excerpt":{"rendered":"","protected":false},"author":2,"featured_media":0,"parent":131,"menu_order":3213,"comment_status":"closed","ping_status":"closed","template":"","meta":{"footnotes":""},"class_list":["post-137","page","type-page","status-publish","hentry"],"_links":{"self":[{"href":"https:\/\/swissmediadesign.com\/es\/wp-json\/wp\/v2\/pages\/137","targetHints":{"allow":["GET"]}}],"collection":[{"href":"https:\/\/swissmediadesign.com\/es\/wp-json\/wp\/v2\/pages"}],"about":[{"href":"https:\/\/swissmediadesign.com\/es\/wp-json\/wp\/v2\/types\/page"}],"author":[{"embeddable":true,"href":"https:\/\/swissmediadesign.com\/es\/wp-json\/wp\/v2\/users\/2"}],"replies":[{"embeddable":true,"href":"https:\/\/swissmediadesign.com\/es\/wp-json\/wp\/v2\/comments?post=137"}],"version-history":[{"count":0,"href":"https:\/\/swissmediadesign.com\/es\/wp-json\/wp\/v2\/pages\/137\/revisions"}],"up":[{"embeddable":true,"href":"https:\/\/swissmediadesign.com\/es\/wp-json\/wp\/v2\/pages\/131"}],"wp:attachment":[{"href":"https:\/\/swissmediadesign.com\/es\/wp-json\/wp\/v2\/media?parent=137"}],"curies":[{"name":"wp","href":"https:\/\/api.w.org\/{rel}","templated":true}]}}