{"id":143,"date":"2024-04-02T20:43:32","date_gmt":"2024-04-02T18:43:32","guid":{"rendered":"https:\/\/swissmediadesign.com\/?page_id=143"},"modified":"2025-04-24T08:42:09","modified_gmt":"2025-04-24T06:42:09","slug":"online-marketing","status":"publish","type":"page","link":"https:\/\/swissmediadesign.com\/es\/nuestra-experiencia\/crece\/desarrollo-del-diseno-corporativo\/","title":{"rendered":"Marketing en l\u00ednea"},"content":{"rendered":"<style type=\"text\/css\" data-created_by=\"avia_inline_auto\" id=\"style-css-av-lwi0r6ck-91e4acc5aa532a53eba9906ac3094423\">\n.avia-section.av-lwi0r6ck-91e4acc5aa532a53eba9906ac3094423{\nbackground-repeat:no-repeat;\nbackground-image:url(https:\/\/swissmediadesign.com\/wp-content\/uploads\/2024\/05\/AdobeStock_265258002-1500x1000.jpeg);\nbackground-position:50% 50%;\nbackground-attachment:scroll;\n}\n.avia-section.av-lwi0r6ck-91e4acc5aa532a53eba9906ac3094423 .av-section-color-overlay{\nopacity:0.5;\nbackground-color:#000000;\n}\n<\/style>\n<div id='av_section_1'  class='avia-section av-lwi0r6ck-91e4acc5aa532a53eba9906ac3094423 main_color avia-section-default avia-no-border-styling  avia-builder-el-0  el_before_av_masonry_gallery  avia-builder-el-first  avia-full-stretch avia-bg-style-scroll av-section-color-overlay-active container_wrap fullsize'  data-section-bg-repeat='stretch'><div class=\"av-section-color-overlay-wrap\"><div class=\"av-section-color-overlay\"><\/div><div class='container av-section-cont-open' ><main  role=\"main\" itemprop=\"mainContentOfPage\"  class='template-page content  av-content-full alpha units'><div class='post-entry post-entry-type-page post-entry-143'><div class='entry-content-wrapper clearfix'>\n<div  class='flex_column av-118zkn-3f27551b7da3ae98a9f4d6e2efe23ed3 av_one_fifth  avia-builder-el-1  el_before_av_three_fifth  avia-builder-el-first  first flex_column_div'     ><\/div><div  class='flex_column av-udkxr-cb16d920801088fe7ead75111aa80f0f av_three_fifth  avia-builder-el-2  el_after_av_one_fifth  el_before_av_one_fifth  flex_column_div'     ><p>\n<style type=\"text\/css\" data-created_by=\"avia_inline_auto\" id=\"style-css-av-lwi0qih1-5e628886537c95f1ef0eaa27dbd9b641\">\n#top .av-special-heading.av-lwi0qih1-5e628886537c95f1ef0eaa27dbd9b641{\npadding-bottom:10px;\ncolor:#ffffff;\n}\nbody .av-special-heading.av-lwi0qih1-5e628886537c95f1ef0eaa27dbd9b641 .av-special-heading-tag .heading-char{\nfont-size:25px;\n}\n.av-special-heading.av-lwi0qih1-5e628886537c95f1ef0eaa27dbd9b641 .special-heading-inner-border{\nborder-color:#ffffff;\n}\n.av-special-heading.av-lwi0qih1-5e628886537c95f1ef0eaa27dbd9b641 .av-subheading{\nfont-size:15px;\n}\n<\/style>\n<div  class='av-special-heading av-lwi0qih1-5e628886537c95f1ef0eaa27dbd9b641 av-special-heading-h1 custom-color-heading blockquote modern-quote modern-centered  avia-builder-el-3  el_before_av_textblock  avia-builder-el-first'><h1 class='av-special-heading-tag'  itemprop=\"headline\"  >Marketing en l\u00ednea<\/h1><div class='av_custom_color av-subheading av-subheading_below'><p><a href=\"https:\/\/swissmediadesign.com\/es\/nuestra-experiencia\/crece\/\">Crecer<\/a> \/ <a href=\"https:\/\/swissmediadesign.com\/es\/nuestra-experiencia\/crece\/desarrollo-del-diseno-corporativo\/\">Marketing en l\u00ednea<\/a><\/p>\n<\/div><div class=\"special-heading-border\"><div class=\"special-heading-inner-border\"><\/div><\/div><\/div><br \/>\n\n<style type=\"text\/css\" data-created_by=\"avia_inline_auto\" id=\"style-css-av-a17z-c331c6b7d080279c07ddbbbe7ba23ed6\">\n#top .av_textblock_section.av-a17z-c331c6b7d080279c07ddbbbe7ba23ed6 .avia_textblock{\ncolor:#ffffff;\n}\n<\/style>\n<section  class='av_textblock_section av-a17z-c331c6b7d080279c07ddbbbe7ba23ed6'   itemscope=\"itemscope\" itemtype=\"https:\/\/schema.org\/CreativeWork\" ><div class='avia_textblock av_inherit_color'  itemprop=\"text\" ><p style=\"text-align: center;\">En Swiss Media Design ofrecemos servicios integrales de marketing online para reforzar su presencia digital y llegar eficazmente a su p\u00fablico objetivo. Nuestra experiencia incluye contenidos personalizados, estrategias bien pensadas, boletines atractivos y el uso espec\u00edfico de Google Ads.<\/p>\n<\/div><\/section><\/p><\/div><div  class='flex_column av-mgvpj-a4daf0932663cd12f42cb84340198599 av_one_fifth  avia-builder-el-5  el_after_av_three_fifth  avia-builder-el-last  flex_column_div'     ><\/div>\n<style type=\"text\/css\" data-created_by=\"avia_inline_auto\" id=\"style-css-av-911hz-c13081216ba1b5095c829fbda7476836\">\n#top .av-masonry.av-911hz-c13081216ba1b5095c829fbda7476836{\nbackground-color:#ffffff;\n}\n<\/style>\n<div id='av-masonry-1' class='av-masonry av-911hz-c13081216ba1b5095c829fbda7476836 noHover av-flex-size av-large-gap av-hover-overlay-active av-masonry-animation-active av-masonry-col-3 av-caption-always av-caption-style-overlay av-masonry-gallery' data-post_id=\"143\"><div class=\"av-masonry-container isotope av-js-disabled\"><div class='av-masonry-entry isotope-item av-masonry-item-no-image'><\/div><a href=\"https:\/\/swissmediadesign.com\/es\/nuestra-experiencia\/crece\/desarrollo-del-diseno-corporativo\/identidad-de-marca\/\"  aria-label=\"creaci\u00f3n y estrategia de contenidos de imagen\"  id='av-masonry-1-item-1003' data-av-masonry-item='1003' class='av-masonry-entry isotope-item post-1003 attachment type-attachment status-inherit hentry  av-masonry-item-with-image' title=\"Creaci\u00f3n y estrategia de contenidos\" alt=\"\"  data-av-masonry-custom-link=\"https:\/\/swissmediadesign.com\/unsere-expertise\/wachsen\/online-marketing\/content-erstellung-und-strategie\/\"  itemprop=\"thumbnailUrl\" ><div class='av-inner-masonry-sizer'><\/div><figure class='av-inner-masonry main_color'><div class=\"av-masonry-outerimage-container\"><div class='av-masonry-image-container'   ><img decoding=\"async\" src=\"https:\/\/swissmediadesign.com\/wp-content\/uploads\/2024\/05\/107984725_m_normal_none-1030x687.jpg\" title=\"Creaci\u00f3n y estrategia de contenidos\" alt=\"\" \/><\/div><\/div><figcaption class='av-inner-masonry-content site-background'><div class='av-inner-masonry-content-pos'><div class='av-inner-masonry-content-pos-content'><div class='avia-arrow'><\/div><h3 class='av-masonry-entry-title entry-title'  itemprop=\"headline\" >Creaci\u00f3n y estrategia de contenidos<\/h3><div class='av-masonry-entry-content entry-content'  itemprop=\"text\" >En Swiss Media Design, ofrecemos una estrategia y una creaci\u00f3n de contenidos integrales para reforzar su marca y optimizar su presencia en l\u00ednea. El contenido de alta calidad es la clave para llegar y atraer a su p\u00fablico objetivo. Conf\u00ede en nuestra experiencia para reforzar su marca con contenidos estrat\u00e9gicos y mejorar su presencia.<\/div><\/div><\/div><\/figcaption><\/figure><\/a><!--end av-masonry entry--><a href=\"https:\/\/swissmediadesign.com\/es\/nuestra-experiencia\/crece\/desarrollo-del-diseno-corporativo\/manual-de-diseno-corporativo\/\"  aria-label=\"imagen Bolet\u00edn de noticias dise\u00f1o sin env\u00edo\"  id='av-masonry-1-item-1012' data-av-masonry-item='1012' class='av-masonry-entry isotope-item post-1012 attachment type-attachment status-inherit hentry  av-masonry-item-with-image' title=\"Dise\u00f1o de boletines sin env\u00edo\" alt=\"\"  data-av-masonry-custom-link=\"https:\/\/swissmediadesign.com\/unsere-expertise\/wachsen\/online-marketing\/newslettergestaltung-ohne-versand\/\"  itemprop=\"thumbnailUrl\" ><div class='av-inner-masonry-sizer'><\/div><figure class='av-inner-masonry main_color'><div class=\"av-masonry-outerimage-container\"><div class='av-masonry-image-container'   ><img decoding=\"async\" src=\"https:\/\/swissmediadesign.com\/wp-content\/uploads\/2024\/05\/208151297_m_normal_none-1030x687.jpg\" title=\"Dise\u00f1o de boletines sin env\u00edo\" alt=\"\" \/><\/div><\/div><figcaption class='av-inner-masonry-content site-background'><div class='av-inner-masonry-content-pos'><div class='av-inner-masonry-content-pos-content'><div class='avia-arrow'><\/div><h3 class='av-masonry-entry-title entry-title'  itemprop=\"headline\" >Dise\u00f1o de boletines sin env\u00edo<\/h3><div class='av-masonry-entry-content entry-content'  itemprop=\"text\" >En Swiss Media Design ofrecemos dise\u00f1o creativo y profesional de newsletters. Trabajamos con Mailchimp y Cleverreach, creamos plantillas personalizables y ofrecemos una completa formaci\u00f3n en l\u00ednea. Debido a la normativa legal, no nos encargamos nosotros mismos del env\u00edo, sino que recomendamos proveedores de servicios especializados.<\/div><\/div><\/div><\/figcaption><\/figure><\/a><!--end av-masonry entry--><a href=\"https:\/\/swissmediadesign.com\/es\/nuestra-experiencia\/crece\/desarrollo-del-diseno-corporativo\/estrategias-de-comunicacion-visual\/\"  aria-label=\"imagen Marketing efectivo en Google Ads\"  id='av-masonry-1-item-1030' data-av-masonry-item='1030' class='av-masonry-entry isotope-item post-1030 attachment type-attachment status-inherit hentry  av-masonry-item-with-image' title=\"Marketing eficaz de Google Ads\" alt=\"\"  data-av-masonry-custom-link=\"https:\/\/swissmediadesign.com\/unsere-expertise\/wachsen\/online-marketing\/effizientes-google-ads-marketing\/\"  itemprop=\"thumbnailUrl\" ><div class='av-inner-masonry-sizer'><\/div><figure class='av-inner-masonry main_color'><div class=\"av-masonry-outerimage-container\"><div class='av-masonry-image-container'   ><img decoding=\"async\" src=\"https:\/\/swissmediadesign.com\/wp-content\/uploads\/2024\/05\/AdobeStock_288081374_Editorial_Use_Only-1030x685.jpeg\" title=\"Marketing eficaz de Google Ads\" alt=\"\" \/><\/div><\/div><figcaption class='av-inner-masonry-content site-background'><div class='av-inner-masonry-content-pos'><div class='av-inner-masonry-content-pos-content'><div class='avia-arrow'><\/div><h3 class='av-masonry-entry-title entry-title'  itemprop=\"headline\" >Marketing eficaz de Google Ads<\/h3><div class='av-masonry-entry-content entry-content'  itemprop=\"text\" >Bienvenido a Swiss Media Design, su socio para un marketing eficaz de Google Ads. Con campa\u00f1as personalizadas y una profunda experiencia, hacemos que su marca brille en el espacio digital. Descubra con nosotros nuevas oportunidades para llegar a su p\u00fablico objetivo y posicionar su empresa con \u00e9xito.<\/div><\/div><\/div><\/figcaption><\/figure><\/a><!--end av-masonry entry--><\/div><\/div><\/p>","protected":false},"excerpt":{"rendered":"","protected":false},"author":2,"featured_media":0,"parent":128,"menu_order":3220,"comment_status":"closed","ping_status":"closed","template":"","meta":{"footnotes":""},"class_list":["post-143","page","type-page","status-publish","hentry"],"_links":{"self":[{"href":"https:\/\/swissmediadesign.com\/es\/wp-json\/wp\/v2\/pages\/143","targetHints":{"allow":["GET"]}}],"collection":[{"href":"https:\/\/swissmediadesign.com\/es\/wp-json\/wp\/v2\/pages"}],"about":[{"href":"https:\/\/swissmediadesign.com\/es\/wp-json\/wp\/v2\/types\/page"}],"author":[{"embeddable":true,"href":"https:\/\/swissmediadesign.com\/es\/wp-json\/wp\/v2\/users\/2"}],"replies":[{"embeddable":true,"href":"https:\/\/swissmediadesign.com\/es\/wp-json\/wp\/v2\/comments?post=143"}],"version-history":[{"count":0,"href":"https:\/\/swissmediadesign.com\/es\/wp-json\/wp\/v2\/pages\/143\/revisions"}],"up":[{"embeddable":true,"href":"https:\/\/swissmediadesign.com\/es\/wp-json\/wp\/v2\/pages\/128"}],"wp:attachment":[{"href":"https:\/\/swissmediadesign.com\/es\/wp-json\/wp\/v2\/media?parent=143"}],"curies":[{"name":"wp","href":"https:\/\/api.w.org\/{rel}","templated":true}]}}