{"id":145,"date":"2024-04-02T20:43:53","date_gmt":"2024-04-02T18:43:53","guid":{"rendered":"https:\/\/swissmediadesign.com\/?page_id=145"},"modified":"2025-04-24T08:42:26","modified_gmt":"2025-04-24T06:42:26","slug":"content-erstellung-und-strategie","status":"publish","type":"page","link":"https:\/\/swissmediadesign.com\/es\/nuestra-experiencia\/crece\/desarrollo-del-diseno-corporativo\/identidad-de-marca\/","title":{"rendered":"Creaci\u00f3n y estrategia de contenidos"},"content":{"rendered":"<style type=\"text\/css\" data-created_by=\"avia_inline_auto\" id=\"style-css-av-lwi15xsy-685f648a07044bf06703faff9ef8ac08\">\n.avia-section.av-lwi15xsy-685f648a07044bf06703faff9ef8ac08{\nbackground-repeat:no-repeat;\nbackground-image:url(https:\/\/swissmediadesign.com\/wp-content\/uploads\/2024\/05\/107984725_m_normal_none-1500x1000.jpg);\nbackground-position:50% 50%;\nbackground-attachment:scroll;\n}\n.avia-section.av-lwi15xsy-685f648a07044bf06703faff9ef8ac08 .av-section-color-overlay{\nopacity:0.5;\nbackground-color:#000000;\n}\n<\/style>\n<div id='av_section_1'  class='avia-section av-lwi15xsy-685f648a07044bf06703faff9ef8ac08 main_color avia-section-default avia-no-border-styling  avia-builder-el-0  el_before_av_one_full  avia-builder-el-first  avia-full-stretch avia-bg-style-scroll av-section-color-overlay-active container_wrap fullsize'  data-section-bg-repeat='stretch'><div class=\"av-section-color-overlay-wrap\"><div class=\"av-section-color-overlay\"><\/div><div class='container av-section-cont-open' ><main  role=\"main\" itemprop=\"mainContentOfPage\"  class='template-page content  av-content-full alpha units'><div class='post-entry post-entry-type-page post-entry-145'><div class='entry-content-wrapper clearfix'>\n<div  class='flex_column av-16txdd-30f89fc270373e2c04e0e054c339dd0a av_one_fifth  avia-builder-el-1  el_before_av_three_fifth  avia-builder-el-first  first flex_column_div'     ><\/div><div  class='flex_column av-1126z5-9450f5042e3c0bc4f5b8164ebea238bd av_three_fifth  avia-builder-el-2  el_after_av_one_fifth  el_before_av_one_fifth  flex_column_div'     ><p>\n<style type=\"text\/css\" data-created_by=\"avia_inline_auto\" id=\"style-css-av-lwi14y9a-8513f7a13606378b63d1219f888c3616\">\n#top .av-special-heading.av-lwi14y9a-8513f7a13606378b63d1219f888c3616{\npadding-bottom:10px;\ncolor:#ffffff;\n}\nbody .av-special-heading.av-lwi14y9a-8513f7a13606378b63d1219f888c3616 .av-special-heading-tag .heading-char{\nfont-size:25px;\n}\n.av-special-heading.av-lwi14y9a-8513f7a13606378b63d1219f888c3616 .special-heading-inner-border{\nborder-color:#ffffff;\n}\n.av-special-heading.av-lwi14y9a-8513f7a13606378b63d1219f888c3616 .av-subheading{\nfont-size:15px;\n}\n<\/style>\n<div  class='av-special-heading av-lwi14y9a-8513f7a13606378b63d1219f888c3616 av-special-heading-h1 custom-color-heading blockquote modern-quote modern-centered  avia-builder-el-3  el_before_av_textblock  avia-builder-el-first'><h1 class='av-special-heading-tag'  itemprop=\"headline\"  >Creaci\u00f3n y estrategia de contenidos<\/h1><div class='av_custom_color av-subheading av-subheading_below'><p><a href=\"https:\/\/swissmediadesign.com\/es\/nuestra-experiencia\/crece\/desarrollo-del-diseno-corporativo\/\">Marketing en l\u00ednea<\/a> \/ <a href=\"https:\/\/swissmediadesign.com\/es\/nuestra-experiencia\/crece\/desarrollo-del-diseno-corporativo\/identidad-de-marca\/\">Creaci\u00f3n y estrategia de contenidos<\/a><\/p>\n<\/div><div class=\"special-heading-border\"><div class=\"special-heading-inner-border\"><\/div><\/div><\/div><br \/>\n\n<style type=\"text\/css\" data-created_by=\"avia_inline_auto\" id=\"style-css-av-xjzrl-346780767acd113d45c18e7a2be1c448\">\n#top .av_textblock_section.av-xjzrl-346780767acd113d45c18e7a2be1c448 .avia_textblock{\ncolor:#ffffff;\n}\n<\/style>\n<section  class='av_textblock_section av-xjzrl-346780767acd113d45c18e7a2be1c448'   itemscope=\"itemscope\" itemtype=\"https:\/\/schema.org\/CreativeWork\" ><div class='avia_textblock av_inherit_color'  itemprop=\"text\" ><p style=\"text-align: center;\">En Swiss Media Design, ofrecemos una estrategia y una creaci\u00f3n de contenidos integrales para reforzar su marca y optimizar su presencia en l\u00ednea. El contenido de alta calidad es la clave para llegar y atraer a su p\u00fablico objetivo. Conf\u00ede en nuestra experiencia para reforzar su marca con contenidos estrat\u00e9gicos y mejorar su presencia.<\/p>\n<\/div><\/section><\/p><\/div><div  class='flex_column av-qi4vl-60379d7e4c4abbede41705e2a18fae7a av_one_fifth  avia-builder-el-5  el_after_av_three_fifth  avia-builder-el-last  flex_column_div'     ><\/div><\/div><\/div><\/main><!-- close content main element --><\/div><\/div><\/div><div id='after_section_1'  class='main_color av_default_container_wrap container_wrap fullsize'  ><div class='container av-section-cont-open' ><div class='template-page content  av-content-full alpha units'><div class='post-entry post-entry-type-page post-entry-145'><div class='entry-content-wrapper clearfix'><div  class='flex_column av-iykn5-b359dd687dd06f4e7f02e8e0e845a0e4 av_one_full  avia-builder-el-6  el_after_av_section  avia-builder-el-no-sibling  first flex_column_div'     ><p>\n<style type=\"text\/css\" data-created_by=\"avia_inline_auto\" id=\"style-css-av-cpmnd-060d3039468055e2c26164a27bbabec8\">\n#top .av-special-heading.av-cpmnd-060d3039468055e2c26164a27bbabec8{\npadding-bottom:10px;\n}\nbody .av-special-heading.av-cpmnd-060d3039468055e2c26164a27bbabec8 .av-special-heading-tag .heading-char{\nfont-size:25px;\n}\n.av-special-heading.av-cpmnd-060d3039468055e2c26164a27bbabec8 .av-subheading{\nfont-size:15px;\n}\n<\/style>\n<div  class='av-special-heading av-cpmnd-060d3039468055e2c26164a27bbabec8 av-special-heading-h2 blockquote modern-quote  avia-builder-el-7  el_before_av_textblock  avia-builder-el-first'><h2 class='av-special-heading-tag'  itemprop=\"headline\"  >Creaci\u00f3n de contenidos estrat\u00e9gicos y entradas de blog personalizadas<\/h2><div class=\"special-heading-border\"><div class=\"special-heading-inner-border\"><\/div><\/div><\/div><br \/>\n<section  class='av_textblock_section av-a098x-969eabe5be69a60073130ddf348cb4d6'   itemscope=\"itemscope\" itemtype=\"https:\/\/schema.org\/CreativeWork\" ><div class='avia_textblock'  itemprop=\"text\" ><p>En Swiss Media Design, ofrecemos servicios integrales de creaci\u00f3n y estrategia de contenidos para reforzar de forma sostenible su marca y optimizar su presencia en l\u00ednea. Un contenido relevante y de alta calidad es la clave para llegar a su p\u00fablico objetivo y atraerlo. Por eso creamos mensualmente entradas de blog personalizadas que no s\u00f3lo informan y entretienen, sino que tambi\u00e9n mejoran su posicionamiento en los motores de b\u00fasqueda.<\/p>\n<p>Nuestra estrategia de contenidos se basa en un an\u00e1lisis exhaustivo de su p\u00fablico objetivo y sus objetivos empresariales. Desarrollamos contenidos que representan su marca con autenticidad y transmiten sus mensajes de forma clara y persuasiva. A trav\u00e9s de entradas de blog peri\u00f3dicas, bien documentadas y redactadas de forma atractiva, posicionamos su marca como experta en su campo y reforzamos su autoridad y visibilidad en l\u00ednea.<\/p>\n<p>La creaci\u00f3n de contenidos comprende varios pasos: desde la identificaci\u00f3n de temas y la investigaci\u00f3n hasta la redacci\u00f3n, edici\u00f3n y optimizaci\u00f3n para motores de b\u00fasqueda (SEO). Nuestro equipo de experimentados redactores y especialistas en contenidos garantiza que cada art\u00edculo se adapte a sus necesidades individuales y cumpla los m\u00e1s altos est\u00e1ndares de calidad.<\/p>\n<p>Tambi\u00e9n ofrecemos un seguimiento y an\u00e1lisis continuos del rendimiento de sus contenidos. Bas\u00e1ndonos en datos y comentarios, adaptamos continuamente nuestra estrategia para asegurarnos de que sus contenidos alcanzan los resultados deseados. Trabajamos estrechamente con usted para alcanzar sus objetivos y posicionar con \u00e9xito su marca en el espacio digital.<\/p>\n<p>Conf\u00ede en la experiencia de Swiss Media Design para llevar su estrategia de contenidos al siguiente nivel. Con nuestras entradas de blog personalizadas y nuestros enfoques estrat\u00e9gicos, le ayudamos a llegar a su p\u00fablico objetivo con eficacia y a lograr un \u00e9xito sostenible. Perm\u00edtanos contar juntos su historia y convertir sus ideas en contenidos convincentes.<\/p>\n<\/div><\/section><\/p><\/div><\/p>","protected":false},"excerpt":{"rendered":"","protected":false},"author":2,"featured_media":0,"parent":143,"menu_order":3210,"comment_status":"closed","ping_status":"closed","template":"","meta":{"footnotes":""},"class_list":["post-145","page","type-page","status-publish","hentry"],"_links":{"self":[{"href":"https:\/\/swissmediadesign.com\/es\/wp-json\/wp\/v2\/pages\/145","targetHints":{"allow":["GET"]}}],"collection":[{"href":"https:\/\/swissmediadesign.com\/es\/wp-json\/wp\/v2\/pages"}],"about":[{"href":"https:\/\/swissmediadesign.com\/es\/wp-json\/wp\/v2\/types\/page"}],"author":[{"embeddable":true,"href":"https:\/\/swissmediadesign.com\/es\/wp-json\/wp\/v2\/users\/2"}],"replies":[{"embeddable":true,"href":"https:\/\/swissmediadesign.com\/es\/wp-json\/wp\/v2\/comments?post=145"}],"version-history":[{"count":0,"href":"https:\/\/swissmediadesign.com\/es\/wp-json\/wp\/v2\/pages\/145\/revisions"}],"up":[{"embeddable":true,"href":"https:\/\/swissmediadesign.com\/es\/wp-json\/wp\/v2\/pages\/143"}],"wp:attachment":[{"href":"https:\/\/swissmediadesign.com\/es\/wp-json\/wp\/v2\/media?parent=145"}],"curies":[{"name":"wp","href":"https:\/\/api.w.org\/{rel}","templated":true}]}}