{"id":147,"date":"2024-04-02T20:44:12","date_gmt":"2024-04-02T18:44:12","guid":{"rendered":"https:\/\/swissmediadesign.com\/?page_id=147"},"modified":"2025-04-24T08:42:40","modified_gmt":"2025-04-24T06:42:40","slug":"newslettergestaltung-ohne-versand","status":"publish","type":"page","link":"https:\/\/swissmediadesign.com\/es\/nuestra-experiencia\/crece\/desarrollo-del-diseno-corporativo\/manual-de-diseno-corporativo\/","title":{"rendered":"Dise\u00f1o de boletines sin env\u00edo"},"content":{"rendered":"<style type=\"text\/css\" data-created_by=\"avia_inline_auto\" id=\"style-css-av-lwi1t8qw-ec44c7fd5ce62ff543864af65168b46d\">\n.avia-section.av-lwi1t8qw-ec44c7fd5ce62ff543864af65168b46d{\nbackground-repeat:no-repeat;\nbackground-image:url(https:\/\/swissmediadesign.com\/wp-content\/uploads\/2024\/05\/208151297_m_normal_none-1500x1000.jpg);\nbackground-position:50% 50%;\nbackground-attachment:scroll;\n}\n.avia-section.av-lwi1t8qw-ec44c7fd5ce62ff543864af65168b46d .av-section-color-overlay{\nopacity:0.5;\nbackground-color:#000000;\n}\n<\/style>\n<div id='av_section_1'  class='avia-section av-lwi1t8qw-ec44c7fd5ce62ff543864af65168b46d main_color avia-section-default avia-no-border-styling  avia-builder-el-0  el_before_av_one_full  avia-builder-el-first  avia-full-stretch avia-bg-style-scroll av-section-color-overlay-active container_wrap fullsize'  data-section-bg-repeat='stretch'><div class=\"av-section-color-overlay-wrap\"><div class=\"av-section-color-overlay\"><\/div><div class='container av-section-cont-open' ><main  role=\"main\" itemprop=\"mainContentOfPage\"  class='template-page content  av-content-full alpha units'><div class='post-entry post-entry-type-page post-entry-147'><div class='entry-content-wrapper clearfix'>\n<div  class='flex_column av-zbkcj-6526e351e07e99131b42e9e86bc49e19 av_one_fifth  avia-builder-el-1  el_before_av_three_fifth  avia-builder-el-first  first flex_column_div'     ><\/div><div  class='flex_column av-olc0z-1895124de99ae31446d7ba7da2b5b35e av_three_fifth  avia-builder-el-2  el_after_av_one_fifth  el_before_av_one_fifth  flex_column_div'     ><p>\n<style type=\"text\/css\" data-created_by=\"avia_inline_auto\" id=\"style-css-av-lwi1sijc-611a60d69c508c0eba024f04747e93e3\">\n#top .av-special-heading.av-lwi1sijc-611a60d69c508c0eba024f04747e93e3{\npadding-bottom:10px;\ncolor:#ffffff;\n}\nbody .av-special-heading.av-lwi1sijc-611a60d69c508c0eba024f04747e93e3 .av-special-heading-tag .heading-char{\nfont-size:25px;\n}\n.av-special-heading.av-lwi1sijc-611a60d69c508c0eba024f04747e93e3 .special-heading-inner-border{\nborder-color:#ffffff;\n}\n.av-special-heading.av-lwi1sijc-611a60d69c508c0eba024f04747e93e3 .av-subheading{\nfont-size:15px;\n}\n<\/style>\n<div  class='av-special-heading av-lwi1sijc-611a60d69c508c0eba024f04747e93e3 av-special-heading-h1 custom-color-heading blockquote modern-quote modern-centered  avia-builder-el-3  el_before_av_textblock  avia-builder-el-first'><h1 class='av-special-heading-tag'  itemprop=\"headline\"  >Dise\u00f1o de boletines sin env\u00edo<\/h1><div class='av_custom_color av-subheading av-subheading_below'><p><a href=\"https:\/\/swissmediadesign.com\/es\/nuestra-experiencia\/crece\/desarrollo-del-diseno-corporativo\/\">Marketing en l\u00ednea<\/a> \/ <a href=\"https:\/\/swissmediadesign.com\/es\/nuestra-experiencia\/crece\/desarrollo-del-diseno-corporativo\/manual-de-diseno-corporativo\/\">Dise\u00f1o de boletines sin env\u00edo<\/a><\/p>\n<\/div><div class=\"special-heading-border\"><div class=\"special-heading-inner-border\"><\/div><\/div><\/div><br \/>\n\n<style type=\"text\/css\" data-created_by=\"avia_inline_auto\" id=\"style-css-av-iie2z-798fd64a655d0c03bae45c1b7d07fd7c\">\n#top .av_textblock_section.av-iie2z-798fd64a655d0c03bae45c1b7d07fd7c .avia_textblock{\ncolor:#ffffff;\n}\n<\/style>\n<section  class='av_textblock_section av-iie2z-798fd64a655d0c03bae45c1b7d07fd7c'   itemscope=\"itemscope\" itemtype=\"https:\/\/schema.org\/CreativeWork\" ><div class='avia_textblock av_inherit_color'  itemprop=\"text\" ><p style=\"text-align: center;\">En Swiss Media Design ofrecemos dise\u00f1o creativo y profesional de newsletters. Trabajamos con Mailchimp y Cleverreach, creamos plantillas personalizables y ofrecemos una completa formaci\u00f3n en l\u00ednea. Debido a la normativa legal, no nos encargamos nosotros mismos del env\u00edo, sino que recomendamos proveedores de servicios especializados.<\/p>\n<\/div><\/section><\/p><\/div><div  class='flex_column av-dvid7-890e9223386d613a1d35624cbe17a8d0 av_one_fifth  avia-builder-el-5  el_after_av_three_fifth  avia-builder-el-last  flex_column_div'     ><\/div><\/div><\/div><\/main><!-- close content main element --><\/div><\/div><\/div><div id='after_section_1'  class='main_color av_default_container_wrap container_wrap fullsize'  ><div class='container av-section-cont-open' ><div class='template-page content  av-content-full alpha units'><div class='post-entry post-entry-type-page post-entry-147'><div class='entry-content-wrapper clearfix'><div  class='flex_column av-w8lv-1bf67b6b29e38d0112221db9d23c12b8 av_one_full  avia-builder-el-6  el_after_av_section  avia-builder-el-no-sibling  first flex_column_div'     ><p>\n<style type=\"text\/css\" data-created_by=\"avia_inline_auto\" id=\"style-css-av-lwi22czu-c62608882ec8f5ddbdef4c05c3a85ba5\">\n#top .av-special-heading.av-lwi22czu-c62608882ec8f5ddbdef4c05c3a85ba5{\npadding-bottom:10px;\n}\nbody .av-special-heading.av-lwi22czu-c62608882ec8f5ddbdef4c05c3a85ba5 .av-special-heading-tag .heading-char{\nfont-size:25px;\n}\n.av-special-heading.av-lwi22czu-c62608882ec8f5ddbdef4c05c3a85ba5 .av-subheading{\nfont-size:15px;\n}\n<\/style>\n<div  class='av-special-heading av-lwi22czu-c62608882ec8f5ddbdef4c05c3a85ba5 av-special-heading-h2 blockquote modern-quote  avia-builder-el-7  el_before_av_textblock  avia-builder-el-first'><h2 class='av-special-heading-tag'  itemprop=\"headline\"  >Dise\u00f1o inspirador de boletines para su marca<\/h2><div class=\"special-heading-border\"><div class=\"special-heading-inner-border\"><\/div><\/div><\/div><br \/>\n<section  class='av_textblock_section av-lwi21uuo-ddde0f52e45b8dd77254ebaf17c4c257'   itemscope=\"itemscope\" itemtype=\"https:\/\/schema.org\/CreativeWork\" ><div class='avia_textblock'  itemprop=\"text\" ><p>En Swiss Media Design le ofrecemos servicios integrales para dise\u00f1ar boletines atractivos y profesionales. Nuestra experiencia radica en el desarrollo creativo y estrat\u00e9gico de boletines que informan, inspiran y estimulan la acci\u00f3n.<\/p>\n<p>Nos centramos en el dise\u00f1o, porque sabemos que un dise\u00f1o de primera clase marca la diferencia. Por ello, recomendamos utilizar proveedores de servicios de email marketing especializados para evitar problemas legales y garantizar que sus boletines se env\u00edan de conformidad con la ley.<\/p>\n<p>Gracias a nuestra amplia experiencia, trabajamos principalmente con plataformas como Mailchimp y Cleverreach, que ofrecen herramientas de primera clase para crear y gestionar boletines informativos. Nuestros servicios incluyen dise\u00f1o creativo, dise\u00f1o de contenidos, maquetaci\u00f3n y estructura, as\u00ed como dise\u00f1o responsive.<\/p>\n<p>Nuestro editor de arrastrar y soltar es uno de nuestros puntos fuertes. Creamos plantillas f\u00e1ciles de usar y personalizar. Tambi\u00e9n ofrecemos formaci\u00f3n online para facilitarte el uso de las herramientas y optimizar tu estrategia de email marketing.<\/p>\n<p>Tambi\u00e9n creamos recorridos del cliente para una estrategia de marketing totalmente automatizada. Abarcan todos los pasos, desde el contacto inicial hasta la conversi\u00f3n y m\u00e1s all\u00e1. Siempre trabajamos con un proceso de opt-in doble para garantizar que todos los destinatarios han dado su consentimiento. Si los clientes acuden a nosotros con listas de direcciones de correo electr\u00f3nico ya existentes, la responsabilidad de la legitimidad de estas listas recae siempre en ellos, ya que nosotros s\u00f3lo nos encargamos del dise\u00f1o y no del env\u00edo.<\/p>\n<p>Conf\u00ede en Swiss Media Design para hacer de sus boletines de noticias una poderosa herramienta de su estrategia de marketing. P\u00f3ngase en contacto con nosotros hoy mismo y comience su viaje hacia boletines impresionantes y eficaces.<\/p>\n<\/div><\/section><\/p><\/div><\/p>","protected":false},"excerpt":{"rendered":"","protected":false},"author":2,"featured_media":0,"parent":143,"menu_order":3222,"comment_status":"closed","ping_status":"closed","template":"","meta":{"footnotes":""},"class_list":["post-147","page","type-page","status-publish","hentry"],"_links":{"self":[{"href":"https:\/\/swissmediadesign.com\/es\/wp-json\/wp\/v2\/pages\/147","targetHints":{"allow":["GET"]}}],"collection":[{"href":"https:\/\/swissmediadesign.com\/es\/wp-json\/wp\/v2\/pages"}],"about":[{"href":"https:\/\/swissmediadesign.com\/es\/wp-json\/wp\/v2\/types\/page"}],"author":[{"embeddable":true,"href":"https:\/\/swissmediadesign.com\/es\/wp-json\/wp\/v2\/users\/2"}],"replies":[{"embeddable":true,"href":"https:\/\/swissmediadesign.com\/es\/wp-json\/wp\/v2\/comments?post=147"}],"version-history":[{"count":0,"href":"https:\/\/swissmediadesign.com\/es\/wp-json\/wp\/v2\/pages\/147\/revisions"}],"up":[{"embeddable":true,"href":"https:\/\/swissmediadesign.com\/es\/wp-json\/wp\/v2\/pages\/143"}],"wp:attachment":[{"href":"https:\/\/swissmediadesign.com\/es\/wp-json\/wp\/v2\/media?parent=147"}],"curies":[{"name":"wp","href":"https:\/\/api.w.org\/{rel}","templated":true}]}}