{"id":150,"date":"2024-04-02T20:44:39","date_gmt":"2024-04-02T18:44:39","guid":{"rendered":"https:\/\/swissmediadesign.com\/?page_id=150"},"modified":"2025-04-24T08:42:50","modified_gmt":"2025-04-24T06:42:50","slug":"effizientes-google-ads-marketing","status":"publish","type":"page","link":"https:\/\/swissmediadesign.com\/es\/nuestra-experiencia\/crece\/desarrollo-del-diseno-corporativo\/estrategias-de-comunicacion-visual\/","title":{"rendered":"Marketing eficaz de Google Ads"},"content":{"rendered":"<style type=\"text\/css\" data-created_by=\"avia_inline_auto\" id=\"style-css-av-lwi2t18n-fb308cb36728fc7206e07928035b06b6\">\n.avia-section.av-lwi2t18n-fb308cb36728fc7206e07928035b06b6{\nbackground-repeat:no-repeat;\nbackground-image:url(https:\/\/swissmediadesign.com\/wp-content\/uploads\/2024\/05\/AdobeStock_288081374_Editorial_Use_Only-1500x998.jpeg);\nbackground-position:50% 50%;\nbackground-attachment:scroll;\n}\n.avia-section.av-lwi2t18n-fb308cb36728fc7206e07928035b06b6 .av-section-color-overlay{\nopacity:0.5;\nbackground-color:#000000;\n}\n<\/style>\n<div id='av_section_1'  class='avia-section av-lwi2t18n-fb308cb36728fc7206e07928035b06b6 main_color avia-section-default avia-no-border-styling  avia-builder-el-0  el_before_av_one_full  avia-builder-el-first  avia-full-stretch avia-bg-style-scroll av-section-color-overlay-active container_wrap fullsize'  data-section-bg-repeat='stretch'><div class=\"av-section-color-overlay-wrap\"><div class=\"av-section-color-overlay\"><\/div><div class='container av-section-cont-open' ><main  role=\"main\" itemprop=\"mainContentOfPage\"  class='template-page content  av-content-full alpha units'><div class='post-entry post-entry-type-page post-entry-150'><div class='entry-content-wrapper clearfix'>\n<div  class='flex_column av-z7d46-03c82e51c12f64018c624a0c2bf8255c av_one_fifth  avia-builder-el-1  el_before_av_three_fifth  avia-builder-el-first  first flex_column_div'     ><\/div><div  class='flex_column av-r5ti6-7d581946a5996e293e131ab1e337abeb av_three_fifth  avia-builder-el-2  el_after_av_one_fifth  el_before_av_one_fifth  flex_column_div'     ><p>\n<style type=\"text\/css\" data-created_by=\"avia_inline_auto\" id=\"style-css-av-lwi2t7dq-ad8f110fd60cab53a76f1359a0c3e9eb\">\n#top .av-special-heading.av-lwi2t7dq-ad8f110fd60cab53a76f1359a0c3e9eb{\npadding-bottom:10px;\ncolor:#ffffff;\n}\nbody .av-special-heading.av-lwi2t7dq-ad8f110fd60cab53a76f1359a0c3e9eb .av-special-heading-tag .heading-char{\nfont-size:25px;\n}\n.av-special-heading.av-lwi2t7dq-ad8f110fd60cab53a76f1359a0c3e9eb .special-heading-inner-border{\nborder-color:#ffffff;\n}\n.av-special-heading.av-lwi2t7dq-ad8f110fd60cab53a76f1359a0c3e9eb .av-subheading{\nfont-size:15px;\n}\n<\/style>\n<div  class='av-special-heading av-lwi2t7dq-ad8f110fd60cab53a76f1359a0c3e9eb av-special-heading-h1 custom-color-heading blockquote modern-quote modern-centered  avia-builder-el-3  el_before_av_textblock  avia-builder-el-first'><h1 class='av-special-heading-tag'  itemprop=\"headline\"  >Marketing eficaz de Google Ads<\/h1><div class='av_custom_color av-subheading av-subheading_below'><p><a href=\"https:\/\/swissmediadesign.com\/es\/nuestra-experiencia\/crece\/desarrollo-del-diseno-corporativo\/\">Marketing en l\u00ednea<\/a> \/ <a href=\"https:\/\/swissmediadesign.com\/es\/nuestra-experiencia\/crece\/desarrollo-del-diseno-corporativo\/estrategias-de-comunicacion-visual\/\">Marketing eficaz de Google Ads<\/a><\/p>\n<\/div><div class=\"special-heading-border\"><div class=\"special-heading-inner-border\"><\/div><\/div><\/div><br \/>\n\n<style type=\"text\/css\" data-created_by=\"avia_inline_auto\" id=\"style-css-av-jg6wm-048b8304d5cf14f056766cc527de9958\">\n#top .av_textblock_section.av-jg6wm-048b8304d5cf14f056766cc527de9958 .avia_textblock{\ncolor:#ffffff;\n}\n<\/style>\n<section  class='av_textblock_section av-jg6wm-048b8304d5cf14f056766cc527de9958'   itemscope=\"itemscope\" itemtype=\"https:\/\/schema.org\/CreativeWork\" ><div class='avia_textblock av_inherit_color'  itemprop=\"text\" ><p style=\"text-align: center;\">Bienvenido a Swiss Media Design, su socio para un marketing eficaz de Google Ads. Con campa\u00f1as personalizadas y una profunda experiencia, hacemos que su marca brille en el espacio digital. Descubra con nosotros nuevas oportunidades para llegar a su p\u00fablico objetivo y posicionar su empresa con \u00e9xito.<\/p>\n<\/div><\/section><\/p><\/div><div  class='flex_column av-1lsd2-9314326f4a3374b2308c4a119a2cd655 av_one_fifth  avia-builder-el-5  el_after_av_three_fifth  avia-builder-el-last  flex_column_div'     ><\/div><\/div><\/div><\/main><!-- close content main element --><\/div><\/div><\/div><div id='after_section_1'  class='main_color av_default_container_wrap container_wrap fullsize'  ><div class='container av-section-cont-open' ><div class='template-page content  av-content-full alpha units'><div class='post-entry post-entry-type-page post-entry-150'><div class='entry-content-wrapper clearfix'><div  class='flex_column av-aiesu-5a6278a3470b6549fbb12ada88fdaa18 av_one_full  avia-builder-el-6  el_after_av_section  avia-builder-el-no-sibling  first flex_column_div'     ><p>\n<style type=\"text\/css\" data-created_by=\"avia_inline_auto\" id=\"style-css-av-lwi2uz2s-881b0c99408134bdb4a2710749f61f39\">\n#top .av-special-heading.av-lwi2uz2s-881b0c99408134bdb4a2710749f61f39{\npadding-bottom:10px;\n}\nbody .av-special-heading.av-lwi2uz2s-881b0c99408134bdb4a2710749f61f39 .av-special-heading-tag .heading-char{\nfont-size:25px;\n}\n.av-special-heading.av-lwi2uz2s-881b0c99408134bdb4a2710749f61f39 .av-subheading{\nfont-size:15px;\n}\n<\/style>\n<div  class='av-special-heading av-lwi2uz2s-881b0c99408134bdb4a2710749f61f39 av-special-heading-h2 blockquote modern-quote  avia-builder-el-7  el_before_av_textblock  avia-builder-el-first'><h2 class='av-special-heading-tag'  itemprop=\"headline\"  > Campa\u00f1as eficaces de Google Ads para su \u00e9xito digital<\/h2><div class=\"special-heading-border\"><div class=\"special-heading-inner-border\"><\/div><\/div><\/div><br \/>\n<section  class='av_textblock_section av-lwi2vaj5-ba338f5b9567ca8ef43fd38a49692bb8'   itemscope=\"itemscope\" itemtype=\"https:\/\/schema.org\/CreativeWork\" ><div class='avia_textblock'  itemprop=\"text\" ><p>En Swiss Media Design, nos apasiona llevar su marca al \u00e9xito digital. Con nuestra experiencia en todas las \u00e1reas del marketing digital, ofrecemos campa\u00f1as personalizadas de Google Ads que ponen tu marca en el punto de mira e impulsan tu negocio.<\/p>\n<p>Google Ads es una forma extremadamente eficaz de dar a conocer su marca y atraer la atenci\u00f3n de clientes potenciales. Mediante campa\u00f1as de b\u00fasqueda espec\u00edficas, colocamos sus anuncios exactamente donde su grupo objetivo busca activamente sus productos o servicios. Esto significa una visibilidad m\u00e1xima y una alta probabilidad de que los clientes potenciales hagan clic en sus anuncios y se interesen por su empresa.<\/p>\n<p>Pero Google Ads va mucho m\u00e1s all\u00e1 de las campa\u00f1as de b\u00fasqueda. Con campa\u00f1as de branding y estrategias de remarketing, nos aseguramos de que su marca permanezca presente en la mente de su grupo objetivo. Mediante el branding continuo y la publicidad dirigida, podemos reforzar la confianza en su marca y crear relaciones duraderas con los clientes.<\/p>\n<p>Nuestros expertos colaboran estrechamente con usted para comprender sus objetivos y desarrollar una campa\u00f1a que haga triunfar su marca. Analizamos continuamente el rendimiento de sus campa\u00f1as y las optimizamos para garantizarle los m\u00e1ximos resultados.<\/p>\n<p>Conf\u00ede en Swiss Media Design para llevar su marca al \u00e9xito digital. P\u00f3ngase en contacto con nosotros hoy mismo para obtener m\u00e1s informaci\u00f3n sobre nuestros servicios de Google Ads e iniciar su camino hacia el \u00e9xito.<\/p>\n<\/div><\/section><\/p><\/div><\/p>","protected":false},"excerpt":{"rendered":"","protected":false},"author":2,"featured_media":0,"parent":143,"menu_order":3223,"comment_status":"closed","ping_status":"closed","template":"","meta":{"footnotes":""},"class_list":["post-150","page","type-page","status-publish","hentry"],"_links":{"self":[{"href":"https:\/\/swissmediadesign.com\/es\/wp-json\/wp\/v2\/pages\/150","targetHints":{"allow":["GET"]}}],"collection":[{"href":"https:\/\/swissmediadesign.com\/es\/wp-json\/wp\/v2\/pages"}],"about":[{"href":"https:\/\/swissmediadesign.com\/es\/wp-json\/wp\/v2\/types\/page"}],"author":[{"embeddable":true,"href":"https:\/\/swissmediadesign.com\/es\/wp-json\/wp\/v2\/users\/2"}],"replies":[{"embeddable":true,"href":"https:\/\/swissmediadesign.com\/es\/wp-json\/wp\/v2\/comments?post=150"}],"version-history":[{"count":0,"href":"https:\/\/swissmediadesign.com\/es\/wp-json\/wp\/v2\/pages\/150\/revisions"}],"up":[{"embeddable":true,"href":"https:\/\/swissmediadesign.com\/es\/wp-json\/wp\/v2\/pages\/143"}],"wp:attachment":[{"href":"https:\/\/swissmediadesign.com\/es\/wp-json\/wp\/v2\/media?parent=150"}],"curies":[{"name":"wp","href":"https:\/\/api.w.org\/{rel}","templated":true}]}}