{"id":159,"date":"2024-04-02T20:47:34","date_gmt":"2024-04-02T18:47:34","guid":{"rendered":"https:\/\/swissmediadesign.com\/?page_id=159"},"modified":"2025-04-24T08:43:03","modified_gmt":"2025-04-24T06:43:03","slug":"fotografie","status":"publish","type":"page","link":"https:\/\/swissmediadesign.com\/es\/nuestra-experiencia\/crece\/reforzar-la-presencia-en-linea\/","title":{"rendered":"Fotograf\u00eda"},"content":{"rendered":"<style type=\"text\/css\" data-created_by=\"avia_inline_auto\" id=\"style-css-av-lw0ym8ft-599b404208e1f00647e3ad65257e3b4c\">\n.avia-section.av-lw0ym8ft-599b404208e1f00647e3ad65257e3b4c{\nbackground-repeat:no-repeat;\nbackground-image:url(https:\/\/swissmediadesign.com\/wp-content\/uploads\/2024\/05\/6228957_m_normal_none-1500x996.jpg);\nbackground-position:50% 50%;\nbackground-attachment:scroll;\n}\n.avia-section.av-lw0ym8ft-599b404208e1f00647e3ad65257e3b4c .av-section-color-overlay{\nopacity:0.5;\nbackground-color:#000000;\n}\n<\/style>\n<div id='av_section_1'  class='avia-section av-lw0ym8ft-599b404208e1f00647e3ad65257e3b4c main_color avia-section-default avia-no-border-styling  avia-builder-el-0  el_before_av_masonry_gallery  avia-builder-el-first  avia-full-stretch avia-bg-style-scroll av-section-color-overlay-active container_wrap fullsize'  data-section-bg-repeat='stretch'><div class=\"av-section-color-overlay-wrap\"><div class=\"av-section-color-overlay\"><\/div><div class='container av-section-cont-open' ><main  role=\"main\" itemprop=\"mainContentOfPage\"  class='template-page content  av-content-full alpha units'><div class='post-entry post-entry-type-page post-entry-159'><div class='entry-content-wrapper clearfix'>\n<div  class='flex_column av-oqb1r-e1b0863ccc83d954da315f0fd9a98eef av_one_fifth  avia-builder-el-1  el_before_av_three_fifth  avia-builder-el-first  first flex_column_div'     ><\/div><div  class='flex_column av-jhy6n-cf03f9fe9b4f87bc0b354405b79525bd av_three_fifth  avia-builder-el-2  el_after_av_one_fifth  el_before_av_one_fifth  flex_column_div'     ><p>\n<style type=\"text\/css\" data-created_by=\"avia_inline_auto\" id=\"style-css-av-lw0ykxd7-4732b7d8248a4b34669304e90518f3c5\">\n#top .av-special-heading.av-lw0ykxd7-4732b7d8248a4b34669304e90518f3c5{\npadding-bottom:10px;\ncolor:#ffffff;\n}\nbody .av-special-heading.av-lw0ykxd7-4732b7d8248a4b34669304e90518f3c5 .av-special-heading-tag .heading-char{\nfont-size:25px;\n}\n.av-special-heading.av-lw0ykxd7-4732b7d8248a4b34669304e90518f3c5 .special-heading-inner-border{\nborder-color:#ffffff;\n}\n.av-special-heading.av-lw0ykxd7-4732b7d8248a4b34669304e90518f3c5 .av-subheading{\nfont-size:15px;\n}\n<\/style>\n<div  class='av-special-heading av-lw0ykxd7-4732b7d8248a4b34669304e90518f3c5 av-special-heading-h1 custom-color-heading blockquote modern-quote modern-centered  avia-builder-el-3  el_before_av_textblock  avia-builder-el-first'><h1 class='av-special-heading-tag'  itemprop=\"headline\"  >Fotograf\u00eda<\/h1><div class='av_custom_color av-subheading av-subheading_below'><p><a href=\"https:\/\/swissmediadesign.com\/es\/nuestra-experiencia\/crece\/\">Crecer<\/a> \/ <a href=\"https:\/\/swissmediadesign.com\/es\/nuestra-experiencia\/crece\/reforzar-la-presencia-en-linea\/\">Fotograf\u00eda<\/a><\/p>\n<\/div><div class=\"special-heading-border\"><div class=\"special-heading-inner-border\"><\/div><\/div><\/div><br \/>\n\n<style type=\"text\/css\" data-created_by=\"avia_inline_auto\" id=\"style-css-av-d7gmv-95046eaf8272218f3c43e47702dea019\">\n#top .av_textblock_section.av-d7gmv-95046eaf8272218f3c43e47702dea019 .avia_textblock{\ncolor:#ffffff;\n}\n<\/style>\n<section  class='av_textblock_section av-d7gmv-95046eaf8272218f3c43e47702dea019'   itemscope=\"itemscope\" itemtype=\"https:\/\/schema.org\/CreativeWork\" ><div class='avia_textblock av_inherit_color'  itemprop=\"text\" ><p style=\"text-align: center;\">Bienvenido a Swiss Media Design, sus expertos en fotograf\u00eda. Trabajando con talentosos fot\u00f3grafos independientes, ofrecemos una variedad de servicios fotogr\u00e1ficos que incluyen retratos empresariales y de personal, as\u00ed como fotograf\u00eda arquitect\u00f3nica para vistas exteriores. Trabajemos juntos para dar vida a su visi\u00f3n.<\/p>\n<\/div><\/section><\/p><\/div><div  class='flex_column av-9u29j-284402a9100799d36289f2ea1236b60c av_one_fifth  avia-builder-el-5  el_after_av_three_fifth  avia-builder-el-last  flex_column_div'     ><\/div>\n<style type=\"text\/css\" data-created_by=\"avia_inline_auto\" id=\"style-css-av-lw0yl75x-e13a823c571c35deb896292d9d1b87d5\">\n#top .av-masonry.av-lw0yl75x-e13a823c571c35deb896292d9d1b87d5{\nbackground-color:#ffffff;\n}\n<\/style>\n<div id='av-masonry-1' class='av-masonry av-lw0yl75x-e13a823c571c35deb896292d9d1b87d5 noHover av-flex-size av-large-gap av-hover-overlay-active av-masonry-animation-active av-masonry-col-3 av-caption-always av-caption-style-overlay av-masonry-gallery' data-post_id=\"159\"><div class=\"av-masonry-container isotope av-js-disabled\"><div class='av-masonry-entry isotope-item av-masonry-item-no-image'><\/div><a href=\"https:\/\/swissmediadesign.com\/es\/nuestra-experiencia\/crece\/reforzar-la-presencia-en-linea\/marketing-por-correo-electronico\/\"  aria-label=\"imagen Est\u00e9tica empresarial fotograf\u00eda\"  id='av-masonry-1-item-1041' data-av-masonry-item='1041' class='av-masonry-entry isotope-item post-1041 attachment type-attachment status-inherit hentry  av-masonry-item-with-image' title=\"Fotograf\u00eda est\u00e9tica de empresa\" alt=\"\"  data-av-masonry-custom-link=\"https:\/\/swissmediadesign.com\/unsere-expertise\/wachsen\/fotografie\/aesthetische-business-fotografie\/\"  itemprop=\"thumbnailUrl\" ><div class='av-inner-masonry-sizer'><\/div><figure class='av-inner-masonry main_color'><div class=\"av-masonry-outerimage-container\"><div class='av-masonry-image-container'   ><img decoding=\"async\" src=\"https:\/\/swissmediadesign.com\/wp-content\/uploads\/2024\/05\/AdobeStock_732051869-1030x687.jpeg\" title=\"Fotograf\u00eda est\u00e9tica de empresa\" alt=\"\" \/><\/div><\/div><figcaption class='av-inner-masonry-content site-background'><div class='av-inner-masonry-content-pos'><div class='av-inner-masonry-content-pos-content'><div class='avia-arrow'><\/div><h3 class='av-masonry-entry-title entry-title'  itemprop=\"headline\" >Fotograf\u00eda est\u00e9tica de empresa<\/h3><div class='av-masonry-entry-content entry-content'  itemprop=\"text\" >En Swiss Media Design, ofrecemos fotograf\u00eda empresarial de alta calidad y est\u00e9ticamente agradable que representa perfectamente a su empresa. Nuestros fot\u00f3grafos profesionales crean impresionantes retratos y tomas de interiores que muestran su marca con la mejor luz. Descubra el poder transformador de la elegancia visual.<\/div><\/div><\/div><\/figcaption><\/figure><\/a><!--end av-masonry entry--><a href=\"https:\/\/swissmediadesign.com\/es\/nuestra-experiencia\/crece\/reforzar-la-presencia-en-linea\/asociaciones-con-influencers\/\"  aria-label=\"imagen Fotograf\u00eda arquitect\u00f3nica de alta calidad\"  id='av-masonry-1-item-1053' data-av-masonry-item='1053' class='av-masonry-entry isotope-item post-1053 attachment type-attachment status-inherit hentry  av-masonry-item-with-image' title=\"Fotograf\u00eda arquitect\u00f3nica de alta calidad\" alt=\"\"  data-av-masonry-custom-link=\"https:\/\/swissmediadesign.com\/unsere-expertise\/wachsen\/fotografie\/hochwertige-architekturfotografie\/\"  itemprop=\"thumbnailUrl\" ><div class='av-inner-masonry-sizer'><\/div><figure class='av-inner-masonry main_color'><div class=\"av-masonry-outerimage-container\"><div class='av-masonry-image-container'   ><img decoding=\"async\" src=\"https:\/\/swissmediadesign.com\/wp-content\/uploads\/2024\/05\/AdobeStock_295713811-1030x687.jpeg\" title=\"Fotograf\u00eda arquitect\u00f3nica de alta calidad\" alt=\"\" \/><\/div><\/div><figcaption class='av-inner-masonry-content site-background'><div class='av-inner-masonry-content-pos'><div class='av-inner-masonry-content-pos-content'><div class='avia-arrow'><\/div><h3 class='av-masonry-entry-title entry-title'  itemprop=\"headline\" >Fotograf\u00eda arquitect\u00f3nica de alta calidad<\/h3><div class='av-masonry-entry-content entry-content'  itemprop=\"text\" >Le ofrecemos fotograf\u00eda arquitect\u00f3nica de primera clase que muestra sus edificios en todo su esplendor. Nuestros fot\u00f3grafos muestran sus edificios y vistas exteriores con un ojo preciso para el detalle y una est\u00e9tica impresionante. Descubra c\u00f3mo la fotograf\u00eda arquitect\u00f3nica de alta calidad capta la belleza y singularidad de sus proyectos arquitect\u00f3nicos.<\/div><\/div><\/div><\/figcaption><\/figure><\/a><!--end av-masonry entry--><a href=\"https:\/\/swissmediadesign.com\/es\/nuestra-experiencia\/crece\/reforzar-la-presencia-en-linea\/estrategias-de-medios-sociales\/\"  aria-label=\"im\u00e1genes de drones\"  id='av-masonry-1-item-1058' data-av-masonry-item='1058' class='av-masonry-entry isotope-item post-1058 attachment type-attachment status-inherit hentry  av-masonry-item-with-image' title=\"Grabaciones con drones\" alt=\"\"  data-av-masonry-custom-link=\"https:\/\/swissmediadesign.com\/unsere-expertise\/wachsen\/fotografie\/drohnenaufnahmen\/\"  itemprop=\"thumbnailUrl\" ><div class='av-inner-masonry-sizer'><\/div><figure class='av-inner-masonry main_color'><div class=\"av-masonry-outerimage-container\"><div class='av-masonry-image-container'   ><img decoding=\"async\" src=\"https:\/\/swissmediadesign.com\/wp-content\/uploads\/2024\/05\/AdobeStock_595109161-1030x687.jpg\" title=\"Grabaciones con drones\" alt=\"\" \/><\/div><\/div><figcaption class='av-inner-masonry-content site-background'><div class='av-inner-masonry-content-pos'><div class='av-inner-masonry-content-pos-content'><div class='avia-arrow'><\/div><h3 class='av-masonry-entry-title entry-title'  itemprop=\"headline\" >Grabaciones con drones<\/h3><div class='av-masonry-entry-content entry-content'  itemprop=\"text\" >Descubra el mundo desde una nueva perspectiva con nuestras tomas profesionales con drones. En Swiss Media Design, presentamos impresionantes tomas a\u00e9reas de sus proyectos y propiedades. Nuestros pilotos de drones experimentados y formados garantizan im\u00e1genes n\u00edtidas que mejoran sus presentaciones y materiales de marketing.<\/div><\/div><\/div><\/figcaption><\/figure><\/a><!--end av-masonry entry--><\/div><\/div><\/p>","protected":false},"excerpt":{"rendered":"","protected":false},"author":2,"featured_media":0,"parent":128,"menu_order":3230,"comment_status":"closed","ping_status":"closed","template":"","meta":{"footnotes":""},"class_list":["post-159","page","type-page","status-publish","hentry"],"_links":{"self":[{"href":"https:\/\/swissmediadesign.com\/es\/wp-json\/wp\/v2\/pages\/159","targetHints":{"allow":["GET"]}}],"collection":[{"href":"https:\/\/swissmediadesign.com\/es\/wp-json\/wp\/v2\/pages"}],"about":[{"href":"https:\/\/swissmediadesign.com\/es\/wp-json\/wp\/v2\/types\/page"}],"author":[{"embeddable":true,"href":"https:\/\/swissmediadesign.com\/es\/wp-json\/wp\/v2\/users\/2"}],"replies":[{"embeddable":true,"href":"https:\/\/swissmediadesign.com\/es\/wp-json\/wp\/v2\/comments?post=159"}],"version-history":[{"count":0,"href":"https:\/\/swissmediadesign.com\/es\/wp-json\/wp\/v2\/pages\/159\/revisions"}],"up":[{"embeddable":true,"href":"https:\/\/swissmediadesign.com\/es\/wp-json\/wp\/v2\/pages\/128"}],"wp:attachment":[{"href":"https:\/\/swissmediadesign.com\/es\/wp-json\/wp\/v2\/media?parent=159"}],"curies":[{"name":"wp","href":"https:\/\/api.w.org\/{rel}","templated":true}]}}