{"id":161,"date":"2024-04-02T20:48:06","date_gmt":"2024-04-02T18:48:06","guid":{"rendered":"https:\/\/swissmediadesign.com\/?page_id=161"},"modified":"2025-04-24T08:43:17","modified_gmt":"2025-04-24T06:43:17","slug":"aesthetische-business-fotografie","status":"publish","type":"page","link":"https:\/\/swissmediadesign.com\/es\/nuestra-experiencia\/crece\/reforzar-la-presencia-en-linea\/marketing-por-correo-electronico\/","title":{"rendered":"Fotograf\u00eda est\u00e9tica de empresa"},"content":{"rendered":"<style type=\"text\/css\" data-created_by=\"avia_inline_auto\" id=\"style-css-av-lwiwwft9-39fcb7497909fad5d26012f89104c3a9\">\n.avia-section.av-lwiwwft9-39fcb7497909fad5d26012f89104c3a9{\nbackground-repeat:no-repeat;\nbackground-image:url(https:\/\/swissmediadesign.com\/wp-content\/uploads\/2024\/05\/AdobeStock_732051869-1500x1000.jpeg);\nbackground-position:50% 50%;\nbackground-attachment:scroll;\n}\n.avia-section.av-lwiwwft9-39fcb7497909fad5d26012f89104c3a9 .av-section-color-overlay{\nopacity:0.5;\nbackground-color:#000000;\n}\n<\/style>\n<div id='av_section_1'  class='avia-section av-lwiwwft9-39fcb7497909fad5d26012f89104c3a9 main_color avia-section-default avia-no-border-styling  avia-builder-el-0  el_before_av_one_full  avia-builder-el-first  avia-full-stretch avia-bg-style-scroll av-section-color-overlay-active container_wrap fullsize'  data-section-bg-repeat='stretch'><div class=\"av-section-color-overlay-wrap\"><div class=\"av-section-color-overlay\"><\/div><div class='container av-section-cont-open' ><main  role=\"main\" itemprop=\"mainContentOfPage\"  class='template-page content  av-content-full alpha units'><div class='post-entry post-entry-type-page post-entry-161'><div class='entry-content-wrapper clearfix'>\n<div  class='flex_column av-17k1yx-af6cc7d2f996a68885ab546e30c7feeb av_one_fifth  avia-builder-el-1  el_before_av_three_fifth  avia-builder-el-first  first flex_column_div'     ><\/div><div  class='flex_column av-155kjl-195d7f8dff732fe167adaa6198604663 av_three_fifth  avia-builder-el-2  el_after_av_one_fifth  el_before_av_one_fifth  flex_column_div'     ><p>\n<style type=\"text\/css\" data-created_by=\"avia_inline_auto\" id=\"style-css-av-lwiwxssu-3647f1ddb22617791317ae603df9dc81\">\n#top .av-special-heading.av-lwiwxssu-3647f1ddb22617791317ae603df9dc81{\npadding-bottom:10px;\ncolor:#ffffff;\n}\nbody .av-special-heading.av-lwiwxssu-3647f1ddb22617791317ae603df9dc81 .av-special-heading-tag .heading-char{\nfont-size:25px;\n}\n.av-special-heading.av-lwiwxssu-3647f1ddb22617791317ae603df9dc81 .special-heading-inner-border{\nborder-color:#ffffff;\n}\n.av-special-heading.av-lwiwxssu-3647f1ddb22617791317ae603df9dc81 .av-subheading{\nfont-size:15px;\n}\n<\/style>\n<div  class='av-special-heading av-lwiwxssu-3647f1ddb22617791317ae603df9dc81 av-special-heading-h1 custom-color-heading blockquote modern-quote modern-centered  avia-builder-el-3  el_before_av_textblock  avia-builder-el-first'><h1 class='av-special-heading-tag'  itemprop=\"headline\"  >Fotograf\u00eda est\u00e9tica de empresa<\/h1><div class='av_custom_color av-subheading av-subheading_below'><p><a href=\"https:\/\/swissmediadesign.com\/es\/nuestra-experiencia\/crece\/reforzar-la-presencia-en-linea\/\">Fotograf\u00eda \/ <\/a><a href=\"https:\/\/swissmediadesign.com\/es\/nuestra-experiencia\/crece\/reforzar-la-presencia-en-linea\/marketing-por-correo-electronico\/\">Fotograf\u00eda est\u00e9tica de empresa<\/a><a href=\"https:\/\/swissmediadesign.com\/es\/nuestra-experiencia\/crece\/reforzar-la-presencia-en-linea\/\"><\/p>\n<\/div><div class=\"special-heading-border\"><div class=\"special-heading-inner-border\"><\/div><\/div><\/div><\/a><\/p>\n\n<style type=\"text\/css\" data-created_by=\"avia_inline_auto\" id=\"style-css-av-wjktl-7137ae36418a0fb9da10f8c75c15605a\">\n#top .av_textblock_section.av-wjktl-7137ae36418a0fb9da10f8c75c15605a .avia_textblock{\ncolor:#ffffff;\n}\n<\/style>\n<section  class='av_textblock_section av-wjktl-7137ae36418a0fb9da10f8c75c15605a'   itemscope=\"itemscope\" itemtype=\"https:\/\/schema.org\/CreativeWork\" ><div class='avia_textblock av_inherit_color'  itemprop=\"text\" ><p style=\"text-align: center;\">En Swiss Media Design, ofrecemos fotograf\u00eda empresarial de alta calidad y est\u00e9ticamente agradable que representa perfectamente a su empresa. Nuestros fot\u00f3grafos profesionales crean impresionantes retratos y tomas de interiores que muestran su marca con la mejor luz. Descubra el poder transformador de la elegancia visual.<\/p>\n<\/div><\/section><\/div><div  class='flex_column av-qmldt-4b1f007f68250c71264f65e9dfef163a av_one_fifth  avia-builder-el-5  el_after_av_three_fifth  avia-builder-el-last  flex_column_div'     ><\/div><\/div><\/div><\/main><!-- close content main element --><\/div><\/div><\/div><div id='after_section_1'  class='main_color av_default_container_wrap container_wrap fullsize'  ><div class='container av-section-cont-open' ><div class='template-page content  av-content-full alpha units'><div class='post-entry post-entry-type-page post-entry-161'><div class='entry-content-wrapper clearfix'><div  class='flex_column av-jw4zl-ed6f97b59f41201402d8f2ffd9c7c119 av_one_full  avia-builder-el-6  el_after_av_section  avia-builder-el-no-sibling  first flex_column_div'     ><p>\n<style type=\"text\/css\" data-created_by=\"avia_inline_auto\" id=\"style-css-av-fqkq9-63ab70253ee056350234283316b51723\">\n#top .av-special-heading.av-fqkq9-63ab70253ee056350234283316b51723{\npadding-bottom:10px;\n}\nbody .av-special-heading.av-fqkq9-63ab70253ee056350234283316b51723 .av-special-heading-tag .heading-char{\nfont-size:25px;\n}\n.av-special-heading.av-fqkq9-63ab70253ee056350234283316b51723 .av-subheading{\nfont-size:15px;\n}\n<\/style>\n<div  class='av-special-heading av-fqkq9-63ab70253ee056350234283316b51723 av-special-heading-h2 blockquote modern-quote  avia-builder-el-7  el_before_av_textblock  avia-builder-el-first'><h2 class='av-special-heading-tag'  itemprop=\"headline\"  >Elegancia visual para su empresa<\/h2><div class=\"special-heading-border\"><div class=\"special-heading-inner-border\"><\/div><\/div><\/div><br \/>\n<section  class='av_textblock_section av-93ri9-eb427d659f6538d273b8b99d9a0dde19'   itemscope=\"itemscope\" itemtype=\"https:\/\/schema.org\/CreativeWork\" ><div class='avia_textblock'  itemprop=\"text\" ><p>En el mundo empresarial moderno, causar una impresi\u00f3n visual duradera es crucial. En Swiss Media Design, ofrecemos servicios fotogr\u00e1ficos personalizados para sus locales comerciales y retratos de empleados que no solo son profesionales, sino tambi\u00e9n est\u00e9ticamente agradables y \u00fanicos.<\/p>\n<p>Nuestro proceso comienza con una consulta detallada en la que comprendemos sus objetivos e ideas. Tanto si desea retratos cl\u00e1sicos, fotos de equipo din\u00e1micas o tomas creativas de su local comercial, desarrollaremos un concepto perfectamente adaptado a sus necesidades. Cada imagen se planifica cuidadosamente para reflejar el ambiente y el estilo que hacen que su marca sea \u00fanica.<\/p>\n<p>Durante la sesi\u00f3n fotogr\u00e1fica, damos gran importancia a un ambiente relajado y productivo. Nuestros fot\u00f3grafos tienen un don especial para presentar a las personas y los espacios bajo su mejor luz y crear im\u00e1genes est\u00e9ticamente agradables y expresivas. Utilizando tecnolog\u00eda punta e iluminaci\u00f3n creativa, creamos im\u00e1genes que impresionan e inspiran. Adem\u00e1s, acompa\u00f1amos personalmente cada sesi\u00f3n para asegurarnos de que todo salga a la perfecci\u00f3n y de que los resultados cumplan sus expectativas.<\/p>\n<p>Nuestros retratos de empresa y fotos de sus instalaciones se pueden utilizar de muchas maneras: desde sitios web de empresa y perfiles en redes sociales hasta materiales de marketing y comunicados de prensa. Le ayudar\u00e1n a causar una primera impresi\u00f3n positiva y a presentar su empresa como un socio fiable y competente.<\/p>\n<p>Despu\u00e9s de la sesi\u00f3n, realizamos una edici\u00f3n profesional de las im\u00e1genes para garantizar que cada foto sea perfecta. Retocamos discretamente y nos aseguramos de que los colores, los contrastes y los detalles se muestren en su m\u00e1ximo esplendor sin perder la naturalidad de las fotos.<\/p>\n<p>Descubra el poder transformador de la fotograf\u00eda profesional con Swiss Media Design. Transformamos su visi\u00f3n en im\u00e1genes impactantes que refuerzan su marca y comunican su mensaje de forma clara y persuasiva. P\u00f3ngase en contacto con nosotros hoy mismo para obtener m\u00e1s informaci\u00f3n sobre nuestros servicios y concertar una cita para su sesi\u00f3n fotogr\u00e1fica personalizada. Contemos juntos su historia en im\u00e1genes.<\/p>\n<\/div><\/section><\/p><\/div><\/p>","protected":false},"excerpt":{"rendered":"","protected":false},"author":2,"featured_media":0,"parent":159,"menu_order":3231,"comment_status":"closed","ping_status":"closed","template":"","meta":{"footnotes":""},"class_list":["post-161","page","type-page","status-publish","hentry"],"_links":{"self":[{"href":"https:\/\/swissmediadesign.com\/es\/wp-json\/wp\/v2\/pages\/161","targetHints":{"allow":["GET"]}}],"collection":[{"href":"https:\/\/swissmediadesign.com\/es\/wp-json\/wp\/v2\/pages"}],"about":[{"href":"https:\/\/swissmediadesign.com\/es\/wp-json\/wp\/v2\/types\/page"}],"author":[{"embeddable":true,"href":"https:\/\/swissmediadesign.com\/es\/wp-json\/wp\/v2\/users\/2"}],"replies":[{"embeddable":true,"href":"https:\/\/swissmediadesign.com\/es\/wp-json\/wp\/v2\/comments?post=161"}],"version-history":[{"count":0,"href":"https:\/\/swissmediadesign.com\/es\/wp-json\/wp\/v2\/pages\/161\/revisions"}],"up":[{"embeddable":true,"href":"https:\/\/swissmediadesign.com\/es\/wp-json\/wp\/v2\/pages\/159"}],"wp:attachment":[{"href":"https:\/\/swissmediadesign.com\/es\/wp-json\/wp\/v2\/media?parent=161"}],"curies":[{"name":"wp","href":"https:\/\/api.w.org\/{rel}","templated":true}]}}