{"id":163,"date":"2024-04-02T20:48:27","date_gmt":"2024-04-02T18:48:27","guid":{"rendered":"https:\/\/swissmediadesign.com\/?page_id=163"},"modified":"2025-04-24T08:43:36","modified_gmt":"2025-04-24T06:43:36","slug":"hochwertige-architekturfotografie","status":"publish","type":"page","link":"https:\/\/swissmediadesign.com\/es\/nuestra-experiencia\/crece\/reforzar-la-presencia-en-linea\/asociaciones-con-influencers\/","title":{"rendered":"Fotograf\u00eda arquitect\u00f3nica de alta calidad"},"content":{"rendered":"<style type=\"text\/css\" data-created_by=\"avia_inline_auto\" id=\"style-css-av-1m7m97-87a48884ef23bb8c4f791197533b51df\">\n.avia-section.av-1m7m97-87a48884ef23bb8c4f791197533b51df{\nbackground-repeat:no-repeat;\nbackground-image:url(https:\/\/swissmediadesign.com\/wp-content\/uploads\/2024\/05\/AdobeStock_295713811-1500x1000.jpeg);\nbackground-position:50% 50%;\nbackground-attachment:scroll;\n}\n.avia-section.av-1m7m97-87a48884ef23bb8c4f791197533b51df .av-section-color-overlay{\nopacity:0.5;\nbackground-color:#000000;\n}\n<\/style>\n<div id='av_section_1'  class='avia-section av-1m7m97-87a48884ef23bb8c4f791197533b51df main_color avia-section-default avia-no-border-styling  avia-builder-el-0  el_before_av_one_full  avia-builder-el-first  avia-full-stretch avia-bg-style-scroll av-section-color-overlay-active container_wrap fullsize'  data-section-bg-repeat='stretch'><div class=\"av-section-color-overlay-wrap\"><div class=\"av-section-color-overlay\"><\/div><div class='container av-section-cont-open' ><main  role=\"main\" itemprop=\"mainContentOfPage\"  class='template-page content  av-content-full alpha units'><div class='post-entry post-entry-type-page post-entry-163'><div class='entry-content-wrapper clearfix'>\n<div  class='flex_column av-1g7l8z-81987e3a0605b9bf6f3ea1f1bafa10c8 av_one_fifth  avia-builder-el-1  el_before_av_three_fifth  avia-builder-el-first  first flex_column_div'     ><\/div><div  class='flex_column av-1ammoj-e258efb709b0480532a7b53be79c7673 av_three_fifth  avia-builder-el-2  el_after_av_one_fifth  el_before_av_one_fifth  flex_column_div'     ><p>\n<style type=\"text\/css\" data-created_by=\"avia_inline_auto\" id=\"style-css-av-10tx5f-c728953f5bfafc70e699ac52042faa6a\">\n#top .av-special-heading.av-10tx5f-c728953f5bfafc70e699ac52042faa6a{\npadding-bottom:10px;\ncolor:#ffffff;\n}\nbody .av-special-heading.av-10tx5f-c728953f5bfafc70e699ac52042faa6a .av-special-heading-tag .heading-char{\nfont-size:25px;\n}\n.av-special-heading.av-10tx5f-c728953f5bfafc70e699ac52042faa6a .special-heading-inner-border{\nborder-color:#ffffff;\n}\n.av-special-heading.av-10tx5f-c728953f5bfafc70e699ac52042faa6a .av-subheading{\nfont-size:15px;\n}\n<\/style>\n<div  class='av-special-heading av-10tx5f-c728953f5bfafc70e699ac52042faa6a av-special-heading-h1 custom-color-heading blockquote modern-quote modern-centered  avia-builder-el-3  el_before_av_textblock  avia-builder-el-first'><h1 class='av-special-heading-tag'  itemprop=\"headline\"  >Fotograf\u00eda arquitect\u00f3nica de alta calidad<\/h1><div class='av_custom_color av-subheading av-subheading_below'><p><a href=\"https:\/\/swissmediadesign.com\/es\/nuestra-experiencia\/crece\/reforzar-la-presencia-en-linea\/\">Fotograf\u00eda<\/a> \/ <a href=\"https:\/\/swissmediadesign.com\/es\/nuestra-experiencia\/crece\/reforzar-la-presencia-en-linea\/asociaciones-con-influencers\/\">Fotograf\u00eda arquitect\u00f3nica de alta calidad<\/a><\/p>\n<\/div><div class=\"special-heading-border\"><div class=\"special-heading-inner-border\"><\/div><\/div><\/div><br \/>\n\n<style type=\"text\/css\" data-created_by=\"avia_inline_auto\" id=\"style-css-av-xqjw3-9b02e31985480a950bafedc96f2ae412\">\n#top .av_textblock_section.av-xqjw3-9b02e31985480a950bafedc96f2ae412 .avia_textblock{\ncolor:#ffffff;\n}\n<\/style>\n<section  class='av_textblock_section av-xqjw3-9b02e31985480a950bafedc96f2ae412'   itemscope=\"itemscope\" itemtype=\"https:\/\/schema.org\/CreativeWork\" ><div class='avia_textblock av_inherit_color'  itemprop=\"text\" ><p style=\"text-align: center;\">Le ofrecemos fotograf\u00eda arquitect\u00f3nica de primera clase que muestra sus edificios en todo su esplendor. Nuestros fot\u00f3grafos muestran sus edificios y exteriores con una mirada precisa y una est\u00e9tica impresionante. Descubra c\u00f3mo la fotograf\u00eda arquitect\u00f3nica de alta calidad capta la belleza y singularidad de sus proyectos arquitect\u00f3nicos.<\/p>\n<\/div><\/section><\/p><\/div><div  class='flex_column av-pbtqr-98a1cb056a5e4de7bb3c20805ee1bf8d av_one_fifth  avia-builder-el-5  el_after_av_three_fifth  avia-builder-el-last  flex_column_div'     ><\/div><\/div><\/div><\/main><!-- close content main element --><\/div><\/div><\/div><div id='after_section_1'  class='main_color av_default_container_wrap container_wrap fullsize'  ><div class='container av-section-cont-open' ><div class='template-page content  av-content-full alpha units'><div class='post-entry post-entry-type-page post-entry-163'><div class='entry-content-wrapper clearfix'><div  class='flex_column av-mx7or-59a7ee5554af1a3a73f2d2f75ac9139f av_one_full  avia-builder-el-6  el_after_av_section  avia-builder-el-no-sibling  first flex_column_div'     ><p>\n<style type=\"text\/css\" data-created_by=\"avia_inline_auto\" id=\"style-css-av-h2s2j-04a66401748aebb24446e877a3451e8a\">\n#top .av-special-heading.av-h2s2j-04a66401748aebb24446e877a3451e8a{\npadding-bottom:10px;\n}\nbody .av-special-heading.av-h2s2j-04a66401748aebb24446e877a3451e8a .av-special-heading-tag .heading-char{\nfont-size:25px;\n}\n.av-special-heading.av-h2s2j-04a66401748aebb24446e877a3451e8a .av-subheading{\nfont-size:15px;\n}\n<\/style>\n<div  class='av-special-heading av-h2s2j-04a66401748aebb24446e877a3451e8a av-special-heading-h2 blockquote modern-quote  avia-builder-el-7  el_before_av_textblock  avia-builder-el-first'><h2 class='av-special-heading-tag'  itemprop=\"headline\"  >Fotograf\u00eda arquitect\u00f3nica art\u00edstica para impresionantes vistas exteriores<\/h2><div class=\"special-heading-border\"><div class=\"special-heading-inner-border\"><\/div><\/div><\/div><br \/>\n<section  class='av_textblock_section av-aq1i3-3a90b00e9131f0eadf141e9c59e51f7a'   itemscope=\"itemscope\" itemtype=\"https:\/\/schema.org\/CreativeWork\" ><div class='avia_textblock'  itemprop=\"text\" ><div class=\"w-full text-token-text-primary\" dir=\"auto\" data-testid=\"conversation-turn-209\" data-scroll-anchor=\"false\">\n<div class=\"py-2 juice:py-&#091;18px&#093; px-3 text-base md:px-4 m-auto md:px-5 lg:px-1 xl:px-5\">\n<div class=\"mx-auto flex flex-1 gap-3 text-base juice:gap-4 juice:md:gap-6 md:max-w-3xl lg:max-w-&#091;40rem&#093; xl:max-w-&#091;48rem&#093;\">\n<div class=\"group\/conversation-turn relative flex w-full min-w-0 flex-col agent-turn\">\n<div class=\"flex-col gap-1 md:gap-3\">\n<div class=\"flex flex-grow flex-col max-w-full\">\n<div class=\"min-h-&#091;20px&#093; text-message flex flex-col items-start whitespace-pre-wrap break-words &#091;.text-message+&amp;&#093;:mt-5 juice:w-full juice:items-end overflow-x-auto gap-2\" dir=\"auto\" data-message-author-role=\"assistant\" data-message-id=\"ead1b8bc-eb1a-49d9-839a-dfe6bcb5a312\">\n<div class=\"flex w-full flex-col gap-1 juice:empty:hidden juice:first:pt-&#091;3px&#093;\">\n<div class=\"markdown prose w-full break-words dark:prose-invert light\">\n<p>En Swiss Media Design entendemos el arte y la ciencia de la fotograf\u00eda arquitect\u00f3nica. Nuestra misi\u00f3n es mostrar sus edificios en todo su esplendor captando sus detalles, formas y texturas \u00fanicos. Con nuestra fotograf\u00eda arquitect\u00f3nica de alta calidad, resaltamos la belleza est\u00e9tica y funcional de sus edificios, creando impresionantes im\u00e1genes que inspiran y emocionan.<\/p>\n<p>Nuestro enfoque comienza con una planificaci\u00f3n y preparaci\u00f3n minuciosas. Nos tomamos el tiempo necesario para comprender sus proyectos arquitect\u00f3nicos y sus caracter\u00edsticas espec\u00edficas. Trabajando con usted y sus arquitectos, captamos la visi\u00f3n y los aspectos especiales que caracterizan su edificio. Esto nos permite desarrollar una estrategia fotogr\u00e1fica que mostrar\u00e1 sus edificios bajo la mejor luz posible.<\/p>\n<p>Durante la sesi\u00f3n fotogr\u00e1fica, utilizamos t\u00e9cnicas de c\u00e1mara de \u00faltima generaci\u00f3n e iluminaci\u00f3n creativa para encontrar las mejores perspectivas y \u00e1ngulos. Nuestro experimentado equipo se asegura de que cada detalle, desde la estructura general hasta los sutiles elementos arquitect\u00f3nicos, se capte a la perfecci\u00f3n. Trabajamos en distintas condiciones de iluminaci\u00f3n y aprovechamos el entorno natural para captar sus vistas exteriores en toda su diversidad.<\/p>\n<p>A la toma le sigue un cuidadoso tratamiento posterior. Utilizando programas avanzados de edici\u00f3n de im\u00e1genes, optimizamos las fotos para realzar los colores, los contrastes y los detalles sin perder la autenticidad de las im\u00e1genes. Nuestros retocadores se aseguran de que cada imagen cumpla las normas de calidad m\u00e1s exigentes y est\u00e9 lista para ser utilizada en publicaciones, presentaciones o galer\u00edas en l\u00ednea.<\/p>\n<p>Nuestra fotograf\u00eda arquitect\u00f3nica de alta calidad es ideal para arquitectos, empresas de construcci\u00f3n, promotores inmobiliarios y empresas de dise\u00f1o. Le ayudar\u00e1 a presentar sus proyectos con profesionalidad, impresionar a sus clientes potenciales y mejorar sus materiales de marketing. Ya sea para su sitio web, folletos, revistas o exposiciones, le ofrecemos im\u00e1genes impresionantes que resaltan la singularidad y belleza de su arquitectura.<\/p>\n<p>Descubra el poder transformador de la fotograf\u00eda arquitect\u00f3nica de alta calidad con Swiss Media Design. Trabajemos juntos para mostrar lo mejor de sus edificios y contar historias visuales que dejen una impresi\u00f3n duradera. P\u00f3ngase en contacto con nosotros hoy mismo para obtener m\u00e1s informaci\u00f3n sobre nuestros servicios y concertar una cita para su sesi\u00f3n fotogr\u00e1fica personalizada.<\/p>\n<\/div>\n<\/div>\n<\/div>\n<\/div>\n<\/div>\n<\/div>\n<\/div>\n<\/div>\n<\/div>\n<\/div><\/section><\/p><\/div><\/p>","protected":false},"excerpt":{"rendered":"","protected":false},"author":2,"featured_media":0,"parent":159,"menu_order":3232,"comment_status":"closed","ping_status":"closed","template":"","meta":{"footnotes":""},"class_list":["post-163","page","type-page","status-publish","hentry"],"_links":{"self":[{"href":"https:\/\/swissmediadesign.com\/es\/wp-json\/wp\/v2\/pages\/163","targetHints":{"allow":["GET"]}}],"collection":[{"href":"https:\/\/swissmediadesign.com\/es\/wp-json\/wp\/v2\/pages"}],"about":[{"href":"https:\/\/swissmediadesign.com\/es\/wp-json\/wp\/v2\/types\/page"}],"author":[{"embeddable":true,"href":"https:\/\/swissmediadesign.com\/es\/wp-json\/wp\/v2\/users\/2"}],"replies":[{"embeddable":true,"href":"https:\/\/swissmediadesign.com\/es\/wp-json\/wp\/v2\/comments?post=163"}],"version-history":[{"count":0,"href":"https:\/\/swissmediadesign.com\/es\/wp-json\/wp\/v2\/pages\/163\/revisions"}],"up":[{"embeddable":true,"href":"https:\/\/swissmediadesign.com\/es\/wp-json\/wp\/v2\/pages\/159"}],"wp:attachment":[{"href":"https:\/\/swissmediadesign.com\/es\/wp-json\/wp\/v2\/media?parent=163"}],"curies":[{"name":"wp","href":"https:\/\/api.w.org\/{rel}","templated":true}]}}