{"id":172,"date":"2024-04-02T20:52:04","date_gmt":"2024-04-02T18:52:04","guid":{"rendered":"https:\/\/swissmediadesign.com\/?page_id=172"},"modified":"2025-04-24T08:44:08","modified_gmt":"2025-04-24T06:44:08","slug":"dominieren","status":"publish","type":"page","link":"https:\/\/swissmediadesign.com\/es\/nuestra-experiencia\/domina\/","title":{"rendered":"Dominar"},"content":{"rendered":"<style type=\"text\/css\" data-created_by=\"avia_inline_auto\" id=\"style-css-av-luo57brg-89f7ddd79d466e16c8c65ec9b1bb8b15\">\n.avia-section.av-luo57brg-89f7ddd79d466e16c8c65ec9b1bb8b15{\nbackground-repeat:no-repeat;\nbackground-image:url(https:\/\/swissmediadesign.com\/wp-content\/uploads\/2024\/04\/47565668_m_normal_none-1500x983.jpg);\nbackground-position:50% 50%;\nbackground-attachment:scroll;\n}\n.avia-section.av-luo57brg-89f7ddd79d466e16c8c65ec9b1bb8b15 .av-section-color-overlay{\nopacity:0.5;\nbackground-color:#000000;\n}\n<\/style>\n<div id='av_section_1'  class='avia-section av-luo57brg-89f7ddd79d466e16c8c65ec9b1bb8b15 main_color avia-section-default avia-no-border-styling  avia-builder-el-0  el_before_av_masonry_gallery  avia-builder-el-first  avia-full-stretch avia-bg-style-scroll av-section-color-overlay-active container_wrap fullsize'  data-section-bg-repeat='stretch'><div class=\"av-section-color-overlay-wrap\"><div class=\"av-section-color-overlay\"><\/div><div class='container av-section-cont-open' ><main  role=\"main\" itemprop=\"mainContentOfPage\"  class='template-page content  av-content-full alpha units'><div class='post-entry post-entry-type-page post-entry-172'><div class='entry-content-wrapper clearfix'>\n<div  class='flex_column av-mj04c-c3df84d158b7097d73f62fb9b1ee6fd1 av_one_fifth  avia-builder-el-1  el_before_av_three_fifth  avia-builder-el-first  first flex_column_div'     ><\/div><div  class='flex_column av-csez8-4d44e99d931695995398ec13fbf786d3 av_three_fifth  avia-builder-el-2  el_after_av_one_fifth  el_before_av_one_fifth  flex_column_div'     ><p>\n<style type=\"text\/css\" data-created_by=\"avia_inline_auto\" id=\"style-css-av-luo56xed-7cc2321e564b3354e469f0d003b1ea39\">\n#top .av-special-heading.av-luo56xed-7cc2321e564b3354e469f0d003b1ea39{\npadding-bottom:10px;\ncolor:#ffffff;\n}\nbody .av-special-heading.av-luo56xed-7cc2321e564b3354e469f0d003b1ea39 .av-special-heading-tag .heading-char{\nfont-size:25px;\n}\n.av-special-heading.av-luo56xed-7cc2321e564b3354e469f0d003b1ea39 .special-heading-inner-border{\nborder-color:#ffffff;\n}\n.av-special-heading.av-luo56xed-7cc2321e564b3354e469f0d003b1ea39 .av-subheading{\nfont-size:15px;\n}\n<\/style>\n<div  class='av-special-heading av-luo56xed-7cc2321e564b3354e469f0d003b1ea39 av-special-heading-h1 custom-color-heading blockquote modern-quote modern-centered  avia-builder-el-3  el_before_av_textblock  avia-builder-el-first'><h1 class='av-special-heading-tag'  itemprop=\"headline\"  >Dominar<\/h1><div class='av_custom_color av-subheading av-subheading_below'><p><a href=\"https:\/\/swissmediadesign.com\/es\/nuestra-experiencia\/\">Nuestra experiencia<\/a> \/ <a href=\"https:\/\/swissmediadesign.com\/es\/nuestra-experiencia\/domina\/\">Dominar<\/a><\/p>\n<\/div><div class=\"special-heading-border\"><div class=\"special-heading-inner-border\"><\/div><\/div><\/div><br \/>\n\n<style type=\"text\/css\" data-created_by=\"avia_inline_auto\" id=\"style-css-av-luo57l27-3f9ad7be7dc9aaad796e50381b199a39\">\n#top .av_textblock_section.av-luo57l27-3f9ad7be7dc9aaad796e50381b199a39 .avia_textblock{\ncolor:#ffffff;\n}\n<\/style>\n<section  class='av_textblock_section av-luo57l27-3f9ad7be7dc9aaad796e50381b199a39'   itemscope=\"itemscope\" itemtype=\"https:\/\/schema.org\/CreativeWork\" ><div class='avia_textblock av_inherit_color'  itemprop=\"text\" ><p style=\"text-align: center;\">Conquiste el mercado con nuestro apoyo. Mediante estudios de mercado precisos y estrategias audaces, le llevaremos a la cima. Nuestro objetivo est\u00e1 claramente definido: Juntos dominamos y establecemos nuevos est\u00e1ndares, con una visi\u00f3n que llega hasta la cumbre por encima de las nubes, y m\u00e1s all\u00e1.<\/p>\n<\/div><\/section><\/p><\/div><div  class='flex_column av-aigd0-0da923027232d5d5a0094f67764b47ef av_one_fifth  avia-builder-el-5  el_after_av_three_fifth  avia-builder-el-last  flex_column_div'     ><\/div>\n<style type=\"text\/css\" data-created_by=\"avia_inline_auto\" id=\"style-css-av-lwp0a499-19b567f0131f827168194b9547c8eb94\">\n#top .av-masonry.av-lwp0a499-19b567f0131f827168194b9547c8eb94{\nbackground-color:#ffffff;\n}\n<\/style>\n<div id='av-masonry-1' class='av-masonry av-lwp0a499-19b567f0131f827168194b9547c8eb94 noHover av-flex-size av-large-gap av-hover-overlay-active av-masonry-animation-active av-masonry-col-3 av-caption-always av-caption-style-overlay av-masonry-gallery' data-post_id=\"172\"><div class=\"av-masonry-container isotope av-js-disabled\"><div class='av-masonry-entry isotope-item av-masonry-item-no-image'><\/div><a href=\"https:\/\/swissmediadesign.com\/es\/nuestra-experiencia\/domina\/liderazgo-estrategico-de-mercado\/\"  aria-label=\"imagen Liderazgo estrat\u00e9gico en el mercado\"  id='av-masonry-1-item-1074' data-av-masonry-item='1074' class='av-masonry-entry isotope-item post-1074 attachment type-attachment status-inherit hentry  av-masonry-item-with-image' title=\"Liderazgo estrat\u00e9gico de mercado\" alt=\"\"  data-av-masonry-custom-link=\"https:\/\/swissmediadesign.com\/unsere-expertise\/dominieren\/strategische-marktfuehrerschaft\/\"  itemprop=\"thumbnailUrl\" ><div class='av-inner-masonry-sizer'><\/div><figure class='av-inner-masonry main_color'><div class=\"av-masonry-outerimage-container\"><div class='av-masonry-image-container'   ><img decoding=\"async\" src=\"https:\/\/swissmediadesign.com\/wp-content\/uploads\/2024\/05\/224386232_m_normal_none-1-1030x687.jpg\" title=\"Liderazgo estrat\u00e9gico de mercado\" alt=\"\" \/><\/div><\/div><figcaption class='av-inner-masonry-content site-background'><div class='av-inner-masonry-content-pos'><div class='av-inner-masonry-content-pos-content'><div class='avia-arrow'><\/div><h3 class='av-masonry-entry-title entry-title'  itemprop=\"headline\" >Liderazgo estrat\u00e9gico de mercado<\/h3><div class='av-masonry-entry-content entry-content'  itemprop=\"text\" >El liderazgo estrat\u00e9gico en el mercado es la clave del \u00e9xito sostenible y el dominio competitivo. Nuestras soluciones personalizadas le ayudan a alcanzar la cima de su mercado mediante estudios de mercado detallados y estrategias innovadoras, y a mantener y ampliar con \u00e9xito su posici\u00f3n a largo plazo.<\/div><\/div><\/div><\/figcaption><\/figure><\/a><!--end av-masonry entry--><a href=\"https:\/\/swissmediadesign.com\/es\/nuestra-experiencia\/domina\/analisis-de-marketing-de-resultados\/\"  aria-label=\"automatizaci\u00f3n de im\u00e1genes\"  id='av-masonry-1-item-1103' data-av-masonry-item='1103' class='av-masonry-entry isotope-item post-1103 attachment type-attachment status-inherit hentry  av-masonry-item-with-image' title=\"Automatizaciones\" alt=\"\"  data-av-masonry-custom-link=\"https:\/\/swissmediadesign.com\/unsere-expertise\/dominieren\/automatisierungen\/\"  itemprop=\"thumbnailUrl\" ><div class='av-inner-masonry-sizer'><\/div><figure class='av-inner-masonry main_color'><div class=\"av-masonry-outerimage-container\"><div class='av-masonry-image-container'   ><img decoding=\"async\" src=\"https:\/\/swissmediadesign.com\/wp-content\/uploads\/2024\/05\/224386232_m_normal_none-3-1030x687.jpg\" title=\"Automatizaciones\" alt=\"\" \/><\/div><\/div><figcaption class='av-inner-masonry-content site-background'><div class='av-inner-masonry-content-pos'><div class='av-inner-masonry-content-pos-content'><div class='avia-arrow'><\/div><h3 class='av-masonry-entry-title entry-title'  itemprop=\"headline\" >Automatizaciones<\/h3><div class='av-masonry-entry-content entry-content'  itemprop=\"text\" >La automatizaci\u00f3n es crucial para aumentar la eficacia y optimizar los procesos de su empresa. Nuestros servicios integrales incluyen la automatizaci\u00f3n del marketing, la automatizaci\u00f3n del flujo de trabajo y la automatizaci\u00f3n de sitios web para que sus procesos empresariales sean fluidos y eficaces y maximizar el \u00e9xito.<\/div><\/div><\/div><\/figcaption><\/figure><\/a><!--end av-masonry entry--><a href=\"https:\/\/swissmediadesign.com\/es\/nuestra-experiencia\/domina\/soluciones-de-marca-innovadoras\/\"  aria-label=\"imagen Seguridad\"  id='av-masonry-1-item-1134' data-av-masonry-item='1134' class='av-masonry-entry isotope-item post-1134 attachment type-attachment status-inherit hentry  av-masonry-item-with-image' title=\"Seguridad\" alt=\"\"  data-av-masonry-custom-link=\"https:\/\/swissmediadesign.com\/unsere-expertise\/dominieren\/security\/\"  itemprop=\"thumbnailUrl\" ><div class='av-inner-masonry-sizer'><\/div><figure class='av-inner-masonry main_color'><div class=\"av-masonry-outerimage-container\"><div class='av-masonry-image-container'   ><img decoding=\"async\" src=\"https:\/\/swissmediadesign.com\/wp-content\/uploads\/2024\/05\/192042895_m_normal_none-1030x687.jpg\" title=\"Seguridad\" alt=\"\" \/><\/div><\/div><figcaption class='av-inner-masonry-content site-background'><div class='av-inner-masonry-content-pos'><div class='av-inner-masonry-content-pos-content'><div class='avia-arrow'><\/div><h3 class='av-masonry-entry-title entry-title'  itemprop=\"headline\" >Seguridad<\/h3><div class='av-masonry-entry-content entry-content'  itemprop=\"text\" >En Swiss Media Design, ofrecemos soluciones integrales de seguridad en materia de seguridad de datos, ciberseguridad, cumplimiento normativo y protecci\u00f3n de datos. Nuestros servicios protegen sus datos, le defienden de los ciberataques y garantizan el cumplimiento de todas las leyes de protecci\u00f3n de datos. Conf\u00ede en nuestra experiencia para obtener la m\u00e1xima seguridad.<\/div><\/div><\/div><\/figcaption><\/figure><\/a><!--end av-masonry entry--><\/div><\/div><\/p>","protected":false},"excerpt":{"rendered":"","protected":false},"author":2,"featured_media":0,"parent":31,"menu_order":3300,"comment_status":"closed","ping_status":"closed","template":"","meta":{"footnotes":""},"class_list":["post-172","page","type-page","status-publish","hentry"],"_links":{"self":[{"href":"https:\/\/swissmediadesign.com\/es\/wp-json\/wp\/v2\/pages\/172","targetHints":{"allow":["GET"]}}],"collection":[{"href":"https:\/\/swissmediadesign.com\/es\/wp-json\/wp\/v2\/pages"}],"about":[{"href":"https:\/\/swissmediadesign.com\/es\/wp-json\/wp\/v2\/types\/page"}],"author":[{"embeddable":true,"href":"https:\/\/swissmediadesign.com\/es\/wp-json\/wp\/v2\/users\/2"}],"replies":[{"embeddable":true,"href":"https:\/\/swissmediadesign.com\/es\/wp-json\/wp\/v2\/comments?post=172"}],"version-history":[{"count":0,"href":"https:\/\/swissmediadesign.com\/es\/wp-json\/wp\/v2\/pages\/172\/revisions"}],"up":[{"embeddable":true,"href":"https:\/\/swissmediadesign.com\/es\/wp-json\/wp\/v2\/pages\/31"}],"wp:attachment":[{"href":"https:\/\/swissmediadesign.com\/es\/wp-json\/wp\/v2\/media?parent=172"}],"curies":[{"name":"wp","href":"https:\/\/api.w.org\/{rel}","templated":true}]}}