{"id":175,"date":"2024-04-02T20:54:27","date_gmt":"2024-04-02T18:54:27","guid":{"rendered":"https:\/\/swissmediadesign.com\/?page_id=175"},"modified":"2025-04-24T08:44:19","modified_gmt":"2025-04-24T06:44:19","slug":"strategische-marktfuehrerschaft","status":"publish","type":"page","link":"https:\/\/swissmediadesign.com\/es\/nuestra-experiencia\/domina\/liderazgo-estrategico-de-mercado\/","title":{"rendered":"Liderazgo estrat\u00e9gico de mercado"},"content":{"rendered":"<style type=\"text\/css\" data-created_by=\"avia_inline_auto\" id=\"style-css-av-lwp04lzc-14f2675862090a2b3439a9e8a17b9e8f\">\n.avia-section.av-lwp04lzc-14f2675862090a2b3439a9e8a17b9e8f{\nbackground-repeat:no-repeat;\nbackground-image:url(https:\/\/swissmediadesign.com\/wp-content\/uploads\/2024\/05\/224386232_m_normal_none-1-1500x1000.jpg);\nbackground-position:50% 50%;\nbackground-attachment:scroll;\n}\n.avia-section.av-lwp04lzc-14f2675862090a2b3439a9e8a17b9e8f .av-section-color-overlay{\nopacity:0.5;\nbackground-color:#000000;\n}\n<\/style>\n<div id='av_section_1'  class='avia-section av-lwp04lzc-14f2675862090a2b3439a9e8a17b9e8f main_color avia-section-default avia-no-border-styling  avia-builder-el-0  el_before_av_masonry_gallery  avia-builder-el-first  avia-full-stretch avia-bg-style-scroll av-section-color-overlay-active container_wrap fullsize'  data-section-bg-repeat='stretch'><div class=\"av-section-color-overlay-wrap\"><div class=\"av-section-color-overlay\"><\/div><div class='container av-section-cont-open' ><main  role=\"main\" itemprop=\"mainContentOfPage\"  class='template-page content  av-content-full alpha units'><div class='post-entry post-entry-type-page post-entry-175'><div class='entry-content-wrapper clearfix'>\n<div  class='flex_column av-my10n-f32e73b79beb3f25b5449fd3034a9b87 av_one_fifth  avia-builder-el-1  el_before_av_three_fifth  avia-builder-el-first  first flex_column_div'     ><\/div><div  class='flex_column av-clffr-3a078962c83a68c10cabd2d5d1b84b4f av_three_fifth  avia-builder-el-2  el_after_av_one_fifth  el_before_av_one_fifth  flex_column_div'     ><p>\n<style type=\"text\/css\" data-created_by=\"avia_inline_auto\" id=\"style-css-av-lwp04sko-27a2dbbf551438e988153ae41038c82f\">\n#top .av-special-heading.av-lwp04sko-27a2dbbf551438e988153ae41038c82f{\npadding-bottom:10px;\ncolor:#ffffff;\n}\nbody .av-special-heading.av-lwp04sko-27a2dbbf551438e988153ae41038c82f .av-special-heading-tag .heading-char{\nfont-size:25px;\n}\n.av-special-heading.av-lwp04sko-27a2dbbf551438e988153ae41038c82f .special-heading-inner-border{\nborder-color:#ffffff;\n}\n.av-special-heading.av-lwp04sko-27a2dbbf551438e988153ae41038c82f .av-subheading{\nfont-size:15px;\n}\n<\/style>\n<div  class='av-special-heading av-lwp04sko-27a2dbbf551438e988153ae41038c82f av-special-heading-h1 custom-color-heading blockquote modern-quote modern-centered  avia-builder-el-3  el_before_av_textblock  avia-builder-el-first'><h1 class='av-special-heading-tag'  itemprop=\"headline\"  >Liderazgo estrat\u00e9gico de mercado<\/h1><div class='av_custom_color av-subheading av-subheading_below'><p><a href=\"https:\/\/swissmediadesign.com\/es\/nuestra-experiencia\/domina\/\">Dominar<\/a> \/ <a href=\"https:\/\/swissmediadesign.com\/es\/nuestra-experiencia\/domina\/liderazgo-estrategico-de-mercado\/\">Liderazgo estrat\u00e9gico de mercado<\/a><\/p>\n<\/div><div class=\"special-heading-border\"><div class=\"special-heading-inner-border\"><\/div><\/div><\/div><br \/>\n\n<style type=\"text\/css\" data-created_by=\"avia_inline_auto\" id=\"style-css-av-lwp066rp-f8d980ed96537afde95ca2d93f969b8e\">\n#top .av_textblock_section.av-lwp066rp-f8d980ed96537afde95ca2d93f969b8e .avia_textblock{\ncolor:#ffffff;\n}\n<\/style>\n<section  class='av_textblock_section av-lwp066rp-f8d980ed96537afde95ca2d93f969b8e'   itemscope=\"itemscope\" itemtype=\"https:\/\/schema.org\/CreativeWork\" ><div class='avia_textblock av_inherit_color'  itemprop=\"text\" ><p style=\"text-align: center;\">El liderazgo estrat\u00e9gico en el mercado es la clave del \u00e9xito sostenible y el dominio competitivo. Nuestras soluciones personalizadas le ayudan a alcanzar la cima de su mercado mediante estudios de mercado detallados y estrategias innovadoras, y a mantener y ampliar con \u00e9xito su posici\u00f3n a largo plazo.<\/p>\n<\/div><\/section><\/p><\/div><div  class='flex_column av-9lylz-b2e158b91bf52471725134a66c7d5d3c av_one_fifth  avia-builder-el-5  el_after_av_three_fifth  avia-builder-el-last  flex_column_div'     ><\/div>\n<style type=\"text\/css\" data-created_by=\"avia_inline_auto\" id=\"style-css-av-lwp11txg-2d0864b0af9802bfca87b81aa058005e\">\n#top .av-masonry.av-lwp11txg-2d0864b0af9802bfca87b81aa058005e{\nbackground-color:#ffffff;\n}\n<\/style>\n<div id='av-masonry-1' class='av-masonry av-lwp11txg-2d0864b0af9802bfca87b81aa058005e noHover av-flex-size av-large-gap av-hover-overlay-active av-masonry-animation-active av-masonry-col-3 av-caption-always av-caption-style-overlay av-masonry-gallery' data-post_id=\"175\"><div class=\"av-masonry-container isotope av-js-disabled\"><div class='av-masonry-entry isotope-item av-masonry-item-no-image'><\/div><a href=\"https:\/\/swissmediadesign.com\/es\/nuestra-experiencia\/domina\/liderazgo-estrategico-de-mercado\/estudio-de-mercado-analisis-de-la-competencia\/\"  aria-label=\"imagen Estudio de mercado y an\u00e1lisis de la competencia\"  id='av-masonry-1-item-1080' data-av-masonry-item='1080' class='av-masonry-entry isotope-item post-1080 attachment type-attachment status-inherit hentry  av-masonry-item-with-image' title=\"Estudios de mercado y an\u00e1lisis de la competencia\" alt=\"\"  data-av-masonry-custom-link=\"https:\/\/swissmediadesign.com\/unsere-expertise\/dominieren\/strategische-marktfuehrerschaft\/marktforschung-wettbewerbsanalyse\/\"  itemprop=\"thumbnailUrl\" ><div class='av-inner-masonry-sizer'><\/div><figure class='av-inner-masonry main_color'><div class=\"av-masonry-outerimage-container\"><div class='av-masonry-image-container'   ><img decoding=\"async\" src=\"https:\/\/swissmediadesign.com\/wp-content\/uploads\/2024\/05\/224386232_m_normal_none-2-1030x687.jpg\" title=\"Estudios de mercado y an\u00e1lisis de la competencia\" alt=\"\" \/><\/div><\/div><figcaption class='av-inner-masonry-content site-background'><div class='av-inner-masonry-content-pos'><div class='av-inner-masonry-content-pos-content'><div class='avia-arrow'><\/div><h3 class='av-masonry-entry-title entry-title'  itemprop=\"headline\" >Estudios de mercado y an\u00e1lisis de la competencia<\/h3><div class='av-masonry-entry-content entry-content'  itemprop=\"text\" >Nuestros estudios de mercado y an\u00e1lisis de la competencia le proporcionan informaci\u00f3n detallada sobre las tendencias actuales del mercado, las necesidades de los consumidores y las estrategias de la competencia. Con estudios y an\u00e1lisis detallados, le ayudamos a tomar decisiones bien fundadas y a reforzar su posici\u00f3n en el mercado de forma selectiva.<\/div><\/div><\/div><\/figcaption><\/figure><\/a><!--end av-masonry entry--><a href=\"https:\/\/swissmediadesign.com\/es\/nuestra-experiencia\/domina\/liderazgo-estrategico-de-mercado\/desarrollo-de-estrategias-para-lideres-de-mercado\/\"  aria-label=\"imagen Desarrollo de estrategias para l\u00edderes de mercado\"  id='av-masonry-1-item-1089' data-av-masonry-item='1089' class='av-masonry-entry isotope-item post-1089 attachment type-attachment status-inherit hentry  av-masonry-item-with-image' title=\"Desarrollo de estrategias para l\u00edderes de mercado\" alt=\"\"  data-av-masonry-custom-link=\"https:\/\/swissmediadesign.com\/unsere-expertise\/dominieren\/strategische-marktfuehrerschaft\/strategieentwicklung-fuer-marktfuehrer\/\"  itemprop=\"thumbnailUrl\" ><div class='av-inner-masonry-sizer'><\/div><figure class='av-inner-masonry main_color'><div class=\"av-masonry-outerimage-container\"><div class='av-masonry-image-container'   ><img decoding=\"async\" src=\"https:\/\/swissmediadesign.com\/wp-content\/uploads\/2024\/05\/201434584_m_normal_none-1030x687.jpg\" title=\"Desarrollo de estrategias para l\u00edderes de mercado\" alt=\"\" \/><\/div><\/div><figcaption class='av-inner-masonry-content site-background'><div class='av-inner-masonry-content-pos'><div class='av-inner-masonry-content-pos-content'><div class='avia-arrow'><\/div><h3 class='av-masonry-entry-title entry-title'  itemprop=\"headline\" >Desarrollo de estrategias para l\u00edderes de mercado<\/h3><div class='av-masonry-entry-content entry-content'  itemprop=\"text\" >Nuestros servicios de desarrollo de estrategias para l\u00edderes de mercado en Swiss Media Design le ayudan a consolidar y ampliar su posici\u00f3n en el mercado. Mediante estrategias personalizadas basadas en an\u00e1lisis detallados del mercado y enfoques innovadores, le ayudamos a lograr un \u00e9xito y una competitividad sostenibles.<\/div><\/div><\/div><\/figcaption><\/figure><\/a><!--end av-masonry entry--><a href=\"https:\/\/swissmediadesign.com\/es\/nuestra-experiencia\/domina\/liderazgo-estrategico-de-mercado\/asesoramiento-sobre-la-expansion-de-la-marca\/\"  aria-label=\"Consultor\u00eda de imagen para la expansi\u00f3n de la marca\"  id='av-masonry-1-item-1095' data-av-masonry-item='1095' class='av-masonry-entry isotope-item post-1095 attachment type-attachment status-inherit hentry  av-masonry-item-with-image' title=\"Asesoramiento sobre la expansi\u00f3n de la marca\" alt=\"\"  data-av-masonry-custom-link=\"https:\/\/swissmediadesign.com\/unsere-expertise\/dominieren\/strategische-marktfuehrerschaft\/beratung-zur-markenexpansion\/\"  itemprop=\"thumbnailUrl\" ><div class='av-inner-masonry-sizer'><\/div><figure class='av-inner-masonry main_color'><div class=\"av-masonry-outerimage-container\"><div class='av-masonry-image-container'   ><img decoding=\"async\" src=\"https:\/\/swissmediadesign.com\/wp-content\/uploads\/2024\/05\/192668502_m_normal_none-1030x687.jpg\" title=\"Asesoramiento sobre la expansi\u00f3n de la marca\" alt=\"\" \/><\/div><\/div><figcaption class='av-inner-masonry-content site-background'><div class='av-inner-masonry-content-pos'><div class='av-inner-masonry-content-pos-content'><div class='avia-arrow'><\/div><h3 class='av-masonry-entry-title entry-title'  itemprop=\"headline\" >Asesoramiento sobre la expansi\u00f3n de la marca<\/h3><div class='av-masonry-entry-content entry-content'  itemprop=\"text\" >La expansi\u00f3n a nuevos mercados es crucial para el crecimiento de su empresa. Swiss Media Design le ayuda a expandir su marca de forma estrat\u00e9gica y con \u00e9xito. Nuestros expertos analizan los mercados objetivo, identifican oportunidades y desarrollan estrategias de expansi\u00f3n a medida para reforzar su presencia en el mercado mundial.<\/div><\/div><\/div><\/figcaption><\/figure><\/a><!--end av-masonry entry--><\/div><\/div><\/p>","protected":false},"excerpt":{"rendered":"","protected":false},"author":2,"featured_media":0,"parent":172,"menu_order":3310,"comment_status":"closed","ping_status":"closed","template":"","meta":{"footnotes":""},"class_list":["post-175","page","type-page","status-publish","hentry"],"_links":{"self":[{"href":"https:\/\/swissmediadesign.com\/es\/wp-json\/wp\/v2\/pages\/175","targetHints":{"allow":["GET"]}}],"collection":[{"href":"https:\/\/swissmediadesign.com\/es\/wp-json\/wp\/v2\/pages"}],"about":[{"href":"https:\/\/swissmediadesign.com\/es\/wp-json\/wp\/v2\/types\/page"}],"author":[{"embeddable":true,"href":"https:\/\/swissmediadesign.com\/es\/wp-json\/wp\/v2\/users\/2"}],"replies":[{"embeddable":true,"href":"https:\/\/swissmediadesign.com\/es\/wp-json\/wp\/v2\/comments?post=175"}],"version-history":[{"count":0,"href":"https:\/\/swissmediadesign.com\/es\/wp-json\/wp\/v2\/pages\/175\/revisions"}],"up":[{"embeddable":true,"href":"https:\/\/swissmediadesign.com\/es\/wp-json\/wp\/v2\/pages\/172"}],"wp:attachment":[{"href":"https:\/\/swissmediadesign.com\/es\/wp-json\/wp\/v2\/media?parent=175"}],"curies":[{"name":"wp","href":"https:\/\/api.w.org\/{rel}","templated":true}]}}