{"id":177,"date":"2024-04-02T20:54:57","date_gmt":"2024-04-02T18:54:57","guid":{"rendered":"https:\/\/swissmediadesign.com\/?page_id=177"},"modified":"2025-04-24T08:44:41","modified_gmt":"2025-04-24T06:44:41","slug":"marktforschung-wettbewerbsanalyse","status":"publish","type":"page","link":"https:\/\/swissmediadesign.com\/es\/nuestra-experiencia\/domina\/liderazgo-estrategico-de-mercado\/estudio-de-mercado-analisis-de-la-competencia\/","title":{"rendered":"Estudios de mercado y an\u00e1lisis de la competencia"},"content":{"rendered":"<style type=\"text\/css\" data-created_by=\"avia_inline_auto\" id=\"style-css-av-lwp0ph0e-27682256eb0d677baf75a668f4463b8a\">\n.avia-section.av-lwp0ph0e-27682256eb0d677baf75a668f4463b8a{\nbackground-repeat:no-repeat;\nbackground-image:url(https:\/\/swissmediadesign.com\/wp-content\/uploads\/2024\/05\/224386232_m_normal_none-2-1500x1000.jpg);\nbackground-position:50% 50%;\nbackground-attachment:scroll;\n}\n.avia-section.av-lwp0ph0e-27682256eb0d677baf75a668f4463b8a .av-section-color-overlay{\nopacity:0.5;\nbackground-color:#000000;\n}\n<\/style>\n<div id='av_section_1'  class='avia-section av-lwp0ph0e-27682256eb0d677baf75a668f4463b8a main_color avia-section-default avia-no-border-styling  avia-builder-el-0  el_before_av_one_full  avia-builder-el-first  avia-full-stretch avia-bg-style-scroll av-section-color-overlay-active container_wrap fullsize'  data-section-bg-repeat='stretch'><div class=\"av-section-color-overlay-wrap\"><div class=\"av-section-color-overlay\"><\/div><div class='container av-section-cont-open' ><main  role=\"main\" itemprop=\"mainContentOfPage\"  class='template-page content  av-content-full alpha units'><div class='post-entry post-entry-type-page post-entry-177'><div class='entry-content-wrapper clearfix'>\n<div  class='flex_column av-1965sx-7ab838881900d53127c0f9b2f1d9d52f av_one_fifth  avia-builder-el-1  el_before_av_three_fifth  avia-builder-el-first  first flex_column_div'     ><\/div><div  class='flex_column av-10sc29-91cd31cbd9090ff501b78a1ce6902b03 av_three_fifth  avia-builder-el-2  el_after_av_one_fifth  el_before_av_one_fifth  flex_column_div'     ><p>\n<style type=\"text\/css\" data-created_by=\"avia_inline_auto\" id=\"style-css-av-lwp0l00m-614895358673e037d68ea88894ee291a\">\n#top .av-special-heading.av-lwp0l00m-614895358673e037d68ea88894ee291a{\npadding-bottom:10px;\ncolor:#ffffff;\n}\nbody .av-special-heading.av-lwp0l00m-614895358673e037d68ea88894ee291a .av-special-heading-tag .heading-char{\nfont-size:25px;\n}\n.av-special-heading.av-lwp0l00m-614895358673e037d68ea88894ee291a .special-heading-inner-border{\nborder-color:#ffffff;\n}\n.av-special-heading.av-lwp0l00m-614895358673e037d68ea88894ee291a .av-subheading{\nfont-size:15px;\n}\n<\/style>\n<div  class='av-special-heading av-lwp0l00m-614895358673e037d68ea88894ee291a av-special-heading-h1 custom-color-heading blockquote modern-quote modern-centered  avia-builder-el-3  el_before_av_textblock  avia-builder-el-first'><h1 class='av-special-heading-tag'  itemprop=\"headline\"  >Estudios de mercado <span class='special_amp'>&amp;<\/span> An\u00e1lisis de la competencia<\/h1><div class='av_custom_color av-subheading av-subheading_below'><p><a href=\"https:\/\/swissmediadesign.com\/es\/nuestra-experiencia\/domina\/liderazgo-estrategico-de-mercado\/\">Liderazgo estrat\u00e9gico de mercado<\/a> \/ <a href=\"https:\/\/swissmediadesign.com\/es\/nuestra-experiencia\/domina\/liderazgo-estrategico-de-mercado\/estudio-de-mercado-analisis-de-la-competencia\/\">Estudios de mercado y an\u00e1lisis de la competencia<\/a><\/p>\n<\/div><div class=\"special-heading-border\"><div class=\"special-heading-inner-border\"><\/div><\/div><\/div><br \/>\n\n<style type=\"text\/css\" data-created_by=\"avia_inline_auto\" id=\"style-css-av-yweuh-7fdba44bdc746d2bbb79a220a996521a\">\n#top .av_textblock_section.av-yweuh-7fdba44bdc746d2bbb79a220a996521a .avia_textblock{\ncolor:#ffffff;\n}\n<\/style>\n<section  class='av_textblock_section av-yweuh-7fdba44bdc746d2bbb79a220a996521a'   itemscope=\"itemscope\" itemtype=\"https:\/\/schema.org\/CreativeWork\" ><div class='avia_textblock av_inherit_color'  itemprop=\"text\" ><p style=\"text-align: center;\">Nuestros estudios de mercado y an\u00e1lisis de la competencia le proporcionan informaci\u00f3n detallada sobre las tendencias actuales del mercado, las necesidades de los consumidores y las estrategias de la competencia. Con estudios y an\u00e1lisis detallados, le ayudamos a tomar decisiones bien fundadas y a reforzar su posici\u00f3n en el mercado de forma selectiva.<\/p>\n<\/div><\/section><\/p><\/div><div  class='flex_column av-oiujl-3af880fe1ca3dbebb6c88df64559023c av_one_fifth  avia-builder-el-5  el_after_av_three_fifth  avia-builder-el-last  flex_column_div'     ><\/div><\/div><\/div><\/main><!-- close content main element --><\/div><\/div><\/div><div id='after_section_1'  class='main_color av_default_container_wrap container_wrap fullsize'  ><div class='container av-section-cont-open' ><div class='template-page content  av-content-full alpha units'><div class='post-entry post-entry-type-page post-entry-177'><div class='entry-content-wrapper clearfix'><div  class='flex_column av-nkx3d-a70fa3c501d304cfd4cf816c7757f17f av_one_full  avia-builder-el-6  el_after_av_section  avia-builder-el-no-sibling  first flex_column_div'     ><p>\n<style type=\"text\/css\" data-created_by=\"avia_inline_auto\" id=\"style-css-av-e9ttl-be6824b5f477669d41ee1cc9b25848e2\">\n#top .av-special-heading.av-e9ttl-be6824b5f477669d41ee1cc9b25848e2{\npadding-bottom:10px;\n}\nbody .av-special-heading.av-e9ttl-be6824b5f477669d41ee1cc9b25848e2 .av-special-heading-tag .heading-char{\nfont-size:25px;\n}\n.av-special-heading.av-e9ttl-be6824b5f477669d41ee1cc9b25848e2 .av-subheading{\nfont-size:15px;\n}\n<\/style>\n<div  class='av-special-heading av-e9ttl-be6824b5f477669d41ee1cc9b25848e2 av-special-heading-h2 blockquote modern-quote  avia-builder-el-7  el_before_av_textblock  avia-builder-el-first'><h2 class='av-special-heading-tag'  itemprop=\"headline\"  >\u00c9xito en el mercado con an\u00e1lisis precisos y estrategias innovadoras<\/h2><div class=\"special-heading-border\"><div class=\"special-heading-inner-border\"><\/div><\/div><\/div><br \/>\n<section  class='av_textblock_section av-8iiux-66114c8e4157762d67cc7f4221081a5f'   itemscope=\"itemscope\" itemtype=\"https:\/\/schema.org\/CreativeWork\" ><div class='avia_textblock'  itemprop=\"text\" ><p>En el din\u00e1mico mundo empresarial actual, las decisiones bien fundadas son la clave del \u00e9xito. Nuestros servicios de investigaci\u00f3n de mercado y an\u00e1lisis de la competencia en Swiss Media Design le proporcionan la base necesaria para reforzar su posici\u00f3n en el mercado y dominar a largo plazo.<\/p>\n<p>Nuestros estudios de mercado van mucho m\u00e1s all\u00e1 de un an\u00e1lisis superficial. Realizamos estudios de mercado exhaustivos y detallados que le ofrecen una visi\u00f3n profunda de las tendencias actuales del mercado y las necesidades de los consumidores. Analizamos los datos demogr\u00e1ficos, el comportamiento de los consumidores y los segmentos de mercado para ofrecerle una imagen precisa de su grupo objetivo. Con esta informaci\u00f3n, puede optimizar sus productos y servicios para satisfacer las necesidades de sus clientes y orientar sus estrategias de marketing.<\/p>\n<p>El an\u00e1lisis de la competencia es una parte esencial de nuestros servicios. Examinamos las estrategias de sus competidores, analizamos sus puntos fuertes y d\u00e9biles e identificamos oportunidades y riesgos para su empresa. Este an\u00e1lisis detallado le permite evaluar mejor su posici\u00f3n en el mercado y tomar medidas estrat\u00e9gicas para diferenciarse de la competencia. Nuestros an\u00e1lisis competitivos tambi\u00e9n incluyen la observaci\u00f3n de las tendencias del mercado y la identificaci\u00f3n de nuevas barreras de entrada al mercado que debe superar para tener \u00e9xito.<\/p>\n<p>Con los conocimientos adquiridos en nuestros estudios de mercado y an\u00e1lisis de la competencia, le ayudamos a desarrollar estrategias personalizadas. Estas estrategias est\u00e1n dise\u00f1adas para consolidar y ampliar su liderazgo en el mercado. Le ayudamos a identificar oportunidades de crecimiento, a optimizar sus medidas de marketing y a desarrollar enfoques innovadores que aumenten su competitividad.<\/p>\n<p>Nuestros servicios no terminan con el suministro de datos y an\u00e1lisis. Nos consideramos un socio a largo plazo que siempre est\u00e1 a su lado. Mediante actualizaciones peri\u00f3dicas y an\u00e1lisis continuos, nos aseguramos de que siempre est\u00e9 al d\u00eda y pueda reaccionar con flexibilidad a los cambios del mercado.<\/p>\n<p>Con nuestra experiencia en estudios de mercado y an\u00e1lisis de la competencia, sentamos las bases de su \u00e9xito sostenible y su dominio de la competencia. Conf\u00ede en Swiss Media Design para alcanzar sus objetivos empresariales y afianzar su posici\u00f3n en el mercado. En la actualidad atendemos principalmente a clientes de pa\u00edses de habla alemana, pero estamos planeando expandirnos a mercados internacionales para ayudar a que a\u00fan m\u00e1s empresas de todo el mundo alcancen el \u00e9xito. Tras una consulta, podemos personalizar nuestros servicios seg\u00fan sus deseos y adaptarlos de forma \u00f3ptima a sus necesidades.<\/p>\n<\/div><\/section><\/p><\/div><\/p>","protected":false},"excerpt":{"rendered":"","protected":false},"author":2,"featured_media":0,"parent":175,"menu_order":3311,"comment_status":"closed","ping_status":"closed","template":"","meta":{"footnotes":""},"class_list":["post-177","page","type-page","status-publish","hentry"],"_links":{"self":[{"href":"https:\/\/swissmediadesign.com\/es\/wp-json\/wp\/v2\/pages\/177","targetHints":{"allow":["GET"]}}],"collection":[{"href":"https:\/\/swissmediadesign.com\/es\/wp-json\/wp\/v2\/pages"}],"about":[{"href":"https:\/\/swissmediadesign.com\/es\/wp-json\/wp\/v2\/types\/page"}],"author":[{"embeddable":true,"href":"https:\/\/swissmediadesign.com\/es\/wp-json\/wp\/v2\/users\/2"}],"replies":[{"embeddable":true,"href":"https:\/\/swissmediadesign.com\/es\/wp-json\/wp\/v2\/comments?post=177"}],"version-history":[{"count":0,"href":"https:\/\/swissmediadesign.com\/es\/wp-json\/wp\/v2\/pages\/177\/revisions"}],"up":[{"embeddable":true,"href":"https:\/\/swissmediadesign.com\/es\/wp-json\/wp\/v2\/pages\/175"}],"wp:attachment":[{"href":"https:\/\/swissmediadesign.com\/es\/wp-json\/wp\/v2\/media?parent=177"}],"curies":[{"name":"wp","href":"https:\/\/api.w.org\/{rel}","templated":true}]}}