{"id":179,"date":"2024-04-02T20:55:33","date_gmt":"2024-04-02T18:55:33","guid":{"rendered":"https:\/\/swissmediadesign.com\/?page_id=179"},"modified":"2025-04-24T08:44:55","modified_gmt":"2025-04-24T06:44:55","slug":"strategieentwicklung-fuer-marktfuehrer","status":"publish","type":"page","link":"https:\/\/swissmediadesign.com\/es\/nuestra-experiencia\/domina\/liderazgo-estrategico-de-mercado\/desarrollo-de-estrategias-para-lideres-de-mercado\/","title":{"rendered":"Desarrollo de estrategias para l\u00edderes de mercado"},"content":{"rendered":"<style type=\"text\/css\" data-created_by=\"avia_inline_auto\" id=\"style-css-av-lwp17y0p-5aebfd0402083661fcfa304dad940c46\">\n.avia-section.av-lwp17y0p-5aebfd0402083661fcfa304dad940c46{\nbackground-repeat:no-repeat;\nbackground-image:url(https:\/\/swissmediadesign.com\/wp-content\/uploads\/2024\/05\/201434584_m_normal_none-1500x1000.jpg);\nbackground-position:50% 50%;\nbackground-attachment:scroll;\n}\n.avia-section.av-lwp17y0p-5aebfd0402083661fcfa304dad940c46 .av-section-color-overlay{\nopacity:0.5;\nbackground-color:#000000;\n}\n<\/style>\n<div id='av_section_1'  class='avia-section av-lwp17y0p-5aebfd0402083661fcfa304dad940c46 main_color avia-section-default avia-no-border-styling  avia-builder-el-0  el_before_av_one_full  avia-builder-el-first  avia-full-stretch avia-bg-style-scroll av-section-color-overlay-active container_wrap fullsize'  data-section-bg-repeat='stretch'><div class=\"av-section-color-overlay-wrap\"><div class=\"av-section-color-overlay\"><\/div><div class='container av-section-cont-open' ><main  role=\"main\" itemprop=\"mainContentOfPage\"  class='template-page content  av-content-full alpha units'><div class='post-entry post-entry-type-page post-entry-179'><div class='entry-content-wrapper clearfix'>\n<div  class='flex_column av-1cg717-353b62a2f2a13f82c1ffa6baf44fd53d av_one_fifth  avia-builder-el-1  el_before_av_three_fifth  avia-builder-el-first  first flex_column_div'     ><\/div><div  class='flex_column av-19tjmj-a32e8db8ee8895c29d77d97d7394fb17 av_three_fifth  avia-builder-el-2  el_after_av_one_fifth  el_before_av_one_fifth  flex_column_div'     ><p>\n<style type=\"text\/css\" data-created_by=\"avia_inline_auto\" id=\"style-css-av-12kee3-d19ea042b6dcb4bf484118b262badb27\">\n#top .av-special-heading.av-12kee3-d19ea042b6dcb4bf484118b262badb27{\npadding-bottom:10px;\ncolor:#ffffff;\n}\nbody .av-special-heading.av-12kee3-d19ea042b6dcb4bf484118b262badb27 .av-special-heading-tag .heading-char{\nfont-size:25px;\n}\n.av-special-heading.av-12kee3-d19ea042b6dcb4bf484118b262badb27 .special-heading-inner-border{\nborder-color:#ffffff;\n}\n.av-special-heading.av-12kee3-d19ea042b6dcb4bf484118b262badb27 .av-subheading{\nfont-size:15px;\n}\n<\/style>\n<div  class='av-special-heading av-12kee3-d19ea042b6dcb4bf484118b262badb27 av-special-heading-h1 custom-color-heading blockquote modern-quote modern-centered  avia-builder-el-3  el_before_av_textblock  avia-builder-el-first'><h1 class='av-special-heading-tag'  itemprop=\"headline\"  >Desarrollo de estrategias para l\u00edderes de mercado<\/h1><div class='av_custom_color av-subheading av-subheading_below'><p><a href=\"https:\/\/swissmediadesign.com\/es\/nuestra-experiencia\/domina\/liderazgo-estrategico-de-mercado\/\">Liderazgo estrat\u00e9gico de mercado<\/a> \/ <a href=\"https:\/\/swissmediadesign.com\/es\/nuestra-experiencia\/domina\/liderazgo-estrategico-de-mercado\/desarrollo-de-estrategias-para-lideres-de-mercado\/\">Desarrollo de estrategias para l\u00edderes de mercado<\/a><\/p>\n<\/div><div class=\"special-heading-border\"><div class=\"special-heading-inner-border\"><\/div><\/div><\/div><br \/>\n\n<style type=\"text\/css\" data-created_by=\"avia_inline_auto\" id=\"style-css-av-ypej7-fa9e34773f6326b0ef0715a23ad76ea8\">\n#top .av_textblock_section.av-ypej7-fa9e34773f6326b0ef0715a23ad76ea8 .avia_textblock{\ncolor:#ffffff;\n}\n<\/style>\n<section  class='av_textblock_section av-ypej7-fa9e34773f6326b0ef0715a23ad76ea8'   itemscope=\"itemscope\" itemtype=\"https:\/\/schema.org\/CreativeWork\" ><div class='avia_textblock av_inherit_color'  itemprop=\"text\" ><p style=\"text-align: center;\">Nuestros servicios de desarrollo de estrategias en Swiss Media Design le ayudan a consolidar y ampliar su posici\u00f3n en el mercado. Con estrategias personalizadas basadas en an\u00e1lisis detallados del mercado y enfoques innovadores, le ayudamos a lograr un \u00e9xito y una competitividad sostenibles.<\/p>\n<\/div><\/section><\/p><\/div><div  class='flex_column av-qvczf-327761dc54b03a03a6dccc5b6d331743 av_one_fifth  avia-builder-el-5  el_after_av_three_fifth  avia-builder-el-last  flex_column_div'     ><\/div><\/div><\/div><\/main><!-- close content main element --><\/div><\/div><\/div><div id='after_section_1'  class='main_color av_default_container_wrap container_wrap fullsize'  ><div class='container av-section-cont-open' ><div class='template-page content  av-content-full alpha units'><div class='post-entry post-entry-type-page post-entry-179'><div class='entry-content-wrapper clearfix'><div  class='flex_column av-kzjzf-617a9d6c2ee62ad65031c81f908727a8 av_one_full  avia-builder-el-6  el_after_av_section  avia-builder-el-no-sibling  first flex_column_div'     ><p>\n<style type=\"text\/css\" data-created_by=\"avia_inline_auto\" id=\"style-css-av-f9vnv-00ad358d84abce83eb607629f429c20b\">\n#top .av-special-heading.av-f9vnv-00ad358d84abce83eb607629f429c20b{\npadding-bottom:10px;\n}\nbody .av-special-heading.av-f9vnv-00ad358d84abce83eb607629f429c20b .av-special-heading-tag .heading-char{\nfont-size:25px;\n}\n.av-special-heading.av-f9vnv-00ad358d84abce83eb607629f429c20b .av-subheading{\nfont-size:15px;\n}\n<\/style>\n<div  class='av-special-heading av-f9vnv-00ad358d84abce83eb607629f429c20b av-special-heading-h2 blockquote modern-quote  avia-builder-el-7  el_before_av_textblock  avia-builder-el-first'><h2 class='av-special-heading-tag'  itemprop=\"headline\"  >Liderazgo de mercado a largo plazo mediante la excelencia estrat\u00e9gica<\/h2><div class=\"special-heading-border\"><div class=\"special-heading-inner-border\"><\/div><\/div><\/div><br \/>\n<section  class='av_textblock_section av-7gv5f-60c461e7d9ddeef42a874738ddc53460'   itemscope=\"itemscope\" itemtype=\"https:\/\/schema.org\/CreativeWork\" ><div class='avia_textblock'  itemprop=\"text\" ><p>En un mundo empresarial en constante cambio, es crucial ser proactivo, incluso si su organizaci\u00f3n ya tiene una posici\u00f3n s\u00f3lida en el mercado. En Swiss Media Design, ofrecemos servicios integrales de desarrollo de estrategias para l\u00edderes del mercado, con el fin de garantizar que no solo mantenga su posici\u00f3n de liderazgo, sino que la consolide continuamente.<\/p>\n<p>El desarrollo de nuestra estrategia comienza con un an\u00e1lisis exhaustivo de su entorno de mercado actual y del panorama competitivo. Examinamos los factores externos e internos para comprender a fondo su posici\u00f3n en el mercado y los retos y oportunidades que le esperan. Utilizamos herramientas anal\u00edticas de \u00faltima generaci\u00f3n y m\u00e9todos de eficacia probada para ofrecerle informaci\u00f3n detallada y recomendaciones de actuaci\u00f3n.<\/p>\n<p>Una parte esencial de nuestro trabajo es ayudarle a mantenerse innovador y \u00e1gil. Aunque su empresa tenga \u00e9xito, es esencial buscar constantemente nuevas oportunidades y mejoras. No espere a que cambien las condiciones del mercado o a que la competencia le alcance. Podemos ayudarle a desarrollar proactivamente nuevas estrategias para maximizar el potencial de crecimiento y defender su posici\u00f3n en el mercado.<\/p>\n<p>Nuestras estrategias personalizadas incluyen la identificaci\u00f3n de nuevos mercados y grupos objetivo, el desarrollo de estrategias de expansi\u00f3n y la implantaci\u00f3n de procesos de innovaci\u00f3n. Le ayudamos a adaptar y optimizar sus modelos de negocio para que pueda reaccionar con flexibilidad a las cambiantes condiciones del mercado. Tambi\u00e9n le apoyamos en la aplicaci\u00f3n de estrategias de crecimiento basadas en el \u00e9xito sostenible.<\/p>\n<p>En Swiss Media Design no nos consideramos meros asesores, sino socios a largo plazo. Le acompa\u00f1amos de forma continua y ajustamos nuestras estrategias para garantizar que siempre vaya un paso por delante. Al revisar y adaptar peri\u00f3dicamente las estrategias que desarrollamos, nos aseguramos de que siga teniendo \u00e9xito incluso en un entorno de mercado din\u00e1mico.<\/p>\n<p>Conf\u00ede en nuestra experiencia en el desarrollo de estrategias para l\u00edderes del mercado para acompa\u00f1ar a su empresa en el camino hacia el crecimiento sostenible y el \u00e9xito continuado. Juntos daremos forma al futuro de su empresa y aseguraremos su posici\u00f3n de liderazgo en el mercado.<\/p>\n<\/div><\/section><\/p><\/div><\/p>","protected":false},"excerpt":{"rendered":"","protected":false},"author":2,"featured_media":0,"parent":175,"menu_order":3312,"comment_status":"closed","ping_status":"closed","template":"","meta":{"footnotes":""},"class_list":["post-179","page","type-page","status-publish","hentry"],"_links":{"self":[{"href":"https:\/\/swissmediadesign.com\/es\/wp-json\/wp\/v2\/pages\/179","targetHints":{"allow":["GET"]}}],"collection":[{"href":"https:\/\/swissmediadesign.com\/es\/wp-json\/wp\/v2\/pages"}],"about":[{"href":"https:\/\/swissmediadesign.com\/es\/wp-json\/wp\/v2\/types\/page"}],"author":[{"embeddable":true,"href":"https:\/\/swissmediadesign.com\/es\/wp-json\/wp\/v2\/users\/2"}],"replies":[{"embeddable":true,"href":"https:\/\/swissmediadesign.com\/es\/wp-json\/wp\/v2\/comments?post=179"}],"version-history":[{"count":0,"href":"https:\/\/swissmediadesign.com\/es\/wp-json\/wp\/v2\/pages\/179\/revisions"}],"up":[{"embeddable":true,"href":"https:\/\/swissmediadesign.com\/es\/wp-json\/wp\/v2\/pages\/175"}],"wp:attachment":[{"href":"https:\/\/swissmediadesign.com\/es\/wp-json\/wp\/v2\/media?parent=179"}],"curies":[{"name":"wp","href":"https:\/\/api.w.org\/{rel}","templated":true}]}}