{"id":181,"date":"2024-04-02T20:55:55","date_gmt":"2024-04-02T18:55:55","guid":{"rendered":"https:\/\/swissmediadesign.com\/?page_id=181"},"modified":"2025-04-24T08:45:09","modified_gmt":"2025-04-24T06:45:09","slug":"beratung-zur-markenexpansion","status":"publish","type":"page","link":"https:\/\/swissmediadesign.com\/es\/nuestra-experiencia\/domina\/liderazgo-estrategico-de-mercado\/asesoramiento-sobre-la-expansion-de-la-marca\/","title":{"rendered":"Asesoramiento sobre la expansi\u00f3n de la marca"},"content":{"rendered":"<style type=\"text\/css\" data-created_by=\"avia_inline_auto\" id=\"style-css-av-lwp1ny33-3e06274ebccafdd8f9ea06709b632f1b\">\n.avia-section.av-lwp1ny33-3e06274ebccafdd8f9ea06709b632f1b{\nbackground-repeat:no-repeat;\nbackground-image:url(https:\/\/swissmediadesign.com\/wp-content\/uploads\/2024\/05\/192668502_m_normal_none-1500x1000.jpg);\nbackground-position:50% 50%;\nbackground-attachment:scroll;\n}\n.avia-section.av-lwp1ny33-3e06274ebccafdd8f9ea06709b632f1b .av-section-color-overlay{\nopacity:0.5;\nbackground-color:#000000;\n}\n<\/style>\n<div id='av_section_1'  class='avia-section av-lwp1ny33-3e06274ebccafdd8f9ea06709b632f1b main_color avia-section-default avia-no-border-styling  avia-builder-el-0  el_before_av_one_full  avia-builder-el-first  avia-full-stretch avia-bg-style-scroll av-section-color-overlay-active container_wrap fullsize'  data-section-bg-repeat='stretch'><div class=\"av-section-color-overlay-wrap\"><div class=\"av-section-color-overlay\"><\/div><div class='container av-section-cont-open' ><main  role=\"main\" itemprop=\"mainContentOfPage\"  class='template-page content  av-content-full alpha units'><div class='post-entry post-entry-type-page post-entry-181'><div class='entry-content-wrapper clearfix'>\n<div  class='flex_column av-5t025-6d56833cec0d68ca3c0d93c29a05edd3 av_one_fifth  avia-builder-el-1  el_before_av_three_fifth  avia-builder-el-first  first flex_column_div'     ><\/div><div  class='flex_column av-1g24i5-19b030da90e775cdbcf2aae79e4307a2 av_three_fifth  avia-builder-el-2  el_after_av_one_fifth  el_before_av_one_fifth  flex_column_div'     ><p>\n<style type=\"text\/css\" data-created_by=\"avia_inline_auto\" id=\"style-css-av-lwp1n5l4-7d34cd53dd87d53c0f72ee82238884ec\">\n#top .av-special-heading.av-lwp1n5l4-7d34cd53dd87d53c0f72ee82238884ec{\npadding-bottom:10px;\ncolor:#ffffff;\n}\nbody .av-special-heading.av-lwp1n5l4-7d34cd53dd87d53c0f72ee82238884ec .av-special-heading-tag .heading-char{\nfont-size:25px;\n}\n.av-special-heading.av-lwp1n5l4-7d34cd53dd87d53c0f72ee82238884ec .special-heading-inner-border{\nborder-color:#ffffff;\n}\n.av-special-heading.av-lwp1n5l4-7d34cd53dd87d53c0f72ee82238884ec .av-subheading{\nfont-size:15px;\n}\n<\/style>\n<div  class='av-special-heading av-lwp1n5l4-7d34cd53dd87d53c0f72ee82238884ec av-special-heading-h1 custom-color-heading blockquote modern-quote modern-centered  avia-builder-el-3  el_before_av_textblock  avia-builder-el-first'><h1 class='av-special-heading-tag'  itemprop=\"headline\"  >Asesoramiento sobre la expansi\u00f3n de la marca<\/h1><div class='av_custom_color av-subheading av-subheading_below'><p><a href=\"https:\/\/swissmediadesign.com\/es\/nuestra-experiencia\/domina\/liderazgo-estrategico-de-mercado\/\">Liderazgo estrat\u00e9gico de mercado<\/a> \/ <a href=\"https:\/\/swissmediadesign.com\/es\/nuestra-experiencia\/domina\/liderazgo-estrategico-de-mercado\/asesoramiento-sobre-la-expansion-de-la-marca\/\">Asesoramiento sobre la expansi\u00f3n de la marca<\/a><\/p>\n<\/div><div class=\"special-heading-border\"><div class=\"special-heading-inner-border\"><\/div><\/div><\/div><br \/>\n\n<style type=\"text\/css\" data-created_by=\"avia_inline_auto\" id=\"style-css-av-1b23sl-93f75f38c8149ee0f5b4c38d78d25cc4\">\n#top .av_textblock_section.av-1b23sl-93f75f38c8149ee0f5b4c38d78d25cc4 .avia_textblock{\ncolor:#ffffff;\n}\n<\/style>\n<section  class='av_textblock_section av-1b23sl-93f75f38c8149ee0f5b4c38d78d25cc4'   itemscope=\"itemscope\" itemtype=\"https:\/\/schema.org\/CreativeWork\" ><div class='avia_textblock av_inherit_color'  itemprop=\"text\" ><p style=\"text-align: center;\">La expansi\u00f3n a nuevos mercados es crucial para el crecimiento de su empresa. Swiss Media Design le ayuda a expandir estrat\u00e9gicamente su marca. Nuestros expertos analizan los mercados objetivo, identifican oportunidades y desarrollan estrategias de expansi\u00f3n a medida para reforzar su presencia en el mercado mundial.<\/p>\n<\/div><\/section><\/p><\/div><div  class='flex_column av-10slbp-06c74ddf86f0195434dd401eea92dc9f av_one_fifth  avia-builder-el-5  el_after_av_three_fifth  avia-builder-el-last  flex_column_div'     ><\/div><\/div><\/div><\/main><!-- close content main element --><\/div><\/div><\/div><div id='after_section_1'  class='main_color av_default_container_wrap container_wrap fullsize'  ><div class='container av-section-cont-open' ><div class='template-page content  av-content-full alpha units'><div class='post-entry post-entry-type-page post-entry-181'><div class='entry-content-wrapper clearfix'><div  class='flex_column av-mh8ut-d353007086dddeb2facda7cfcd67aefb av_one_full  avia-builder-el-6  el_after_av_section  avia-builder-el-no-sibling  first flex_column_div'     ><p>\n<style type=\"text\/css\" data-created_by=\"avia_inline_auto\" id=\"style-css-av-50p1-789a3f7f648321911994fa78e60107a6\">\n#top .av-special-heading.av-50p1-789a3f7f648321911994fa78e60107a6{\npadding-bottom:10px;\n}\nbody .av-special-heading.av-50p1-789a3f7f648321911994fa78e60107a6 .av-special-heading-tag .heading-char{\nfont-size:25px;\n}\n.av-special-heading.av-50p1-789a3f7f648321911994fa78e60107a6 .av-subheading{\nfont-size:15px;\n}\n<\/style>\n<div  class='av-special-heading av-50p1-789a3f7f648321911994fa78e60107a6 av-special-heading-h2 blockquote modern-quote  avia-builder-el-7  el_before_av_textblock  avia-builder-el-first'><h2 class='av-special-heading-tag'  itemprop=\"headline\"  >Estrategias de expansi\u00f3n para el \u00e9xito empresarial a largo plazo<\/h2><div class=\"special-heading-border\"><div class=\"special-heading-inner-border\"><\/div><\/div><\/div><br \/>\n<section  class='av_textblock_section av-9z55h-27b1b329a2fcc2e86f28feef2e44dd71'   itemscope=\"itemscope\" itemtype=\"https:\/\/schema.org\/CreativeWork\" ><div class='avia_textblock'  itemprop=\"text\" ><p>La expansi\u00f3n a nuevos mercados es fundamental para el crecimiento y el \u00e9xito a largo plazo de su empresa. En Swiss Media Design sabemos que el \u00e9xito de la expansi\u00f3n de una marca va mucho m\u00e1s all\u00e1 de la simple entrada en nuevos territorios geogr\u00e1ficos. Se trata de integrar su marca en nuevas culturas, patrones de consumo y entornos competitivos, manteniendo al mismo tiempo sus valores fundamentales y su identidad de marca.<\/p>\n<p>Nuestros expertos de Swiss Media Design colaboran estrechamente con usted para realizar exhaustivos an\u00e1lisis de mercado. Examinamos los datos demogr\u00e1ficos, el comportamiento de compra y los matices culturales para desarrollar un profundo conocimiento de los mercados objetivo. Esto nos permite identificar oportunidades y retos espec\u00edficos de su organizaci\u00f3n y sector.<\/p>\n<p>Tras analizar los mercados objetivo, creamos estrategias de expansi\u00f3n personalizadas que tienen en cuenta sus objetivos y recursos empresariales individuales. Nuestras estrategias incluyen la identificaci\u00f3n de modelos adecuados de entrada en el mercado, el desarrollo de campa\u00f1as de marketing localizadas y la adaptaci\u00f3n de sus productos y servicios a las necesidades y expectativas de los nuevos grupos objetivo.<\/p>\n<p>Otro aspecto importante de nuestros servicios de consultor\u00eda es el apoyo en la aplicaci\u00f3n de estrategias de expansi\u00f3n. Le ofrecemos asesoramiento pr\u00e1ctico y le guiamos en cada paso del proceso, desde el an\u00e1lisis del mercado y el desarrollo de la estrategia hasta la ejecuci\u00f3n y la supervisi\u00f3n del \u00e9xito. Nuestros expertos est\u00e1n a su disposici\u00f3n con sus conocimientos y experiencia para garantizar que su expansi\u00f3n se desarrolle sin problemas y con eficacia.<\/p>\n<p>Adem\u00e1s, ofrecemos apoyo continuo y adaptaci\u00f3n de sus estrategias de expansi\u00f3n a las cambiantes condiciones del mercado. Al revisar y analizar peri\u00f3dicamente la evoluci\u00f3n del mercado y sus resultados, podemos reaccionar r\u00e1pidamente a los cambios y adaptar sus estrategias en consecuencia para garantizar el \u00e9xito a largo plazo.<\/p>\n<p>Swiss Media Design adopta un enfoque hol\u00edstico de la expansi\u00f3n de la marca, centr\u00e1ndose en la innovaci\u00f3n, la flexibilidad y la sostenibilidad. Conf\u00ede en nuestra experiencia para abrir nuevos mercados, reforzar su presencia en el mercado y llevar a su empresa al siguiente nivel de crecimiento. Juntos daremos forma al futuro de su marca y garantizaremos su \u00e9xito a escala mundial.<\/p>\n<\/div><\/section><\/p><\/div><\/p>","protected":false},"excerpt":{"rendered":"","protected":false},"author":2,"featured_media":0,"parent":175,"menu_order":3313,"comment_status":"closed","ping_status":"closed","template":"","meta":{"footnotes":""},"class_list":["post-181","page","type-page","status-publish","hentry"],"_links":{"self":[{"href":"https:\/\/swissmediadesign.com\/es\/wp-json\/wp\/v2\/pages\/181","targetHints":{"allow":["GET"]}}],"collection":[{"href":"https:\/\/swissmediadesign.com\/es\/wp-json\/wp\/v2\/pages"}],"about":[{"href":"https:\/\/swissmediadesign.com\/es\/wp-json\/wp\/v2\/types\/page"}],"author":[{"embeddable":true,"href":"https:\/\/swissmediadesign.com\/es\/wp-json\/wp\/v2\/users\/2"}],"replies":[{"embeddable":true,"href":"https:\/\/swissmediadesign.com\/es\/wp-json\/wp\/v2\/comments?post=181"}],"version-history":[{"count":0,"href":"https:\/\/swissmediadesign.com\/es\/wp-json\/wp\/v2\/pages\/181\/revisions"}],"up":[{"embeddable":true,"href":"https:\/\/swissmediadesign.com\/es\/wp-json\/wp\/v2\/pages\/175"}],"wp:attachment":[{"href":"https:\/\/swissmediadesign.com\/es\/wp-json\/wp\/v2\/media?parent=181"}],"curies":[{"name":"wp","href":"https:\/\/api.w.org\/{rel}","templated":true}]}}