{"id":189,"date":"2024-04-02T20:59:41","date_gmt":"2024-04-02T18:59:41","guid":{"rendered":"https:\/\/swissmediadesign.com\/?page_id=189"},"modified":"2025-04-24T08:45:33","modified_gmt":"2025-04-24T06:45:33","slug":"marketing-automatisierung","status":"publish","type":"page","link":"https:\/\/swissmediadesign.com\/es\/nuestra-experiencia\/domina\/analisis-de-marketing-de-resultados\/campanas-publicitarias-basadas-en-datos\/","title":{"rendered":"Automatizaci\u00f3n del marketing"},"content":{"rendered":"<style type=\"text\/css\" data-created_by=\"avia_inline_auto\" id=\"style-css-av-lwp9v5e0-d4d702250bd1ff6deba04e3d30c33966\">\n.avia-section.av-lwp9v5e0-d4d702250bd1ff6deba04e3d30c33966{\nbackground-repeat:no-repeat;\nbackground-image:url(https:\/\/swissmediadesign.com\/wp-content\/uploads\/2024\/05\/224386232_m_normal_none-4-1500x1000.jpg);\nbackground-position:50% 50%;\nbackground-attachment:scroll;\n}\n.avia-section.av-lwp9v5e0-d4d702250bd1ff6deba04e3d30c33966 .av-section-color-overlay{\nopacity:0.5;\nbackground-color:#000000;\n}\n<\/style>\n<div id='av_section_1'  class='avia-section av-lwp9v5e0-d4d702250bd1ff6deba04e3d30c33966 main_color avia-section-default avia-no-border-styling  avia-builder-el-0  el_before_av_one_full  avia-builder-el-first  avia-full-stretch avia-bg-style-scroll av-section-color-overlay-active container_wrap fullsize'  data-section-bg-repeat='stretch'><div class=\"av-section-color-overlay-wrap\"><div class=\"av-section-color-overlay\"><\/div><div class='container av-section-cont-open' ><main  role=\"main\" itemprop=\"mainContentOfPage\"  class='template-page content  av-content-full alpha units'><div class='post-entry post-entry-type-page post-entry-189'><div class='entry-content-wrapper clearfix'>\n<div  class='flex_column av-19vosl-428938c7794a22bd9803ccee730eefd0 av_one_fifth  avia-builder-el-1  el_before_av_three_fifth  avia-builder-el-first  first flex_column_div'     ><\/div><div  class='flex_column av-di99-a0d62c56f1b298cc2f01276fc447e181 av_three_fifth  avia-builder-el-2  el_after_av_one_fifth  el_before_av_one_fifth  flex_column_div'     ><p>\n<style type=\"text\/css\" data-created_by=\"avia_inline_auto\" id=\"style-css-av-lwp9ubby-c5d32bbea166d99a7c94e83066ed3b2d\">\n#top .av-special-heading.av-lwp9ubby-c5d32bbea166d99a7c94e83066ed3b2d{\npadding-bottom:10px;\ncolor:#ffffff;\n}\nbody .av-special-heading.av-lwp9ubby-c5d32bbea166d99a7c94e83066ed3b2d .av-special-heading-tag .heading-char{\nfont-size:25px;\n}\n.av-special-heading.av-lwp9ubby-c5d32bbea166d99a7c94e83066ed3b2d .special-heading-inner-border{\nborder-color:#ffffff;\n}\n.av-special-heading.av-lwp9ubby-c5d32bbea166d99a7c94e83066ed3b2d .av-subheading{\nfont-size:15px;\n}\n<\/style>\n<div  class='av-special-heading av-lwp9ubby-c5d32bbea166d99a7c94e83066ed3b2d av-special-heading-h1 custom-color-heading blockquote modern-quote modern-centered  avia-builder-el-3  el_before_av_textblock  avia-builder-el-first'><h1 class='av-special-heading-tag'  itemprop=\"headline\"  >Automatizaci\u00f3n del marketing<\/h1><div class='av_custom_color av-subheading av-subheading_below'><p><a href=\"https:\/\/swissmediadesign.com\/es\/nuestra-experiencia\/domina\/analisis-de-marketing-de-resultados\/\">Automatizaciones<\/a> \/ <a href=\"https:\/\/swissmediadesign.com\/es\/nuestra-experiencia\/domina\/analisis-de-marketing-de-resultados\/campanas-publicitarias-basadas-en-datos\/\">Automatizaci\u00f3n del marketing<\/a><\/p>\n<\/div><div class=\"special-heading-border\"><div class=\"special-heading-inner-border\"><\/div><\/div><\/div><br \/>\n\n<style type=\"text\/css\" data-created_by=\"avia_inline_auto\" id=\"style-css-av-uw0jx-17828378ea4488f0bc1b1fbc1b236155\">\n#top .av_textblock_section.av-uw0jx-17828378ea4488f0bc1b1fbc1b236155 .avia_textblock{\ncolor:#ffffff;\n}\n<\/style>\n<section  class='av_textblock_section av-uw0jx-17828378ea4488f0bc1b1fbc1b236155'   itemscope=\"itemscope\" itemtype=\"https:\/\/schema.org\/CreativeWork\" ><div class='avia_textblock av_inherit_color'  itemprop=\"text\" ><p style=\"text-align: center;\">La automatizaci\u00f3n del marketing es la clave para hacer m\u00e1s eficientes sus procesos de marketing y maximizar el \u00e9xito de sus campa\u00f1as. Con nuestras soluciones para campa\u00f1as automatizadas de correo electr\u00f3nico, planificaci\u00f3n de redes sociales y an\u00e1lisis detallados, optimizamos su estrategia de marketing y aumentamos su alcance y eficacia.<\/p>\n<\/div><\/section><\/p><\/div><div  class='flex_column av-q6gdx-b901b2a77e916dd40d91b1f3d2fdb6e8 av_one_fifth  avia-builder-el-5  el_after_av_three_fifth  avia-builder-el-last  flex_column_div'     ><\/div><\/div><\/div><\/main><!-- close content main element --><\/div><\/div><\/div><div id='after_section_1'  class='main_color av_default_container_wrap container_wrap fullsize'  ><div class='container av-section-cont-open' ><div class='template-page content  av-content-full alpha units'><div class='post-entry post-entry-type-page post-entry-189'><div class='entry-content-wrapper clearfix'><div  class='flex_column av-ily79-e1c4dcacc73d6d545c56241c97a342d9 av_one_full  avia-builder-el-6  el_after_av_section  avia-builder-el-no-sibling  first flex_column_div'     ><p>\n<style type=\"text\/css\" data-created_by=\"avia_inline_auto\" id=\"style-css-av-e6yfp-949e73704841d16261882e5e59391df9\">\n#top .av-special-heading.av-e6yfp-949e73704841d16261882e5e59391df9{\npadding-bottom:10px;\n}\nbody .av-special-heading.av-e6yfp-949e73704841d16261882e5e59391df9 .av-special-heading-tag .heading-char{\nfont-size:25px;\n}\n.av-special-heading.av-e6yfp-949e73704841d16261882e5e59391df9 .av-subheading{\nfont-size:15px;\n}\n<\/style>\n<div  class='av-special-heading av-e6yfp-949e73704841d16261882e5e59391df9 av-special-heading-h2 blockquote modern-quote  avia-builder-el-7  el_before_av_textblock  avia-builder-el-first'><h2 class='av-special-heading-tag'  itemprop=\"headline\"  >Maximice el \u00e9xito de sus campa\u00f1as de marketing<\/h2><div class=\"special-heading-border\"><div class=\"special-heading-inner-border\"><\/div><\/div><\/div><br \/>\n<section  class='av_textblock_section av-15b11-4d3c020098459ad709a73dd0661040f7'   itemscope=\"itemscope\" itemtype=\"https:\/\/schema.org\/CreativeWork\" ><div class='avia_textblock'  itemprop=\"text\" ><p>La automatizaci\u00f3n del marketing es la clave para aumentar la eficacia de sus procesos de marketing y maximizar el \u00e9xito de sus campa\u00f1as. En el vertiginoso mundo empresarial actual, la automatizaci\u00f3n de los procesos de marketing permite un ahorro de tiempo considerable y una mayor precisi\u00f3n en la orientaci\u00f3n de las campa\u00f1as. En Swiss Media Design, ofrecemos soluciones integrales para ayudarle a optimizar su estrategia de marketing y aumentar significativamente su alcance y eficacia.<\/p>\n<p>Nuestros servicios de automatizaci\u00f3n del marketing incluyen la creaci\u00f3n y gesti\u00f3n de campa\u00f1as automatizadas de correo electr\u00f3nico. Desarrollamos plantillas de correo electr\u00f3nico personalizadas que se env\u00edan autom\u00e1ticamente a su p\u00fablico objetivo en funci\u00f3n de su comportamiento y preferencias. Esto no solo aumenta las tasas de apertura y clics, sino que tambi\u00e9n fomenta la fidelidad y la satisfacci\u00f3n del cliente.<\/p>\n<p>Otro aspecto importante es la planificaci\u00f3n y publicaci\u00f3n automatizada de contenidos en las redes sociales. Utilizando herramientas modernas como Hootsuite o Buffer, programamos tus publicaciones en redes sociales con antelaci\u00f3n y las publicamos en los momentos \u00f3ptimos para maximizar la visibilidad y la participaci\u00f3n. Esto le permite mantener una presencia coherente en diferentes plataformas sin tener que ajustar manualmente cada publicaci\u00f3n.<\/p>\n<p>Tambi\u00e9n proporcionamos an\u00e1lisis e informes detallados que miden el \u00e9xito de sus campa\u00f1as automatizadas. Mediante el seguimiento y la evaluaci\u00f3n continuos del rendimiento de las campa\u00f1as, podemos obtener informaci\u00f3n valiosa y optimizar su estrategia de forma permanente. Esto garantiza que sus actividades de marketing se centren siempre en lograr los mejores resultados posibles.<\/p>\n<p>Nuestras soluciones de automatizaci\u00f3n del marketing est\u00e1n dise\u00f1adas para mejorar sus procesos internos, aumentar la productividad y proporcionarle una ventaja competitiva. Le ayudamos a alcanzar sus objetivos de marketing de forma eficiente y a reforzar su marca de forma sostenible.<\/p>\n<p>Conf\u00ede en Swiss Media Design para automatizar sus procesos de marketing y maximizar el \u00e9xito de sus campa\u00f1as. Con nuestros enfoques innovadores y soluciones personalizadas, llevamos su estrategia de marketing al siguiente nivel y garantizamos su \u00e9xito a largo plazo.<\/p>\n<\/div><\/section><\/p><\/div><\/p>","protected":false},"excerpt":{"rendered":"","protected":false},"author":2,"featured_media":0,"parent":187,"menu_order":3321,"comment_status":"closed","ping_status":"closed","template":"","meta":{"footnotes":""},"class_list":["post-189","page","type-page","status-publish","hentry"],"_links":{"self":[{"href":"https:\/\/swissmediadesign.com\/es\/wp-json\/wp\/v2\/pages\/189","targetHints":{"allow":["GET"]}}],"collection":[{"href":"https:\/\/swissmediadesign.com\/es\/wp-json\/wp\/v2\/pages"}],"about":[{"href":"https:\/\/swissmediadesign.com\/es\/wp-json\/wp\/v2\/types\/page"}],"author":[{"embeddable":true,"href":"https:\/\/swissmediadesign.com\/es\/wp-json\/wp\/v2\/users\/2"}],"replies":[{"embeddable":true,"href":"https:\/\/swissmediadesign.com\/es\/wp-json\/wp\/v2\/comments?post=189"}],"version-history":[{"count":0,"href":"https:\/\/swissmediadesign.com\/es\/wp-json\/wp\/v2\/pages\/189\/revisions"}],"up":[{"embeddable":true,"href":"https:\/\/swissmediadesign.com\/es\/wp-json\/wp\/v2\/pages\/187"}],"wp:attachment":[{"href":"https:\/\/swissmediadesign.com\/es\/wp-json\/wp\/v2\/media?parent=189"}],"curies":[{"name":"wp","href":"https:\/\/api.w.org\/{rel}","templated":true}]}}