{"id":191,"date":"2024-04-02T21:00:21","date_gmt":"2024-04-02T19:00:21","guid":{"rendered":"https:\/\/swissmediadesign.com\/?page_id=191"},"modified":"2025-04-24T08:45:45","modified_gmt":"2025-04-24T06:45:45","slug":"workflow-automatisierung","status":"publish","type":"page","link":"https:\/\/swissmediadesign.com\/es\/nuestra-experiencia\/domina\/analisis-de-marketing-de-resultados\/optimizacion-de-la-conversion\/","title":{"rendered":"Automatizaci\u00f3n del flujo de trabajo"},"content":{"rendered":"<style type=\"text\/css\" data-created_by=\"avia_inline_auto\" id=\"style-css-av-lwpacghv-deabecc0ee44da4a636d70a1fc2ed19e\">\n.avia-section.av-lwpacghv-deabecc0ee44da4a636d70a1fc2ed19e{\nbackground-repeat:no-repeat;\nbackground-image:url(https:\/\/swissmediadesign.com\/wp-content\/uploads\/2024\/05\/224386232_m_normal_none-5-1500x1000.jpg);\nbackground-position:50% 50%;\nbackground-attachment:scroll;\n}\n.avia-section.av-lwpacghv-deabecc0ee44da4a636d70a1fc2ed19e .av-section-color-overlay{\nopacity:0.5;\nbackground-color:#000000;\n}\n<\/style>\n<div id='av_section_1'  class='avia-section av-lwpacghv-deabecc0ee44da4a636d70a1fc2ed19e main_color avia-section-default avia-no-border-styling  avia-builder-el-0  el_before_av_one_full  avia-builder-el-first  avia-full-stretch avia-bg-style-scroll av-section-color-overlay-active container_wrap fullsize'  data-section-bg-repeat='stretch'><div class=\"av-section-color-overlay-wrap\"><div class=\"av-section-color-overlay\"><\/div><div class='container av-section-cont-open' ><main  role=\"main\" itemprop=\"mainContentOfPage\"  class='template-page content  av-content-full alpha units'><div class='post-entry post-entry-type-page post-entry-191'><div class='entry-content-wrapper clearfix'>\n<div  class='flex_column av-su5lr-06756722998a3816ac32b125faebda2c av_one_fifth  avia-builder-el-1  el_before_av_three_fifth  avia-builder-el-first  first flex_column_div'     ><\/div><div  class='flex_column av-n4suv-f35917d1259f165fe66743a7d041042f av_three_fifth  avia-builder-el-2  el_after_av_one_fifth  el_before_av_one_fifth  flex_column_div'     ><p>\n<style type=\"text\/css\" data-created_by=\"avia_inline_auto\" id=\"style-css-av-lwpa548d-be3c46a91511d1efad98c2eec545a87f\">\n#top .av-special-heading.av-lwpa548d-be3c46a91511d1efad98c2eec545a87f{\npadding-bottom:10px;\ncolor:#ffffff;\n}\nbody .av-special-heading.av-lwpa548d-be3c46a91511d1efad98c2eec545a87f .av-special-heading-tag .heading-char{\nfont-size:25px;\n}\n.av-special-heading.av-lwpa548d-be3c46a91511d1efad98c2eec545a87f .special-heading-inner-border{\nborder-color:#ffffff;\n}\n.av-special-heading.av-lwpa548d-be3c46a91511d1efad98c2eec545a87f .av-subheading{\nfont-size:15px;\n}\n<\/style>\n<div  class='av-special-heading av-lwpa548d-be3c46a91511d1efad98c2eec545a87f av-special-heading-h1 custom-color-heading blockquote modern-quote modern-centered  avia-builder-el-3  el_before_av_textblock  avia-builder-el-first'><h1 class='av-special-heading-tag'  itemprop=\"headline\"  >Automatizaci\u00f3n del flujo de trabajo<\/h1><div class='av_custom_color av-subheading av-subheading_below'><p><a href=\"https:\/\/swissmediadesign.com\/es\/nuestra-experiencia\/domina\/analisis-de-marketing-de-resultados\/\">Automatizaciones<\/a> \/ <a href=\"https:\/\/swissmediadesign.com\/es\/nuestra-experiencia\/domina\/analisis-de-marketing-de-resultados\/optimizacion-de-la-conversion\/\">Automatizaci\u00f3n del flujo de trabajo<\/a><\/p>\n<\/div><div class=\"special-heading-border\"><div class=\"special-heading-inner-border\"><\/div><\/div><\/div><br \/>\n\n<style type=\"text\/css\" data-created_by=\"avia_inline_auto\" id=\"style-css-av-68on-0429f2d16eb2b88bd4c3d8af4f23a4c1\">\n#top .av_textblock_section.av-68on-0429f2d16eb2b88bd4c3d8af4f23a4c1 .avia_textblock{\ncolor:#ffffff;\n}\n<\/style>\n<section  class='av_textblock_section av-68on-0429f2d16eb2b88bd4c3d8af4f23a4c1'   itemscope=\"itemscope\" itemtype=\"https:\/\/schema.org\/CreativeWork\" ><div class='avia_textblock av_inherit_color'  itemprop=\"text\" ><p style=\"text-align: center;\">La automatizaci\u00f3n de flujos de trabajo es crucial para optimizar sus procesos empresariales y aumentar la eficacia de su empresa. Con nuestras soluciones personalizadas, automatizamos las tareas repetitivas, reducimos los errores manuales y creamos m\u00e1s tiempo para actividades estrat\u00e9gicas.<\/p>\n<\/div><\/section><\/p><\/div><div  class='flex_column av-6t5rj-75ec34c66371d31cd3bb3bbb959e2ff6 av_one_fifth  avia-builder-el-5  el_after_av_three_fifth  avia-builder-el-last  flex_column_div'     ><\/div><\/div><\/div><\/main><!-- close content main element --><\/div><\/div><\/div><div id='after_section_1'  class='main_color av_default_container_wrap container_wrap fullsize'  ><div class='container av-section-cont-open' ><div class='template-page content  av-content-full alpha units'><div class='post-entry post-entry-type-page post-entry-191'><div class='entry-content-wrapper clearfix'><div  class='flex_column av-qytr-3f96f89c5ea5336ef9de58ed2a4acb45 av_one_full  avia-builder-el-6  el_after_av_section  avia-builder-el-no-sibling  first flex_column_div'     ><p>\n<style type=\"text\/css\" data-created_by=\"avia_inline_auto\" id=\"style-css-av-lwpak4xh-d067d180450792480807010d9634ee06\">\n#top .av-special-heading.av-lwpak4xh-d067d180450792480807010d9634ee06{\npadding-bottom:10px;\n}\nbody .av-special-heading.av-lwpak4xh-d067d180450792480807010d9634ee06 .av-special-heading-tag .heading-char{\nfont-size:25px;\n}\n.av-special-heading.av-lwpak4xh-d067d180450792480807010d9634ee06 .av-subheading{\nfont-size:15px;\n}\n<\/style>\n<div  class='av-special-heading av-lwpak4xh-d067d180450792480807010d9634ee06 av-special-heading-h2 blockquote modern-quote  avia-builder-el-7  el_before_av_textblock  avia-builder-el-first'><h2 class='av-special-heading-tag'  itemprop=\"headline\"  >Reduzca los errores manuales con flujos de trabajo automatizados<\/h2><div class=\"special-heading-border\"><div class=\"special-heading-inner-border\"><\/div><\/div><\/div><br \/>\n<section  class='av_textblock_section av-lwpajfho-41d247481d53cffb3652712cd82f67c6'   itemscope=\"itemscope\" itemtype=\"https:\/\/schema.org\/CreativeWork\" ><div class='avia_textblock'  itemprop=\"text\" ><p>La automatizaci\u00f3n de flujos de trabajo es crucial para optimizar sus procesos empresariales y aumentar la eficiencia en su empresa. En un mundo cada vez m\u00e1s digitalizado, las tareas manuales y repetitivas pueden ser costosas y propensas a errores. Nuestras soluciones personalizadas de automatizaci\u00f3n de flujos de trabajo de Swiss Media Design le ayudan a superar estos retos y a transformar sus flujos de trabajo.<\/p>\n<p>Al automatizar las tareas recurrentes, reducimos los errores manuales y aumentamos la precisi\u00f3n y coherencia de sus procesos. Esto permite a su equipo centrarse en tareas m\u00e1s estrat\u00e9gicas que a\u00f1aden valor real a su organizaci\u00f3n. Ya se trate de automatizar los procesos de aprobaci\u00f3n, el procesamiento de datos o la comunicaci\u00f3n, nuestras soluciones son flexibles y se adaptan a las necesidades espec\u00edficas de su empresa.<\/p>\n<p>Otra ventaja de la automatizaci\u00f3n de los flujos de trabajo es la mejora de la transparencia y la trazabilidad. Con los flujos de trabajo automatizados, puede ver el estado de las tareas y proyectos en cualquier momento, reconocer los cuellos de botella en una fase temprana y tomar las medidas adecuadas. Todo ello redunda en una mejor planificaci\u00f3n y gesti\u00f3n de sus recursos y proyectos.<\/p>\n<p>Nuestros expertos de Swiss Media Design colaboran estrechamente con usted para analizar sus procesos actuales e identificar las posibilidades de optimizaci\u00f3n. A partir de este an\u00e1lisis, desarrollamos soluciones de automatizaci\u00f3n personalizadas que se adaptan perfectamente a las necesidades de su empresa. Desde la implantaci\u00f3n hasta la asistencia continua, estamos a su lado para garantizar que sus flujos de trabajo funcionen con fluidez y eficacia.<\/p>\n<p>Con nuestra experiencia en automatizaci\u00f3n de flujos de trabajo, sentamos las bases de un entorno laboral m\u00e1s eficiente y productivo. Conf\u00ede en Swiss Media Design para revolucionar sus procesos empresariales y allanar el camino hacia el crecimiento y el \u00e9xito en el futuro.<\/p>\n<\/div><\/section><\/p><\/div><\/p>","protected":false},"excerpt":{"rendered":"","protected":false},"author":2,"featured_media":0,"parent":187,"menu_order":3322,"comment_status":"closed","ping_status":"closed","template":"","meta":{"footnotes":""},"class_list":["post-191","page","type-page","status-publish","hentry"],"_links":{"self":[{"href":"https:\/\/swissmediadesign.com\/es\/wp-json\/wp\/v2\/pages\/191","targetHints":{"allow":["GET"]}}],"collection":[{"href":"https:\/\/swissmediadesign.com\/es\/wp-json\/wp\/v2\/pages"}],"about":[{"href":"https:\/\/swissmediadesign.com\/es\/wp-json\/wp\/v2\/types\/page"}],"author":[{"embeddable":true,"href":"https:\/\/swissmediadesign.com\/es\/wp-json\/wp\/v2\/users\/2"}],"replies":[{"embeddable":true,"href":"https:\/\/swissmediadesign.com\/es\/wp-json\/wp\/v2\/comments?post=191"}],"version-history":[{"count":0,"href":"https:\/\/swissmediadesign.com\/es\/wp-json\/wp\/v2\/pages\/191\/revisions"}],"up":[{"embeddable":true,"href":"https:\/\/swissmediadesign.com\/es\/wp-json\/wp\/v2\/pages\/187"}],"wp:attachment":[{"href":"https:\/\/swissmediadesign.com\/es\/wp-json\/wp\/v2\/media?parent=191"}],"curies":[{"name":"wp","href":"https:\/\/api.w.org\/{rel}","templated":true}]}}