{"id":199,"date":"2024-04-02T21:02:24","date_gmt":"2024-04-02T19:02:24","guid":{"rendered":"https:\/\/swissmediadesign.com\/?page_id=199"},"modified":"2025-04-24T08:46:10","modified_gmt":"2025-04-24T06:46:10","slug":"security","status":"publish","type":"page","link":"https:\/\/swissmediadesign.com\/es\/nuestra-experiencia\/domina\/soluciones-de-marca-innovadoras\/","title":{"rendered":"Seguridad"},"content":{"rendered":"<style type=\"text\/css\" data-created_by=\"avia_inline_auto\" id=\"style-css-av-vup0n-506381a585c89eebee8c50d934755cef\">\n.avia-section.av-vup0n-506381a585c89eebee8c50d934755cef{\nbackground-repeat:no-repeat;\nbackground-image:url(https:\/\/swissmediadesign.com\/wp-content\/uploads\/2024\/05\/192042895_m_normal_none-1500x1000.jpg);\nbackground-position:50% 50%;\nbackground-attachment:scroll;\n}\n.avia-section.av-vup0n-506381a585c89eebee8c50d934755cef .av-section-color-overlay{\nopacity:0.5;\nbackground-color:#000000;\n}\n<\/style>\n<div id='av_section_1'  class='avia-section av-vup0n-506381a585c89eebee8c50d934755cef main_color avia-section-default avia-no-border-styling  avia-builder-el-0  el_before_av_masonry_gallery  avia-builder-el-first  avia-full-stretch avia-bg-style-scroll av-section-color-overlay-active container_wrap fullsize'  data-section-bg-repeat='stretch'><div class=\"av-section-color-overlay-wrap\"><div class=\"av-section-color-overlay\"><\/div><div class='container av-section-cont-open' ><main  role=\"main\" itemprop=\"mainContentOfPage\"  class='template-page content  av-content-full alpha units'><div class='post-entry post-entry-type-page post-entry-199'><div class='entry-content-wrapper clearfix'>\n<div  class='flex_column av-pibkf-68c6e8f604b5f2c9008cec7e242f076b av_one_fifth  avia-builder-el-1  el_before_av_three_fifth  avia-builder-el-first  first flex_column_div'     ><\/div><div  class='flex_column av-n3a2v-a3e429bccbd0510bab12ea263886ac36 av_three_fifth  avia-builder-el-2  el_after_av_one_fifth  el_before_av_one_fifth  flex_column_div'     ><p>\n<style type=\"text\/css\" data-created_by=\"avia_inline_auto\" id=\"style-css-av-lwpc7ojt-78b78a842b7095ca517020000e10a046\">\n#top .av-special-heading.av-lwpc7ojt-78b78a842b7095ca517020000e10a046{\npadding-bottom:10px;\ncolor:#ffffff;\n}\nbody .av-special-heading.av-lwpc7ojt-78b78a842b7095ca517020000e10a046 .av-special-heading-tag .heading-char{\nfont-size:25px;\n}\n.av-special-heading.av-lwpc7ojt-78b78a842b7095ca517020000e10a046 .special-heading-inner-border{\nborder-color:#ffffff;\n}\n.av-special-heading.av-lwpc7ojt-78b78a842b7095ca517020000e10a046 .av-subheading{\nfont-size:15px;\n}\n<\/style>\n<div  class='av-special-heading av-lwpc7ojt-78b78a842b7095ca517020000e10a046 av-special-heading-h1 custom-color-heading blockquote modern-quote modern-centered  avia-builder-el-3  el_before_av_textblock  avia-builder-el-first'><h1 class='av-special-heading-tag'  itemprop=\"headline\"  >Seguridad<\/h1><div class='av_custom_color av-subheading av-subheading_below'><p><a href=\"https:\/\/swissmediadesign.com\/es\/nuestra-experiencia\/domina\/\">Dominar<\/a> \/ <a href=\"https:\/\/swissmediadesign.com\/es\/nuestra-experiencia\/domina\/soluciones-de-marca-innovadoras\/\">Seguridad<\/a><\/p>\n<\/div><div class=\"special-heading-border\"><div class=\"special-heading-inner-border\"><\/div><\/div><\/div><br \/>\n\n<style type=\"text\/css\" data-created_by=\"avia_inline_auto\" id=\"style-css-av-hp2kf-07078d2b99a735e0aa72648f286411ac\">\n#top .av_textblock_section.av-hp2kf-07078d2b99a735e0aa72648f286411ac .avia_textblock{\ncolor:#ffffff;\n}\n<\/style>\n<section  class='av_textblock_section av-hp2kf-07078d2b99a735e0aa72648f286411ac'   itemscope=\"itemscope\" itemtype=\"https:\/\/schema.org\/CreativeWork\" ><div class='avia_textblock av_inherit_color'  itemprop=\"text\" ><p style=\"text-align: center;\">En Swiss Media Design, ofrecemos soluciones integrales de seguridad en materia de seguridad de datos, ciberseguridad, cumplimiento normativo y protecci\u00f3n de datos. Nuestros servicios protegen sus datos, le defienden de los ciberataques y garantizan el cumplimiento de todas las leyes de protecci\u00f3n de datos. Conf\u00ede en nuestra experiencia para obtener la m\u00e1xima seguridad.<\/p>\n<\/div><\/section><\/p><\/div><div  class='flex_column av-71ywf-e48a370f095bd5ac88651e4f55879c31 av_one_fifth  avia-builder-el-5  el_after_av_three_fifth  avia-builder-el-last  flex_column_div'     ><\/div>\n<style type=\"text\/css\" data-created_by=\"avia_inline_auto\" id=\"style-css-av-lwpc8f40-17a863c7d66dd2629bd702ec877cc340\">\n#top .av-masonry.av-lwpc8f40-17a863c7d66dd2629bd702ec877cc340{\nbackground-color:#ffffff;\n}\n<\/style>\n<div id='av-masonry-1' class='av-masonry av-lwpc8f40-17a863c7d66dd2629bd702ec877cc340 noHover av-flex-size av-large-gap av-hover-overlay-active av-masonry-animation-active av-masonry-col-3 av-caption-always av-caption-style-overlay av-masonry-gallery' data-post_id=\"199\"><div class=\"av-masonry-container isotope av-js-disabled\"><div class='av-masonry-entry isotope-item av-masonry-item-no-image'><\/div><a href=\"https:\/\/swissmediadesign.com\/es\/nuestra-experiencia\/domina\/soluciones-de-marca-innovadoras\/storytelling-marketing-de-contenidos\/\"  aria-label=\"imagen Seguridad de los datos\"  id='av-masonry-1-item-1139' data-av-masonry-item='1139' class='av-masonry-entry isotope-item post-1139 attachment type-attachment status-inherit hentry  av-masonry-item-with-image' title=\"Seguridad de los datos\" alt=\"\"  data-av-masonry-custom-link=\"https:\/\/swissmediadesign.com\/unsere-expertise\/dominieren\/security\/datensicherheit\/\"  itemprop=\"thumbnailUrl\" ><div class='av-inner-masonry-sizer'><\/div><figure class='av-inner-masonry main_color'><div class=\"av-masonry-outerimage-container\"><div class='av-masonry-image-container'   ><img decoding=\"async\" src=\"https:\/\/swissmediadesign.com\/wp-content\/uploads\/2024\/05\/162195870_m_normal_none-1030x687.jpg\" title=\"Seguridad de los datos\" alt=\"\" \/><\/div><\/div><figcaption class='av-inner-masonry-content site-background'><div class='av-inner-masonry-content-pos'><div class='av-inner-masonry-content-pos-content'><div class='avia-arrow'><\/div><h3 class='av-masonry-entry-title entry-title'  itemprop=\"headline\" >Seguridad de los datos<\/h3><div class='av-masonry-entry-content entry-content'  itemprop=\"text\" >La seguridad de los datos es crucial para garantizar la integridad y confidencialidad de su informaci\u00f3n sensible en todo momento. Swiss Media Design ofrece soluciones integrales para proteger sus datos de p\u00e9rdidas, robos y accesos no autorizados. Conf\u00ede en nuestra experiencia para obtener la m\u00e1xima seguridad de sus datos.<\/div><\/div><\/div><\/figcaption><\/figure><\/a><!--end av-masonry entry--><a href=\"https:\/\/swissmediadesign.com\/es\/nuestra-experiencia\/domina\/soluciones-de-marca-innovadoras\/estrategias-seo-avanzadas\/\"  aria-label=\"imagen Ciberseguridad\"  id='av-masonry-1-item-1126' data-av-masonry-item='1126' class='av-masonry-entry isotope-item post-1126 attachment type-attachment status-inherit hentry  av-masonry-item-with-image' title=\"Ciberseguridad\" alt=\"\"  data-av-masonry-custom-link=\"https:\/\/swissmediadesign.com\/unsere-expertise\/dominieren\/security\/cybersecurity\/\"  itemprop=\"thumbnailUrl\" ><div class='av-inner-masonry-sizer'><\/div><figure class='av-inner-masonry main_color'><div class=\"av-masonry-outerimage-container\"><div class='av-masonry-image-container'   ><img decoding=\"async\" src=\"https:\/\/swissmediadesign.com\/wp-content\/uploads\/2024\/05\/224386232_m_normal_none-7-1030x687.jpg\" title=\"Ciberseguridad\" alt=\"\" \/><\/div><\/div><figcaption class='av-inner-masonry-content site-background'><div class='av-inner-masonry-content-pos'><div class='av-inner-masonry-content-pos-content'><div class='avia-arrow'><\/div><h3 class='av-masonry-entry-title entry-title'  itemprop=\"headline\" >Ciberseguridad<\/h3><div class='av-masonry-entry-content entry-content'  itemprop=\"text\" > En un mundo interconectado, la ciberseguridad es crucial para proteger los datos de su empresa. Swiss Media Design ofrece soluciones integrales para proteger a su organizaci\u00f3n de las amenazas digitales. Conf\u00ede en nuestra experiencia para salvaguardar sus activos digitales y la continuidad de su negocio.<\/div><\/div><\/div><\/figcaption><\/figure><\/a><!--end av-masonry entry--><a href=\"https:\/\/swissmediadesign.com\/es\/nuestra-experiencia\/domina\/soluciones-de-marca-innovadoras\/campanas-creativas-en-las-redes-sociales\/\"  aria-label=\"imagen Cumplimiento y protecci\u00f3n de datos\"  id='av-masonry-1-item-1143' data-av-masonry-item='1143' class='av-masonry-entry isotope-item post-1143 attachment type-attachment status-inherit hentry  av-masonry-item-with-image' title=\"Cumplimiento y protecci\u00f3n de datos\" alt=\"\"  data-av-masonry-custom-link=\"https:\/\/swissmediadesign.com\/unsere-expertise\/dominieren\/security\/compliance-und-datenschutz\/\"  itemprop=\"thumbnailUrl\" ><div class='av-inner-masonry-sizer'><\/div><figure class='av-inner-masonry main_color'><div class=\"av-masonry-outerimage-container\"><div class='av-masonry-image-container'   ><img decoding=\"async\" src=\"https:\/\/swissmediadesign.com\/wp-content\/uploads\/2024\/05\/224386232_m_normal_none-8-1030x687.jpg\" title=\"Cumplimiento y protecci\u00f3n de datos\" alt=\"\" \/><\/div><\/div><figcaption class='av-inner-masonry-content site-background'><div class='av-inner-masonry-content-pos'><div class='av-inner-masonry-content-pos-content'><div class='avia-arrow'><\/div><h3 class='av-masonry-entry-title entry-title'  itemprop=\"headline\" >Cumplimiento y protecci\u00f3n de datos<\/h3><div class='av-masonry-entry-content entry-content'  itemprop=\"text\" >El cumplimiento y la protecci\u00f3n de datos son cruciales para cumplir los requisitos legales y garantizar la confianza de los clientes. Swiss Media Design ofrece soluciones integrales, incluida la seguridad en la nube, para proteger sus datos y procesarlos de conformidad con la ley. Conf\u00ede en nuestra experiencia para obtener la m\u00e1xima seguridad de los datos.<\/div><\/div><\/div><\/figcaption><\/figure><\/a><!--end av-masonry entry--><\/div><\/div><\/p>","protected":false},"excerpt":{"rendered":"","protected":false},"author":2,"featured_media":0,"parent":172,"menu_order":3330,"comment_status":"closed","ping_status":"closed","template":"","meta":{"footnotes":""},"class_list":["post-199","page","type-page","status-publish","hentry"],"_links":{"self":[{"href":"https:\/\/swissmediadesign.com\/es\/wp-json\/wp\/v2\/pages\/199","targetHints":{"allow":["GET"]}}],"collection":[{"href":"https:\/\/swissmediadesign.com\/es\/wp-json\/wp\/v2\/pages"}],"about":[{"href":"https:\/\/swissmediadesign.com\/es\/wp-json\/wp\/v2\/types\/page"}],"author":[{"embeddable":true,"href":"https:\/\/swissmediadesign.com\/es\/wp-json\/wp\/v2\/users\/2"}],"replies":[{"embeddable":true,"href":"https:\/\/swissmediadesign.com\/es\/wp-json\/wp\/v2\/comments?post=199"}],"version-history":[{"count":0,"href":"https:\/\/swissmediadesign.com\/es\/wp-json\/wp\/v2\/pages\/199\/revisions"}],"up":[{"embeddable":true,"href":"https:\/\/swissmediadesign.com\/es\/wp-json\/wp\/v2\/pages\/172"}],"wp:attachment":[{"href":"https:\/\/swissmediadesign.com\/es\/wp-json\/wp\/v2\/media?parent=199"}],"curies":[{"name":"wp","href":"https:\/\/api.w.org\/{rel}","templated":true}]}}