{"id":1993,"date":"2024-11-12T19:31:47","date_gmt":"2024-11-12T18:31:47","guid":{"rendered":"https:\/\/swissmediadesign.com\/?page_id=1993"},"modified":"2025-07-09T20:15:41","modified_gmt":"2025-07-09T18:15:41","slug":"ueber-uns","status":"publish","type":"page","link":"https:\/\/swissmediadesign.com\/es\/agencia\/","title":{"rendered":"Qui\u00e9nes somos"},"content":{"rendered":"<style type=\"text\/css\" data-created_by=\"avia_inline_auto\" id=\"style-css-av-luj9i64t-1ecbf347e4a71c651a292a6cb26f95b9\">\n.avia-section.av-luj9i64t-1ecbf347e4a71c651a292a6cb26f95b9{\nbackground-repeat:no-repeat;\nbackground-image:url(https:\/\/swissmediadesign.com\/wp-content\/uploads\/2024\/11\/SMD-OFFICE_121124@florin.schmid011-1500x844.jpeg);\nbackground-position:50% 50%;\nbackground-attachment:scroll;\n}\n.avia-section.av-luj9i64t-1ecbf347e4a71c651a292a6cb26f95b9 .av-section-color-overlay{\nopacity:0.6;\nbackground-color:#000000;\n}\n<\/style>\n<div id='av_section_1'  class='avia-section av-luj9i64t-1ecbf347e4a71c651a292a6cb26f95b9 main_color avia-section-default avia-no-border-styling  avia-builder-el-0  el_before_av_section  avia-builder-el-first  avia-full-stretch avia-bg-style-scroll av-section-color-overlay-active container_wrap fullsize'  data-section-bg-repeat='stretch'><div class=\"av-section-color-overlay-wrap\"><div class=\"av-section-color-overlay\"><\/div><div class='container av-section-cont-open' ><main  role=\"main\" itemprop=\"mainContentOfPage\"  class='template-page content  av-content-full alpha units'><div class='post-entry post-entry-type-page post-entry-1993'><div class='entry-content-wrapper clearfix'>\n<div  class='flex_column av-2nh1x-0ddcef43e5a1f1ff96dce94bb9f5facc av_one_fifth  avia-builder-el-1  el_before_av_three_fifth  avia-builder-el-first  first flex_column_div'     ><\/div><div  class='flex_column av-1unv1-291b20e0c7b07639c210827b0a18d345 av_three_fifth  avia-builder-el-2  el_after_av_one_fifth  el_before_av_one_fifth  flex_column_div'     ><p>\n<style type=\"text\/css\" data-created_by=\"avia_inline_auto\" id=\"style-css-av-luj9hmy0-19df7abf963200cd8cd29270e8d2dc8b\">\n#top .av-special-heading.av-luj9hmy0-19df7abf963200cd8cd29270e8d2dc8b{\npadding-bottom:10px;\ncolor:#ffffff;\n}\nbody .av-special-heading.av-luj9hmy0-19df7abf963200cd8cd29270e8d2dc8b .av-special-heading-tag .heading-char{\nfont-size:25px;\n}\n.av-special-heading.av-luj9hmy0-19df7abf963200cd8cd29270e8d2dc8b .special-heading-inner-border{\nborder-color:#ffffff;\n}\n.av-special-heading.av-luj9hmy0-19df7abf963200cd8cd29270e8d2dc8b .av-subheading{\nfont-size:15px;\n}\n<\/style>\n<div  class='av-special-heading av-luj9hmy0-19df7abf963200cd8cd29270e8d2dc8b av-special-heading-h1 custom-color-heading blockquote modern-quote modern-centered  avia-builder-el-3  el_before_av_textblock  avia-builder-el-first'><h1 class='av-special-heading-tag'  itemprop=\"headline\"  >Qui\u00e9nes somos<\/h1><div class=\"special-heading-border\"><div class=\"special-heading-inner-border\"><\/div><\/div><\/div><br \/>\n\n<style type=\"text\/css\" data-created_by=\"avia_inline_auto\" id=\"style-css-av-4qrt-ddd25768b4282f60577ae28ac1cdef6b\">\n#top .av_textblock_section.av-4qrt-ddd25768b4282f60577ae28ac1cdef6b .avia_textblock{\ncolor:#ffffff;\n}\n<\/style>\n<section  class='av_textblock_section av-4qrt-ddd25768b4282f60577ae28ac1cdef6b'   itemscope=\"itemscope\" itemtype=\"https:\/\/schema.org\/CreativeWork\" ><div class='avia_textblock av_inherit_color'  itemprop=\"text\" ><p style=\"text-align: center;\">Bienvenido a nuestra agencia: su socio para soluciones creativas y estrategias innovadoras. Combinamos pasi\u00f3n y experiencia para impulsar su marca en el mundo digital. Descubra c\u00f3mo marcamos la diferencia con enfoques personalizados y un equipo dedicado.<\/p>\n<\/div><\/section><\/p><\/div><div  class='flex_column av-2r61-9bfb104c374eac42570abc850560dce8 av_one_fifth  avia-builder-el-5  el_after_av_three_fifth  avia-builder-el-last  flex_column_div'     ><\/div>\n\n<\/div><\/div><\/main><!-- close content main element --><\/div><\/div><\/div><div id='av_section_2'  class='avia-section av-268j1-95a9448afae7bf64cc74097d94255b98 main_color avia-section-default avia-no-border-styling  avia-builder-el-6  el_after_av_section  avia-builder-el-last  avia-bg-style-scroll container_wrap fullsize'  ><div class='container av-section-cont-open' ><div class='template-page content  av-content-full alpha units'><div class='post-entry post-entry-type-page post-entry-1993'><div class='entry-content-wrapper clearfix'>\n<div  class='flex_column av-1gcnt-d50475574f9bd54b88e22310679eeac6 av_one_half  avia-builder-el-7  el_before_av_one_half  avia-builder-el-first  first flex_column_div'     ><p>\n<style type=\"text\/css\" data-created_by=\"avia_inline_auto\" id=\"style-css-av-12hth-4d7f1abece811b4bfbb57e2fc43c0c5d\">\n#top .av-special-heading.av-12hth-4d7f1abece811b4bfbb57e2fc43c0c5d{\npadding-bottom:10px;\n}\nbody .av-special-heading.av-12hth-4d7f1abece811b4bfbb57e2fc43c0c5d .av-special-heading-tag .heading-char{\nfont-size:25px;\n}\n.av-special-heading.av-12hth-4d7f1abece811b4bfbb57e2fc43c0c5d .av-subheading{\nfont-size:15px;\n}\n<\/style>\n<div  class='av-special-heading av-12hth-4d7f1abece811b4bfbb57e2fc43c0c5d av-special-heading-h2 blockquote modern-quote  avia-builder-el-8  el_before_av_textblock  avia-builder-el-first'><h2 class='av-special-heading-tag'  itemprop=\"headline\"  >De la visi\u00f3n a la realidad<\/h2><div class=\"special-heading-border\"><div class=\"special-heading-inner-border\"><\/div><\/div><\/div><br \/>\n<section  class='av_textblock_section av-luj9ncsw-4c78f6221b65ee8cde156925e388eb3c'   itemscope=\"itemscope\" itemtype=\"https:\/\/schema.org\/CreativeWork\" ><div class='avia_textblock'  itemprop=\"text\" ><div class=\"flex-1 overflow-hidden\">\n<div class=\"react-scroll-to-bottom--css-snxjs-79elbk h-full\">\n<div class=\"react-scroll-to-bottom--css-snxjs-1n7m0yu\">\n<div class=\"flex flex-col text-sm pb-9\">\n<div class=\"w-full text-token-text-primary\" data-testid=\"conversation-turn-95\">\n<div class=\"px-4 py-2 justify-center text-base md:gap-6 m-auto\">\n<div class=\"flex flex-1 text-base mx-auto gap-3 md:px-5 lg:px-1 xl:px-5 md:max-w-3xl lg:max-w-&#091;40rem&#093; xl:max-w-&#091;48rem&#093; group final-completion\">\n<div class=\"relative flex w-full flex-col agent-turn\">\n<div class=\"flex-col gap-1 md:gap-3\">\n<div class=\"flex flex-grow flex-col max-w-full\">\n<div class=\"min-h-&#091;20px&#093; text-message flex flex-col items-start gap-3 whitespace-pre-wrap break-words &#091;.text-message+&amp;&#093;:mt-5 overflow-x-auto\" data-message-author-role=\"assistant\" data-message-id=\"f113e6a8-0582-45cd-9e84-4218aab922e7\">\n<div class=\"markdown prose w-full break-words dark:prose-invert dark\">\n<p>En el coraz\u00f3n de Swiss Media Design late una pasi\u00f3n inquebrantable por la creatividad y la innovaci\u00f3n. Desde nuestra fundaci\u00f3n, nos hemos consolidado no solo como agencia, sino como hogar de visionarios y so\u00f1adores que trabajan juntos para crear lo extraordinario. Nos une la creencia de que detr\u00e1s de cada idea se esconde el potencial de algo revolucionario, una fuerza que transforma las marcas y redefine nuestra forma de ver el mundo.<\/p>\n<p>Nuestro viaje comenz\u00f3 con una simple promesa: contar las historias de nuestros clientes con todo el coraz\u00f3n y la dedicaci\u00f3n que se merecen. Esta promesa se ha convertido en nuestra estrella gu\u00eda que nos orienta en todo lo que hacemos. Desde el primer boceto hasta el producto final, trabajamos mano a mano con usted para crear soluciones que no s\u00f3lo sean visibles, sino tangibles. Nuestros proyectos son el resultado de una profunda conexi\u00f3n con nuestros clientes y de una b\u00fasqueda incansable de la perfecci\u00f3n.<\/p>\n<p><strong>\"En un mundo lleno de ruido, la verdadera creatividad se convierte en la voz m\u00e1s fuerte\".<\/strong><\/p>\n<\/div>\n<\/div>\n<\/div>\n<div class=\"mt-1 flex justify-start gap-3 empty:hidden\">\n<div class=\"text-gray-400 flex self-end lg:self-center items-center justify-center lg:justify-start mt-0 -ml-1 h-7 gap-&#091;2px&#093; visible\">\n<div class=\"flex\"><\/div>\n<\/div>\n<\/div>\n<div class=\"pr-2 lg:pr-0\"><\/div>\n<\/div>\n<\/div>\n<\/div>\n<\/div>\n<\/div>\n<\/div>\n<\/div>\n<\/div>\n<\/div>\n<div class=\"w-full pt-2 md:pt-0 dark:border-white\/20 md:border-transparent md:dark:border-transparent md:w-&#091;calc(100%-.5rem)&#093;\">\n<form class=\"stretch mx-2 flex flex-row gap-3 last:mb-2 md:mx-4 md:last:mb-6 lg:mx-auto lg:max-w-2xl xl:max-w-3xl\" action=\"\">\n<div class=\"relative flex h-full flex-1 flex-col\">\n<div class=\"absolute bottom-full left-0 right-0\"><\/div>\n<div class=\"flex w-full items-center\"><\/div>\n<\/div>\n<input type=\"hidden\" name=\"trp-form-language\" value=\"es\"\/><\/form>\n<\/div>\n<\/div><\/section><\/p><\/div><div  class='flex_column av-nrvp-0dfe1f156ef2103563c754e5946984ba av_one_half  avia-builder-el-10  el_after_av_one_half  el_before_av_one_half  flex_column_div'     ><style type=\"text\/css\" data-created_by=\"avia_inline_auto\" id=\"style-css-av-m3ern2l6-b0840457085071d04ebd82e689f0e4b8\">\n.avia-image-container.av-m3ern2l6-b0840457085071d04ebd82e689f0e4b8 img.avia_image{\nbox-shadow:none;\n}\n.avia-image-container.av-m3ern2l6-b0840457085071d04ebd82e689f0e4b8 .av-image-caption-overlay-center{\ncolor:#ffffff;\n}\n<\/style>\n<div  class='avia-image-container av-m3ern2l6-b0840457085071d04ebd82e689f0e4b8 av-styling- avia-align-center  avia-builder-el-11  avia-builder-el-no-sibling'   itemprop=\"image\" itemscope=\"itemscope\" itemtype=\"https:\/\/schema.org\/ImageObject\" ><div class=\"avia-image-container-inner\"><div class=\"avia-image-overlay-wrap\"><img class='avia_image' src='https:\/\/swissmediadesign.com\/wp-content\/uploads\/2024\/11\/office-1-scaled.jpg' alt='' title='oficina-1'  height=\"1440\" width=\"2560\"  itemprop=\"thumbnailUrl\"  \/><\/div><\/div><\/div><\/div><div  class='flex_column av-2hskt-1cf98cf000afb668dc59f07e4c34f8b6 av_one_half  avia-builder-el-12  el_after_av_one_half  el_before_av_one_half  first flex_column_div av-hide-on-mobile  column-top-margin'     ><style type=\"text\/css\" data-created_by=\"avia_inline_auto\" id=\"style-css-av-m3es0ibp-80018e714ae092df4137fe064cd308bf\">\n.avia-image-container.av-m3es0ibp-80018e714ae092df4137fe064cd308bf img.avia_image{\nbox-shadow:none;\n}\n.avia-image-container.av-m3es0ibp-80018e714ae092df4137fe064cd308bf .av-image-caption-overlay-center{\ncolor:#ffffff;\n}\n<\/style>\n<div  class='avia-image-container av-m3es0ibp-80018e714ae092df4137fe064cd308bf av-styling- avia-align-center  avia-builder-el-13  avia-builder-el-no-sibling'   itemprop=\"image\" itemscope=\"itemscope\" itemtype=\"https:\/\/schema.org\/ImageObject\" ><div class=\"avia-image-container-inner\"><div class=\"avia-image-overlay-wrap\"><img class='avia_image' src='https:\/\/swissmediadesign.com\/wp-content\/uploads\/2024\/11\/SMD-OFFICE_121124@florin.schmid010-1030x580.jpeg' alt='' title='SMD OFFICE_121124@florin.schmid010'  height=\"580\" width=\"1030\"  itemprop=\"thumbnailUrl\"  \/><\/div><\/div><\/div><\/div><div  class='flex_column av-75kt-cf1c12a8ab0b6ce6f059e9b8d0ad355d av_one_half  avia-builder-el-14  el_after_av_one_half  el_before_av_one_half  flex_column_div av-hide-on-mobile  column-top-margin'     ><p>\n<style type=\"text\/css\" data-created_by=\"avia_inline_auto\" id=\"style-css-av-5cyuex-6a817014f38c90bb0320dc50c9d0f90f\">\n#top .av-special-heading.av-5cyuex-6a817014f38c90bb0320dc50c9d0f90f{\npadding-bottom:10px;\n}\nbody .av-special-heading.av-5cyuex-6a817014f38c90bb0320dc50c9d0f90f .av-special-heading-tag .heading-char{\nfont-size:25px;\n}\n.av-special-heading.av-5cyuex-6a817014f38c90bb0320dc50c9d0f90f .av-subheading{\nfont-size:15px;\n}\n<\/style>\n<div  class='av-special-heading av-5cyuex-6a817014f38c90bb0320dc50c9d0f90f av-special-heading-h2 blockquote modern-quote  avia-builder-el-15  el_before_av_textblock  avia-builder-el-first'><h2 class='av-special-heading-tag'  itemprop=\"headline\"  >El arte de dar vida a su marca<\/h2><div class=\"special-heading-border\"><div class=\"special-heading-inner-border\"><\/div><\/div><\/div><br \/>\n<section  class='av_textblock_section av-x32d-ef7e7b801e5f64dd499fc648a654ac49'   itemscope=\"itemscope\" itemtype=\"https:\/\/schema.org\/CreativeWork\" ><div class='avia_textblock'  itemprop=\"text\" ><div class=\"flex-1 overflow-hidden\">\n<div class=\"react-scroll-to-bottom--css-snxjs-79elbk h-full\">\n<div class=\"react-scroll-to-bottom--css-snxjs-1n7m0yu\">\n<div class=\"flex flex-col text-sm pb-9\">\n<div class=\"w-full text-token-text-primary\" data-testid=\"conversation-turn-95\">\n<div class=\"px-4 py-2 justify-center text-base md:gap-6 m-auto\">\n<div class=\"flex flex-1 text-base mx-auto gap-3 md:px-5 lg:px-1 xl:px-5 md:max-w-3xl lg:max-w-&#091;40rem&#093; xl:max-w-&#091;48rem&#093; group final-completion\">\n<div class=\"relative flex w-full flex-col agent-turn\">\n<div class=\"flex-col gap-1 md:gap-3\">\n<div class=\"flex flex-grow flex-col max-w-full\">\n<div class=\"min-h-&#091;20px&#093; text-message flex flex-col items-start gap-3 whitespace-pre-wrap break-words &#091;.text-message+&amp;&#093;:mt-5 overflow-x-auto\" data-message-author-role=\"assistant\" data-message-id=\"f113e6a8-0582-45cd-9e84-4218aab922e7\">\n<div class=\"markdown prose w-full break-words dark:prose-invert dark\">\n<p>En un mundo cada vez m\u00e1s ruidoso y complejo, sabemos no s\u00f3lo hacer audible su voz, sino dejarla brillar de tal manera que llegue a los corazones y cree recuerdos. En Swiss Media Design, no se trata solo de anunciar productos o crear dise\u00f1os: se trata de contar historias que perduren. Historias que conmueven, que ponen la piel de gallina, que inspiran y que tienen el poder de emocionar.<\/p>\n<p>Nuestro trabajo es una declaraci\u00f3n de amor a la creatividad. Es nuestra forma de cambiar el mundo: una idea, una imagen, un sentimiento cada vez. Es esta magia de conectar el coraz\u00f3n y la mente lo que nos impulsa a crear lo extraordinario y a llenar de significado cada momento.<\/p>\n<p>Te invitamos a unirte a nosotros en un viaje en el que tus visiones y sue\u00f1os tomar\u00e1n el tim\u00f3n. Superemos juntos los l\u00edmites de lo posible para crear algo que no s\u00f3lo haga su marca, sino tambi\u00e9n el mundo un poco m\u00e1s bello. Bienvenido a Swiss Media Design, donde su historia se cuenta con dedicaci\u00f3n y excelencia en cada detalle. Juntos convertimos ideas en recuerdos y visiones en realidad.<\/p>\n<\/div>\n<\/div>\n<\/div>\n<div class=\"mt-1 flex justify-start gap-3 empty:hidden\">\n<div class=\"text-gray-400 flex self-end lg:self-center items-center justify-center lg:justify-start mt-0 -ml-1 h-7 gap-&#091;2px&#093; visible\">\n<div class=\"flex\"><\/div>\n<\/div>\n<\/div>\n<div class=\"pr-2 lg:pr-0\"><\/div>\n<\/div>\n<\/div>\n<\/div>\n<\/div>\n<\/div>\n<\/div>\n<\/div>\n<\/div>\n<\/div>\n<div class=\"w-full pt-2 md:pt-0 dark:border-white\/20 md:border-transparent md:dark:border-transparent md:w-&#091;calc(100%-.5rem)&#093;\">\n<form class=\"stretch mx-2 flex flex-row gap-3 last:mb-2 md:mx-4 md:last:mb-6 lg:mx-auto lg:max-w-2xl xl:max-w-3xl\" action=\"\">\n<div class=\"relative flex h-full flex-1 flex-col\">\n<div class=\"absolute bottom-full left-0 right-0\"><\/div>\n<div class=\"flex w-full items-center\"><\/div>\n<\/div>\n<input type=\"hidden\" name=\"trp-form-language\" value=\"es\"\/><\/form>\n<\/div>\n<\/div><\/section><\/p><\/div><div  id=\"hidedesktop\"  class='flex_column av-m3eswveu-ac5d2b6a0a02309556b8fc1e35efd154 av_one_half  avia-builder-el-17  el_after_av_one_half  el_before_av_one_half  first flex_column_div  column-top-margin'     ><p>\n<style type=\"text\/css\" data-created_by=\"avia_inline_auto\" id=\"style-css-av-1ds59-0ace8caf1705a3e18fba2455e2fc2fad\">\n#top .av-special-heading.av-1ds59-0ace8caf1705a3e18fba2455e2fc2fad{\npadding-bottom:10px;\n}\nbody .av-special-heading.av-1ds59-0ace8caf1705a3e18fba2455e2fc2fad .av-special-heading-tag .heading-char{\nfont-size:25px;\n}\n.av-special-heading.av-1ds59-0ace8caf1705a3e18fba2455e2fc2fad .av-subheading{\nfont-size:15px;\n}\n<\/style>\n<div  class='av-special-heading av-1ds59-0ace8caf1705a3e18fba2455e2fc2fad av-special-heading-h2 blockquote modern-quote  avia-builder-el-18  el_before_av_textblock  avia-builder-el-first'><h2 class='av-special-heading-tag'  itemprop=\"headline\"  >Dar vida a las marcas<\/h2><div class=\"special-heading-border\"><div class=\"special-heading-inner-border\"><\/div><\/div><\/div><br \/>\n<section  class='av_textblock_section av-g3e0p-c515042139485aff65d3c5a2c669be2e'   itemscope=\"itemscope\" itemtype=\"https:\/\/schema.org\/CreativeWork\" ><div class='avia_textblock'  itemprop=\"text\" ><div class=\"flex-1 overflow-hidden\">\n<div class=\"react-scroll-to-bottom--css-snxjs-79elbk h-full\">\n<div class=\"react-scroll-to-bottom--css-snxjs-1n7m0yu\">\n<div class=\"flex flex-col text-sm pb-9\">\n<div class=\"w-full text-token-text-primary\" data-testid=\"conversation-turn-95\">\n<div class=\"px-4 py-2 justify-center text-base md:gap-6 m-auto\">\n<div class=\"flex flex-1 text-base mx-auto gap-3 md:px-5 lg:px-1 xl:px-5 md:max-w-3xl lg:max-w-&#091;40rem&#093; xl:max-w-&#091;48rem&#093; group final-completion\">\n<div class=\"relative flex w-full flex-col agent-turn\">\n<div class=\"flex-col gap-1 md:gap-3\">\n<div class=\"flex flex-grow flex-col max-w-full\">\n<div class=\"min-h-&#091;20px&#093; text-message flex flex-col items-start gap-3 whitespace-pre-wrap break-words &#091;.text-message+&amp;&#093;:mt-5 overflow-x-auto\" data-message-author-role=\"assistant\" data-message-id=\"f113e6a8-0582-45cd-9e84-4218aab922e7\">\n<div class=\"markdown prose w-full break-words dark:prose-invert dark\">\n<p>En un mundo cada vez m\u00e1s ruidoso y complejo, sabemos no s\u00f3lo hacer audible su voz, sino dejarla brillar de tal manera que llegue a los corazones y cree recuerdos. En Swiss Media Design, no se trata solo de anunciar productos o crear dise\u00f1os: se trata de contar historias que perduren. Historias que conmueven, que ponen la piel de gallina, que inspiran y que tienen el poder de emocionar.<\/p>\n<p>Nuestro trabajo es una declaraci\u00f3n de amor a la creatividad. Es nuestra forma de cambiar el mundo: una idea, una imagen, un sentimiento cada vez. Es esta magia de conectar el coraz\u00f3n y la mente lo que nos impulsa a crear lo extraordinario y a llenar de significado cada momento.<\/p>\n<p>Te invitamos a unirte a nosotros en un viaje en el que tus visiones y sue\u00f1os tomar\u00e1n el tim\u00f3n. Superemos juntos los l\u00edmites de lo posible para crear algo que no s\u00f3lo haga su marca, sino tambi\u00e9n el mundo un poco m\u00e1s bello. Bienvenido a Swiss Media Design, donde su historia se cuenta con dedicaci\u00f3n y excelencia en cada detalle. Juntos convertimos ideas en recuerdos y visiones en realidad.<\/p>\n<\/div>\n<\/div>\n<\/div>\n<div class=\"mt-1 flex justify-start gap-3 empty:hidden\">\n<div class=\"text-gray-400 flex self-end lg:self-center items-center justify-center lg:justify-start mt-0 -ml-1 h-7 gap-&#091;2px&#093; visible\">\n<div class=\"flex\"><\/div>\n<\/div>\n<\/div>\n<div class=\"pr-2 lg:pr-0\"><\/div>\n<\/div>\n<\/div>\n<\/div>\n<\/div>\n<\/div>\n<\/div>\n<\/div>\n<\/div>\n<\/div>\n<div class=\"w-full pt-2 md:pt-0 dark:border-white\/20 md:border-transparent md:dark:border-transparent md:w-&#091;calc(100%-.5rem)&#093;\">\n<form class=\"stretch mx-2 flex flex-row gap-3 last:mb-2 md:mx-4 md:last:mb-6 lg:mx-auto lg:max-w-2xl xl:max-w-3xl\" action=\"\">\n<div class=\"relative flex h-full flex-1 flex-col\">\n<div class=\"absolute bottom-full left-0 right-0\"><\/div>\n<div class=\"flex w-full items-center\"><\/div>\n<\/div>\n<input type=\"hidden\" name=\"trp-form-language\" value=\"es\"\/><\/form>\n<\/div>\n<\/div><\/section><\/p><\/div><div  id=\"hidedesktop\"  class='flex_column av-m3esvcq7-edd6313c45c5dbff2cefe62d9e147bd2 av_one_half  avia-builder-el-20  el_after_av_one_half  avia-builder-el-last  flex_column_div  column-top-margin'     ><style type=\"text\/css\" data-created_by=\"avia_inline_auto\" id=\"style-css-av-2z5fa1-a2f0e7669dc228875a6d7e9b2cb86f8a\">\n.avia-image-container.av-2z5fa1-a2f0e7669dc228875a6d7e9b2cb86f8a img.avia_image{\nbox-shadow:none;\n}\n.avia-image-container.av-2z5fa1-a2f0e7669dc228875a6d7e9b2cb86f8a .av-image-caption-overlay-center{\ncolor:#ffffff;\n}\n<\/style>\n<div  class='avia-image-container av-2z5fa1-a2f0e7669dc228875a6d7e9b2cb86f8a av-styling- avia-align-center  avia-builder-el-21  avia-builder-el-no-sibling'   itemprop=\"image\" itemscope=\"itemscope\" itemtype=\"https:\/\/schema.org\/ImageObject\" ><div class=\"avia-image-container-inner\"><div class=\"avia-image-overlay-wrap\"><img class='avia_image' src='https:\/\/swissmediadesign.com\/wp-content\/uploads\/2024\/11\/office-2-scaled.jpg' alt='' title='oficina-2'  height=\"1679\" width=\"2560\"  itemprop=\"thumbnailUrl\"  \/><\/div><\/div><\/div><\/div>","protected":false},"excerpt":{"rendered":"","protected":false},"author":2,"featured_media":0,"parent":0,"menu_order":2000,"comment_status":"closed","ping_status":"closed","template":"","meta":{"footnotes":""},"class_list":["post-1993","page","type-page","status-publish","hentry"],"_links":{"self":[{"href":"https:\/\/swissmediadesign.com\/es\/wp-json\/wp\/v2\/pages\/1993","targetHints":{"allow":["GET"]}}],"collection":[{"href":"https:\/\/swissmediadesign.com\/es\/wp-json\/wp\/v2\/pages"}],"about":[{"href":"https:\/\/swissmediadesign.com\/es\/wp-json\/wp\/v2\/types\/page"}],"author":[{"embeddable":true,"href":"https:\/\/swissmediadesign.com\/es\/wp-json\/wp\/v2\/users\/2"}],"replies":[{"embeddable":true,"href":"https:\/\/swissmediadesign.com\/es\/wp-json\/wp\/v2\/comments?post=1993"}],"version-history":[{"count":0,"href":"https:\/\/swissmediadesign.com\/es\/wp-json\/wp\/v2\/pages\/1993\/revisions"}],"wp:attachment":[{"href":"https:\/\/swissmediadesign.com\/es\/wp-json\/wp\/v2\/media?parent=1993"}],"curies":[{"name":"wp","href":"https:\/\/api.w.org\/{rel}","templated":true}]}}