{"id":201,"date":"2024-04-02T21:02:48","date_gmt":"2024-04-02T19:02:48","guid":{"rendered":"https:\/\/swissmediadesign.com\/?page_id=201"},"modified":"2025-04-24T08:46:31","modified_gmt":"2025-04-24T06:46:31","slug":"datensicherheit","status":"publish","type":"page","link":"https:\/\/swissmediadesign.com\/es\/nuestra-experiencia\/domina\/soluciones-de-marca-innovadoras\/storytelling-marketing-de-contenidos\/","title":{"rendered":"Seguridad de los datos"},"content":{"rendered":"<style type=\"text\/css\" data-created_by=\"avia_inline_auto\" id=\"style-css-av-lwpcvfll-44e07879677c02ea955b5f33a611bcbc\">\n.avia-section.av-lwpcvfll-44e07879677c02ea955b5f33a611bcbc{\nbackground-repeat:no-repeat;\nbackground-image:url(https:\/\/swissmediadesign.com\/wp-content\/uploads\/2024\/05\/162195870_m_normal_none-1500x1000.jpg);\nbackground-position:50% 50%;\nbackground-attachment:scroll;\n}\n.avia-section.av-lwpcvfll-44e07879677c02ea955b5f33a611bcbc .av-section-color-overlay{\nopacity:0.5;\nbackground-color:#000000;\n}\n<\/style>\n<div id='av_section_1'  class='avia-section av-lwpcvfll-44e07879677c02ea955b5f33a611bcbc main_color avia-section-default avia-no-border-styling  avia-builder-el-0  el_before_av_one_full  avia-builder-el-first  avia-full-stretch avia-bg-style-scroll av-section-color-overlay-active container_wrap fullsize'  data-section-bg-repeat='stretch'><div class=\"av-section-color-overlay-wrap\"><div class=\"av-section-color-overlay\"><\/div><div class='container av-section-cont-open' ><main  role=\"main\" itemprop=\"mainContentOfPage\"  class='template-page content  av-content-full alpha units'><div class='post-entry post-entry-type-page post-entry-201'><div class='entry-content-wrapper clearfix'>\n<div  class='flex_column av-134855-0b13bc304415b30dec16916d771a23a3 av_one_fifth  avia-builder-el-1  el_before_av_three_fifth  avia-builder-el-first  first flex_column_div'     ><\/div><div  class='flex_column av-vx1w9-ab048e6ec7b86592b9432d69a4459368 av_three_fifth  avia-builder-el-2  el_after_av_one_fifth  el_before_av_one_fifth  flex_column_div'     ><p>\n<style type=\"text\/css\" data-created_by=\"avia_inline_auto\" id=\"style-css-av-lwpcuf7o-327e7d9bdb75cd45a5af52b0f36419d3\">\n#top .av-special-heading.av-lwpcuf7o-327e7d9bdb75cd45a5af52b0f36419d3{\npadding-bottom:10px;\ncolor:#ffffff;\n}\nbody .av-special-heading.av-lwpcuf7o-327e7d9bdb75cd45a5af52b0f36419d3 .av-special-heading-tag .heading-char{\nfont-size:25px;\n}\n.av-special-heading.av-lwpcuf7o-327e7d9bdb75cd45a5af52b0f36419d3 .special-heading-inner-border{\nborder-color:#ffffff;\n}\n.av-special-heading.av-lwpcuf7o-327e7d9bdb75cd45a5af52b0f36419d3 .av-subheading{\nfont-size:15px;\n}\n<\/style>\n<div  class='av-special-heading av-lwpcuf7o-327e7d9bdb75cd45a5af52b0f36419d3 av-special-heading-h1 custom-color-heading blockquote modern-quote modern-centered  avia-builder-el-3  el_before_av_textblock  avia-builder-el-first'><h1 class='av-special-heading-tag'  itemprop=\"headline\"  >Seguridad de los datos<\/h1><div class='av_custom_color av-subheading av-subheading_below'><p><a href=\"https:\/\/swissmediadesign.com\/es\/nuestra-experiencia\/domina\/soluciones-de-marca-innovadoras\/\">Seguridad<\/a> \/ <a href=\"https:\/\/swissmediadesign.com\/es\/nuestra-experiencia\/domina\/soluciones-de-marca-innovadoras\/storytelling-marketing-de-contenidos\/\">Seguridad de los datos<\/a><\/p>\n<\/div><div class=\"special-heading-border\"><div class=\"special-heading-inner-border\"><\/div><\/div><\/div><br \/>\n\n<style type=\"text\/css\" data-created_by=\"avia_inline_auto\" id=\"style-css-av-lwpcw51b-59137f7a293f0c28a810e13e04007125\">\n#top .av_textblock_section.av-lwpcw51b-59137f7a293f0c28a810e13e04007125 .avia_textblock{\ncolor:#ffffff;\n}\n<\/style>\n<section  class='av_textblock_section av-lwpcw51b-59137f7a293f0c28a810e13e04007125'   itemscope=\"itemscope\" itemtype=\"https:\/\/schema.org\/CreativeWork\" ><div class='avia_textblock av_inherit_color'  itemprop=\"text\" ><p style=\"text-align: center;\">La seguridad de los datos es crucial para garantizar la integridad y confidencialidad de su informaci\u00f3n sensible en todo momento. Swiss Media Design ofrece soluciones integrales para proteger sus datos de p\u00e9rdidas, robos y accesos no autorizados. Conf\u00ede en nuestra experiencia para obtener la m\u00e1xima seguridad de sus datos.<\/p>\n<\/div><\/section><\/p><\/div><div  class='flex_column av-r7bk1-e81332fa52537259ecefa8f4831a1c78 av_one_fifth  avia-builder-el-5  el_after_av_three_fifth  avia-builder-el-last  flex_column_div'     ><\/div><\/div><\/div><\/main><!-- close content main element --><\/div><\/div><\/div><div id='after_section_1'  class='main_color av_default_container_wrap container_wrap fullsize'  ><div class='container av-section-cont-open' ><div class='template-page content  av-content-full alpha units'><div class='post-entry post-entry-type-page post-entry-201'><div class='entry-content-wrapper clearfix'><div  class='flex_column av-jtugh-d540c44d4a8a9d01da43505d9f68d1e0 av_one_full  avia-builder-el-6  el_after_av_section  avia-builder-el-no-sibling  first flex_column_div'     ><p>\n<style type=\"text\/css\" data-created_by=\"avia_inline_auto\" id=\"style-css-av-ghlr5-0f06a4be50aecc3caba0d2298ce0e37f\">\n#top .av-special-heading.av-ghlr5-0f06a4be50aecc3caba0d2298ce0e37f{\npadding-bottom:10px;\n}\nbody .av-special-heading.av-ghlr5-0f06a4be50aecc3caba0d2298ce0e37f .av-special-heading-tag .heading-char{\nfont-size:25px;\n}\n.av-special-heading.av-ghlr5-0f06a4be50aecc3caba0d2298ce0e37f .av-subheading{\nfont-size:15px;\n}\n<\/style>\n<div  class='av-special-heading av-ghlr5-0f06a4be50aecc3caba0d2298ce0e37f av-special-heading-h2 blockquote modern-quote  avia-builder-el-7  el_before_av_textblock  avia-builder-el-first'><h2 class='av-special-heading-tag'  itemprop=\"headline\"  >Optimizaci\u00f3n continua de su arquitectura de seguridad<\/h2><div class=\"special-heading-border\"><div class=\"special-heading-inner-border\"><\/div><\/div><\/div><br \/>\n<section  class='av_textblock_section av-86y7l-128dbfa108edefdc76b607753c0623ae'   itemscope=\"itemscope\" itemtype=\"https:\/\/schema.org\/CreativeWork\" ><div class='avia_textblock'  itemprop=\"text\" ><p>En el mundo digital actual, la seguridad de los datos es primordial para garantizar la integridad, confidencialidad y disponibilidad de su informaci\u00f3n sensible. En Swiss Media Design, somos conscientes de la importancia cr\u00edtica de proteger sus datos y ofrecemos soluciones integrales basadas en las tecnolog\u00edas m\u00e1s avanzadas y las mejores pr\u00e1cticas.<\/p>\n<p>Nuestros servicios comienzan con una evaluaci\u00f3n detallada de su infraestructura de seguridad actual. Identificamos las vulnerabilidades y amenazas potenciales que podr\u00edan poner en peligro sus datos. A partir de este an\u00e1lisis, desarrollamos estrategias de seguridad personalizadas que se adaptan espec\u00edficamente a las necesidades y requisitos de su empresa. Nuestras soluciones incluyen la implantaci\u00f3n de tecnolog\u00edas avanzadas de cifrado, cortafuegos y sistemas de detecci\u00f3n de intrusiones (IDS) para garantizar una protecci\u00f3n integral de sus datos.<\/p>\n<p>Una parte esencial de nuestros servicios de seguridad de datos es la supervisi\u00f3n continua de sus sistemas. Mediante el uso de herramientas de supervisi\u00f3n de \u00faltima generaci\u00f3n, podemos detectar actividades inusuales y amenazas potenciales en tiempo real y tomar medidas inmediatas para evitar da\u00f1os. Esta estrategia de supervisi\u00f3n proactiva garantiza que sus datos est\u00e9n protegidos en todo momento y que pueda reaccionar r\u00e1pidamente ante nuevas amenazas.<\/p>\n<p>Tambi\u00e9n ofrecemos auditor\u00edas de seguridad y pruebas de penetraci\u00f3n peri\u00f3dicas para comprobar y mejorar continuamente la eficacia de sus medidas de seguridad. Estas pruebas nos ayudan a reconocer las vulnerabilidades en una fase temprana y a tomar medidas espec\u00edficas para rectificarlas. Nuestro objetivo es optimizar constantemente su arquitectura de seguridad y adaptarla al cambiante panorama de las amenazas.<\/p>\n<p>Otro aspecto importante de nuestros servicios de seguridad de datos es la formaci\u00f3n y sensibilizaci\u00f3n de sus empleados. El error humano suele ser el punto m\u00e1s d\u00e9bil de la cadena de seguridad, por lo que ofrecemos programas completos de formaci\u00f3n para concienciar a su equipo de la importancia de la seguridad de los datos y compartir las mejores pr\u00e1cticas de seguridad. Mediante formaci\u00f3n peri\u00f3dica y simulacros de incidentes de seguridad, nos aseguramos de que sus empleados sepan c\u00f3mo reconocer y responder a posibles amenazas.<\/p>\n<p>Conf\u00ede en la experiencia de Swiss Media Design para reforzar la seguridad de sus datos y proteger su informaci\u00f3n confidencial. Con nuestras soluciones de seguridad personalizadas, medidas de supervisi\u00f3n proactivas y programas de formaci\u00f3n exhaustivos, somos su socio de confianza para proteger los datos de su empresa y garantizar la continuidad del negocio en un mundo cada vez m\u00e1s conectado.<\/p>\n<\/div><\/section><\/p><\/div><\/p>","protected":false},"excerpt":{"rendered":"","protected":false},"author":2,"featured_media":0,"parent":199,"menu_order":3331,"comment_status":"closed","ping_status":"closed","template":"","meta":{"footnotes":""},"class_list":["post-201","page","type-page","status-publish","hentry"],"_links":{"self":[{"href":"https:\/\/swissmediadesign.com\/es\/wp-json\/wp\/v2\/pages\/201","targetHints":{"allow":["GET"]}}],"collection":[{"href":"https:\/\/swissmediadesign.com\/es\/wp-json\/wp\/v2\/pages"}],"about":[{"href":"https:\/\/swissmediadesign.com\/es\/wp-json\/wp\/v2\/types\/page"}],"author":[{"embeddable":true,"href":"https:\/\/swissmediadesign.com\/es\/wp-json\/wp\/v2\/users\/2"}],"replies":[{"embeddable":true,"href":"https:\/\/swissmediadesign.com\/es\/wp-json\/wp\/v2\/comments?post=201"}],"version-history":[{"count":0,"href":"https:\/\/swissmediadesign.com\/es\/wp-json\/wp\/v2\/pages\/201\/revisions"}],"up":[{"embeddable":true,"href":"https:\/\/swissmediadesign.com\/es\/wp-json\/wp\/v2\/pages\/199"}],"wp:attachment":[{"href":"https:\/\/swissmediadesign.com\/es\/wp-json\/wp\/v2\/media?parent=201"}],"curies":[{"name":"wp","href":"https:\/\/api.w.org\/{rel}","templated":true}]}}