{"id":203,"date":"2024-04-02T21:03:11","date_gmt":"2024-04-02T19:03:11","guid":{"rendered":"https:\/\/swissmediadesign.com\/?page_id=203"},"modified":"2025-04-24T08:46:45","modified_gmt":"2025-04-24T06:46:45","slug":"cybersecurity","status":"publish","type":"page","link":"https:\/\/swissmediadesign.com\/es\/nuestra-experiencia\/domina\/soluciones-de-marca-innovadoras\/estrategias-seo-avanzadas\/","title":{"rendered":"Ciberseguridad"},"content":{"rendered":"<style type=\"text\/css\" data-created_by=\"avia_inline_auto\" id=\"style-css-av-lwpc0lfz-f59f8d83b1c84b198168a75ca9a63234\">\n.avia-section.av-lwpc0lfz-f59f8d83b1c84b198168a75ca9a63234{\nbackground-repeat:no-repeat;\nbackground-image:url(https:\/\/swissmediadesign.com\/wp-content\/uploads\/2024\/05\/224386232_m_normal_none-7-1500x1000.jpg);\nbackground-position:50% 50%;\nbackground-attachment:scroll;\n}\n.avia-section.av-lwpc0lfz-f59f8d83b1c84b198168a75ca9a63234 .av-section-color-overlay{\nopacity:0.5;\nbackground-color:#000000;\n}\n<\/style>\n<div id='av_section_1'  class='avia-section av-lwpc0lfz-f59f8d83b1c84b198168a75ca9a63234 main_color avia-section-default avia-no-border-styling  avia-builder-el-0  el_before_av_one_full  avia-builder-el-first  avia-full-stretch avia-bg-style-scroll av-section-color-overlay-active container_wrap fullsize'  data-section-bg-repeat='stretch'><div class=\"av-section-color-overlay-wrap\"><div class=\"av-section-color-overlay\"><\/div><div class='container av-section-cont-open' ><main  role=\"main\" itemprop=\"mainContentOfPage\"  class='template-page content  av-content-full alpha units'><div class='post-entry post-entry-type-page post-entry-203'><div class='entry-content-wrapper clearfix'>\n<div  class='flex_column av-19tf0j-db4f8f6e0daf3ca0c34ca1256ac9a045 av_one_fifth  avia-builder-el-1  el_before_av_three_fifth  avia-builder-el-first  first flex_column_div'     ><\/div><div  class='flex_column av-152kjv-cf2b942f2098fb080a09f25c42111019 av_three_fifth  avia-builder-el-2  el_after_av_one_fifth  el_before_av_one_fifth  flex_column_div'     ><p>\n<style type=\"text\/css\" data-created_by=\"avia_inline_auto\" id=\"style-css-av-lwpbzw9w-0cec2ddb979cdaa5a2231224970d362c\">\n#top .av-special-heading.av-lwpbzw9w-0cec2ddb979cdaa5a2231224970d362c{\npadding-bottom:10px;\ncolor:#ffffff;\n}\nbody .av-special-heading.av-lwpbzw9w-0cec2ddb979cdaa5a2231224970d362c .av-special-heading-tag .heading-char{\nfont-size:25px;\n}\n.av-special-heading.av-lwpbzw9w-0cec2ddb979cdaa5a2231224970d362c .special-heading-inner-border{\nborder-color:#ffffff;\n}\n.av-special-heading.av-lwpbzw9w-0cec2ddb979cdaa5a2231224970d362c .av-subheading{\nfont-size:15px;\n}\n<\/style>\n<div  class='av-special-heading av-lwpbzw9w-0cec2ddb979cdaa5a2231224970d362c av-special-heading-h1 custom-color-heading blockquote modern-quote modern-centered  avia-builder-el-3  el_before_av_textblock  avia-builder-el-first'><h1 class='av-special-heading-tag'  itemprop=\"headline\"  >Ciberseguridad<\/h1><div class='av_custom_color av-subheading av-subheading_below'><p><a href=\"https:\/\/swissmediadesign.com\/es\/nuestra-experiencia\/domina\/soluciones-de-marca-innovadoras\/\">Seguridad<\/a> \/ <a href=\"https:\/\/swissmediadesign.com\/es\/nuestra-experiencia\/domina\/soluciones-de-marca-innovadoras\/estrategias-seo-avanzadas\/\">Ciberseguridad<\/a><\/p>\n<\/div><div class=\"special-heading-border\"><div class=\"special-heading-inner-border\"><\/div><\/div><\/div><br \/>\n\n<style type=\"text\/css\" data-created_by=\"avia_inline_auto\" id=\"style-css-av-umyy3-4d33bb532d87a4a16d49710734196f88\">\n#top .av_textblock_section.av-umyy3-4d33bb532d87a4a16d49710734196f88 .avia_textblock{\ncolor:#ffffff;\n}\n<\/style>\n<section  class='av_textblock_section av-umyy3-4d33bb532d87a4a16d49710734196f88'   itemscope=\"itemscope\" itemtype=\"https:\/\/schema.org\/CreativeWork\" ><div class='avia_textblock av_inherit_color'  itemprop=\"text\" ><p style=\"text-align: center;\">En un mundo interconectado, la ciberseguridad es crucial para proteger los datos de su empresa. Swiss Media Design ofrece soluciones integrales para proteger a su organizaci\u00f3n de las amenazas digitales. Conf\u00ede en nuestra experiencia para salvaguardar sus activos digitales y la continuidad de su negocio.<\/p>\n<\/div><\/section><\/p><\/div><div  class='flex_column av-te8lv-d85ad1bc0bf72db7ac0ed335f954f589 av_one_fifth  avia-builder-el-5  el_after_av_three_fifth  avia-builder-el-last  flex_column_div'     ><\/div><\/div><\/div><\/main><!-- close content main element --><\/div><\/div><\/div><div id='after_section_1'  class='main_color av_default_container_wrap container_wrap fullsize'  ><div class='container av-section-cont-open' ><div class='template-page content  av-content-full alpha units'><div class='post-entry post-entry-type-page post-entry-203'><div class='entry-content-wrapper clearfix'><div  class='flex_column av-kmzub-5456ed7b39cc31143c9a151a8e212c72 av_one_full  avia-builder-el-6  el_after_av_section  avia-builder-el-no-sibling  first flex_column_div'     ><p>\n<style type=\"text\/css\" data-created_by=\"avia_inline_auto\" id=\"style-css-av-d1xlf-cf21adf1d6b8b8bb1980e668d7663b8e\">\n#top .av-special-heading.av-d1xlf-cf21adf1d6b8b8bb1980e668d7663b8e{\npadding-bottom:10px;\n}\nbody .av-special-heading.av-d1xlf-cf21adf1d6b8b8bb1980e668d7663b8e .av-special-heading-tag .heading-char{\nfont-size:25px;\n}\n.av-special-heading.av-d1xlf-cf21adf1d6b8b8bb1980e668d7663b8e .av-subheading{\nfont-size:15px;\n}\n<\/style>\n<div  class='av-special-heading av-d1xlf-cf21adf1d6b8b8bb1980e668d7663b8e av-special-heading-h2 blockquote modern-quote  avia-builder-el-7  el_before_av_textblock  avia-builder-el-first'><h2 class='av-special-heading-tag'  itemprop=\"headline\"  >Soluciones avanzadas de ciberseguridad para su empresa<\/h2><div class=\"special-heading-border\"><div class=\"special-heading-inner-border\"><\/div><\/div><\/div><br \/>\n<section  class='av_textblock_section av-2wbn-2e0072cc6551f9774c43a15f713bb5b3'   itemscope=\"itemscope\" itemtype=\"https:\/\/schema.org\/CreativeWork\" ><div class='avia_textblock'  itemprop=\"text\" ><p>En el mundo digitalizado de hoy en d\u00eda, la ciberseguridad es fundamental para proteger la integridad, confidencialidad y disponibilidad de los datos de su empresa. En Swiss Media Design somos conscientes de que los ciberataques son cada vez m\u00e1s sofisticados y frecuentes, lo que exige un enfoque proactivo y exhaustivo de la seguridad. Nuestros servicios de ciberseguridad est\u00e1n dise\u00f1ados para proteger a su organizaci\u00f3n de una amplia gama de amenazas digitales y garantizar que sus operaciones empresariales puedan seguir funcionando sin problemas ni interrupciones.<\/p>\n<p>Nuestras soluciones de ciberseguridad comienzan con una evaluaci\u00f3n exhaustiva de su infraestructura de seguridad actual. Identificamos vulnerabilidades y riesgos potenciales en sus sistemas y desarrollamos estrategias de seguridad personalizadas que se adaptan espec\u00edficamente a las necesidades y requisitos de su empresa. Trabajamos exclusivamente con herramientas de primera calidad y evitamos los proveedores gratuitos para garantizar los m\u00e1s altos est\u00e1ndares de seguridad. Nuestros expertos implantan medidas de seguridad avanzadas, como cortafuegos, sistemas de detecci\u00f3n de intrusiones (IDS) y tecnolog\u00edas de cifrado, para garantizar la protecci\u00f3n multicapa de sus activos digitales.<\/p>\n<p>Una parte esencial de nuestros servicios de ciberseguridad es la supervisi\u00f3n continua de sus sistemas. Utilizando las herramientas de supervisi\u00f3n m\u00e1s avanzadas, podemos detectar actividades inusuales y amenazas potenciales en tiempo real y tomar medidas inmediatas para evitar da\u00f1os. Nuestras estrategias proactivas de supervisi\u00f3n y respuesta garantizan que su organizaci\u00f3n est\u00e9 protegida en todo momento contra las ciberamenazas nuevas y emergentes.<\/p>\n<p>Tambi\u00e9n ofrecemos comprobaciones peri\u00f3dicas de seguridad y pruebas de penetraci\u00f3n para comprobar y mejorar continuamente la resistencia de sus sistemas a los ataques. Estas pruebas nos ayudan a reconocer las vulnerabilidades en una fase temprana y a tomar medidas espec\u00edficas para rectificarlas. Nuestro objetivo es optimizar constantemente su arquitectura de seguridad y adaptarla al cambiante panorama de las amenazas.<\/p>\n<p>Otro aspecto importante de nuestros servicios de ciberseguridad es la formaci\u00f3n y sensibilizaci\u00f3n de sus empleados. El error humano suele ser el punto m\u00e1s d\u00e9bil de la cadena de seguridad, por lo que ofrecemos completos programas de formaci\u00f3n para concienciar a su equipo de la importancia de la ciberseguridad y ense\u00f1ar las mejores pr\u00e1cticas de seguridad. Mediante formaci\u00f3n peri\u00f3dica y simulaciones de ataques de phishing, nos aseguramos de que sus empleados sepan c\u00f3mo reconocer y responder a posibles amenazas.<\/p>\n<p>Nuestra experiencia se centra especialmente en el \u00e1mbito de la seguridad de WordPress. Ofrecemos soluciones de seguridad especializadas para sitios web WordPress con el fin de garantizar que su presencia en l\u00ednea est\u00e9 siempre protegida. Tambi\u00e9n podemos implementar medidas de seguridad integrales para otros sistemas y plataformas.<\/p>\n<p>Conf\u00ede en la experiencia de Swiss Media Design para reforzar su ciberseguridad y proteger sus activos digitales. Con nuestras soluciones de seguridad personalizadas, medidas de supervisi\u00f3n proactivas y programas de formaci\u00f3n exhaustivos, somos su socio de confianza para proteger los datos de su empresa y garantizar la continuidad del negocio en un mundo cada vez m\u00e1s conectado.<\/p>\n<\/div><\/section><\/p><\/div><\/p>","protected":false},"excerpt":{"rendered":"","protected":false},"author":2,"featured_media":0,"parent":199,"menu_order":3332,"comment_status":"closed","ping_status":"closed","template":"","meta":{"footnotes":""},"class_list":["post-203","page","type-page","status-publish","hentry"],"_links":{"self":[{"href":"https:\/\/swissmediadesign.com\/es\/wp-json\/wp\/v2\/pages\/203","targetHints":{"allow":["GET"]}}],"collection":[{"href":"https:\/\/swissmediadesign.com\/es\/wp-json\/wp\/v2\/pages"}],"about":[{"href":"https:\/\/swissmediadesign.com\/es\/wp-json\/wp\/v2\/types\/page"}],"author":[{"embeddable":true,"href":"https:\/\/swissmediadesign.com\/es\/wp-json\/wp\/v2\/users\/2"}],"replies":[{"embeddable":true,"href":"https:\/\/swissmediadesign.com\/es\/wp-json\/wp\/v2\/comments?post=203"}],"version-history":[{"count":0,"href":"https:\/\/swissmediadesign.com\/es\/wp-json\/wp\/v2\/pages\/203\/revisions"}],"up":[{"embeddable":true,"href":"https:\/\/swissmediadesign.com\/es\/wp-json\/wp\/v2\/pages\/199"}],"wp:attachment":[{"href":"https:\/\/swissmediadesign.com\/es\/wp-json\/wp\/v2\/media?parent=203"}],"curies":[{"name":"wp","href":"https:\/\/api.w.org\/{rel}","templated":true}]}}