{"id":25,"date":"2024-04-02T15:56:08","date_gmt":"2024-04-02T13:56:08","guid":{"rendered":"https:\/\/swissmediadesign.com\/?page_id=25"},"modified":"2025-03-25T10:19:17","modified_gmt":"2025-03-25T09:19:17","slug":"werte-und-ethik","status":"publish","type":"page","link":"https:\/\/swissmediadesign.com\/es\/agencia\/valores-y-etica\/","title":{"rendered":"Valores y \u00e9tica"},"content":{"rendered":"<style type=\"text\/css\" data-created_by=\"avia_inline_auto\" id=\"style-css-av-luj9x2eb-5325fde0bb295c1d80fcd07149a22144\">\n.avia-section.av-luj9x2eb-5325fde0bb295c1d80fcd07149a22144{\nbackground-repeat:no-repeat;\nbackground-image:url(https:\/\/swissmediadesign.com\/wp-content\/uploads\/2024\/04\/141171445_m_normal_none-1500x1001.jpg);\nbackground-position:50% 50%;\nbackground-attachment:scroll;\n}\n.avia-section.av-luj9x2eb-5325fde0bb295c1d80fcd07149a22144 .av-section-color-overlay{\nopacity:0.5;\nbackground-color:#000000;\n}\n<\/style>\n<div id='av_section_1'  class='avia-section av-luj9x2eb-5325fde0bb295c1d80fcd07149a22144 main_color avia-section-default avia-no-border-styling  avia-builder-el-0  el_before_av_section  avia-builder-el-first  avia-full-stretch avia-bg-style-scroll av-section-color-overlay-active container_wrap fullsize'  data-section-bg-repeat='stretch'><div class=\"av-section-color-overlay-wrap\"><div class=\"av-section-color-overlay\"><\/div><div class='container av-section-cont-open' ><main  role=\"main\" itemprop=\"mainContentOfPage\"  class='template-page content  av-content-full alpha units'><div class='post-entry post-entry-type-page post-entry-25'><div class='entry-content-wrapper clearfix'>\n<div  class='flex_column av-24jyl-fcabec5951310e4c1820afe47e73c51b av_one_fifth  avia-builder-el-1  el_before_av_three_fifth  avia-builder-el-first  first flex_column_div'     ><\/div><div  class='flex_column av-19kzp-07c200b4bcfedf38dc0c9b8ce9785512 av_three_fifth  avia-builder-el-2  el_after_av_one_fifth  el_before_av_one_fifth  flex_column_div'     ><p>\n<style type=\"text\/css\" data-created_by=\"avia_inline_auto\" id=\"style-css-av-luj9vrv4-2a75d8445b939fb7e1267e007de6c088\">\n#top .av-special-heading.av-luj9vrv4-2a75d8445b939fb7e1267e007de6c088{\npadding-bottom:10px;\ncolor:#ffffff;\n}\nbody .av-special-heading.av-luj9vrv4-2a75d8445b939fb7e1267e007de6c088 .av-special-heading-tag .heading-char{\nfont-size:25px;\n}\n.av-special-heading.av-luj9vrv4-2a75d8445b939fb7e1267e007de6c088 .special-heading-inner-border{\nborder-color:#ffffff;\n}\n.av-special-heading.av-luj9vrv4-2a75d8445b939fb7e1267e007de6c088 .av-subheading{\nfont-size:15px;\n}\n<\/style>\n<div  class='av-special-heading av-luj9vrv4-2a75d8445b939fb7e1267e007de6c088 av-special-heading-h1 custom-color-heading blockquote modern-quote modern-centered  avia-builder-el-3  el_before_av_textblock  avia-builder-el-first'><h1 class='av-special-heading-tag'  itemprop=\"headline\"  >Valores y \u00e9tica<\/h1><div class=\"special-heading-border\"><div class=\"special-heading-inner-border\"><\/div><\/div><\/div><br \/>\n\n<style type=\"text\/css\" data-created_by=\"avia_inline_auto\" id=\"style-css-av-luj9xz6m-c372a0da6d2a54957445ef480f801042\">\n#top .av_textblock_section.av-luj9xz6m-c372a0da6d2a54957445ef480f801042 .avia_textblock{\ncolor:#ffffff;\n}\n<\/style>\n<section  class='av_textblock_section av-luj9xz6m-c372a0da6d2a54957445ef480f801042'   itemscope=\"itemscope\" itemtype=\"https:\/\/schema.org\/CreativeWork\" ><div class='avia_textblock av_inherit_color'  itemprop=\"text\" ><p style=\"text-align: center;\">Nuestros valores -integridad, confianza y respeto- est\u00e1n en el centro de todo lo que hacemos. Nos gu\u00edan en un entorno cambiante y son una promesa firme a nuestros clientes y a la comunidad. Nuestro trabajo refleja estos principios como base de un comportamiento responsable.<\/p>\n<\/div><\/section><\/p><\/div><div  class='flex_column av-vy91-81830e920348268736ffe9f6fb694591 av_one_fifth  avia-builder-el-5  el_after_av_three_fifth  avia-builder-el-last  flex_column_div'     ><\/div>\n\n<\/div><\/div><\/main><!-- close content main element --><\/div><\/div><\/div><div id='av_section_2'  class='avia-section av-1lfm1-095349023d037e478e8f8d402c0c4ee2 main_color avia-section-default avia-no-border-styling  avia-builder-el-6  el_after_av_section  avia-builder-el-last  avia-bg-style-scroll container_wrap fullsize'  ><div class='container av-section-cont-open' ><div class='template-page content  av-content-full alpha units'><div class='post-entry post-entry-type-page post-entry-25'><div class='entry-content-wrapper clearfix'>\n<div  class='flex_column av-t8n5-78d97f4bab0d5ddd933e8eb1a105a161 av_one_full  avia-builder-el-7  avia-builder-el-no-sibling  first flex_column_div'     ><p>\n<style type=\"text\/css\" data-created_by=\"avia_inline_auto\" id=\"style-css-av-luja0eym-22ca1235573a6d385b9bd11dad7b356c\">\n#top .av-special-heading.av-luja0eym-22ca1235573a6d385b9bd11dad7b356c{\npadding-bottom:10px;\n}\nbody .av-special-heading.av-luja0eym-22ca1235573a6d385b9bd11dad7b356c .av-special-heading-tag .heading-char{\nfont-size:25px;\n}\n.av-special-heading.av-luja0eym-22ca1235573a6d385b9bd11dad7b356c .av-subheading{\nfont-size:15px;\n}\n<\/style>\n<div  class='av-special-heading av-luja0eym-22ca1235573a6d385b9bd11dad7b356c av-special-heading-h2 blockquote modern-quote  avia-builder-el-8  el_before_av_textblock  avia-builder-el-first'><h2 class='av-special-heading-tag'  itemprop=\"headline\"  >Nuestra br\u00fajula en un mundo cambiante: los valores que nos mueven<\/h2><div class=\"special-heading-border\"><div class=\"special-heading-inner-border\"><\/div><\/div><\/div><br \/>\n<section  class='av_textblock_section av-luja0nxo-69feaec013b7f0919e32efa66d04a623'   itemscope=\"itemscope\" itemtype=\"https:\/\/schema.org\/CreativeWork\" ><div class='avia_textblock'  itemprop=\"text\" ><p>En un sector caracterizado por la evoluci\u00f3n constante, nuestros valores inquebrantables -integridad, confianza y respeto- nos sirven de br\u00fajula. Estos principios constituyen los cimientos de Swiss Media Design y nos gu\u00edan en todas las facetas de nuestro trabajo. Nos inspiran a pensar m\u00e1s all\u00e1 de lo ordinario, a superar los l\u00edmites y a actuar siempre de forma \u00e9tica y responsable.<\/p>\n<p>Nuestro compromiso con estos valores se manifiesta en la forma en que abordamos los proyectos, cultivamos las relaciones e impulsamos la innovaci\u00f3n. Nos motivan para buscar la excelencia en cada paso de nuestro trabajo, desde la idea inicial hasta la realizaci\u00f3n final. La integridad en el comportamiento empresarial, la confianza como base de toda relaci\u00f3n con el cliente y el respeto por las ideas y valores de todas las partes implicadas no son negociables. Son la base de nuestro \u00e9xito y las razones por las que clientes y socios conf\u00edan en nosotros.<\/p>\n<p>En nuestro empe\u00f1o por dar forma y moldear el panorama digital, reconocemos la importancia de la sostenibilidad y la responsabilidad social. Nuestro compromiso con estos valores garantiza que dejemos una huella positiva no solo en la dimensi\u00f3n digital, sino tambi\u00e9n en las dimensiones social y medioambiental. En Swiss Media Design, vamos m\u00e1s all\u00e1 de la creaci\u00f3n de marcas fuertes y estrategias eficaces: estamos construyendo un futuro en el que el comportamiento \u00e9tico y el \u00e9xito creativo van de la mano.<\/p>\n<p>Nuestros valores y nuestra \u00e9tica siguen siendo el faro firmemente anclado que nos gu\u00eda por el complejo mundo del marketing y el dise\u00f1o. Son las promesas que nos hacemos a nosotros mismos, a nuestros clientes y al mundo. Es en este compromiso donde encontramos nuestra mayor inspiraci\u00f3n y nuestro mayor impulso.<\/p>\n<\/div><\/section><\/p><\/div>","protected":false},"excerpt":{"rendered":"","protected":false},"author":2,"featured_media":0,"parent":1993,"menu_order":2400,"comment_status":"closed","ping_status":"closed","template":"","meta":{"footnotes":""},"class_list":["post-25","page","type-page","status-publish","hentry"],"_links":{"self":[{"href":"https:\/\/swissmediadesign.com\/es\/wp-json\/wp\/v2\/pages\/25","targetHints":{"allow":["GET"]}}],"collection":[{"href":"https:\/\/swissmediadesign.com\/es\/wp-json\/wp\/v2\/pages"}],"about":[{"href":"https:\/\/swissmediadesign.com\/es\/wp-json\/wp\/v2\/types\/page"}],"author":[{"embeddable":true,"href":"https:\/\/swissmediadesign.com\/es\/wp-json\/wp\/v2\/users\/2"}],"replies":[{"embeddable":true,"href":"https:\/\/swissmediadesign.com\/es\/wp-json\/wp\/v2\/comments?post=25"}],"version-history":[{"count":0,"href":"https:\/\/swissmediadesign.com\/es\/wp-json\/wp\/v2\/pages\/25\/revisions"}],"up":[{"embeddable":true,"href":"https:\/\/swissmediadesign.com\/es\/wp-json\/wp\/v2\/pages\/1993"}],"wp:attachment":[{"href":"https:\/\/swissmediadesign.com\/es\/wp-json\/wp\/v2\/media?parent=25"}],"curies":[{"name":"wp","href":"https:\/\/api.w.org\/{rel}","templated":true}]}}