{"id":250,"date":"2024-04-02T22:17:05","date_gmt":"2024-04-02T20:17:05","guid":{"rendered":"https:\/\/swissmediadesign.com\/?page_id=250"},"modified":"2025-03-25T10:22:47","modified_gmt":"2025-03-25T09:22:47","slug":"unsere-erfolge","status":"publish","type":"page","link":"https:\/\/swissmediadesign.com\/es\/agencia\/nuestros-exitos\/","title":{"rendered":"Nuestros \u00e9xitos"},"content":{"rendered":"<style type=\"text\/css\" data-created_by=\"avia_inline_auto\" id=\"style-css-av-lujuy3er-d90e8f64be9542698b26b065ab3af3a7\">\n.avia-section.av-lujuy3er-d90e8f64be9542698b26b065ab3af3a7{\nbackground-repeat:no-repeat;\nbackground-image:url(https:\/\/swissmediadesign.com\/wp-content\/uploads\/2024\/04\/79417838_m_normal_none-1500x900.jpg);\nbackground-position:50% 50%;\nbackground-attachment:scroll;\n}\n.avia-section.av-lujuy3er-d90e8f64be9542698b26b065ab3af3a7 .av-section-color-overlay{\nopacity:0.5;\nbackground-color:#000000;\n}\n<\/style>\n<div id='av_section_1'  class='avia-section av-lujuy3er-d90e8f64be9542698b26b065ab3af3a7 main_color avia-section-default avia-no-border-styling  avia-builder-el-0  el_before_av_section  avia-builder-el-first  avia-full-stretch avia-bg-style-scroll av-section-color-overlay-active container_wrap fullsize'  data-section-bg-repeat='stretch'><div class=\"av-section-color-overlay-wrap\"><div class=\"av-section-color-overlay\"><\/div><div class='container av-section-cont-open' ><main  role=\"main\" itemprop=\"mainContentOfPage\"  class='template-page content  av-content-full alpha units'><div class='post-entry post-entry-type-page post-entry-250'><div class='entry-content-wrapper clearfix'>\n<div  class='flex_column av-ptgua-b467165308a03d5e6cd750dbcb4c5dd0 av_one_fifth  avia-builder-el-1  el_before_av_three_fifth  avia-builder-el-first  first flex_column_div'     ><\/div><div  class='flex_column av-kvs8i-6f91942dcbd95dff5beae2f61d8cbaeb av_three_fifth  avia-builder-el-2  el_after_av_one_fifth  el_before_av_one_fifth  flex_column_div'     ><p>\n<style type=\"text\/css\" data-created_by=\"avia_inline_auto\" id=\"style-css-av-lujuxgvo-a81b8411a5ee6a6c158737282797cb4d\">\n#top .av-special-heading.av-lujuxgvo-a81b8411a5ee6a6c158737282797cb4d{\npadding-bottom:10px;\ncolor:#ffffff;\n}\nbody .av-special-heading.av-lujuxgvo-a81b8411a5ee6a6c158737282797cb4d .av-special-heading-tag .heading-char{\nfont-size:25px;\n}\n.av-special-heading.av-lujuxgvo-a81b8411a5ee6a6c158737282797cb4d .special-heading-inner-border{\nborder-color:#ffffff;\n}\n.av-special-heading.av-lujuxgvo-a81b8411a5ee6a6c158737282797cb4d .av-subheading{\nfont-size:15px;\n}\n<\/style>\n<div  class='av-special-heading av-lujuxgvo-a81b8411a5ee6a6c158737282797cb4d av-special-heading-h1 custom-color-heading blockquote modern-quote modern-centered  avia-builder-el-3  el_before_av_textblock  avia-builder-el-first'><h1 class='av-special-heading-tag'  itemprop=\"headline\"  >Nuestros \u00e9xitos<\/h1><div class=\"special-heading-border\"><div class=\"special-heading-inner-border\"><\/div><\/div><\/div><br \/>\n\n<style type=\"text\/css\" data-created_by=\"avia_inline_auto\" id=\"style-css-av-1m9ey-0673dd23bb440926154a1712b04c0950\">\n#top .av_textblock_section.av-1m9ey-0673dd23bb440926154a1712b04c0950 .avia_textblock{\ncolor:#ffffff;\n}\n<\/style>\n<section  class='av_textblock_section av-1m9ey-0673dd23bb440926154a1712b04c0950'   itemscope=\"itemscope\" itemtype=\"https:\/\/schema.org\/CreativeWork\" ><div class='avia_textblock av_inherit_color'  itemprop=\"text\" ><p style=\"text-align: center;\">Comience su viaje con nosotros y descubra impresionantes soluciones publicitarias que har\u00e1n que su coraz\u00f3n lata m\u00e1s r\u00e1pido. Con dedicaci\u00f3n y creatividad, damos forma a la presencia digital de su marca y transformamos las visiones en \u00e9xitos tangibles.<\/p>\n<\/div><\/section><\/p><\/div><div  class='flex_column av-bjzi2-4466685af97bbc9f513e1c99468a5f58 av_one_fifth  avia-builder-el-5  el_after_av_three_fifth  avia-builder-el-last  flex_column_div'     ><\/div>\n\n<\/div><\/div><\/main><!-- close content main element --><\/div><\/div><\/div><div id='av_section_2'  class='avia-section av-fmla2-24a172079fd14f25ef21efc135f96ae1 main_color avia-section-default avia-no-border-styling  avia-builder-el-6  el_after_av_section  avia-builder-el-last  avia-bg-style-scroll container_wrap fullsize'  ><div class='container av-section-cont-open' ><div class='template-page content  av-content-full alpha units'><div class='post-entry post-entry-type-page post-entry-250'><div class='entry-content-wrapper clearfix'>\n<div  class='flex_column av-7a2lu-db191b97291d8c38e2d15d21995df63e av_one_full  avia-builder-el-7  avia-builder-el-no-sibling  first flex_column_div'     ><p>\n<style type=\"text\/css\" data-created_by=\"avia_inline_auto\" id=\"style-css-av-lujv2jzq-234d368ecd2502a0a77a1ca56aada00f\">\n#top .av-special-heading.av-lujv2jzq-234d368ecd2502a0a77a1ca56aada00f{\npadding-bottom:10px;\n}\nbody .av-special-heading.av-lujv2jzq-234d368ecd2502a0a77a1ca56aada00f .av-special-heading-tag .heading-char{\nfont-size:25px;\n}\n.av-special-heading.av-lujv2jzq-234d368ecd2502a0a77a1ca56aada00f .av-subheading{\nfont-size:15px;\n}\n<\/style>\n<div  class='av-special-heading av-lujv2jzq-234d368ecd2502a0a77a1ca56aada00f av-special-heading-h2 blockquote modern-quote  avia-builder-el-8  el_before_av_textblock  avia-builder-el-first'><h2 class='av-special-heading-tag'  itemprop=\"headline\"  >\u00c9xito y responsabilidad: nuestro compromiso con las normas de calidad suizas<\/h2><div class=\"special-heading-border\"><div class=\"special-heading-inner-border\"><\/div><\/div><\/div><br \/>\n<section  class='av_textblock_section av-lujv1p4e-b8939790c166b2f733b9f69f326d9279'   itemscope=\"itemscope\" itemtype=\"https:\/\/schema.org\/CreativeWork\" ><div class='avia_textblock'  itemprop=\"text\" ><p>En Swiss Media Design, el \u00e9xito es algo m\u00e1s que n\u00fameros y estad\u00edsticas: es el resultado de la pasi\u00f3n, la innovaci\u00f3n y el trabajo duro. Desde la creaci\u00f3n de dise\u00f1os galardonados hasta el desarrollo de estrategias de marketing innovadoras, siempre nos hemos esforzado por alcanzar la excelencia. Nuestros \u00e9xitos se reflejan no s\u00f3lo en nuestros premios y en las opiniones de nuestros clientes, sino tambi\u00e9n en las asociaciones a largo plazo que hemos creado y en los cambios positivos que estamos introduciendo en el mundo. Cada hito que alcanzamos refuerza nuestra b\u00fasqueda de la excelencia y nos motiva para seguir desarrollando soluciones innovadoras que deleiten e impresionen a nuestros clientes. Nuestra trayectoria es un incentivo constante para continuar nuestro camino como agencia l\u00edder en soluciones creativas y seguir marcando la pauta de la excelencia.<\/p>\n<p>Como orgulloso miembro de Swiss Made: Por la calidad de los productos y servicios suizos, estamos comprometidos con los m\u00e1s altos est\u00e1ndares de experiencia, calidad y tradici\u00f3n. Los valores que representa la etiqueta Swiss son los mismos que vivimos y apreciamos en Swiss Media Design. Ofrecemos a las empresas la oportunidad de etiquetar sus productos y servicios con la codiciada etiqueta de la ballesta y destacar as\u00ed de forma atractiva su fuerte conexi\u00f3n con sus or\u00edgenes suizos.<\/p>\n<p>Como miembros de Swiss Label, fabricamos un determinado porcentaje de nuestros productos y servicios exclusivamente en Suiza. Esta decisi\u00f3n consciente garantiza que nuestros productos y servicios cumplen las elevadas normas de calidad suizas de las que estamos orgullosos.<\/p>\n<p>Swiss Label lleva a cabo medidas peri\u00f3dicas de control de calidad para garantizar que los productos y servicios de nuestros miembros cumplen las normas de calidad m\u00e1s estrictas. Adem\u00e1s, ofrecemos a nuestros miembros una plataforma en la que no solo pueden presentar sus productos, sino tambi\u00e9n interactuar con otras empresas mediante campa\u00f1as de marketing conjuntas y cooperaciones.<\/p>\n<p>Adem\u00e1s, llevamos con orgullo el distintivo Swiss Hosting, que significa que en Hostpoint y Webland tenemos todos nuestros servicios de alojamiento e infraestructura web exclusivamente en Suiza. Esta certificaci\u00f3n subraya nuestro compromiso con la calidad y la fiabilidad suizas en todas nuestras \u00e1reas de negocio.<\/p>\n<\/div><\/section><\/p><\/div>","protected":false},"excerpt":{"rendered":"","protected":false},"author":2,"featured_media":0,"parent":1993,"menu_order":2600,"comment_status":"closed","ping_status":"closed","template":"","meta":{"footnotes":""},"class_list":["post-250","page","type-page","status-publish","hentry"],"_links":{"self":[{"href":"https:\/\/swissmediadesign.com\/es\/wp-json\/wp\/v2\/pages\/250","targetHints":{"allow":["GET"]}}],"collection":[{"href":"https:\/\/swissmediadesign.com\/es\/wp-json\/wp\/v2\/pages"}],"about":[{"href":"https:\/\/swissmediadesign.com\/es\/wp-json\/wp\/v2\/types\/page"}],"author":[{"embeddable":true,"href":"https:\/\/swissmediadesign.com\/es\/wp-json\/wp\/v2\/users\/2"}],"replies":[{"embeddable":true,"href":"https:\/\/swissmediadesign.com\/es\/wp-json\/wp\/v2\/comments?post=250"}],"version-history":[{"count":0,"href":"https:\/\/swissmediadesign.com\/es\/wp-json\/wp\/v2\/pages\/250\/revisions"}],"up":[{"embeddable":true,"href":"https:\/\/swissmediadesign.com\/es\/wp-json\/wp\/v2\/pages\/1993"}],"wp:attachment":[{"href":"https:\/\/swissmediadesign.com\/es\/wp-json\/wp\/v2\/media?parent=250"}],"curies":[{"name":"wp","href":"https:\/\/api.w.org\/{rel}","templated":true}]}}