{"id":252,"date":"2024-04-02T22:17:18","date_gmt":"2024-04-02T20:17:18","guid":{"rendered":"https:\/\/swissmediadesign.com\/?page_id=252"},"modified":"2025-03-25T10:25:57","modified_gmt":"2025-03-25T09:25:57","slug":"soziales-engagement","status":"publish","type":"page","link":"https:\/\/swissmediadesign.com\/es\/agencia\/compromiso-social\/","title":{"rendered":"Compromiso social"},"content":{"rendered":"<style type=\"text\/css\" data-created_by=\"avia_inline_auto\" id=\"style-css-av-lujdm0x2-37d8da490f5fbfec2cc5d0c863807a13\">\n.avia-section.av-lujdm0x2-37d8da490f5fbfec2cc5d0c863807a13{\nbackground-repeat:no-repeat;\nbackground-image:url(https:\/\/swissmediadesign.com\/wp-content\/uploads\/2024\/04\/105272634_m_normal_none-1500x1000.jpg);\nbackground-position:50% 50%;\nbackground-attachment:scroll;\n}\n.avia-section.av-lujdm0x2-37d8da490f5fbfec2cc5d0c863807a13 .av-section-color-overlay{\nopacity:0.5;\nbackground-color:#000000;\n}\n<\/style>\n<div id='av_section_1'  class='avia-section av-lujdm0x2-37d8da490f5fbfec2cc5d0c863807a13 main_color avia-section-default avia-no-border-styling  avia-builder-el-0  el_before_av_section  avia-builder-el-first  avia-full-stretch avia-bg-style-scroll av-section-color-overlay-active container_wrap fullsize'  data-section-bg-repeat='stretch'><div class=\"av-section-color-overlay-wrap\"><div class=\"av-section-color-overlay\"><\/div><div class='container av-section-cont-open' ><main  role=\"main\" itemprop=\"mainContentOfPage\"  class='template-page content  av-content-full alpha units'><div class='post-entry post-entry-type-page post-entry-252'><div class='entry-content-wrapper clearfix'>\n<div  class='flex_column av-y4bbw-18bfcbd7fdf5d37a6c5fe39062c29cd9 av_one_fifth  avia-builder-el-1  el_before_av_three_fifth  avia-builder-el-first  first flex_column_div'     ><\/div><div  class='flex_column av-rncr8-35092a9ab2c26d72fb4f0711218973aa av_three_fifth  avia-builder-el-2  el_after_av_one_fifth  el_before_av_one_fifth  flex_column_div'     ><p>\n<style type=\"text\/css\" data-created_by=\"avia_inline_auto\" id=\"style-css-av-lujdm8c2-d543227938943fd9eee1ceeb7115aaab\">\n#top .av-special-heading.av-lujdm8c2-d543227938943fd9eee1ceeb7115aaab{\npadding-bottom:10px;\ncolor:#ffffff;\n}\nbody .av-special-heading.av-lujdm8c2-d543227938943fd9eee1ceeb7115aaab .av-special-heading-tag .heading-char{\nfont-size:25px;\n}\n.av-special-heading.av-lujdm8c2-d543227938943fd9eee1ceeb7115aaab .special-heading-inner-border{\nborder-color:#ffffff;\n}\n.av-special-heading.av-lujdm8c2-d543227938943fd9eee1ceeb7115aaab .av-subheading{\nfont-size:15px;\n}\n<\/style>\n<div  class='av-special-heading av-lujdm8c2-d543227938943fd9eee1ceeb7115aaab av-special-heading-h1 custom-color-heading blockquote modern-quote modern-centered  avia-builder-el-3  el_before_av_textblock  avia-builder-el-first'><h1 class='av-special-heading-tag'  itemprop=\"headline\"  >Compromiso social<\/h1><div class=\"special-heading-border\"><div class=\"special-heading-inner-border\"><\/div><\/div><\/div><br \/>\n\n<style type=\"text\/css\" data-created_by=\"avia_inline_auto\" id=\"style-css-av-lujdsaym-93b5a7537b080b3ccb3f8fac8ab5201e\">\n#top .av_textblock_section.av-lujdsaym-93b5a7537b080b3ccb3f8fac8ab5201e .avia_textblock{\ncolor:#ffffff;\n}\n<\/style>\n<section  class='av_textblock_section av-lujdsaym-93b5a7537b080b3ccb3f8fac8ab5201e'   itemscope=\"itemscope\" itemtype=\"https:\/\/schema.org\/CreativeWork\" ><div class='avia_textblock av_inherit_color'  itemprop=\"text\" ><p style=\"text-align: center;\">En Swiss Media Design apostamos por un futuro sostenible con pasi\u00f3n y determinaci\u00f3n. Nuestro compromiso abarca desde la plantaci\u00f3n de \u00e1rboles para las rese\u00f1as de los clientes hasta el fomento de la electromovilidad.<\/p>\n<\/div><\/section><\/p><\/div><div  class='flex_column av-j2o3o-ecca7f06853504598b22f96301fae6fd av_one_fifth  avia-builder-el-5  el_after_av_three_fifth  avia-builder-el-last  flex_column_div'     ><\/div>\n\n<\/div><\/div><\/main><!-- close content main element --><\/div><\/div><\/div><div id='av_section_2'  class='avia-section av-eiyl0-2643a6acbde77425baba0790b5ff2086 main_color avia-section-default avia-no-border-styling  avia-builder-el-6  el_after_av_section  avia-builder-el-last  avia-bg-style-scroll container_wrap fullsize'  ><div class='container av-section-cont-open' ><div class='template-page content  av-content-full alpha units'><div class='post-entry post-entry-type-page post-entry-252'><div class='entry-content-wrapper clearfix'>\n<div  class='flex_column av-blf78-72543a98d0775d0c2ae9618afc248f3c av_one_full  avia-builder-el-7  avia-builder-el-no-sibling  first flex_column_div'     ><p>\n<style type=\"text\/css\" data-created_by=\"avia_inline_auto\" id=\"style-css-av-lujdrfo2-1eeb467a78a6f417888e50c3dfb57370\">\n#top .av-special-heading.av-lujdrfo2-1eeb467a78a6f417888e50c3dfb57370{\npadding-bottom:10px;\n}\nbody .av-special-heading.av-lujdrfo2-1eeb467a78a6f417888e50c3dfb57370 .av-special-heading-tag .heading-char{\nfont-size:25px;\n}\n.av-special-heading.av-lujdrfo2-1eeb467a78a6f417888e50c3dfb57370 .av-subheading{\nfont-size:15px;\n}\n<\/style>\n<div  class='av-special-heading av-lujdrfo2-1eeb467a78a6f417888e50c3dfb57370 av-special-heading-h2 blockquote modern-quote  avia-builder-el-8  el_before_av_textblock  avia-builder-el-first'><h2 class='av-special-heading-tag'  itemprop=\"headline\"  >Huella ecol\u00f3gica: nuestro compromiso con el futuro<\/h2><div class=\"special-heading-border\"><div class=\"special-heading-inner-border\"><\/div><\/div><\/div><br \/>\n<section  class='av_textblock_section av-lujdqkfd-eb02bcbb3ea7fdecd97444d6b8077da7'   itemscope=\"itemscope\" itemtype=\"https:\/\/schema.org\/CreativeWork\" ><div class='avia_textblock'  itemprop=\"text\" ><p>En Swiss Media Design combinamos la innovaci\u00f3n tecnol\u00f3gica con un profundo compromiso social. Un ejemplo destacado de ello es nuestra colaboraci\u00f3n con Reviewforest: plantamos un \u00e1rbol por cada opini\u00f3n de un cliente. Esta iniciativa est\u00e1 en el centro de nuestros esfuerzos por minimizar nuestra huella ecol\u00f3gica y contribuir activamente a la protecci\u00f3n del medio ambiente. Hasta la fecha, hemos plantado con orgullo m\u00e1s de 100 \u00e1rboles, un signo visible de nuestro compromiso con un futuro m\u00e1s verde.<\/p>\n<p>Nuestra decisi\u00f3n de pasar por completo a trabajar desde casa tambi\u00e9n refleja nuestro compromiso con la sostenibilidad. Esta forma de trabajar no s\u00f3lo nos permite reducir nuestro consumo de energ\u00eda, sino tambi\u00e9n minimizar las emisiones de CO2 causadas por los desplazamientos diarios. Este cambio en nuestra cultura laboral no s\u00f3lo ahorra recursos, sino que tambi\u00e9n fomenta un entorno de trabajo saludable y flexible para nuestro equipo.<\/p>\n<p>Adem\u00e1s de estas iniciativas, nos centramos en la electromovilidad en nuestro propio comportamiento de movilidad. El Tesla como veh\u00edculo de empresa simboliza nuestra visi\u00f3n de un futuro sin emisiones y nuestra convicci\u00f3n de que las tecnolog\u00edas innovadoras son la clave para resolver los retos medioambientales. Este compromiso con los veh\u00edculos el\u00e9ctricos refleja nuestro empe\u00f1o por tomar decisiones sostenibles en todos los \u00e1mbitos de nuestra empresa.<\/p>\n<p>Nuestro compromiso social y nuestras pr\u00e1cticas empresariales sostenibles son una expresi\u00f3n de nuestro empe\u00f1o por dejar una huella positiva tanto en el mundo digital como en el f\u00edsico. En Swiss Media Design, cada paso hacia la sostenibilidad y la responsabilidad social es un paso hacia un \u00e9xito duradero que va m\u00e1s all\u00e1 de los l\u00edmites de nuestra empresa.<\/p>\n<\/div><\/section><\/p><\/div>","protected":false},"excerpt":{"rendered":"","protected":false},"author":2,"featured_media":0,"parent":1993,"menu_order":2700,"comment_status":"closed","ping_status":"closed","template":"","meta":{"footnotes":""},"class_list":["post-252","page","type-page","status-publish","hentry"],"_links":{"self":[{"href":"https:\/\/swissmediadesign.com\/es\/wp-json\/wp\/v2\/pages\/252","targetHints":{"allow":["GET"]}}],"collection":[{"href":"https:\/\/swissmediadesign.com\/es\/wp-json\/wp\/v2\/pages"}],"about":[{"href":"https:\/\/swissmediadesign.com\/es\/wp-json\/wp\/v2\/types\/page"}],"author":[{"embeddable":true,"href":"https:\/\/swissmediadesign.com\/es\/wp-json\/wp\/v2\/users\/2"}],"replies":[{"embeddable":true,"href":"https:\/\/swissmediadesign.com\/es\/wp-json\/wp\/v2\/comments?post=252"}],"version-history":[{"count":0,"href":"https:\/\/swissmediadesign.com\/es\/wp-json\/wp\/v2\/pages\/252\/revisions"}],"up":[{"embeddable":true,"href":"https:\/\/swissmediadesign.com\/es\/wp-json\/wp\/v2\/pages\/1993"}],"wp:attachment":[{"href":"https:\/\/swissmediadesign.com\/es\/wp-json\/wp\/v2\/media?parent=252"}],"curies":[{"name":"wp","href":"https:\/\/api.w.org\/{rel}","templated":true}]}}