{"id":254,"date":"2024-04-02T22:17:30","date_gmt":"2024-04-02T20:17:30","guid":{"rendered":"https:\/\/swissmediadesign.com\/?page_id=254"},"modified":"2025-03-25T11:34:54","modified_gmt":"2025-03-25T10:34:54","slug":"faq","status":"publish","type":"page","link":"https:\/\/swissmediadesign.com\/es\/agencia\/faq\/","title":{"rendered":"PREGUNTAS FRECUENTES"},"content":{"rendered":"<style type=\"text\/css\" data-created_by=\"avia_inline_auto\" id=\"style-css-av-2kc9q-33ca60206f9dceab382e9963e591283c\">\n.avia-section.av-2kc9q-33ca60206f9dceab382e9963e591283c{\nbackground-repeat:no-repeat;\nbackground-image:url(https:\/\/swissmediadesign.com\/wp-content\/uploads\/2024\/04\/141387270_m_normal_none-1500x1000.jpg);\nbackground-position:50% 50%;\nbackground-attachment:scroll;\n}\n.avia-section.av-2kc9q-33ca60206f9dceab382e9963e591283c .av-section-color-overlay{\nopacity:0.5;\nbackground-color:#000000;\n}\n<\/style>\n<div id='av_section_1'  class='avia-section av-2kc9q-33ca60206f9dceab382e9963e591283c main_color avia-section-default avia-no-border-styling  avia-builder-el-0  el_before_av_section  avia-builder-el-first  avia-full-stretch avia-bg-style-scroll av-section-color-overlay-active container_wrap fullsize'  data-section-bg-repeat='stretch'><div class=\"av-section-color-overlay-wrap\"><div class=\"av-section-color-overlay\"><\/div><div class='container av-section-cont-open' ><main  role=\"main\" itemprop=\"mainContentOfPage\"  class='template-page content  av-content-full alpha units'><div class='post-entry post-entry-type-page post-entry-254'><div class='entry-content-wrapper clearfix'>\n<div  class='flex_column av-n336e-143b6d43771f6eb883748ae5b4e078a0 av_one_fifth  avia-builder-el-1  el_before_av_three_fifth  avia-builder-el-first  first flex_column_div'     ><\/div><div  class='flex_column av-1ft5y-a320ec2a9990be805c5a19ddc8ee0699 av_three_fifth  avia-builder-el-2  el_after_av_one_fifth  el_before_av_one_fifth  flex_column_div'     ><p>\n<style type=\"text\/css\" data-created_by=\"avia_inline_auto\" id=\"style-css-av-lujzvo69-5ba677d563982cf36505b4f7dc56f4e7\">\n#top .av-special-heading.av-lujzvo69-5ba677d563982cf36505b4f7dc56f4e7{\npadding-bottom:10px;\ncolor:#ffffff;\n}\nbody .av-special-heading.av-lujzvo69-5ba677d563982cf36505b4f7dc56f4e7 .av-special-heading-tag .heading-char{\nfont-size:25px;\n}\n.av-special-heading.av-lujzvo69-5ba677d563982cf36505b4f7dc56f4e7 .special-heading-inner-border{\nborder-color:#ffffff;\n}\n.av-special-heading.av-lujzvo69-5ba677d563982cf36505b4f7dc56f4e7 .av-subheading{\nfont-size:15px;\n}\n<\/style>\n<div  class='av-special-heading av-lujzvo69-5ba677d563982cf36505b4f7dc56f4e7 av-special-heading-h1 custom-color-heading blockquote modern-quote modern-centered  avia-builder-el-3  el_before_av_textblock  avia-builder-el-first'><h1 class='av-special-heading-tag'  itemprop=\"headline\"  >PREGUNTAS FRECUENTES<\/h1><div class=\"special-heading-border\"><div class=\"special-heading-inner-border\"><\/div><\/div><\/div><br \/>\n\n<style type=\"text\/css\" data-created_by=\"avia_inline_auto\" id=\"style-css-av-lujzwiwn-3a8010795d61ec231638e0e5203de4f2\">\n#top .av_textblock_section.av-lujzwiwn-3a8010795d61ec231638e0e5203de4f2 .avia_textblock{\ncolor:#ffffff;\n}\n<\/style>\n<section  class='av_textblock_section av-lujzwiwn-3a8010795d61ec231638e0e5203de4f2'   itemscope=\"itemscope\" itemtype=\"https:\/\/schema.org\/CreativeWork\" ><div class='avia_textblock av_inherit_color'  itemprop=\"text\" ><p style=\"text-align: center;\">Bienvenido a nuestra secci\u00f3n de preguntas frecuentes. Aqu\u00ed encontrar\u00e1 respuestas a las preguntas m\u00e1s frecuentes sobre nuestros productos, servicios y nuestra empresa. Hemos recopilado cuidadosamente estas preguntas para ofrecerle una asistencia r\u00e1pida y completa.<\/p>\n<\/div><\/section><\/p><\/div><div  class='flex_column av-10m3i-76ad44460ffe61a9f021347fc711aebc av_one_fifth  avia-builder-el-5  el_after_av_three_fifth  avia-builder-el-last  flex_column_div'     ><\/div>\n\n<\/div><\/div><\/main><!-- close content main element --><\/div><\/div><\/div><div id='av_section_2'  class='avia-section av-f2912-48f40cd3d8dacb61d8008b0223a5181a main_color avia-section-default avia-no-border-styling  avia-builder-el-6  el_after_av_section  avia-builder-el-last  avia-bg-style-scroll container_wrap fullsize'  ><div class='container av-section-cont-open' ><div class='template-page content  av-content-full alpha units'><div class='post-entry post-entry-type-page post-entry-254'><div class='entry-content-wrapper clearfix'>\n<div  class='flex_column av-72lbi-e61cec9d1f9670038be7734ae2f32066 av_one_full  avia-builder-el-7  avia-builder-el-no-sibling  first flex_column_div'     ><p><section  class='av_textblock_section av-luk03y36-170336e457511d2d605aeda85b7ed3a0'   itemscope=\"itemscope\" itemtype=\"https:\/\/schema.org\/CreativeWork\" ><div class='avia_textblock'  itemprop=\"text\" ><p>Si, despu\u00e9s de leer las preguntas frecuentes, sigue teniendo preguntas sin respuesta o necesita informaci\u00f3n adicional, no dude en ponerse en contacto con nosotros directamente. Nuestro equipo est\u00e1 a su disposici\u00f3n para responder a cualquiera de sus preguntas y proporcionarle el apoyo necesario. En Swiss Media Design queremos que se sienta bien informado y respaldado en todas las fases de nuestra colaboraci\u00f3n.<\/p>\n<\/div><\/section><br \/>\n\n<style type=\"text\/css\" data-created_by=\"avia_inline_auto\" id=\"style-css-av-luk08azs-1c43d9089449a8063859ca1c3d3672c6\">\n#top .togglecontainer.av-luk08azs-1c43d9089449a8063859ca1c3d3672c6 p.toggler{\ncolor:#555555;\nbackground-color:#f8f8f8;\nborder-color:#e1e1e1;\n}\n#top .togglecontainer.av-luk08azs-1c43d9089449a8063859ca1c3d3672c6 p.toggler .toggle_icon{\ncolor:#ff6600;\nborder-color:#ff6600;\n}\n#top .togglecontainer.av-luk08azs-1c43d9089449a8063859ca1c3d3672c6 p.toggler .toggle_icon > span{\ncolor:#ff6600;\nborder-color:#ff6600;\n}\n#top .togglecontainer.av-luk08azs-1c43d9089449a8063859ca1c3d3672c6 .toggle_wrap .toggle_content{\ncolor:#555555;\nbackground-color:#f8f8f8;\nborder-color:#e1e1e1;\n}\n<\/style>\n<div  class='togglecontainer av-luk08azs-1c43d9089449a8063859ca1c3d3672c6 av-minimal-toggle  avia-builder-el-9  el_after_av_textblock  avia-builder-el-last  toggle_close_all'  itemscope=\"itemscope\" itemtype=\"https:\/\/schema.org\/FAQPage\" >\n<section class='av_toggle_section av-luk05b8a-3-ddbeabf491dcd16fe1232761adaee8e8'  itemscope=\"itemscope\" itemprop=\"mainEntity\" itemtype=\"https:\/\/schema.org\/Question\" ><div role=\"tablist\" class=\"single_toggle\" data-tags=\"{Todo} \"  ><p data-fake-id='#toggle-id-1' class='toggler   av-inherit-border-color'  itemprop=\"name\"  role='tab' tabindex='0' aria-controls='toggle-id-1'>\u00bfQu\u00e9 hay de nuevo en el bot de este sitio web?<span class=\"toggle_icon\"><span class=\"vert_icon\"><\/span><span class=\"hor_icon\"><\/span><\/span><\/p><div id='toggle-id-1' class='toggle_wrap'   itemscope=\"itemscope\" itemprop=\"acceptedAnswer\" itemtype=\"https:\/\/schema.org\/Answer\" ><div class='toggle_content invers-color av-inherit-border-color'  itemprop=\"text\" ><p>Recientemente hemos introducido un nuevo bot dise\u00f1ado para mejorar la interacci\u00f3n y la asistencia a nuestros usuarios. Este bot utiliza tecnolog\u00edas avanzadas para proporcionar informaci\u00f3n relevante de forma m\u00e1s r\u00e1pida y precisa.<\/p>\n<\/div><\/div><\/div><\/section>\n<section class='av_toggle_section av-luk05b8a-3-4d74921e8a899ff38717a5811fb9536e'  itemscope=\"itemscope\" itemprop=\"mainEntity\" itemtype=\"https:\/\/schema.org\/Question\" ><div role=\"tablist\" class=\"single_toggle\" data-tags=\"{Todo} \"  ><p data-fake-id='#toggle-id-2' class='toggler   av-inherit-border-color'  itemprop=\"name\"  role='tab' tabindex='0' aria-controls='toggle-id-2'>\u00bfEs el nuevo bot plenamente operativo de inmediato?<span class=\"toggle_icon\"><span class=\"vert_icon\"><\/span><span class=\"hor_icon\"><\/span><\/span><\/p><div id='toggle-id-2' class='toggle_wrap'   itemscope=\"itemscope\" itemprop=\"acceptedAnswer\" itemtype=\"https:\/\/schema.org\/Answer\" ><div class='toggle_content invers-color av-inherit-border-color'  itemprop=\"text\" ><p>Nuestro nuevo robot est\u00e1 a\u00fan en fase de formaci\u00f3n. Durante este tiempo, est\u00e1 adquiriendo experiencia y aprendiendo de las interacciones para mejorar continuamente sus respuestas y su facilidad de uso.<\/p>\n<\/div><\/div><\/div><\/section>\n<section class='av_toggle_section av-luk05b8a-3-cab5a3a35aaac393d4cf8b433f3af7d5'  itemscope=\"itemscope\" itemprop=\"mainEntity\" itemtype=\"https:\/\/schema.org\/Question\" ><div role=\"tablist\" class=\"single_toggle\" data-tags=\"{Todo} \"  ><p data-fake-id='#toggle-id-3' class='toggler   av-inherit-border-color'  itemprop=\"name\"  role='tab' tabindex='0' aria-controls='toggle-id-3'>\u00bfPuede haber problemas al utilizar el nuevo bot?<span class=\"toggle_icon\"><span class=\"vert_icon\"><\/span><span class=\"hor_icon\"><\/span><\/span><\/p><div id='toggle-id-3' class='toggle_wrap'   itemscope=\"itemscope\" itemprop=\"acceptedAnswer\" itemtype=\"https:\/\/schema.org\/Answer\" ><div class='toggle_content invers-color av-inherit-border-color'  itemprop=\"text\" ><p>Como el bot todav\u00eda est\u00e1 aprendiendo, puede haber ocasionalmente peque\u00f1os problemas o respuestas imprecisas. Estamos trabajando duro para resolver estos problemas r\u00e1pidamente y mejorar continuamente el rendimiento del bot.<\/p>\n<\/div><\/div><\/div><\/section>\n<section class='av_toggle_section av-luk05b8a-3-706e132283e89b70e49942866ac2acbe'  itemscope=\"itemscope\" itemprop=\"mainEntity\" itemtype=\"https:\/\/schema.org\/Question\" ><div role=\"tablist\" class=\"single_toggle\" data-tags=\"{Todo} \"  ><p data-fake-id='#toggle-id-4' class='toggler   av-inherit-border-color'  itemprop=\"name\"  role='tab' tabindex='0' aria-controls='toggle-id-4'>\u00bfC\u00f3mo puedo dar mi opini\u00f3n sobre el nuevo bot?<span class=\"toggle_icon\"><span class=\"vert_icon\"><\/span><span class=\"hor_icon\"><\/span><\/span><\/p><div id='toggle-id-4' class='toggle_wrap'   itemscope=\"itemscope\" itemprop=\"acceptedAnswer\" itemtype=\"https:\/\/schema.org\/Answer\" ><div class='toggle_content invers-color av-inherit-border-color'  itemprop=\"text\" ><p>Si tiene comentarios o sugerencias, simplemente interact\u00fae directamente con el bot en nuestro sitio web. Sus interacciones nos ayudan a entrenar al bot y a perfeccionar sus respuestas.<\/p>\n<\/div><\/div><\/div><\/section>\n<section class='av_toggle_section av-luk051nl-2d092a8ad050f06ab7d0fb4d00db5b99'  itemscope=\"itemscope\" itemprop=\"mainEntity\" itemtype=\"https:\/\/schema.org\/Question\" ><div role=\"tablist\" class=\"single_toggle\" data-tags=\"{Todo} \"  ><p data-fake-id='#toggle-id-5' class='toggler   av-inherit-border-color'  itemprop=\"name\"  role='tab' tabindex='0' aria-controls='toggle-id-5'>\u00bfQu\u00e9 distingue a Swiss Media Design de otras agencias?<span class=\"toggle_icon\"><span class=\"vert_icon\"><\/span><span class=\"hor_icon\"><\/span><\/span><\/p><div id='toggle-id-5' class='toggle_wrap'   itemscope=\"itemscope\" itemprop=\"acceptedAnswer\" itemtype=\"https:\/\/schema.org\/Answer\" ><div class='toggle_content invers-color av-inherit-border-color'  itemprop=\"text\" ><p>Nuestro enfoque individual, las \u00faltimas tecnolog\u00edas y nuestro compromiso con la m\u00e1xima calidad y satisfacci\u00f3n del cliente nos diferencian del resto.<\/p>\n<\/div><\/div><\/div><\/section>\n<section class='av_toggle_section av-luk05b8a-5ed1560266ee37c5c69a04753d8bd522'  itemscope=\"itemscope\" itemprop=\"mainEntity\" itemtype=\"https:\/\/schema.org\/Question\" ><div role=\"tablist\" class=\"single_toggle\" data-tags=\"{Todo} \"  ><p data-fake-id='#toggle-id-6' class='toggler   av-inherit-border-color'  itemprop=\"name\"  role='tab' tabindex='0' aria-controls='toggle-id-6'>\u00bfPuedo obtener tambi\u00e9n asistencia de Swiss Media Design para mi dise\u00f1o actual?<span class=\"toggle_icon\"><span class=\"vert_icon\"><\/span><span class=\"hor_icon\"><\/span><\/span><\/p><div id='toggle-id-6' class='toggle_wrap'   itemscope=\"itemscope\" itemprop=\"acceptedAnswer\" itemtype=\"https:\/\/schema.org\/Answer\" ><div class='toggle_content invers-color av-inherit-border-color'  itemprop=\"text\" ><p>S\u00ed, ofrecemos tanto la creaci\u00f3n de nuevos dise\u00f1os como la optimizaci\u00f3n o revisi\u00f3n de dise\u00f1os existentes.<\/p>\n<\/div><\/div><\/div><\/section>\n<section class='av_toggle_section av-luk05b8a-10-5163d5536dad2a9e31dcf2ad8d3d5463'  itemscope=\"itemscope\" itemprop=\"mainEntity\" itemtype=\"https:\/\/schema.org\/Question\" ><div role=\"tablist\" class=\"single_toggle\" data-tags=\"{Todo} \"  ><p data-fake-id='#toggle-id-7' class='toggler   av-inherit-border-color'  itemprop=\"name\"  role='tab' tabindex='0' aria-controls='toggle-id-7'> \u00bfCu\u00e1nto se tarda en terminar un proyecto?<span class=\"toggle_icon\"><span class=\"vert_icon\"><\/span><span class=\"hor_icon\"><\/span><\/span><\/p><div id='toggle-id-7' class='toggle_wrap'   itemscope=\"itemscope\" itemprop=\"acceptedAnswer\" itemtype=\"https:\/\/schema.org\/Answer\" ><div class='toggle_content invers-color av-inherit-border-color'  itemprop=\"text\" ><p>La duraci\u00f3n de un proyecto depende de su alcance y complejidad. Tras una conversaci\u00f3n inicial, podemos elaborar un calendario realista.<\/p>\n<\/div><\/div><\/div><\/section>\n<section class='av_toggle_section av-luk05b8a-9-654476836c66afff4680d4df1c58477b'  itemscope=\"itemscope\" itemprop=\"mainEntity\" itemtype=\"https:\/\/schema.org\/Question\" ><div role=\"tablist\" class=\"single_toggle\" data-tags=\"{Todo} \"  ><p data-fake-id='#toggle-id-8' class='toggler   av-inherit-border-color'  itemprop=\"name\"  role='tab' tabindex='0' aria-controls='toggle-id-8'>\u00bfOfrece Swiss Media Design tambi\u00e9n servicios de SEO?<span class=\"toggle_icon\"><span class=\"vert_icon\"><\/span><span class=\"hor_icon\"><\/span><\/span><\/p><div id='toggle-id-8' class='toggle_wrap'   itemscope=\"itemscope\" itemprop=\"acceptedAnswer\" itemtype=\"https:\/\/schema.org\/Answer\" ><div class='toggle_content invers-color av-inherit-border-color'  itemprop=\"text\" ><p>S\u00ed, ofrecemos servicios integrales de SEO para mejorar la visibilidad de su sitio web en los motores de b\u00fasqueda.<\/p>\n<\/div><\/div><\/div><\/section>\n<section class='av_toggle_section av-luk05b8a-8-1bdc49b59cfed465c1c612b4fe4eeb8d'  itemscope=\"itemscope\" itemprop=\"mainEntity\" itemtype=\"https:\/\/schema.org\/Question\" ><div role=\"tablist\" class=\"single_toggle\" data-tags=\"{Todo} \"  ><p data-fake-id='#toggle-id-9' class='toggler   av-inherit-border-color'  itemprop=\"name\"  role='tab' tabindex='0' aria-controls='toggle-id-9'>\u00bfC\u00f3mo se mide el \u00e9xito de mi campa\u00f1a de marketing?<span class=\"toggle_icon\"><span class=\"vert_icon\"><\/span><span class=\"hor_icon\"><\/span><\/span><\/p><div id='toggle-id-9' class='toggle_wrap'   itemscope=\"itemscope\" itemprop=\"acceptedAnswer\" itemtype=\"https:\/\/schema.org\/Answer\" ><div class='toggle_content invers-color av-inherit-border-color'  itemprop=\"text\" ><p>Nos basamos en KPI claros e informes peri\u00f3dicos para que el \u00e9xito de su campa\u00f1a sea transparente y mensurable.<\/p>\n<\/div><\/div><\/div><\/section>\n<section class='av_toggle_section av-luk05b8a-7-ca8ceec14be4bdc87eca7a41bff4767d'  itemscope=\"itemscope\" itemprop=\"mainEntity\" itemtype=\"https:\/\/schema.org\/Question\" ><div role=\"tablist\" class=\"single_toggle\" data-tags=\"{Todo} \"  ><p data-fake-id='#toggle-id-10' class='toggler   av-inherit-border-color'  itemprop=\"name\"  role='tab' tabindex='0' aria-controls='toggle-id-10'>\u00bfPuede ayudarme a comprender mejor a mi grupo destinatario?<span class=\"toggle_icon\"><span class=\"vert_icon\"><\/span><span class=\"hor_icon\"><\/span><\/span><\/p><div id='toggle-id-10' class='toggle_wrap'   itemscope=\"itemscope\" itemprop=\"acceptedAnswer\" itemtype=\"https:\/\/schema.org\/Answer\" ><div class='toggle_content invers-color av-inherit-border-color'  itemprop=\"text\" ><p>Absolutamente. Nuestros servicios de an\u00e1lisis de mercado e investigaci\u00f3n de grupos destinatarios est\u00e1n dise\u00f1ados para proporcionar informaci\u00f3n detallada sobre su grupo destinatario.<\/p>\n<\/div><\/div><\/div><\/section>\n<section class='av_toggle_section av-luk05b8a-6-bee33d4ad145ae2ecf81e6ef7671007a'  itemscope=\"itemscope\" itemprop=\"mainEntity\" itemtype=\"https:\/\/schema.org\/Question\" ><div role=\"tablist\" class=\"single_toggle\" data-tags=\"{Todo} \"  ><p data-fake-id='#toggle-id-11' class='toggler   av-inherit-border-color'  itemprop=\"name\"  role='tab' tabindex='0' aria-controls='toggle-id-11'>\u00bfQu\u00e9 ocurre si no estoy satisfecho con el resultado?<span class=\"toggle_icon\"><span class=\"vert_icon\"><\/span><span class=\"hor_icon\"><\/span><\/span><\/p><div id='toggle-id-11' class='toggle_wrap'   itemscope=\"itemscope\" itemprop=\"acceptedAnswer\" itemtype=\"https:\/\/schema.org\/Answer\" ><div class='toggle_content invers-color av-inherit-border-color'  itemprop=\"text\" ><p>Nos basamos en un proceso iterativo con comentarios peri\u00f3dicos para garantizar que el producto final satisfaga sus expectativas.<\/p>\n<\/div><\/div><\/div><\/section>\n<section class='av_toggle_section av-luk05b8a-5-41054c24980f7db7fa2bc98e434314cc'  itemscope=\"itemscope\" itemprop=\"mainEntity\" itemtype=\"https:\/\/schema.org\/Question\" ><div role=\"tablist\" class=\"single_toggle\" data-tags=\"{Todo} \"  ><p data-fake-id='#toggle-id-12' class='toggler   av-inherit-border-color'  itemprop=\"name\"  role='tab' tabindex='0' aria-controls='toggle-id-12'>\u00bfOfrece Swiss Media Design paquetes de soluciones o servicios personalizados?<span class=\"toggle_icon\"><span class=\"vert_icon\"><\/span><span class=\"hor_icon\"><\/span><\/span><\/p><div id='toggle-id-12' class='toggle_wrap'   itemscope=\"itemscope\" itemprop=\"acceptedAnswer\" itemtype=\"https:\/\/schema.org\/Answer\" ><div class='toggle_content invers-color av-inherit-border-color'  itemprop=\"text\" ><p>Ofrecemos ambas cosas: soluciones integrales para necesidades comunes y servicios personalizados para requisitos especiales.<\/p>\n<\/div><\/div><\/div><\/section>\n<section class='av_toggle_section av-luk05b8a-4-1a86dec37e4573a3cf04e30f571ebc31'  itemscope=\"itemscope\" itemprop=\"mainEntity\" itemtype=\"https:\/\/schema.org\/Question\" ><div role=\"tablist\" class=\"single_toggle\" data-tags=\"{Todo} \"  ><p data-fake-id='#toggle-id-13' class='toggler   av-inherit-border-color'  itemprop=\"name\"  role='tab' tabindex='0' aria-controls='toggle-id-13'>\u00bfC\u00f3mo se determinan los costes de mi proyecto?<span class=\"toggle_icon\"><span class=\"vert_icon\"><\/span><span class=\"hor_icon\"><\/span><\/span><\/p><div id='toggle-id-13' class='toggle_wrap'   itemscope=\"itemscope\" itemprop=\"acceptedAnswer\" itemtype=\"https:\/\/schema.org\/Answer\" ><div class='toggle_content invers-color av-inherit-border-color'  itemprop=\"text\" ><p>Los costes se basan en el alcance y la complejidad del proyecto. Ofrecemos presupuestos transparentes tras una consulta inicial.<\/p>\n<\/div><\/div><\/div><\/section>\n<section class='av_toggle_section av-luk05b8a-3-ce00d594d0e1a43a0bb8872a902d6d19'  itemscope=\"itemscope\" itemprop=\"mainEntity\" itemtype=\"https:\/\/schema.org\/Question\" ><div role=\"tablist\" class=\"single_toggle\" data-tags=\"{Todo} \"  ><p data-fake-id='#toggle-id-14' class='toggler   av-inherit-border-color'  itemprop=\"name\"  role='tab' tabindex='0' aria-controls='toggle-id-14'>\u00bfC\u00f3mo puedo iniciar mi proyecto?<span class=\"toggle_icon\"><span class=\"vert_icon\"><\/span><span class=\"hor_icon\"><\/span><\/span><\/p><div id='toggle-id-14' class='toggle_wrap'   itemscope=\"itemscope\" itemprop=\"acceptedAnswer\" itemtype=\"https:\/\/schema.org\/Answer\" ><div class='toggle_content invers-color av-inherit-border-color'  itemprop=\"text\" ><p>El primer paso es una consulta para hablar de sus necesidades y objetivos. P\u00f3ngase en contacto con nosotros para concertar una cita.<\/p>\n<\/div><\/div><\/div><\/section>\n<\/div><\/p><\/div>","protected":false},"excerpt":{"rendered":"","protected":false},"author":2,"featured_media":0,"parent":1993,"menu_order":2800,"comment_status":"closed","ping_status":"closed","template":"","meta":{"footnotes":""},"class_list":["post-254","page","type-page","status-publish","hentry"],"_links":{"self":[{"href":"https:\/\/swissmediadesign.com\/es\/wp-json\/wp\/v2\/pages\/254","targetHints":{"allow":["GET"]}}],"collection":[{"href":"https:\/\/swissmediadesign.com\/es\/wp-json\/wp\/v2\/pages"}],"about":[{"href":"https:\/\/swissmediadesign.com\/es\/wp-json\/wp\/v2\/types\/page"}],"author":[{"embeddable":true,"href":"https:\/\/swissmediadesign.com\/es\/wp-json\/wp\/v2\/users\/2"}],"replies":[{"embeddable":true,"href":"https:\/\/swissmediadesign.com\/es\/wp-json\/wp\/v2\/comments?post=254"}],"version-history":[{"count":0,"href":"https:\/\/swissmediadesign.com\/es\/wp-json\/wp\/v2\/pages\/254\/revisions"}],"up":[{"embeddable":true,"href":"https:\/\/swissmediadesign.com\/es\/wp-json\/wp\/v2\/pages\/1993"}],"wp:attachment":[{"href":"https:\/\/swissmediadesign.com\/es\/wp-json\/wp\/v2\/media?parent=254"}],"curies":[{"name":"wp","href":"https:\/\/api.w.org\/{rel}","templated":true}]}}