{"id":27,"date":"2024-04-02T15:56:25","date_gmt":"2024-04-02T13:56:25","guid":{"rendered":"https:\/\/swissmediadesign.com\/?page_id=27"},"modified":"2025-03-25T10:15:24","modified_gmt":"2025-03-25T09:15:24","slug":"unser-team","status":"publish","type":"page","link":"https:\/\/swissmediadesign.com\/es\/agencia\/nuestro-equipo\/","title":{"rendered":"Nuestro equipo"},"content":{"rendered":"<style type=\"text\/css\" data-created_by=\"avia_inline_auto\" id=\"style-css-av-luja62gx-43610463e77796d36a76ea380e89fd0c\">\n.avia-section.av-luja62gx-43610463e77796d36a76ea380e89fd0c{\nbackground-repeat:no-repeat;\nbackground-image:url(https:\/\/swissmediadesign.com\/wp-content\/uploads\/2024\/04\/140532506_m_normal_none-1500x1000.jpg);\nbackground-position:50% 50%;\nbackground-attachment:scroll;\n}\n.avia-section.av-luja62gx-43610463e77796d36a76ea380e89fd0c .av-section-color-overlay{\nopacity:0.5;\nbackground-color:#000000;\n}\n<\/style>\n<div id='av_section_1'  class='avia-section av-luja62gx-43610463e77796d36a76ea380e89fd0c main_color avia-section-default avia-no-border-styling  avia-builder-el-0  el_before_av_section  avia-builder-el-first  avia-full-stretch avia-bg-style-scroll av-section-color-overlay-active container_wrap fullsize'  data-section-bg-repeat='stretch'><div class=\"av-section-color-overlay-wrap\"><div class=\"av-section-color-overlay\"><\/div><div class='container av-section-cont-open' ><main  role=\"main\" itemprop=\"mainContentOfPage\"  class='template-page content  av-content-full alpha units'><div class='post-entry post-entry-type-page post-entry-27'><div class='entry-content-wrapper clearfix'>\n<div  class='flex_column av-1ur3v-bcedb82a549dadfc8299ef8af1d61db6 av_one_fifth  avia-builder-el-1  el_before_av_three_fifth  avia-builder-el-first  first flex_column_div'     ><\/div><div  class='flex_column av-1r25r-cffe5dee7a6742e7728107ccbbb8da30 av_three_fifth  avia-builder-el-2  el_after_av_one_fifth  el_before_av_one_fifth  flex_column_div'     ><p>\n<style type=\"text\/css\" data-created_by=\"avia_inline_auto\" id=\"style-css-av-luja5fs1-79cdd936c1cf8a7cd0e53dbb632bd13d\">\n#top .av-special-heading.av-luja5fs1-79cdd936c1cf8a7cd0e53dbb632bd13d{\npadding-bottom:10px;\ncolor:#ffffff;\n}\nbody .av-special-heading.av-luja5fs1-79cdd936c1cf8a7cd0e53dbb632bd13d .av-special-heading-tag .heading-char{\nfont-size:25px;\n}\n.av-special-heading.av-luja5fs1-79cdd936c1cf8a7cd0e53dbb632bd13d .special-heading-inner-border{\nborder-color:#ffffff;\n}\n.av-special-heading.av-luja5fs1-79cdd936c1cf8a7cd0e53dbb632bd13d .av-subheading{\nfont-size:15px;\n}\n<\/style>\n<div  class='av-special-heading av-luja5fs1-79cdd936c1cf8a7cd0e53dbb632bd13d av-special-heading-h1 custom-color-heading blockquote modern-quote modern-centered  avia-builder-el-3  el_before_av_textblock  avia-builder-el-first'><h1 class='av-special-heading-tag'  itemprop=\"headline\"  >Nuestro equipo<\/h1><div class=\"special-heading-border\"><div class=\"special-heading-inner-border\"><\/div><\/div><\/div><br \/>\n\n<style type=\"text\/css\" data-created_by=\"avia_inline_auto\" id=\"style-css-av-luja7piv-ce4a81c99a803e8e3b5e5244a39894c4\">\n#top .av_textblock_section.av-luja7piv-ce4a81c99a803e8e3b5e5244a39894c4 .avia_textblock{\ncolor:#ffffff;\n}\n<\/style>\n<section  class='av_textblock_section av-luja7piv-ce4a81c99a803e8e3b5e5244a39894c4'   itemscope=\"itemscope\" itemtype=\"https:\/\/schema.org\/CreativeWork\" ><div class='avia_textblock av_inherit_color'  itemprop=\"text\" ><p style=\"text-align: center;\">Conozca al talentoso equipo que hay detr\u00e1s de Swiss Media Design: un grupo de profesionales apasionados que superan los l\u00edmites creativos y ofrecen resultados excepcionales. Aqu\u00ed te presentamos a las personas que hacen realidad tus ideas con compromiso y experiencia.<\/p>\n<\/div><\/section><\/p><\/div><div  class='flex_column av-yfrb-2b3ef945904639a1bc8de4cccd4eb420 av_one_fifth  avia-builder-el-5  el_after_av_three_fifth  avia-builder-el-last  flex_column_div'     ><\/div>\n\n<\/div><\/div><\/main><!-- close content main element --><\/div><\/div><\/div><div id='av_section_2'  class='avia-section av-2maxf-a8caf8a13b3298269ca0e03183e8a94e main_color avia-section-default avia-no-border-styling  avia-builder-el-6  el_after_av_section  avia-builder-el-last  avia-bg-style-scroll container_wrap fullsize'  ><div class='container av-section-cont-open' ><div class='template-page content  av-content-full alpha units'><div class='post-entry post-entry-type-page post-entry-27'><div class='entry-content-wrapper clearfix'>\n<div  class='flex_column av-11a87-510b2dcb5913eb742cd4aa06ea45a831 av_one_full  avia-builder-el-7  el_before_av_one_third  avia-builder-el-first  first flex_column_div'     ><p>\n<style type=\"text\/css\" data-created_by=\"avia_inline_auto\" id=\"style-css-av-lujafqgf-7f6770658d8e027c623078a3df2ca185\">\n#top .av-special-heading.av-lujafqgf-7f6770658d8e027c623078a3df2ca185{\npadding-bottom:10px;\n}\nbody .av-special-heading.av-lujafqgf-7f6770658d8e027c623078a3df2ca185 .av-special-heading-tag .heading-char{\nfont-size:25px;\n}\n.av-special-heading.av-lujafqgf-7f6770658d8e027c623078a3df2ca185 .av-subheading{\nfont-size:15px;\n}\n<\/style>\n<div  class='av-special-heading av-lujafqgf-7f6770658d8e027c623078a3df2ca185 av-special-heading-h2 blockquote modern-quote  avia-builder-el-8  el_before_av_textblock  avia-builder-el-first'><h2 class='av-special-heading-tag'  itemprop=\"headline\"  >Nuestros creadores: el equipo entre bastidores<\/h2><div class=\"special-heading-border\"><div class=\"special-heading-inner-border\"><\/div><\/div><\/div><br \/>\n<section  class='av_textblock_section av-lujafaas-8eef47b19fd41ac2f51836a45e6288a2'   itemscope=\"itemscope\" itemtype=\"https:\/\/schema.org\/CreativeWork\" ><div class='avia_textblock'  itemprop=\"text\" ><p>En Swiss Media Design, las visiones cobran vida a trav\u00e9s de las manos y los corazones de nuestras mentes creativas. Detr\u00e1s de cada proyecto de \u00e9xito hay un equipo de innovadores cuyas habilidades \u00fanicas y pasi\u00f3n sin igual hacen de Swiss Media Design algo m\u00e1s que una agencia: un crisol donde los sue\u00f1os creativos se hacen realidad. Adem\u00e1s, trabajamos con varios aut\u00f3nomos cuando es necesario para asegurarnos de contar con la mejor experiencia disponible para cada proyecto. Sum\u00e9rjase en un mundo en el que cada miembro del equipo y nuestros experimentados freelancers aportan su experiencia individual y su compromiso con la excelencia para ampliar los horizontes de lo posible.<\/p>\n<p>Damos la bienvenida al contacto a trav\u00e9s del formulario de contacto, correo electr\u00f3nico o tel\u00e9fono para promover el intercambio personal y profesional. Tenga en cuenta que la comunicaci\u00f3n por WhatsApp es un privilegio para los proyectos existentes y los socios comerciales directos.<\/p>\n<\/div><\/section><\/p><\/div><div  class='flex_column av-20jwj-eb4f5757e7de4eb112eb8b3e345d4442 av_one_third  avia-builder-el-10  el_after_av_one_full  el_before_av_one_third  first flex_column_div  column-top-margin'     ><p><section  class='avia-team-member av-lujaa98x-0f80ff24dd9b90a6e5b5ff744b60a8fd  avia-builder-el-11  el_before_av_textblock  avia-builder-el-first'  itemscope=\"itemscope\" itemtype=\"https:\/\/schema.org\/Person\" ><div class=\"team-img-container\"><img class='avia_image avia_image_team' src='https:\/\/swissmediadesign.com\/wp-content\/uploads\/2024\/04\/Shane-Buhcs-Swiss-Media-Design.jpg' alt='Shane Buchs'  itemprop=\"image\"   height=\"1030\" width=\"1030\" \/><div class=\"team-social\"><div class=\"team-social-inner\"><span class='hidden av_member_url_markup twitter'  itemprop=\"url\" >https:\/\/twitter.com\/Shaneebtc<\/span><a href=\"https:\/\/twitter.com\/Shaneebtc\" class=\"avia-team-icon av-lujasm94-150fe450b9ee7eb30f63aadd884efa98 twitter\" rel=\"v:url noopener\" data-avia-tooltip=\"X\" target=\"_blank\" aria-hidden=\"true\" data-av_icon=\"\ue932\" data-av_iconfont=\"entypo-fontello\"><\/a><span class='hidden av_member_url_markup'  itemprop=\"url\" >https:\/\/www.instagram.com\/shanebuchs\/<\/span><a href=\"https:\/\/www.instagram.com\/shanebuchs\/\" class=\"avia-team-icon av-lujasm94-1-ff45146e9d0633c985e68b21ec638122\" rel=\"v:url noopener\" data-avia-tooltip=\"Instagram\" target=\"_blank\" aria-hidden=\"true\" data-av_icon=\"\ue909\" data-av_iconfont=\"entypo-fontello\"><\/a><\/div><\/div><\/div><h3 class='team-member-name'  itemprop=\"name\" >Shane Buchs<\/h3><div class='team-member-job-title'  itemprop=\"jobTitle\" >Director General y Propietario<\/div><div class='team-member-description'  itemprop=\"description\" ><p>Soy Shane Buchs, propietario y director general de Swiss Media Design GmbH. Trabajo por cuenta propia en el sector desde hace m\u00e1s de 10 a\u00f1os. Adquir\u00ed mis conocimientos en Inglaterra durante mis estudios de Dise\u00f1o de Medios Digitales. Me maravilla el poder transformador de internet y c\u00f3mo permite a las empresas prosperar en la era digital. Me apasiona apoyar a las personas en esta importante tarea y visualizar con \u00e9xito sus visiones.<\/p>\n<\/div><span class='hidden team-member-affiliation'  itemprop=\"affiliation\" >Swiss Media Design<\/span><\/section><br \/>\n<section  class='av_textblock_section av-luo366tw-43b6648a57f2c9207a972ddc503ba00f'   itemscope=\"itemscope\" itemtype=\"https:\/\/schema.org\/CreativeWork\" ><div class='avia_textblock'  itemprop=\"text\" ><p>T: <a href=\"tel:0041817560030\">+41 81 756 00 30<\/a><br \/>\nE: <a href=\"mailto:shane.buchs@swissmediadesign.com\">shane.buchs@swissmediadesign.com<\/a><\/p>\n<\/div><\/section><\/p><\/div><div  class='flex_column av-19mgj-d614b070e0be88d07844d81dab77a3c3 av_one_third  avia-builder-el-13  el_after_av_one_third  el_before_av_one_third  flex_column_div  column-top-margin'     ><p><section  class='avia-team-member av-lujaah0m-2d1a506cbe45fe01a10749f925e9f598  avia-builder-el-14  el_before_av_textblock  avia-builder-el-first'  itemscope=\"itemscope\" itemtype=\"https:\/\/schema.org\/Person\" ><div class=\"team-img-container\"><img class='avia_image avia_image_team' src='https:\/\/swissmediadesign.com\/wp-content\/uploads\/2024\/04\/swiss-media-design-beatrice-buchs.jpeg' alt='Beatrice Buchs'  itemprop=\"image\"   height=\"1030\" width=\"1030\" \/><\/div><h3 class='team-member-name'  itemprop=\"name\" >Beatrice Buchs<\/h3><div class='team-member-job-title'  itemprop=\"jobTitle\" >Finanzas<\/div><div class='team-member-description'  itemprop=\"description\" ><p>Me llamo Beatrice Buchs, dirig\u00ed con \u00e9xito una conocida productora en Inglaterra y trabaj\u00e9 durante muchos a\u00f1os como monitora y entrenadora de nataci\u00f3n. Actualmente doy clases en varios colegios p\u00fablicos. El dise\u00f1o es mi pasi\u00f3n profunda e inquebrantable; en mi anterior puesto de jefa trabaj\u00e9 extensamente en nuevos medios, desarrollando continuamente mis habilidades creativas e incorporando enfoques innovadores y reflexivos a mis diversos proyectos, lo que me da una perspectiva \u00fanica y valiosa.<\/p>\n<\/div><span class='hidden team-member-affiliation'  itemprop=\"affiliation\" >Swiss Media Design<\/span><\/section><br \/>\n<section  class='av_textblock_section av-lvap4zvl-e1f6063d5f3b2b44475c8088315e4bbe'   itemscope=\"itemscope\" itemtype=\"https:\/\/schema.org\/CreativeWork\" ><div class='avia_textblock'  itemprop=\"text\" ><p>T: <a href=\"tel:0041817560030\">+41 81 756 00 30<\/a><br \/>\nE: <a href=\"mailto:beatrix.buchs@swissmediadesign.com\">beatrix.buchs@swissmediadesign.com<\/a><\/p>\n<\/div><\/section><\/p><\/div><div  class='flex_column av-10hzj-01c5efb25e901daec688a92252db58f6 av_one_third  avia-builder-el-16  el_after_av_one_third  avia-builder-el-last  flex_column_div  column-top-margin'     ><section  class='avia-team-member av-lujaamtg-84cfb3a3c535217c49042f78272b695e  avia-builder-el-17  avia-builder-el-no-sibling'  itemscope=\"itemscope\" itemtype=\"https:\/\/schema.org\/Person\" ><div class=\"team-img-container\"><img class='avia_image avia_image_team' src='https:\/\/swissmediadesign.com\/wp-content\/uploads\/2024\/04\/Naila-Swiss-Media-Design-1030x1030.jpg' alt='Naila'  itemprop=\"image\"   height=\"1030\" width=\"1030\" \/><\/div><h3 class='team-member-name'  itemprop=\"name\" >Naila<\/h3><div class='team-member-job-title'  itemprop=\"jobTitle\" >Feelgoodmanager<\/div><div class='team-member-description'  itemprop=\"description\" ><p>Soy Naila, la Feelgood Manager de Swiss Media Design GmbH, una Shiba Inu con modales de primera y talento para crear momentos alegres. He adaptado mis habilidades a la era de la oficina en casa: Ahora proporciono risas con actuaciones ingeniosas en el fondo de las videoconferencias. Ya sea acurruc\u00e1ndome en un rinc\u00f3n soleado para echar una cabezadita o col\u00e1ndome sigilosamente en el encuadre mientras el equipo discute, siempre estoy dispuesta a arrancar una sonrisa. Estoy deseando poner una sonrisa en tu cara tambi\u00e9n.<\/p>\n<\/div><span class='hidden team-member-affiliation'  itemprop=\"affiliation\" >Swiss Media Design<\/span><\/section><\/div>","protected":false},"excerpt":{"rendered":"","protected":false},"author":2,"featured_media":0,"parent":1993,"menu_order":2200,"comment_status":"closed","ping_status":"closed","template":"","meta":{"footnotes":""},"class_list":["post-27","page","type-page","status-publish","hentry"],"_links":{"self":[{"href":"https:\/\/swissmediadesign.com\/es\/wp-json\/wp\/v2\/pages\/27","targetHints":{"allow":["GET"]}}],"collection":[{"href":"https:\/\/swissmediadesign.com\/es\/wp-json\/wp\/v2\/pages"}],"about":[{"href":"https:\/\/swissmediadesign.com\/es\/wp-json\/wp\/v2\/types\/page"}],"author":[{"embeddable":true,"href":"https:\/\/swissmediadesign.com\/es\/wp-json\/wp\/v2\/users\/2"}],"replies":[{"embeddable":true,"href":"https:\/\/swissmediadesign.com\/es\/wp-json\/wp\/v2\/comments?post=27"}],"version-history":[{"count":0,"href":"https:\/\/swissmediadesign.com\/es\/wp-json\/wp\/v2\/pages\/27\/revisions"}],"up":[{"embeddable":true,"href":"https:\/\/swissmediadesign.com\/es\/wp-json\/wp\/v2\/pages\/1993"}],"wp:attachment":[{"href":"https:\/\/swissmediadesign.com\/es\/wp-json\/wp\/v2\/media?parent=27"}],"curies":[{"name":"wp","href":"https:\/\/api.w.org\/{rel}","templated":true}]}}