{"id":29,"date":"2024-04-02T15:56:43","date_gmt":"2024-04-02T13:56:43","guid":{"rendered":"https:\/\/swissmediadesign.com\/?page_id=29"},"modified":"2025-03-25T11:45:16","modified_gmt":"2025-03-25T10:45:16","slug":"karrierechancen","status":"publish","type":"page","link":"https:\/\/swissmediadesign.com\/es\/agencia\/oportunidades-profesionales\/","title":{"rendered":"Oportunidades profesionales"},"content":{"rendered":"<style type=\"text\/css\" data-created_by=\"avia_inline_auto\" id=\"style-css-av-lujd9au9-62fc1f7cbb8f6e098364673e5bde68dc\">\n.avia-section.av-lujd9au9-62fc1f7cbb8f6e098364673e5bde68dc{\nbackground-repeat:no-repeat;\nbackground-image:url(https:\/\/swissmediadesign.com\/wp-content\/uploads\/2024\/04\/114608891_m_normal_none-1500x1000.jpg);\nbackground-position:50% 50%;\nbackground-attachment:scroll;\n}\n.avia-section.av-lujd9au9-62fc1f7cbb8f6e098364673e5bde68dc .av-section-color-overlay{\nopacity:0.5;\nbackground-color:#000000;\n}\n<\/style>\n<div id='av_section_1'  class='avia-section av-lujd9au9-62fc1f7cbb8f6e098364673e5bde68dc main_color avia-section-default avia-no-border-styling  avia-builder-el-0  el_before_av_section  avia-builder-el-first  avia-full-stretch avia-bg-style-scroll av-section-color-overlay-active container_wrap fullsize'  data-section-bg-repeat='stretch'><div class=\"av-section-color-overlay-wrap\"><div class=\"av-section-color-overlay\"><\/div><div class='container av-section-cont-open' ><main  role=\"main\" itemprop=\"mainContentOfPage\"  class='template-page content  av-content-full alpha units'><div class='post-entry post-entry-type-page post-entry-29'><div class='entry-content-wrapper clearfix'>\n<div  class='flex_column av-1zn9l-aa045a3a205d1eff7212c2598332215e av_one_fifth  avia-builder-el-1  el_before_av_three_fifth  avia-builder-el-first  first flex_column_div'     ><\/div><div  class='flex_column av-1h7at-c0c2fcc442f09ff8109b1e373f6cac0c av_three_fifth  avia-builder-el-2  el_after_av_one_fifth  el_before_av_one_fifth  flex_column_div'     ><p>\n<style type=\"text\/css\" data-created_by=\"avia_inline_auto\" id=\"style-css-av-lujd8enu-1f96b3acadacad17ddafb1c3293f9f09\">\n#top .av-special-heading.av-lujd8enu-1f96b3acadacad17ddafb1c3293f9f09{\npadding-bottom:10px;\ncolor:#ffffff;\n}\nbody .av-special-heading.av-lujd8enu-1f96b3acadacad17ddafb1c3293f9f09 .av-special-heading-tag .heading-char{\nfont-size:25px;\n}\n.av-special-heading.av-lujd8enu-1f96b3acadacad17ddafb1c3293f9f09 .special-heading-inner-border{\nborder-color:#ffffff;\n}\n.av-special-heading.av-lujd8enu-1f96b3acadacad17ddafb1c3293f9f09 .av-subheading{\nfont-size:15px;\n}\n<\/style>\n<div  class='av-special-heading av-lujd8enu-1f96b3acadacad17ddafb1c3293f9f09 av-special-heading-h1 custom-color-heading blockquote modern-quote modern-centered  avia-builder-el-3  el_before_av_textblock  avia-builder-el-first'><h1 class='av-special-heading-tag'  itemprop=\"headline\"  >Oportunidades profesionales<\/h1><div class=\"special-heading-border\"><div class=\"special-heading-inner-border\"><\/div><\/div><\/div><br \/>\n\n<style type=\"text\/css\" data-created_by=\"avia_inline_auto\" id=\"style-css-av-lujd9vps-3b798fbf0e599ebcb1ece620b2c279fe\">\n#top .av_textblock_section.av-lujd9vps-3b798fbf0e599ebcb1ece620b2c279fe .avia_textblock{\ncolor:#ffffff;\n}\n<\/style>\n<section  class='av_textblock_section av-lujd9vps-3b798fbf0e599ebcb1ece620b2c279fe'   itemscope=\"itemscope\" itemtype=\"https:\/\/schema.org\/CreativeWork\" ><div class='avia_textblock av_inherit_color'  itemprop=\"text\" ><p style=\"text-align: center;\">Desarrolla todo tu potencial en Swiss Media Design. No s\u00f3lo te esperan proyectos apasionantes y la oportunidad de trabajar en la vanguardia de la industria creativa, sino tambi\u00e9n un entorno que fomenta el crecimiento, el aprendizaje y el desarrollo personal. \u00danete a nuestro equipo y forja el futuro con nosotros.<\/p>\n<\/div><\/section><\/p><\/div><div  class='flex_column av-thip-cc12af0d01b7048f15e19c76b4345f1a av_one_fifth  avia-builder-el-5  el_after_av_three_fifth  avia-builder-el-last  flex_column_div'     ><\/div>\n\n<\/div><\/div><\/main><!-- close content main element --><\/div><\/div><\/div><div id='av_section_2'  class='avia-section av-2yqgl-78da930554097fbd10c3fffe775d3c09 main_color avia-section-default avia-no-border-styling  avia-builder-el-6  el_after_av_section  avia-builder-el-last  avia-bg-style-scroll container_wrap fullsize'  ><div class='container av-section-cont-open' ><div class='template-page content  av-content-full alpha units'><div class='post-entry post-entry-type-page post-entry-29'><div class='entry-content-wrapper clearfix'>\n<div  class='flex_column av-s4it-eb00a4b0471a7e40e3a74a61907d10e5 av_one_full  avia-builder-el-7  avia-builder-el-no-sibling  first flex_column_div'     ><p>\n<style type=\"text\/css\" data-created_by=\"avia_inline_auto\" id=\"style-css-av-luo2btce-cc8b49294c5002865089e95c7c4df79f\">\n#top .av-special-heading.av-luo2btce-cc8b49294c5002865089e95c7c4df79f{\npadding-bottom:10px;\n}\nbody .av-special-heading.av-luo2btce-cc8b49294c5002865089e95c7c4df79f .av-special-heading-tag .heading-char{\nfont-size:25px;\n}\n.av-special-heading.av-luo2btce-cc8b49294c5002865089e95c7c4df79f .av-subheading{\nfont-size:15px;\n}\n<\/style>\n<div  class='av-special-heading av-luo2btce-cc8b49294c5002865089e95c7c4df79f av-special-heading-h2 blockquote modern-quote  avia-builder-el-8  el_before_av_textblock  avia-builder-el-first'><h2 class='av-special-heading-tag'  itemprop=\"headline\"  >Descubra su futuro<\/h2><div class=\"special-heading-border\"><div class=\"special-heading-inner-border\"><\/div><\/div><\/div><br \/>\n<section  class='av_textblock_section av-luo2ccnq-65615c89904aa963482582f2bb29f1b6'   itemscope=\"itemscope\" itemtype=\"https:\/\/schema.org\/CreativeWork\" ><div class='avia_textblock'  itemprop=\"text\" ><div class=\"flex-1 overflow-hidden\">\n<div class=\"react-scroll-to-bottom--css-inqvn-79elbk h-full\">\n<div class=\"react-scroll-to-bottom--css-inqvn-1n7m0yu\">\n<div class=\"flex flex-col text-sm pb-9\">\n<div class=\"w-full text-token-text-primary\" dir=\"auto\" data-testid=\"conversation-turn-13\">\n<div class=\"px-4 py-2 justify-center text-base md:gap-6 m-auto\">\n<div class=\"flex flex-1 text-base mx-auto gap-3 juice:gap-4 juice:md:gap-6 md:px-5 lg:px-1 xl:px-5 md:max-w-3xl lg:max-w-&#091;40rem&#093; xl:max-w-&#091;48rem&#093; group final-completion\">\n<div class=\"relative flex w-full flex-col agent-turn\">\n<div class=\"flex-col gap-1 md:gap-3\">\n<div class=\"flex flex-grow flex-col max-w-full\">\n<div class=\"min-h-&#091;20px&#093; text-message flex flex-col items-start gap-3 whitespace-pre-wrap break-words &#091;.text-message+&amp;&#093;:mt-5 overflow-x-auto\" dir=\"auto\" data-message-author-role=\"assistant\" data-message-id=\"6179be3d-1b95-49cc-bc27-123069ea5571\">\n<div class=\"markdown prose w-full break-words dark:prose-invert light\">\n<div class=\"flex-1 overflow-hidden\">\n<div class=\"react-scroll-to-bottom--css-inqvn-79elbk h-full\">\n<div class=\"react-scroll-to-bottom--css-inqvn-1n7m0yu\">\n<div class=\"flex flex-col text-sm pb-9\">\n<div class=\"w-full text-token-text-primary\" dir=\"auto\" data-testid=\"conversation-turn-15\">\n<div class=\"px-4 py-2 justify-center text-base md:gap-6 m-auto\">\n<div class=\"flex flex-1 text-base mx-auto gap-3 juice:gap-4 juice:md:gap-6 md:px-5 lg:px-1 xl:px-5 md:max-w-3xl lg:max-w-&#091;40rem&#093; xl:max-w-&#091;48rem&#093; group final-completion\">\n<div class=\"relative flex w-full flex-col agent-turn\">\n<div class=\"flex-col gap-1 md:gap-3\">\n<div class=\"flex flex-grow flex-col max-w-full\">\n<div class=\"min-h-&#091;20px&#093; text-message flex flex-col items-start gap-3 whitespace-pre-wrap break-words &#091;.text-message+&amp;&#093;:mt-5 overflow-x-auto\" dir=\"auto\" data-message-author-role=\"assistant\" data-message-id=\"8b9da022-2f11-4a06-b7e6-f52213beabad\">\n<div class=\"markdown prose w-full break-words dark:prose-invert light\">\n<p>Actualmente no estamos ampliando nuestro equipo y no ofrecemos puestos de prueba ni pr\u00e1cticas. Debido a la gran carga de trabajo y a que nos centramos en los proyectos existentes, ya no respondemos a las solicitudes recibidas y las eliminaremos de nuestros sistemas. No obstante, te animamos a que nos sigas en nuestras redes sociales. Vis\u00edtenos en Facebook, Instagram, TikTok y LinkedIn para conocer mejor nuestro trabajo, la cultura de la empresa y las posibles oportunidades futuras. Agradecemos su comprensi\u00f3n e inter\u00e9s por trabajar con nosotros y esperamos que en el futuro surjan oportunidades para explorar caminos comunes. Mantente curioso y conectado para ser el primero en enterarte de nuevas oportunidades en Swiss Media Design.<\/p>\n<\/div>\n<\/div>\n<\/div>\n<\/div>\n<\/div>\n<\/div>\n<\/div>\n<\/div>\n<\/div>\n<\/div>\n<\/div>\n<\/div>\n<\/div>\n<\/div>\n<\/div>\n<div class=\"mt-1 flex gap-3 empty:hidden\">\n<div class=\"text-gray-400 flex self-end lg:self-center items-center justify-center lg:justify-start mt-0 -ml-1 h-7 gap-&#091;2px&#093; visible\">\n<div class=\"flex\"><\/div>\n<\/div>\n<\/div>\n<div class=\"pr-2 lg:pr-0\"><\/div>\n<\/div>\n<\/div>\n<\/div>\n<\/div>\n<\/div>\n<\/div>\n<\/div>\n<\/div>\n<\/div>\n<div class=\"w-full pt-2 md:pt-0 dark:border-white\/20 md:border-transparent md:dark:border-transparent md:w-&#091;calc(100%-.5rem)&#093;\">\n<form class=\"stretch mx-2 flex flex-row gap-3 last:mb-2 md:mx-4 md:last:mb-6 lg:mx-auto lg:max-w-2xl xl:max-w-3xl\" action=\"\">\n<div class=\"relative flex h-full flex-1 flex-col\">\n<div class=\"absolute bottom-full left-0 right-0\"><\/div>\n<div class=\"flex w-full items-center\"><\/div>\n<\/div>\n<input type=\"hidden\" name=\"trp-form-language\" value=\"es\"\/><\/form>\n<\/div>\n<\/div><\/section><\/p><\/div>","protected":false},"excerpt":{"rendered":"","protected":false},"author":2,"featured_media":0,"parent":1993,"menu_order":2500,"comment_status":"closed","ping_status":"closed","template":"","meta":{"footnotes":""},"class_list":["post-29","page","type-page","status-publish","hentry"],"_links":{"self":[{"href":"https:\/\/swissmediadesign.com\/es\/wp-json\/wp\/v2\/pages\/29","targetHints":{"allow":["GET"]}}],"collection":[{"href":"https:\/\/swissmediadesign.com\/es\/wp-json\/wp\/v2\/pages"}],"about":[{"href":"https:\/\/swissmediadesign.com\/es\/wp-json\/wp\/v2\/types\/page"}],"author":[{"embeddable":true,"href":"https:\/\/swissmediadesign.com\/es\/wp-json\/wp\/v2\/users\/2"}],"replies":[{"embeddable":true,"href":"https:\/\/swissmediadesign.com\/es\/wp-json\/wp\/v2\/comments?post=29"}],"version-history":[{"count":0,"href":"https:\/\/swissmediadesign.com\/es\/wp-json\/wp\/v2\/pages\/29\/revisions"}],"up":[{"embeddable":true,"href":"https:\/\/swissmediadesign.com\/es\/wp-json\/wp\/v2\/pages\/1993"}],"wp:attachment":[{"href":"https:\/\/swissmediadesign.com\/es\/wp-json\/wp\/v2\/media?parent=29"}],"curies":[{"name":"wp","href":"https:\/\/api.w.org\/{rel}","templated":true}]}}