{"id":63,"date":"2024-04-02T17:14:46","date_gmt":"2024-04-02T15:14:46","guid":{"rendered":"https:\/\/swissmediadesign.com\/?page_id=63"},"modified":"2025-04-24T08:54:47","modified_gmt":"2025-04-24T06:54:47","slug":"agb","status":"publish","type":"page","link":"https:\/\/swissmediadesign.com\/es\/agb\/","title":{"rendered":"GTC"},"content":{"rendered":"<style type=\"text\/css\" data-created_by=\"avia_inline_auto\" id=\"style-css-av-35z7n-25389c5c9db158d486ba16964339f28e\">\n.avia-section.av-35z7n-25389c5c9db158d486ba16964339f28e{\nbackground-repeat:no-repeat;\nbackground-image:url(https:\/\/swissmediadesign.com\/wp-content\/uploads\/2024\/04\/116568603_m_normal_none-1500x1000.jpg);\nbackground-position:50% 50%;\nbackground-attachment:scroll;\n}\n.avia-section.av-35z7n-25389c5c9db158d486ba16964339f28e .av-section-color-overlay{\nopacity:0.5;\nbackground-color:#000000;\n}\n<\/style>\n<div id='av_section_1'  class='avia-section av-35z7n-25389c5c9db158d486ba16964339f28e main_color avia-section-default avia-no-border-styling  avia-builder-el-0  el_before_av_one_full  avia-builder-el-first  avia-full-stretch avia-bg-style-scroll av-section-color-overlay-active container_wrap fullsize'  data-section-bg-repeat='stretch'><div class=\"av-section-color-overlay-wrap\"><div class=\"av-section-color-overlay\"><\/div><div class='container av-section-cont-open' ><main  role=\"main\" itemprop=\"mainContentOfPage\"  class='template-page content  av-content-full alpha units'><div class='post-entry post-entry-type-page post-entry-63'><div class='entry-content-wrapper clearfix'>\n<div  class='flex_column av-2xnzf-25227a301b8c6d8c453451516e8473b4 av_one_fifth  avia-builder-el-1  el_before_av_three_fifth  avia-builder-el-first  first flex_column_div'     ><\/div><div  class='flex_column av-23t7r-71a880b3b920f214fbb93f975233580d av_three_fifth  avia-builder-el-2  el_after_av_one_fifth  el_before_av_one_fifth  flex_column_div'     ><p>\n<style type=\"text\/css\" data-created_by=\"avia_inline_auto\" id=\"style-css-av-lv9kd1t3-77c488747901ea4c0aa32a9adcda170b\">\n#top .av-special-heading.av-lv9kd1t3-77c488747901ea4c0aa32a9adcda170b{\npadding-bottom:10px;\ncolor:#ffffff;\n}\nbody .av-special-heading.av-lv9kd1t3-77c488747901ea4c0aa32a9adcda170b .av-special-heading-tag .heading-char{\nfont-size:25px;\n}\n.av-special-heading.av-lv9kd1t3-77c488747901ea4c0aa32a9adcda170b .special-heading-inner-border{\nborder-color:#ffffff;\n}\n.av-special-heading.av-lv9kd1t3-77c488747901ea4c0aa32a9adcda170b .av-subheading{\nfont-size:15px;\n}\n<\/style>\n<div  class='av-special-heading av-lv9kd1t3-77c488747901ea4c0aa32a9adcda170b av-special-heading-h1 custom-color-heading blockquote modern-quote modern-centered  avia-builder-el-3  el_before_av_textblock  avia-builder-el-first'><h1 class='av-special-heading-tag'  itemprop=\"headline\"  >GTC<\/h1><div class=\"special-heading-border\"><div class=\"special-heading-inner-border\"><\/div><\/div><\/div><br \/>\n\n<style type=\"text\/css\" data-created_by=\"avia_inline_auto\" id=\"style-css-av-1l1zf-c892faec179d8a542b60aaca967800df\">\n#top .av_textblock_section.av-1l1zf-c892faec179d8a542b60aaca967800df .avia_textblock{\ncolor:#ffffff;\n}\n<\/style>\n<section  class='av_textblock_section av-1l1zf-c892faec179d8a542b60aaca967800df'   itemscope=\"itemscope\" itemtype=\"https:\/\/schema.org\/CreativeWork\" ><div class='avia_textblock av_inherit_color'  itemprop=\"text\" ><p style=\"text-align: center;\">Bienvenido a la p\u00e1gina de las CGC de Swiss Media Design. Estas Condiciones Generales de Contrataci\u00f3n (CGC) se aplican a todos los clientes con un contrato en vigor. Por favor, lea atentamente las CGC. Si tiene alguna pregunta, no dude en ponerse en contacto con nosotros. Gracias por su confianza en Swiss Media Design.<\/p>\n<\/div><\/section><\/p><\/div><div  class='flex_column av-pgvb-837c07f302a64d02cedbabba93c31c44 av_one_fifth  avia-builder-el-5  el_after_av_three_fifth  avia-builder-el-last  flex_column_div'     ><\/div><\/div><\/div><\/main><!-- close content main element --><\/div><\/div><\/div><div id='after_section_1'  class='main_color av_default_container_wrap container_wrap fullsize'  ><div class='container av-section-cont-open' ><div class='template-page content  av-content-full alpha units'><div class='post-entry post-entry-type-page post-entry-63'><div class='entry-content-wrapper clearfix'><div  class='flex_column av-38hf-cb7d17231231cb06bc7682165fabc865 av_one_full  avia-builder-el-6  el_after_av_section  avia-builder-el-no-sibling  first flex_column_div'     ><p>\n<style type=\"text\/css\" data-created_by=\"avia_inline_auto\" id=\"style-css-av-lv9kqpai-d4aa5de09cf070bad148321c19892d41\">\n#top .av-special-heading.av-lv9kqpai-d4aa5de09cf070bad148321c19892d41{\npadding-bottom:10px;\n}\nbody .av-special-heading.av-lv9kqpai-d4aa5de09cf070bad148321c19892d41 .av-special-heading-tag .heading-char{\nfont-size:25px;\n}\n.av-special-heading.av-lv9kqpai-d4aa5de09cf070bad148321c19892d41 .av-subheading{\nfont-size:15px;\n}\n<\/style>\n<div  class='av-special-heading av-lv9kqpai-d4aa5de09cf070bad148321c19892d41 av-special-heading-h2 blockquote modern-quote  avia-builder-el-7  el_before_av_textblock  avia-builder-el-first'><h2 class='av-special-heading-tag'  itemprop=\"headline\"  >1. \u00e1mbito de aplicaci\u00f3n<\/h2><div class=\"special-heading-border\"><div class=\"special-heading-inner-border\"><\/div><\/div><\/div><br \/>\n<section  class='av_textblock_section av-lv9kr2uc-2a2c22690ac8dba96bd21727c71f7eeb'   itemscope=\"itemscope\" itemtype=\"https:\/\/schema.org\/CreativeWork\" ><div class='avia_textblock'  itemprop=\"text\" ><p>Las presentes Condiciones Generales de Contrataci\u00f3n (CGC) se aplican a todas las relaciones comerciales entre Swiss Media Design GmbH y el cliente, a menos que se acuerde otra cosa por escrito. Las modificaciones de estas CGC no afectar\u00e1n a la validez de las disposiciones restantes. Condiciones del cliente u otras condiciones contractuales no ser\u00e1n v\u00e1lidas a menos que sean expresamente reconocidas por nosotros.<\/p>\n<p>Al realizar el pedido por escrito, el cliente confirma que ha tomado nota de las presentes CGC y las acepta como parte integrante del contrato.<\/p>\n<\/div><\/section><br \/>\n\n<style type=\"text\/css\" data-created_by=\"avia_inline_auto\" id=\"style-css-av-lv9krhyo-55da588dbc26665e52dfa65542043750\">\n#top .av-special-heading.av-lv9krhyo-55da588dbc26665e52dfa65542043750{\npadding-bottom:10px;\n}\nbody .av-special-heading.av-lv9krhyo-55da588dbc26665e52dfa65542043750 .av-special-heading-tag .heading-char{\nfont-size:25px;\n}\n.av-special-heading.av-lv9krhyo-55da588dbc26665e52dfa65542043750 .av-subheading{\nfont-size:15px;\n}\n<\/style>\n<div  class='av-special-heading av-lv9krhyo-55da588dbc26665e52dfa65542043750 av-special-heading-h2 blockquote modern-quote  avia-builder-el-9  el_after_av_textblock  el_before_av_textblock'><h2 class='av-special-heading-tag'  itemprop=\"headline\"  >2. ofertas<\/h2><div class=\"special-heading-border\"><div class=\"special-heading-inner-border\"><\/div><\/div><\/div><br \/>\n<section  class='av_textblock_section av-lv9krxgp-519cb4d9777abddea8a9976ae58685aa'   itemscope=\"itemscope\" itemtype=\"https:\/\/schema.org\/CreativeWork\" ><div class='avia_textblock'  itemprop=\"text\" ><p>Los presupuestos de Swiss Media Design GmbH se elaboran sobre la base de los datos facilitados por el cliente. Si estos datos son inexactos o incompletos, los precios indicados se considerar\u00e1n precios aproximados. Una oferta s\u00f3lo ser\u00e1 vinculante para Swiss Media Design GmbH tras la confirmaci\u00f3n por escrito del pedido por parte del cliente.<\/p>\n<\/div><\/section><br \/>\n\n<style type=\"text\/css\" data-created_by=\"avia_inline_auto\" id=\"style-css-av-lv9kskha-b9c6a5d490e29e85ca24d5ed72861fca\">\n#top .av-special-heading.av-lv9kskha-b9c6a5d490e29e85ca24d5ed72861fca{\npadding-bottom:10px;\n}\nbody .av-special-heading.av-lv9kskha-b9c6a5d490e29e85ca24d5ed72861fca .av-special-heading-tag .heading-char{\nfont-size:25px;\n}\n.av-special-heading.av-lv9kskha-b9c6a5d490e29e85ca24d5ed72861fca .av-subheading{\nfont-size:15px;\n}\n<\/style>\n<div  class='av-special-heading av-lv9kskha-b9c6a5d490e29e85ca24d5ed72861fca av-special-heading-h2 blockquote modern-quote  avia-builder-el-11  el_after_av_textblock  el_before_av_textblock'><h2 class='av-special-heading-tag'  itemprop=\"headline\"  >3. tramitaci\u00f3n de pedidos<\/h2><div class=\"special-heading-border\"><div class=\"special-heading-inner-border\"><\/div><\/div><\/div><br \/>\n<section  class='av_textblock_section av-lv9ktgbz-1c17c5ad35d720d07995c493ec986738'   itemscope=\"itemscope\" itemtype=\"https:\/\/schema.org\/CreativeWork\" ><div class='avia_textblock'  itemprop=\"text\" ><p>3.1 Swiss Media Design GmbH utiliza tecnolog\u00edas y m\u00e9todos de vanguardia.<\/p>\n<p>3.2 Swiss Media Design GmbH no asume ninguna responsabilidad por los datos incorrectos o incompletos suministrados por el cliente y excluye cualquier responsabilidad por la p\u00e9rdida de datos resultante.<\/p>\n<p>3.3 El cliente garantiza que posee todos los derechos sobre los datos y contenidos facilitados. Swiss Media Design GmbH ser\u00e1 indemnizada por cualquier da\u00f1o derivado del uso no autorizado de los materiales.<\/p>\n<p>3.4 Los cambios posteriores, como correcciones de texto o ajustes de dise\u00f1o, est\u00e1n sujetos a un recargo.<\/p>\n<p>3.5 Si las especificaciones no son claras, Swiss Media Design GmbH se reserva el derecho de determinar la disposici\u00f3n y el dise\u00f1o a su propia discreci\u00f3n.<\/p>\n<p>3.6 Swiss Media Design GmbH cumplir\u00e1 los plazos acordados siempre que el cliente cumpla con sus obligaciones contractuales. No se aceptar\u00e1 ninguna responsabilidad por los retrasos de los que Swiss Media Design GmbH no sea responsable.<\/p>\n<\/div><\/section><br \/>\n\n<style type=\"text\/css\" data-created_by=\"avia_inline_auto\" id=\"style-css-av-lv9kveci-56044e9851247509989c3f2461dc97bc\">\n#top .av-special-heading.av-lv9kveci-56044e9851247509989c3f2461dc97bc{\npadding-bottom:10px;\n}\nbody .av-special-heading.av-lv9kveci-56044e9851247509989c3f2461dc97bc .av-special-heading-tag .heading-char{\nfont-size:25px;\n}\n.av-special-heading.av-lv9kveci-56044e9851247509989c3f2461dc97bc .av-subheading{\nfont-size:15px;\n}\n<\/style>\n<div  class='av-special-heading av-lv9kveci-56044e9851247509989c3f2461dc97bc av-special-heading-h2 blockquote modern-quote  avia-builder-el-13  el_after_av_textblock  el_before_av_textblock'><h2 class='av-special-heading-tag'  itemprop=\"headline\"  >4. condiciones de entrega<\/h2><div class=\"special-heading-border\"><div class=\"special-heading-inner-border\"><\/div><\/div><\/div><br \/>\n<section  class='av_textblock_section av-lv9kvp71-56f422c7a5bce87301f557845af720ae'   itemscope=\"itemscope\" itemtype=\"https:\/\/schema.org\/CreativeWork\" ><div class='avia_textblock'  itemprop=\"text\" ><p>4.1 Los retrasos en la entrega no dar\u00e1n derecho al cliente a rescindir el contrato ni a reclamar da\u00f1os y perjuicios, siempre que Swiss Media Design GmbH no sea culpable.<\/p>\n<p>4.2 En caso de retraso en la entrega de datos por parte del cliente, los costes adicionales resultantes se facturar\u00e1n adicionalmente.<\/p>\n<\/div><\/section><br \/>\n\n<style type=\"text\/css\" data-created_by=\"avia_inline_auto\" id=\"style-css-av-lv9kwcpc-21b1b1ad46fbaeb7806254eb256ac035\">\n#top .av-special-heading.av-lv9kwcpc-21b1b1ad46fbaeb7806254eb256ac035{\npadding-bottom:10px;\n}\nbody .av-special-heading.av-lv9kwcpc-21b1b1ad46fbaeb7806254eb256ac035 .av-special-heading-tag .heading-char{\nfont-size:25px;\n}\n.av-special-heading.av-lv9kwcpc-21b1b1ad46fbaeb7806254eb256ac035 .av-subheading{\nfont-size:15px;\n}\n<\/style>\n<div  class='av-special-heading av-lv9kwcpc-21b1b1ad46fbaeb7806254eb256ac035 av-special-heading-h2 blockquote modern-quote  avia-builder-el-15  el_after_av_textblock  el_before_av_textblock'><h2 class='av-special-heading-tag'  itemprop=\"headline\"  >5 Precios y condiciones de pago<\/h2><div class=\"special-heading-border\"><div class=\"special-heading-inner-border\"><\/div><\/div><\/div><br \/>\n<section  class='av_textblock_section av-lv9kxy26-d032bc0b7350ada603c30d67e71a1027'   itemscope=\"itemscope\" itemtype=\"https:\/\/schema.org\/CreativeWork\" ><div class='avia_textblock'  itemprop=\"text\" ><p>5.1 Los precios ofertados son vinculantes. En caso de gastos adicionales imprevistos, pueden producirse desviaciones de los precios ofertados.<\/p>\n<p>5.2 El cliente correr\u00e1 con los gastos de desplazamiento a las citas, que se facturar\u00e1n a la tarifa horaria habitual de 180 CHF.<\/p>\n<p>5.3 Siempre se cobra un tiempo m\u00ednimo de 30 minutos, incluso para los trabajos m\u00e1s peque\u00f1os.<\/p>\n<p>5.4 En caso de rescisi\u00f3n del contrato por causas ajenas a Swiss Media Design GmbH, la obligaci\u00f3n de pago seguir\u00e1 vigente.<\/p>\n<p>5.5 Podr\u00e1n solicitarse anticipos de hasta la mitad del importe de la factura.<\/p>\n<p>5.6 Los pagos deber\u00e1n efectuarse dentro de los 30 d\u00edas siguientes a la facturaci\u00f3n. En caso de demora en el pago, se cobrar\u00e1 una tasa de tramitaci\u00f3n de 100 CHF a partir del tercer recordatorio.<\/p>\n<\/div><\/section><br \/>\n\n<style type=\"text\/css\" data-created_by=\"avia_inline_auto\" id=\"style-css-av-lv9kz2zu-506d6f0b6afb8a1ac0431c6398fc6518\">\n#top .av-special-heading.av-lv9kz2zu-506d6f0b6afb8a1ac0431c6398fc6518{\npadding-bottom:10px;\n}\nbody .av-special-heading.av-lv9kz2zu-506d6f0b6afb8a1ac0431c6398fc6518 .av-special-heading-tag .heading-char{\nfont-size:25px;\n}\n.av-special-heading.av-lv9kz2zu-506d6f0b6afb8a1ac0431c6398fc6518 .av-subheading{\nfont-size:15px;\n}\n<\/style>\n<div  class='av-special-heading av-lv9kz2zu-506d6f0b6afb8a1ac0431c6398fc6518 av-special-heading-h2 blockquote modern-quote  avia-builder-el-17  el_after_av_textblock  el_before_av_textblock'><h2 class='av-special-heading-tag'  itemprop=\"headline\"  >6. primas por horas extraordinarias<\/h2><div class=\"special-heading-border\"><div class=\"special-heading-inner-border\"><\/div><\/div><\/div><br \/>\n<section  class='av_textblock_section av-lv9l042c-2533671db6276be1f42cd1e22b15c4f0'   itemscope=\"itemscope\" itemtype=\"https:\/\/schema.org\/CreativeWork\" ><div class='avia_textblock'  itemprop=\"text\" ><p>En Swiss Media Design GmbH, los trabajos realizados fuera del horario laboral normal o en fines de semana y d\u00edas festivos se facturar\u00e1n con un recargo sobre la tarifa horaria normal a fin de compensar adecuadamente a nuestros empleados por la carga de trabajo adicional. Los recargos se escalonan de la siguiente manera:<\/p>\n<ul>\n<li><strong>Trabajo nocturno (de 18:00 a 20:00):<\/strong> Cobramos un recargo de 25% adem\u00e1s de nuestra tarifa horaria habitual por los trabajos realizados por la tarde entre las 18:00 y las 20:00 y los s\u00e1bados en estos horarios.<\/li>\n<li><strong>Trabajo nocturno (de 20:00 a 06:00):<\/strong> El trabajo nocturno de 20.00 a 06.00 horas est\u00e1 sujeto a un recargo de 50%. Esto se aplica a la carga adicional que el trabajo nocturno supone para nuestros empleados.<\/li>\n<li><strong>Trabajar domingos y festivos:<\/strong> Los domingos y festivos oficiales se cobra un recargo de 100%. Este recargo incrementado refleja el compromiso especial de nuestros empleados en d\u00edas que normalmente se utilizan para el ocio.<\/li>\n<\/ul>\n<p>Estos recargos pretenden garantizar que nuestros empleados reciban una compensaci\u00f3n justa por sus horas de trabajo fuera del horario laboral normal y que la calidad de nuestros servicios est\u00e9 garantizada incluso con cargas de trabajo mayores.<\/p>\n<\/div><\/section><br \/>\n\n<style type=\"text\/css\" data-created_by=\"avia_inline_auto\" id=\"style-css-av-lv9l7xnu-9cfccd986601268353e9a5694ad5b8e7\">\n#top .av-special-heading.av-lv9l7xnu-9cfccd986601268353e9a5694ad5b8e7{\npadding-bottom:10px;\n}\nbody .av-special-heading.av-lv9l7xnu-9cfccd986601268353e9a5694ad5b8e7 .av-special-heading-tag .heading-char{\nfont-size:25px;\n}\n.av-special-heading.av-lv9l7xnu-9cfccd986601268353e9a5694ad5b8e7 .av-subheading{\nfont-size:15px;\n}\n<\/style>\n<div  class='av-special-heading av-lv9l7xnu-9cfccd986601268353e9a5694ad5b8e7 av-special-heading-h2 blockquote modern-quote  avia-builder-el-19  el_after_av_textblock  el_before_av_textblock'><h2 class='av-special-heading-tag'  itemprop=\"headline\"  >7. asistencia y garant\u00eda<\/h2><div class=\"special-heading-border\"><div class=\"special-heading-inner-border\"><\/div><\/div><\/div><br \/>\n<section  class='av_textblock_section av-lv9l88kx-bafe10ef61ff3b05ce4dc385ea719afb'   itemscope=\"itemscope\" itemtype=\"https:\/\/schema.org\/CreativeWork\" ><div class='avia_textblock'  itemprop=\"text\" ><p>Los servicios de asistencia de Swiss Media Design GmbH se cobran siempre por tiempo y material y est\u00e1n sujetos a una tarifa. Para cada solicitud de asistencia se crea un proyecto en Bexio y se registra con precisi\u00f3n el tiempo de trabajo. Independientemente del alcance de la consulta, cobramos un tiempo de trabajo m\u00ednimo de 30 minutos.<\/p>\n<p>Debido a las caracter\u00edsticas espec\u00edficas y al continuo desarrollo en el campo de las tecnolog\u00edas web, Swiss Media Design GmbH no ofrece garant\u00edas sobre los sitios web que creamos. La naturaleza de las tecnolog\u00edas web y las frecuentes actualizaciones de software y sistemas pueden influir en la funcionalidad de los sitios web. Por lo tanto, no podemos garantizar la ausencia continuada de errores ni la plena compatibilidad con futuros est\u00e1ndares tecnol\u00f3gicos o actualizaciones tras la entrega y el primer inicio de sesi\u00f3n del cliente en el sitio web. Todos los ajustes, correcciones de errores o actualizaciones posteriores se considerar\u00e1n casos de asistencia y se cobrar\u00e1n seg\u00fan nuestra tarifa horaria est\u00e1ndar.<\/p>\n<\/div><\/section><br \/>\n\n<style type=\"text\/css\" data-created_by=\"avia_inline_auto\" id=\"style-css-av-p2wj-db1349f6a5450e2ecdb8bfc6b7c4c333\">\n#top .av-special-heading.av-p2wj-db1349f6a5450e2ecdb8bfc6b7c4c333{\npadding-bottom:10px;\n}\nbody .av-special-heading.av-p2wj-db1349f6a5450e2ecdb8bfc6b7c4c333 .av-special-heading-tag .heading-char{\nfont-size:25px;\n}\n.av-special-heading.av-p2wj-db1349f6a5450e2ecdb8bfc6b7c4c333 .av-subheading{\nfont-size:15px;\n}\n<\/style>\n<div  class='av-special-heading av-p2wj-db1349f6a5450e2ecdb8bfc6b7c4c333 av-special-heading-h2 blockquote modern-quote  avia-builder-el-21  el_after_av_textblock  el_before_av_textblock'><h2 class='av-special-heading-tag'  itemprop=\"headline\"  >8. alojamiento web y herramientas para redes sociales<\/h2><div class=\"special-heading-border\"><div class=\"special-heading-inner-border\"><\/div><\/div><\/div><br \/>\n<section  class='av_textblock_section av-lv9ladgd-13249b5dddf42ac3a06efabcbc9ba417'   itemscope=\"itemscope\" itemtype=\"https:\/\/schema.org\/CreativeWork\" ><div class='avia_textblock'  itemprop=\"text\" ><p>Swiss Media Design GmbH deja claro que no acepta ninguna responsabilidad por los problemas que se produzcan en relaci\u00f3n con los servicios de alojamiento web o el uso de herramientas de medios sociales. Esto incluye fallos, p\u00e9rdida de datos, mal funcionamiento o violaciones de seguridad causadas por proveedores de servicios externos o por la naturaleza de estas plataformas digitales. Se recuerda a los clientes que las actualizaciones peri\u00f3dicas y la supervisi\u00f3n de sus sistemas son fundamentales para garantizar la integridad y el rendimiento de su presencia en la web y en las redes sociales.<\/p>\n<\/div><\/section><br \/>\n\n<style type=\"text\/css\" data-created_by=\"avia_inline_auto\" id=\"style-css-av-lv9ld6q8-9d359496616d762d06a8cb05c1d9a9f7\">\n#top .av-special-heading.av-lv9ld6q8-9d359496616d762d06a8cb05c1d9a9f7{\npadding-bottom:10px;\n}\nbody .av-special-heading.av-lv9ld6q8-9d359496616d762d06a8cb05c1d9a9f7 .av-special-heading-tag .heading-char{\nfont-size:25px;\n}\n.av-special-heading.av-lv9ld6q8-9d359496616d762d06a8cb05c1d9a9f7 .av-subheading{\nfont-size:15px;\n}\n<\/style>\n<div  class='av-special-heading av-lv9ld6q8-9d359496616d762d06a8cb05c1d9a9f7 av-special-heading-h2 blockquote modern-quote  avia-builder-el-23  el_after_av_textblock  el_before_av_textblock'><h2 class='av-special-heading-tag'  itemprop=\"headline\"  >9. condiciones de anulaci\u00f3n<\/h2><div class=\"special-heading-border\"><div class=\"special-heading-inner-border\"><\/div><\/div><\/div><br \/>\n<section  class='av_textblock_section av-lv9lkfno-c65b5e0e1a6f40caa5ce655c8ad68600'   itemscope=\"itemscope\" itemtype=\"https:\/\/schema.org\/CreativeWork\" ><div class='avia_textblock'  itemprop=\"text\" ><p>Las cancelaciones de dominios, servicios web u otros servicios de pago peri\u00f3dico deben hacerse por escrito y por carta certificada. Todas las cancelaciones deber\u00e1n presentarse a m\u00e1s tardar a finales de octubre. Si la cancelaci\u00f3n no se realiza en esa fecha, el contrato se renovar\u00e1 autom\u00e1ticamente por un a\u00f1o m\u00e1s y los servicios correspondientes se facturar\u00e1n para el a\u00f1o siguiente.<\/p>\n<p>Consulte nuestra <a href=\"https:\/\/swissmediadesign.com\/es\/normas-de-anulacion\/\">Pol\u00edtica de anulaci\u00f3n<\/a> en nuestro sitio web para m\u00e1s informaci\u00f3n y pasos a seguir en caso de cancelaci\u00f3n.<\/p>\n<\/div><\/section><br \/>\n\n<style type=\"text\/css\" data-created_by=\"avia_inline_auto\" id=\"style-css-av-lv9lme6x-4e8ae882720125d28c69545738cc0040\">\n#top .av-special-heading.av-lv9lme6x-4e8ae882720125d28c69545738cc0040{\npadding-bottom:10px;\n}\nbody .av-special-heading.av-lv9lme6x-4e8ae882720125d28c69545738cc0040 .av-special-heading-tag .heading-char{\nfont-size:25px;\n}\n.av-special-heading.av-lv9lme6x-4e8ae882720125d28c69545738cc0040 .av-subheading{\nfont-size:15px;\n}\n<\/style>\n<div  class='av-special-heading av-lv9lme6x-4e8ae882720125d28c69545738cc0040 av-special-heading-h2 blockquote modern-quote  avia-builder-el-25  el_after_av_textblock  el_before_av_textblock'><h2 class='av-special-heading-tag'  itemprop=\"headline\"  >10. secreto<\/h2><div class=\"special-heading-border\"><div class=\"special-heading-inner-border\"><\/div><\/div><\/div><br \/>\n<section  class='av_textblock_section av-lv9lmuhu-f106e1b771828a3c2ae4145684634cf6'   itemscope=\"itemscope\" itemtype=\"https:\/\/schema.org\/CreativeWork\" ><div class='avia_textblock'  itemprop=\"text\" ><p>Swiss Media Design GmbH se compromete a mantener una estricta confidencialidad con respecto a todos los datos de sus clientes. Tomamos todas las medidas t\u00e9cnicas y organizativas necesarias para garantizar que la informaci\u00f3n de nuestros clientes est\u00e9 protegida y s\u00f3lo se utilice dentro del marco legalmente permitido. La informaci\u00f3n s\u00f3lo se transmite a terceros si es necesaria para el cumplimiento de obligaciones contractuales o con el consentimiento expreso del cliente. Esta obligaci\u00f3n de confidencialidad sigue vigente incluso despu\u00e9s de finalizar la relaci\u00f3n comercial.<\/p>\n<\/div><\/section><br \/>\n\n<style type=\"text\/css\" data-created_by=\"avia_inline_auto\" id=\"style-css-av-lv9lpnhz-a8544fa7a5dcee0c2286046a969c0325\">\n#top .av-special-heading.av-lv9lpnhz-a8544fa7a5dcee0c2286046a969c0325{\npadding-bottom:10px;\n}\nbody .av-special-heading.av-lv9lpnhz-a8544fa7a5dcee0c2286046a969c0325 .av-special-heading-tag .heading-char{\nfont-size:25px;\n}\n.av-special-heading.av-lv9lpnhz-a8544fa7a5dcee0c2286046a969c0325 .av-subheading{\nfont-size:15px;\n}\n<\/style>\n<div  class='av-special-heading av-lv9lpnhz-a8544fa7a5dcee0c2286046a969c0325 av-special-heading-h2 blockquote modern-quote  avia-builder-el-27  el_after_av_textblock  el_before_av_textblock'><h2 class='av-special-heading-tag'  itemprop=\"headline\"  >11. derechos sobre el resultado del trabajo<\/h2><div class=\"special-heading-border\"><div class=\"special-heading-inner-border\"><\/div><\/div><\/div><br \/>\n<section  class='av_textblock_section av-lv9lq14j-bfc470ca719a247db219180a2e5ae21c'   itemscope=\"itemscope\" itemtype=\"https:\/\/schema.org\/CreativeWork\" ><div class='avia_textblock'  itemprop=\"text\" ><p>A menos que se acuerde lo contrario, Swiss Media Design GmbH se reserva todos los derechos sobre los trabajos creados como parte del cumplimiento del pedido. Esto incluye bocetos, borradores, propuestas de dise\u00f1o, plantillas, originales, trabajos fotogr\u00e1ficos, datos generados, grabaciones de datos, soportes de datos y todos los dem\u00e1s resultados del trabajo.<\/p>\n<p>Tras el pago completo, el cliente recibe un derecho no exclusivo para utilizar el trabajo desarrollado. No obstante, los derechos de autor seguir\u00e1n perteneciendo a Swiss Media Design GmbH. Cualquier otro uso o utilizaci\u00f3n para otros fines requiere el consentimiento expreso por escrito de Swiss Media Design GmbH. Esta normativa garantiza la protecci\u00f3n de nuestros derechos de propiedad intelectual y asegura que el uso del contenido generado se ajuste a nuestras directrices.<\/p>\n<\/div><\/section><br \/>\n\n<style type=\"text\/css\" data-created_by=\"avia_inline_auto\" id=\"style-css-av-lv9lrjqr-4494c233376149c9b554e51ed4d935f2\">\n#top .av-special-heading.av-lv9lrjqr-4494c233376149c9b554e51ed4d935f2{\npadding-bottom:10px;\n}\nbody .av-special-heading.av-lv9lrjqr-4494c233376149c9b554e51ed4d935f2 .av-special-heading-tag .heading-char{\nfont-size:25px;\n}\n.av-special-heading.av-lv9lrjqr-4494c233376149c9b554e51ed4d935f2 .av-subheading{\nfont-size:15px;\n}\n<\/style>\n<div  class='av-special-heading av-lv9lrjqr-4494c233376149c9b554e51ed4d935f2 av-special-heading-h2 blockquote modern-quote  avia-builder-el-29  el_after_av_textblock  el_before_av_textblock'><h2 class='av-special-heading-tag'  itemprop=\"headline\"  >12 Legislaci\u00f3n aplicable y fuero competente<\/h2><div class=\"special-heading-border\"><div class=\"special-heading-inner-border\"><\/div><\/div><\/div><br \/>\n<section  class='av_textblock_section av-lv9ls43v-9bb126a7daca459b40a2b48efb292b27'   itemscope=\"itemscope\" itemtype=\"https:\/\/schema.org\/CreativeWork\" ><div class='avia_textblock'  itemprop=\"text\" ><p>El fuero competente y lugar de cumplimiento es Buchs SG.<\/p>\n<p>La relaci\u00f3n contractual se regir\u00e1 exclusivamente por la legislaci\u00f3n suiza. Ni la \"Convenci\u00f3n de Viena sobre la Compraventa\" ni ninguna otra ley o tratado se aplicar\u00e1n a la relaci\u00f3n jur\u00eddica entre las partes contratantes, aunque fueran aplicables en virtud de las normas del Derecho internacional privado suizo.<\/p>\n<\/div><\/section><\/p><\/div><\/p>","protected":false},"excerpt":{"rendered":"","protected":false},"author":2,"featured_media":0,"parent":0,"menu_order":10000,"comment_status":"closed","ping_status":"closed","template":"","meta":{"footnotes":""},"class_list":["post-63","page","type-page","status-publish","hentry"],"_links":{"self":[{"href":"https:\/\/swissmediadesign.com\/es\/wp-json\/wp\/v2\/pages\/63","targetHints":{"allow":["GET"]}}],"collection":[{"href":"https:\/\/swissmediadesign.com\/es\/wp-json\/wp\/v2\/pages"}],"about":[{"href":"https:\/\/swissmediadesign.com\/es\/wp-json\/wp\/v2\/types\/page"}],"author":[{"embeddable":true,"href":"https:\/\/swissmediadesign.com\/es\/wp-json\/wp\/v2\/users\/2"}],"replies":[{"embeddable":true,"href":"https:\/\/swissmediadesign.com\/es\/wp-json\/wp\/v2\/comments?post=63"}],"version-history":[{"count":0,"href":"https:\/\/swissmediadesign.com\/es\/wp-json\/wp\/v2\/pages\/63\/revisions"}],"wp:attachment":[{"href":"https:\/\/swissmediadesign.com\/es\/wp-json\/wp\/v2\/media?parent=63"}],"curies":[{"name":"wp","href":"https:\/\/api.w.org\/{rel}","templated":true}]}}