{"id":678,"date":"2024-04-21T16:11:31","date_gmt":"2024-04-21T14:11:31","guid":{"rendered":"https:\/\/swissmediadesign.com\/?page_id=678"},"modified":"2025-04-24T08:54:55","modified_gmt":"2025-04-24T06:54:55","slug":"kuendigungsrichtlinien","status":"publish","type":"page","link":"https:\/\/swissmediadesign.com\/es\/normas-de-anulacion\/","title":{"rendered":"Pol\u00edtica de anulaci\u00f3n"},"content":{"rendered":"<style type=\"text\/css\" data-created_by=\"avia_inline_auto\" id=\"style-css-av-154se6-900600d653a60a45df489807eb924d60\">\n.avia-section.av-154se6-900600d653a60a45df489807eb924d60{\nbackground-repeat:no-repeat;\nbackground-image:url(https:\/\/swissmediadesign.com\/wp-content\/uploads\/2024\/05\/138458153_m_normal_none-1500x1000.jpg);\nbackground-position:50% 0%;\nbackground-attachment:scroll;\n}\n.avia-section.av-154se6-900600d653a60a45df489807eb924d60 .av-section-color-overlay{\nopacity:0.5;\nbackground-color:#000000;\n}\n<\/style>\n<div id='av_section_1'  class='avia-section av-154se6-900600d653a60a45df489807eb924d60 main_color avia-section-default avia-no-border-styling  avia-builder-el-0  el_before_av_one_full  avia-builder-el-first  avia-full-stretch avia-bg-style-scroll av-section-color-overlay-active container_wrap fullsize'  data-section-bg-repeat='stretch'><div class=\"av-section-color-overlay-wrap\"><div class=\"av-section-color-overlay\"><\/div><div class='container av-section-cont-open' ><main  role=\"main\" itemprop=\"mainContentOfPage\"  class='template-page content  av-content-full alpha units'><div class='post-entry post-entry-type-page post-entry-678'><div class='entry-content-wrapper clearfix'>\n<div  class='flex_column av-3a1r2-210338944b276992a1a3b63dcf741757 av_one_fifth  avia-builder-el-1  el_before_av_three_fifth  avia-builder-el-first  first flex_column_div'     ><\/div><div  class='flex_column av-snwo6-2384b05c4651a346d8f0e33b63eadb9d av_three_fifth  avia-builder-el-2  el_after_av_one_fifth  el_before_av_one_fifth  flex_column_div'     ><p>\n<style type=\"text\/css\" data-created_by=\"avia_inline_auto\" id=\"style-css-av-lv9m4xqh-a0dce2df1f7d2cde8148bea02d7622fc\">\n#top .av-special-heading.av-lv9m4xqh-a0dce2df1f7d2cde8148bea02d7622fc{\npadding-bottom:10px;\ncolor:#ffffff;\n}\nbody .av-special-heading.av-lv9m4xqh-a0dce2df1f7d2cde8148bea02d7622fc .av-special-heading-tag .heading-char{\nfont-size:25px;\n}\n.av-special-heading.av-lv9m4xqh-a0dce2df1f7d2cde8148bea02d7622fc .special-heading-inner-border{\nborder-color:#ffffff;\n}\n.av-special-heading.av-lv9m4xqh-a0dce2df1f7d2cde8148bea02d7622fc .av-subheading{\nfont-size:15px;\n}\n<\/style>\n<div  class='av-special-heading av-lv9m4xqh-a0dce2df1f7d2cde8148bea02d7622fc av-special-heading-h1 custom-color-heading blockquote modern-quote modern-centered  avia-builder-el-3  el_before_av_textblock  avia-builder-el-first'><h1 class='av-special-heading-tag'  itemprop=\"headline\"  >Pol\u00edtica de anulaci\u00f3n<\/h1><div class=\"special-heading-border\"><div class=\"special-heading-inner-border\"><\/div><\/div><\/div><br \/>\n\n<style type=\"text\/css\" data-created_by=\"avia_inline_auto\" id=\"style-css-av-ju3ba-c17f95b8c9ddf94f08b526190164202d\">\n#top .av_textblock_section.av-ju3ba-c17f95b8c9ddf94f08b526190164202d .avia_textblock{\ncolor:#ffffff;\n}\n<\/style>\n<section  class='av_textblock_section av-ju3ba-c17f95b8c9ddf94f08b526190164202d'   itemscope=\"itemscope\" itemtype=\"https:\/\/schema.org\/CreativeWork\" ><div class='avia_textblock av_inherit_color'  itemprop=\"text\" ><p style=\"text-align: center;\">En esta p\u00e1gina encontrar\u00e1 la pol\u00edtica de cancelaci\u00f3n de Swiss Media Design. Estas directrices son vinculantes para todos los clientes con un contrato en vigor. Por favor, t\u00f3mese el tiempo necesario para leer detenidamente la pol\u00edtica de cancelaci\u00f3n. Si tiene alguna pregunta, puede ponerse en contacto con nosotros en cualquier momento. Gracias por su confianza en Swiss Media Design.<\/p>\n<\/div><\/section><\/p><\/div><div  class='flex_column av-eiv1y-46cc22fab9bc6fed24e2a579ebb7f648 av_one_fifth  avia-builder-el-5  el_after_av_three_fifth  avia-builder-el-last  flex_column_div'     ><\/div>\n<\/div><\/div><\/main><!-- close content main element --><\/div><\/div><\/div><div id='after_section_1'  class='main_color av_default_container_wrap container_wrap fullsize'  ><div class='container av-section-cont-open' ><div class='template-page content  av-content-full alpha units'><div class='post-entry post-entry-type-page post-entry-678'><div class='entry-content-wrapper clearfix'>\n<div  class='flex_column av-8gzou-981ee7b8c5e5da3d523a577588ad9891 av_one_full  avia-builder-el-6  el_after_av_section  avia-builder-el-no-sibling  first flex_column_div'     ><p>\n<style type=\"text\/css\" data-created_by=\"avia_inline_auto\" id=\"style-css-av-lv9m5lq9-b20dc36a714ad62b7307750e3ba161ea\">\n#top .av-special-heading.av-lv9m5lq9-b20dc36a714ad62b7307750e3ba161ea{\npadding-bottom:10px;\n}\nbody .av-special-heading.av-lv9m5lq9-b20dc36a714ad62b7307750e3ba161ea .av-special-heading-tag .heading-char{\nfont-size:25px;\n}\n.av-special-heading.av-lv9m5lq9-b20dc36a714ad62b7307750e3ba161ea .av-subheading{\nfont-size:15px;\n}\n<\/style>\n<div  class='av-special-heading av-lv9m5lq9-b20dc36a714ad62b7307750e3ba161ea av-special-heading-h2 blockquote modern-quote  avia-builder-el-7  el_before_av_textblock  avia-builder-el-first'><h2 class='av-special-heading-tag'  itemprop=\"headline\"  >1. cancelaci\u00f3n del alojamiento y copia de seguridad de los datos<\/h2><div class=\"special-heading-border\"><div class=\"special-heading-inner-border\"><\/div><\/div><\/div><br \/>\n<section  class='av_textblock_section av-lv9m5rfb-51946943411a5ca289335a476cf0957d'   itemscope=\"itemscope\" itemtype=\"https:\/\/schema.org\/CreativeWork\" ><div class='avia_textblock'  itemprop=\"text\" ><p>Cuando cancele su paquete de alojamiento, se borrar\u00e1n todos los datos almacenados en el servidor. Por lo tanto, es crucial crear una copia de seguridad de su sitio web para garantizar una transici\u00f3n sin problemas a un nuevo proveedor. Tiene la opci\u00f3n de hacer esta copia de seguridad usted mismo o recurrir a nuestro servicio de asistencia. Si desea que realicemos la copia de seguridad por usted, la tarifa es de 660,00 CHF. La copia de seguridad incluye todos los archivos relevantes de su sitio web, as\u00ed como la base de datos MYSQL, que forma parte del sistema de gesti\u00f3n de contenidos (CMS). Almacenamos la copia de seguridad tanto en una memoria USB como internamente. A menos que nos notifique lo contrario, no tomaremos ninguna otra medida. Por favor, compruebe usted mismo qu\u00e9 otras medidas son necesarias para su caso concreto. Estaremos encantados de asesorarle.<\/p>\n<\/div><\/section><br \/>\n\n<style type=\"text\/css\" data-created_by=\"avia_inline_auto\" id=\"style-css-av-lv9m60z4-34f5e63bf645194224964842ffbe45a6\">\n#top .av-special-heading.av-lv9m60z4-34f5e63bf645194224964842ffbe45a6{\npadding-bottom:10px;\n}\nbody .av-special-heading.av-lv9m60z4-34f5e63bf645194224964842ffbe45a6 .av-special-heading-tag .heading-char{\nfont-size:25px;\n}\n.av-special-heading.av-lv9m60z4-34f5e63bf645194224964842ffbe45a6 .av-subheading{\nfont-size:15px;\n}\n<\/style>\n<div  class='av-special-heading av-lv9m60z4-34f5e63bf645194224964842ffbe45a6 av-special-heading-h2 blockquote modern-quote  avia-builder-el-9  el_after_av_textblock  el_before_av_textblock'><h2 class='av-special-heading-tag'  itemprop=\"headline\"  >2. entradas en el servidor de nombres y transferencia de dominios<\/h2><div class=\"special-heading-border\"><div class=\"special-heading-inner-border\"><\/div><\/div><\/div><br \/>\n<section  class='av_textblock_section av-lv9m6cfs-a15634bcd8327365cbba292aac980eda'   itemscope=\"itemscope\" itemtype=\"https:\/\/schema.org\/CreativeWork\" ><div class='avia_textblock'  itemprop=\"text\" ><p>La cancelaci\u00f3n de su paquete de alojamiento requiere un ajuste de los registros del servidor de nombres (DNS). El DNS es un servicio importante que procesa las solicitudes de resoluci\u00f3n de nombres de dominio, similar a un servicio de consulta de directorios. Si estos ajustes no se actualizan, su sitio web ya no podr\u00e1 ser encontrado. Adem\u00e1s, se desactivar\u00e1n las cuentas de correo electr\u00f3nico que haya configurado. Si necesita nuestra ayuda para personalizar los registros DNS y la transferencia de dominios, le ofrecemos los siguientes servicios:<\/p>\n<ul>\n<li>Authcode para la transferencia de dominio: 330,00 CHF<\/li>\n<li>Personalizaci\u00f3n de registros DNS: 110,00 CHH<\/li>\n<\/ul>\n<p>Por favor, decida usted mismo si estos servicios son necesarios para su situaci\u00f3n. Podemos realizar estas tareas por usted previo consentimiento y pago.<\/p>\n<\/div><\/section><br \/>\n\n<style type=\"text\/css\" data-created_by=\"avia_inline_auto\" id=\"style-css-av-lv9m6puw-fd89529ac74b4c482a1eb547319ee1ae\">\n#top .av-special-heading.av-lv9m6puw-fd89529ac74b4c482a1eb547319ee1ae{\npadding-bottom:10px;\n}\nbody .av-special-heading.av-lv9m6puw-fd89529ac74b4c482a1eb547319ee1ae .av-special-heading-tag .heading-char{\nfont-size:25px;\n}\n.av-special-heading.av-lv9m6puw-fd89529ac74b4c482a1eb547319ee1ae .av-subheading{\nfont-size:15px;\n}\n<\/style>\n<div  class='av-special-heading av-lv9m6puw-fd89529ac74b4c482a1eb547319ee1ae av-special-heading-h2 blockquote modern-quote  avia-builder-el-11  el_after_av_textblock  el_before_av_textblock'><h2 class='av-special-heading-tag'  itemprop=\"headline\"  >3. copia de seguridad del correo electr\u00f3nico<\/h2><div class=\"special-heading-border\"><div class=\"special-heading-inner-border\"><\/div><\/div><\/div><br \/>\n<section  class='av_textblock_section av-lv9m6zpa-f292188660f63db8625426ba86b95ac2'   itemscope=\"itemscope\" itemtype=\"https:\/\/schema.org\/CreativeWork\" ><div class='avia_textblock'  itemprop=\"text\" ><p>Un cambio de proveedor de alojamiento puede provocar la p\u00e9rdida de todos los datos de correo electr\u00f3nico. Para asegurar esta informaci\u00f3n, es necesario realizar una copia de seguridad de los datos de correo electr\u00f3nico. Ofrecemos esta copia de seguridad por 165,00 CHF por direcci\u00f3n de correo electr\u00f3nico. Usted decide si desea utilizar este servicio.<\/p>\n<\/div><\/section><br \/>\n\n<style type=\"text\/css\" data-created_by=\"avia_inline_auto\" id=\"style-css-av-lv9m78bc-bf8b726d8b2b51e24004ed6be680d242\">\n#top .av-special-heading.av-lv9m78bc-bf8b726d8b2b51e24004ed6be680d242{\npadding-bottom:10px;\n}\nbody .av-special-heading.av-lv9m78bc-bf8b726d8b2b51e24004ed6be680d242 .av-special-heading-tag .heading-char{\nfont-size:25px;\n}\n.av-special-heading.av-lv9m78bc-bf8b726d8b2b51e24004ed6be680d242 .av-subheading{\nfont-size:15px;\n}\n<\/style>\n<div  class='av-special-heading av-lv9m78bc-bf8b726d8b2b51e24004ed6be680d242 av-special-heading-h2 blockquote modern-quote  avia-builder-el-13  el_after_av_textblock  el_before_av_textblock'><h2 class='av-special-heading-tag'  itemprop=\"headline\"  >4. derechos sobre el resultado del trabajo<\/h2><div class=\"special-heading-border\"><div class=\"special-heading-inner-border\"><\/div><\/div><\/div><br \/>\n<section  class='av_textblock_section av-lv9m7han-04a7d5fe15ba68b1c162999b13b14e52'   itemscope=\"itemscope\" itemtype=\"https:\/\/schema.org\/CreativeWork\" ><div class='avia_textblock'  itemprop=\"text\" ><p>A menos que se haya llegado a un acuerdo especial, conservamos los derechos de todos los materiales creados como parte de nuestros servicios, como bocetos, borradores, propuestas de dise\u00f1o y similares. El cliente recibe un derecho de uso no exclusivo tras el pago completo. Cualquier uso posterior requiere nuestro consentimiento por escrito.<\/p>\n<p>4.1 Los bocetos, borradores, propuestas de dise\u00f1o, plantillas, originales, trabajos fotogr\u00e1ficos, datos generados, grabaciones de datos (digitalizaci\u00f3n y almacenamiento de datos), soportes de datos y todos los dem\u00e1s objetos producidos por Swiss Media Design GmbH en el curso del cumplimiento del pedido seguir\u00e1n siendo propiedad de Swiss Media Design GmbH. El cliente podr\u00e1 encargar cualquier n\u00famero de los objetos mencionados y disponer de ellos libremente.<\/p>\n<p>4.2 Swiss Media Design GmbH tendr\u00e1 los derechos de propiedad sobre el resultado del trabajo o los documentos de reproducci\u00f3n, en particular los derechos de autor, en la medida en que el resultado del trabajo o los documentos de reproducci\u00f3n se hayan producido mediante servicios art\u00edsticos o creativos de Swiss Media Design GmbH y no se hayan tomado de los documentos y datos proporcionados por el cliente. Lo mismo se aplica a los bocetos, borradores, propuestas de dise\u00f1o, plantillas, originales, trabajos fotogr\u00e1ficos, datos generados, grabaciones de datos (digitalizaci\u00f3n y almacenamiento de datos), soportes de datos y todos los dem\u00e1s objetos producidos por Swiss Media Design GmbH en el curso del cumplimiento del pedido.<\/p>\n<\/div><\/section><\/p><\/div>","protected":false},"excerpt":{"rendered":"","protected":false},"author":2,"featured_media":0,"parent":0,"menu_order":12000,"comment_status":"closed","ping_status":"closed","template":"","meta":{"footnotes":""},"class_list":["post-678","page","type-page","status-publish","hentry"],"_links":{"self":[{"href":"https:\/\/swissmediadesign.com\/es\/wp-json\/wp\/v2\/pages\/678","targetHints":{"allow":["GET"]}}],"collection":[{"href":"https:\/\/swissmediadesign.com\/es\/wp-json\/wp\/v2\/pages"}],"about":[{"href":"https:\/\/swissmediadesign.com\/es\/wp-json\/wp\/v2\/types\/page"}],"author":[{"embeddable":true,"href":"https:\/\/swissmediadesign.com\/es\/wp-json\/wp\/v2\/users\/2"}],"replies":[{"embeddable":true,"href":"https:\/\/swissmediadesign.com\/es\/wp-json\/wp\/v2\/comments?post=678"}],"version-history":[{"count":0,"href":"https:\/\/swissmediadesign.com\/es\/wp-json\/wp\/v2\/pages\/678\/revisions"}],"wp:attachment":[{"href":"https:\/\/swissmediadesign.com\/es\/wp-json\/wp\/v2\/media?parent=678"}],"curies":[{"name":"wp","href":"https:\/\/api.w.org\/{rel}","templated":true}]}}