{"id":86,"date":"2024-04-02T20:22:46","date_gmt":"2024-04-02T18:22:46","guid":{"rendered":"https:\/\/swissmediadesign.com\/?page_id=86"},"modified":"2025-03-25T10:39:16","modified_gmt":"2025-03-25T09:39:16","slug":"sichtbar-werden","status":"publish","type":"page","link":"https:\/\/swissmediadesign.com\/es\/nuestra-experiencia\/hacerse-visible\/","title":{"rendered":"Hazte visible"},"content":{"rendered":"<style type=\"text\/css\" data-created_by=\"avia_inline_auto\" id=\"style-css-av-luiu3q8a-9578b9bbc024ba40fd18af0149c057af\">\n.avia-section.av-luiu3q8a-9578b9bbc024ba40fd18af0149c057af{\nbackground-repeat:no-repeat;\nbackground-image:url(https:\/\/swissmediadesign.com\/wp-content\/uploads\/2024\/04\/70425452_m_normal_none-1500x1000.jpg);\nbackground-position:50% 50%;\nbackground-attachment:scroll;\n}\n.avia-section.av-luiu3q8a-9578b9bbc024ba40fd18af0149c057af .av-section-color-overlay{\nopacity:0.5;\nbackground-color:#000000;\n}\n<\/style>\n<div id='av_section_1'  class='avia-section av-luiu3q8a-9578b9bbc024ba40fd18af0149c057af main_color avia-section-default avia-no-border-styling  avia-builder-el-0  el_before_av_masonry_gallery  avia-builder-el-first  avia-full-stretch avia-bg-style-scroll av-section-color-overlay-active container_wrap fullsize'  data-section-bg-repeat='stretch'><div class=\"av-section-color-overlay-wrap\"><div class=\"av-section-color-overlay\"><\/div><div class='container av-section-cont-open' ><main  role=\"main\" itemprop=\"mainContentOfPage\"  class='template-page content  av-content-full alpha units'><div class='post-entry post-entry-type-page post-entry-86'><div class='entry-content-wrapper clearfix'>\n<div  class='flex_column av-2s6gy-6ca825ad8888abee4a843b8341107a8c av_one_fifth  avia-builder-el-1  el_before_av_three_fifth  avia-builder-el-first  first flex_column_div'     ><\/div><div  class='flex_column av-2c9ee-20bbc9248ca4777835fa38b2c9837276 av_three_fifth  avia-builder-el-2  el_after_av_one_fifth  el_before_av_one_fifth  flex_column_div'     ><p>\n<style type=\"text\/css\" data-created_by=\"avia_inline_auto\" id=\"style-css-av-luiu2wps-d801b5c6ecf8767cc27f30a5489a5d4c\">\n#top .av-special-heading.av-luiu2wps-d801b5c6ecf8767cc27f30a5489a5d4c{\npadding-bottom:10px;\ncolor:#ffffff;\n}\nbody .av-special-heading.av-luiu2wps-d801b5c6ecf8767cc27f30a5489a5d4c .av-special-heading-tag .heading-char{\nfont-size:25px;\n}\n.av-special-heading.av-luiu2wps-d801b5c6ecf8767cc27f30a5489a5d4c .special-heading-inner-border{\nborder-color:#ffffff;\n}\n.av-special-heading.av-luiu2wps-d801b5c6ecf8767cc27f30a5489a5d4c .av-subheading{\nfont-size:15px;\n}\n<\/style>\n<div  class='av-special-heading av-luiu2wps-d801b5c6ecf8767cc27f30a5489a5d4c av-special-heading-h1 custom-color-heading blockquote modern-quote modern-centered  avia-builder-el-3  el_before_av_textblock  avia-builder-el-first'><h1 class='av-special-heading-tag'  itemprop=\"headline\"  >Hazte visible<\/h1><div class='av_custom_color av-subheading av-subheading_below'><p><a href=\"https:\/\/swissmediadesign.com\/es\/nuestra-experiencia\/\">Nuestra experiencia<\/a> \/ <a href=\"https:\/\/swissmediadesign.com\/es\/nuestra-experiencia\/hacerse-visible\/\">Hazte visible<\/a><\/p>\n<\/div><div class=\"special-heading-border\"><div class=\"special-heading-inner-border\"><\/div><\/div><\/div><br \/>\n\n<style type=\"text\/css\" data-created_by=\"avia_inline_auto\" id=\"style-css-av-4ic2-0a41b0693eb0a4bdc1446df79d0f628c\">\n#top .av_textblock_section.av-4ic2-0a41b0693eb0a4bdc1446df79d0f628c .avia_textblock{\ncolor:#ffffff;\n}\n<\/style>\n<section  class='av_textblock_section av-4ic2-0a41b0693eb0a4bdc1446df79d0f628c'   itemscope=\"itemscope\" itemtype=\"https:\/\/schema.org\/CreativeWork\" ><div class='avia_textblock av_inherit_color'  itemprop=\"text\" ><p style=\"text-align: center;\">Comience su viaje con nosotros y descubra impresionantes soluciones publicitarias que har\u00e1n que su coraz\u00f3n lata m\u00e1s r\u00e1pido. Damos forma a la presencia digital de su marca con dedicaci\u00f3n y creatividad. Transformamos visiones en \u00e9xitos tangibles y dise\u00f1amos experiencias que fascinar\u00e1n a su p\u00fablico objetivo a largo plazo.<\/p>\n<\/div><\/section><\/p><\/div><div  class='flex_column av-qui2-1352a2b3a9cddd6b00a17a40576d4b89 av_one_fifth  avia-builder-el-5  el_after_av_three_fifth  avia-builder-el-last  flex_column_div'     ><\/div>\n<style type=\"text\/css\" data-created_by=\"avia_inline_auto\" id=\"style-css-av-q91u-ef11b3d03405fb543a1ea455bcba6bdc\">\n#top .av-masonry.av-q91u-ef11b3d03405fb543a1ea455bcba6bdc{\nbackground-color:#ffffff;\n}\n<\/style>\n<div id='av-masonry-1' class='av-masonry av-q91u-ef11b3d03405fb543a1ea455bcba6bdc noHover av-flex-size av-large-gap av-hover-overlay-active av-masonry-animation-active av-masonry-col-3 av-caption-always av-caption-style-overlay av-masonry-gallery' data-post_id=\"86\"><div class=\"av-masonry-container isotope av-js-disabled\"><div class='av-masonry-entry isotope-item av-masonry-item-no-image'><\/div><a href=\"https:\/\/swissmediadesign.com\/es\/nuestra-experiencia\/hacerse-visible\/tiendas-de-diseno-web\/\"  aria-label=\"imagen Dise\u00f1o web y tiendas\"  id='av-masonry-1-item-868' data-av-masonry-item='868' class='av-masonry-entry isotope-item post-868 attachment type-attachment status-inherit hentry  av-masonry-item-with-image' title=\"Dise\u00f1o web y tiendas\" alt=\"\"  data-av-masonry-custom-link=\"https:\/\/swissmediadesign.com\/unsere-expertise\/sichtbar-werden\/webdesign-shops\/\"  itemprop=\"thumbnailUrl\" ><div class='av-inner-masonry-sizer'><\/div><figure class='av-inner-masonry main_color'><div class=\"av-masonry-outerimage-container\"><div class='av-masonry-image-container'   ><img decoding=\"async\" src=\"https:\/\/swissmediadesign.com\/wp-content\/uploads\/2024\/05\/african-american-man-sitting-in-front-of-computer-2023-11-27-04-50-31-utc-1030x688.jpg\" title=\"Dise\u00f1o web y tiendas\" alt=\"\" \/><\/div><\/div><figcaption class='av-inner-masonry-content site-background'><div class='av-inner-masonry-content-pos'><div class='av-inner-masonry-content-pos-content'><div class='avia-arrow'><\/div><h3 class='av-masonry-entry-title entry-title'  itemprop=\"headline\" >Dise\u00f1o web y tiendas<\/h3><div class='av-masonry-entry-content entry-content'  itemprop=\"text\" >Descubra las soluciones integrales y personalizadas de Swiss Media Design para el desarrollo de sitios web y el comercio electr\u00f3nico. Con nuestros muchos a\u00f1os de experiencia y enfoques innovadores y con visi\u00f3n de futuro, dise\u00f1amos su presencia en l\u00ednea para un futuro digital exitoso, sostenible, impresionante y eficazmente escalable.<\/div><\/div><\/div><\/figcaption><\/figure><\/a><!--end av-masonry entry--><a href=\"https:\/\/swissmediadesign.com\/es\/nuestra-experiencia\/hacerse-visible\/identidad-corporativa\/\"  aria-label=\"imagen Identidad corporativa\"  id='av-masonry-1-item-871' data-av-masonry-item='871' class='av-masonry-entry isotope-item post-871 attachment type-attachment status-inherit hentry  av-masonry-item-with-image' title=\"Identidad corporativa\" alt=\"\"  data-av-masonry-custom-link=\"https:\/\/swissmediadesign.com\/unsere-expertise\/sichtbar-werden\/corporate-identity\/\"  itemprop=\"thumbnailUrl\" ><div class='av-inner-masonry-sizer'><\/div><figure class='av-inner-masonry main_color'><div class=\"av-masonry-outerimage-container\"><div class='av-masonry-image-container'   ><img decoding=\"async\" src=\"https:\/\/swissmediadesign.com\/wp-content\/uploads\/2024\/05\/224386232_m_normal_none-1030x687.jpg\" title=\"Identidad corporativa\" alt=\"\" \/><\/div><\/div><figcaption class='av-inner-masonry-content site-background'><div class='av-inner-masonry-content-pos'><div class='av-inner-masonry-content-pos-content'><div class='avia-arrow'><\/div><h3 class='av-masonry-entry-title entry-title'  itemprop=\"headline\" >Identidad corporativa<\/h3><div class='av-masonry-entry-content entry-content'  itemprop=\"text\" >Descubra ahora las soluciones de identidad corporativa innovadoras y personalizadas de Swiss Media Design. Con estrategias integrales y creativas, desarrollamos proactivamente su identidad de marca \u00fanica para lograr una presencia fuerte, asertiva y convincente, as\u00ed como un aumento sostenible del valor de mercado.<\/div><\/div><\/div><\/figcaption><\/figure><\/a><!--end av-masonry entry--><a href=\"https:\/\/swissmediadesign.com\/es\/nuestra-experiencia\/hacerse-visible\/optimizacion-para-buscadores-seo\/\"  aria-label=\"optimizaci\u00f3n de im\u00e1genes para motores de b\u00fasqueda\"  id='av-masonry-1-item-865' data-av-masonry-item='865' class='av-masonry-entry isotope-item post-865 attachment type-attachment status-inherit hentry  av-masonry-item-with-image' title=\"Optimizaci\u00f3n de motores de b\u00fasqueda\" alt=\"\"  data-av-masonry-custom-link=\"https:\/\/swissmediadesign.com\/unsere-expertise\/sichtbar-werden\/suchmaschinenoptimierung\/\"  itemprop=\"thumbnailUrl\" ><div class='av-inner-masonry-sizer'><\/div><figure class='av-inner-masonry main_color'><div class=\"av-masonry-outerimage-container\"><div class='av-masonry-image-container'   ><img decoding=\"async\" src=\"https:\/\/swissmediadesign.com\/wp-content\/uploads\/2024\/05\/139589453_m_normal_none-1030x687.jpg\" title=\"Optimizaci\u00f3n de motores de b\u00fasqueda\" alt=\"\" \/><\/div><\/div><figcaption class='av-inner-masonry-content site-background'><div class='av-inner-masonry-content-pos'><div class='av-inner-masonry-content-pos-content'><div class='avia-arrow'><\/div><h3 class='av-masonry-entry-title entry-title'  itemprop=\"headline\" >Optimizaci\u00f3n de motores de b\u00fasqueda<\/h3><div class='av-masonry-entry-content entry-content'  itemprop=\"text\" >Descubra c\u00f3mo nuestras estrategias SEO pueden llevar su sitio web a lo m\u00e1s alto de los motores de b\u00fasqueda. Con una amplia experiencia y t\u00e9cnicas innovadoras, optimizamos su contenido, mejoramos su posicionamiento y aumentamos su visibilidad. Cada medida tiene como objetivo atraer a su p\u00fablico objetivo y transmitir el mensaje de su marca.<\/div><\/div><\/div><\/figcaption><\/figure><\/a><!--end av-masonry entry--><\/div><\/div><\/p>","protected":false},"excerpt":{"rendered":"","protected":false},"author":2,"featured_media":0,"parent":31,"menu_order":3100,"comment_status":"closed","ping_status":"closed","template":"","meta":{"footnotes":""},"class_list":["post-86","page","type-page","status-publish","hentry"],"_links":{"self":[{"href":"https:\/\/swissmediadesign.com\/es\/wp-json\/wp\/v2\/pages\/86","targetHints":{"allow":["GET"]}}],"collection":[{"href":"https:\/\/swissmediadesign.com\/es\/wp-json\/wp\/v2\/pages"}],"about":[{"href":"https:\/\/swissmediadesign.com\/es\/wp-json\/wp\/v2\/types\/page"}],"author":[{"embeddable":true,"href":"https:\/\/swissmediadesign.com\/es\/wp-json\/wp\/v2\/users\/2"}],"replies":[{"embeddable":true,"href":"https:\/\/swissmediadesign.com\/es\/wp-json\/wp\/v2\/comments?post=86"}],"version-history":[{"count":0,"href":"https:\/\/swissmediadesign.com\/es\/wp-json\/wp\/v2\/pages\/86\/revisions"}],"up":[{"embeddable":true,"href":"https:\/\/swissmediadesign.com\/es\/wp-json\/wp\/v2\/pages\/31"}],"wp:attachment":[{"href":"https:\/\/swissmediadesign.com\/es\/wp-json\/wp\/v2\/media?parent=86"}],"curies":[{"name":"wp","href":"https:\/\/api.w.org\/{rel}","templated":true}]}}