{"id":88,"date":"2024-04-02T20:23:18","date_gmt":"2024-04-02T18:23:18","guid":{"rendered":"https:\/\/swissmediadesign.com\/?page_id=88"},"modified":"2025-08-25T12:36:36","modified_gmt":"2025-08-25T10:36:36","slug":"webdesign-shops","status":"publish","type":"page","link":"https:\/\/swissmediadesign.com\/es\/nuestra-experiencia\/hacerse-visible\/tiendas-de-diseno-web\/","title":{"rendered":"Dise\u00f1o web y tiendas"},"content":{"rendered":"<style type=\"text\/css\" data-created_by=\"avia_inline_auto\" id=\"style-css-av-3yh04-f9ead0a8af95cb0ce287739141d7709a\">\n.avia-section.av-3yh04-f9ead0a8af95cb0ce287739141d7709a{\nbackground-repeat:no-repeat;\nbackground-image:url(https:\/\/swissmediadesign.com\/wp-content\/uploads\/2024\/05\/african-american-man-sitting-in-front-of-computer-2023-11-27-04-50-31-utc-1500x1001.jpg);\nbackground-position:50% 50%;\nbackground-attachment:scroll;\n}\n.avia-section.av-3yh04-f9ead0a8af95cb0ce287739141d7709a .av-section-color-overlay{\nopacity:0.5;\nbackground-color:#000000;\n}\n<\/style>\n<div id='av_section_1'  class='avia-section av-3yh04-f9ead0a8af95cb0ce287739141d7709a main_color avia-section-default avia-no-border-styling  avia-builder-el-0  el_before_av_masonry_gallery  avia-builder-el-first  avia-full-stretch avia-bg-style-scroll av-section-color-overlay-active container_wrap fullsize'  data-section-bg-repeat='stretch'><div class=\"av-section-color-overlay-wrap\"><div class=\"av-section-color-overlay\"><\/div><div class='container av-section-cont-open' ><main  role=\"main\" itemprop=\"mainContentOfPage\"  class='template-page content  av-content-full alpha units'><div class='post-entry post-entry-type-page post-entry-88'><div class='entry-content-wrapper clearfix'>\n<div  class='flex_column av-3aa64-0805e32b65cadc112ff50a6050c70fb1 av_one_fifth  avia-builder-el-1  el_before_av_three_fifth  avia-builder-el-first  first flex_column_div'     ><\/div><div  class='flex_column av-2rnss-c5e853ba708aaf98bd0cb1d7762bd924 av_three_fifth  avia-builder-el-2  el_after_av_one_fifth  el_before_av_one_fifth  flex_column_div'     ><p>\n<style type=\"text\/css\" data-created_by=\"avia_inline_auto\" id=\"style-css-av-luo6s8tv-aa4c20515582f7361221b1662b39a0ec\">\n#top .av-special-heading.av-luo6s8tv-aa4c20515582f7361221b1662b39a0ec{\npadding-bottom:10px;\ncolor:#ffffff;\n}\nbody .av-special-heading.av-luo6s8tv-aa4c20515582f7361221b1662b39a0ec .av-special-heading-tag .heading-char{\nfont-size:25px;\n}\n.av-special-heading.av-luo6s8tv-aa4c20515582f7361221b1662b39a0ec .special-heading-inner-border{\nborder-color:#ffffff;\n}\n.av-special-heading.av-luo6s8tv-aa4c20515582f7361221b1662b39a0ec .av-subheading{\nfont-size:15px;\n}\n<\/style>\n<div  class='av-special-heading av-luo6s8tv-aa4c20515582f7361221b1662b39a0ec av-special-heading-h1 custom-color-heading blockquote modern-quote modern-centered  avia-builder-el-3  el_before_av_textblock  avia-builder-el-first'><h1 class='av-special-heading-tag'  itemprop=\"headline\"  >Dise\u00f1o web <span class='special_amp'>&amp;<\/span> Tiendas<\/h1><div class='av_custom_color av-subheading av-subheading_below'><p><a href=\"https:\/\/swissmediadesign.com\/es\/nuestra-experiencia\/hacerse-visible\/\">Hazte visible<\/a> \/ <a href=\"https:\/\/swissmediadesign.com\/es\/unsere-expertise\/sichtbar-werden\/webdesign-shops\/responsive-webdesign\/\">Dise\u00f1o web y tiendas<\/a><\/p>\n<\/div><div class=\"special-heading-border\"><div class=\"special-heading-inner-border\"><\/div><\/div><\/div><br \/>\n\n<style type=\"text\/css\" data-created_by=\"avia_inline_auto\" id=\"style-css-av-1wf9g-6b360dd7e0e2d719ee7ba18af33eabe8\">\n#top .av_textblock_section.av-1wf9g-6b360dd7e0e2d719ee7ba18af33eabe8 .avia_textblock{\ncolor:#ffffff;\n}\n<\/style>\n<section  class='av_textblock_section av-1wf9g-6b360dd7e0e2d719ee7ba18af33eabe8'   itemscope=\"itemscope\" itemtype=\"https:\/\/schema.org\/CreativeWork\" ><div class='avia_textblock av_inherit_color'  itemprop=\"text\" ><div class=\"flex flex-grow flex-col max-w-full\">\n<div class=\"min-h-&#091;20px&#093; text-message flex flex-col items-start whitespace-pre-wrap break-words &#091;.text-message+&amp;&#093;:mt-5 juice:w-full juice:items-end overflow-x-auto gap-2\" dir=\"auto\" data-message-author-role=\"assistant\" data-message-id=\"d6546154-4a46-4d83-be02-09375305892f\">\n<div class=\"flex w-full flex-col gap-1 juice:empty:hidden juice:first:pt-&#091;3px&#093;\">\n<div class=\"markdown prose w-full break-words dark:prose-invert dark\">\n<p style=\"text-align: center;\">Descubra las soluciones integrales y personalizadas de Swiss Media Design para el desarrollo de sitios web y el comercio electr\u00f3nico. Con nuestros muchos a\u00f1os de experiencia y enfoques innovadores y orientados al futuro, dise\u00f1amos su presencia en l\u00ednea para un futuro digital exitoso, sostenible, impresionante y eficazmente escalable.<\/p>\n<\/div>\n<\/div>\n<\/div>\n<\/div>\n<\/div><\/section><\/p><\/div><div  class='flex_column av-1kbgk-6456ec976f8fd9aafc95a8bd0b3b6008 av_one_fifth  avia-builder-el-5  el_after_av_three_fifth  avia-builder-el-last  flex_column_div'     ><\/div>\n\n\n<style type=\"text\/css\" data-created_by=\"avia_inline_auto\" id=\"style-css-av-lus49q3a-282dd37f313b6aa6ff4c2fffee7c83c1\">\n#top .av-masonry.av-lus49q3a-282dd37f313b6aa6ff4c2fffee7c83c1{\nbackground-color:#ffffff;\n}\n<\/style>\n<div id='av-masonry-1' class='av-masonry av-lus49q3a-282dd37f313b6aa6ff4c2fffee7c83c1 noHover av-flex-size av-large-gap av-hover-overlay-active av-masonry-animation-active av-masonry-col-3 av-caption-always av-caption-style-overlay av-masonry-gallery' data-post_id=\"88\"><div class=\"av-masonry-container isotope av-js-disabled\"><div class='av-masonry-entry isotope-item av-masonry-item-no-image'><\/div><a href=\"https:\/\/swissmediadesign.com\/es\/nuestra-experiencia\/hacerse-visible\/tiendas-de-diseno-web\/diseno-web-adaptativo\/\"  aria-label=\"dise\u00f1o web de im\u00e1genes\"  id='av-masonry-1-item-2580' data-av-masonry-item='2580' class='av-masonry-entry isotope-item post-2580 attachment type-attachment status-inherit hentry  av-masonry-item-with-image' title=\"Dise\u00f1o web\" alt=\"\"  data-av-masonry-custom-link=\"https:\/\/swissmediadesign.com\/unsere-expertise\/sichtbar-werden\/webdesign-shops\/webdesign\/\"  itemprop=\"thumbnailUrl\" ><div class='av-inner-masonry-sizer'><\/div><figure class='av-inner-masonry main_color'><div class=\"av-masonry-outerimage-container\"><div class='av-masonry-image-container'   ><img decoding=\"async\" src=\"https:\/\/swissmediadesign.com\/wp-content\/uploads\/2025\/08\/webdesign-1.png\" title=\"Dise\u00f1o web\" alt=\"\" \/><\/div><\/div><figcaption class='av-inner-masonry-content site-background'><div class='av-inner-masonry-content-pos'><div class='av-inner-masonry-content-pos-content'><div class='avia-arrow'><\/div><h3 class='av-masonry-entry-title entry-title'  itemprop=\"headline\" >Dise\u00f1o web<\/h3><div class='av-masonry-entry-content entry-content'  itemprop=\"text\" >Desarrollamos sitios web modernos, f\u00e1ciles de usar y optimizados para todos los dispositivos. Cada proyecto es personalizado, con un claro enfoque en el dise\u00f1o, el rendimiento y la experiencia del usuario. As\u00ed creamos presencias digitales que generan confianza, convencen a los clientes y tienen un efecto duradero.<\/div><\/div><\/div><\/figcaption><\/figure><\/a><!--end av-masonry entry--><a href=\"https:\/\/swissmediadesign.com\/es\/nuestra-experiencia\/hacerse-visible\/tiendas-de-diseno-web\/soluciones-de-comercio-electronico\/\"  aria-label=\"soluciones de comercio electr\u00f3nico de im\u00e1genes\"  id='av-masonry-1-item-571' data-av-masonry-item='571' class='av-masonry-entry isotope-item post-571 attachment type-attachment status-inherit hentry  av-masonry-item-with-image' title=\"Soluciones de comercio electr\u00f3nico\" alt=\"\"  data-av-masonry-custom-link=\"https:\/\/swissmediadesign.com\/unsere-expertise\/sichtbar-werden\/webdesign-shops\/e-commerce-loesungen\/\"  itemprop=\"thumbnailUrl\" ><div class='av-inner-masonry-sizer'><\/div><figure class='av-inner-masonry main_color'><div class=\"av-masonry-outerimage-container\"><div class='av-masonry-image-container'   ><img decoding=\"async\" src=\"https:\/\/swissmediadesign.com\/wp-content\/uploads\/2024\/04\/212180253_m_normal_none-1030x687.jpg\" title=\"Soluciones de comercio electr\u00f3nico\" alt=\"\" \/><\/div><\/div><figcaption class='av-inner-masonry-content site-background'><div class='av-inner-masonry-content-pos'><div class='av-inner-masonry-content-pos-content'><div class='avia-arrow'><\/div><h3 class='av-masonry-entry-title entry-title'  itemprop=\"headline\" >Soluciones de comercio electr\u00f3nico<\/h3><div class='av-masonry-entry-content entry-content'  itemprop=\"text\" >Abra nuevas dimensiones para el \u00e9xito de su comercio electr\u00f3nico con Swiss Media Design. Nuestras soluciones personalizadas para tiendas online, complementadas con una amplia gama de m\u00e9todos de pago que incluyen 24 criptodivisas, establecen nuevos est\u00e1ndares en el mundo digital. Combinamos innovaci\u00f3n y comprensi\u00f3n empresarial para su \u00e9xito.<\/div><\/div><\/div><\/figcaption><\/figure><\/a><!--end av-masonry entry--><a href=\"https:\/\/swissmediadesign.com\/es\/nuestra-experiencia\/hacerse-visible\/tiendas-de-diseno-web\/paginas-de-destino\/\"  aria-label=\"imagen P\u00e1ginas de destino\"  id='av-masonry-1-item-503' data-av-masonry-item='503' class='av-masonry-entry isotope-item post-503 attachment type-attachment status-inherit hentry  av-masonry-item-with-image' title=\"P\u00e1ginas de destino\" alt=\"\"  data-av-masonry-custom-link=\"https:\/\/swissmediadesign.com\/unsere-expertise\/sichtbar-werden\/webdesign-shops\/landing-pages\/\"  itemprop=\"thumbnailUrl\" ><div class='av-inner-masonry-sizer'><\/div><figure class='av-inner-masonry main_color'><div class=\"av-masonry-outerimage-container\"><div class='av-masonry-image-container'   ><img decoding=\"async\" src=\"https:\/\/swissmediadesign.com\/wp-content\/uploads\/2024\/04\/landing-passenger-airplane-at-colorful-sunset-2023-11-27-05-35-19-utc-1030x687.jpg\" title=\"P\u00e1ginas de destino\" alt=\"\" \/><\/div><\/div><figcaption class='av-inner-masonry-content site-background'><div class='av-inner-masonry-content-pos'><div class='av-inner-masonry-content-pos-content'><div class='avia-arrow'><\/div><h3 class='av-masonry-entry-title entry-title'  itemprop=\"headline\" >P\u00e1ginas de destino<\/h3><div class='av-masonry-entry-content entry-content'  itemprop=\"text\" >Nuestros especialistas combinan tecnolog\u00eda punta y excelencia creativa para desarrollar p\u00e1ginas de aterrizaje \u00fanicas que no s\u00f3lo atraigan visitantes, sino que tambi\u00e9n los conviertan en clientes fieles. Con soluciones personalizadas que se adaptan con precisi\u00f3n a sus objetivos, garantizamos resultados que superan sus expectativas.<\/div><\/div><\/div><\/figcaption><\/figure><\/a><!--end av-masonry entry--><\/div><\/div>","protected":false},"excerpt":{"rendered":"","protected":false},"author":2,"featured_media":0,"parent":86,"menu_order":3110,"comment_status":"closed","ping_status":"closed","template":"","meta":{"footnotes":""},"class_list":["post-88","page","type-page","status-publish","hentry"],"_links":{"self":[{"href":"https:\/\/swissmediadesign.com\/es\/wp-json\/wp\/v2\/pages\/88","targetHints":{"allow":["GET"]}}],"collection":[{"href":"https:\/\/swissmediadesign.com\/es\/wp-json\/wp\/v2\/pages"}],"about":[{"href":"https:\/\/swissmediadesign.com\/es\/wp-json\/wp\/v2\/types\/page"}],"author":[{"embeddable":true,"href":"https:\/\/swissmediadesign.com\/es\/wp-json\/wp\/v2\/users\/2"}],"replies":[{"embeddable":true,"href":"https:\/\/swissmediadesign.com\/es\/wp-json\/wp\/v2\/comments?post=88"}],"version-history":[{"count":0,"href":"https:\/\/swissmediadesign.com\/es\/wp-json\/wp\/v2\/pages\/88\/revisions"}],"up":[{"embeddable":true,"href":"https:\/\/swissmediadesign.com\/es\/wp-json\/wp\/v2\/pages\/86"}],"wp:attachment":[{"href":"https:\/\/swissmediadesign.com\/es\/wp-json\/wp\/v2\/media?parent=88"}],"curies":[{"name":"wp","href":"https:\/\/api.w.org\/{rel}","templated":true}]}}