{"id":104,"date":"2024-04-02T20:29:45","date_gmt":"2024-04-02T18:29:45","guid":{"rendered":"https:\/\/swissmediadesign.com\/?page_id=104"},"modified":"2025-03-25T10:50:20","modified_gmt":"2025-03-25T09:50:20","slug":"corporate-identity","status":"publish","type":"page","link":"https:\/\/swissmediadesign.com\/fr\/notre-expertise\/devenir-visible\/identite-dentreprise\/","title":{"rendered":"Identit\u00e9 d'entreprise"},"content":{"rendered":"<style type=\"text\/css\" data-created_by=\"avia_inline_auto\" id=\"style-css-av-15630o-bc15ec1bc50a583ba66bf4cc2344ae3f\">\n.avia-section.av-15630o-bc15ec1bc50a583ba66bf4cc2344ae3f{\nbackground-repeat:no-repeat;\nbackground-image:url(https:\/\/swissmediadesign.com\/wp-content\/uploads\/2024\/05\/224386232_m_normal_none-1500x1000.jpg);\nbackground-position:50% 50%;\nbackground-attachment:scroll;\n}\n.avia-section.av-15630o-bc15ec1bc50a583ba66bf4cc2344ae3f .av-section-color-overlay{\nopacity:0.5;\nbackground-color:#000000;\n}\n<\/style>\n<div id='av_section_1'  class='avia-section av-15630o-bc15ec1bc50a583ba66bf4cc2344ae3f main_color avia-section-default avia-no-border-styling  avia-builder-el-0  el_before_av_masonry_gallery  avia-builder-el-first  avia-full-stretch avia-bg-style-scroll av-section-color-overlay-active container_wrap fullsize'  data-section-bg-repeat='stretch'><div class=\"av-section-color-overlay-wrap\"><div class=\"av-section-color-overlay\"><\/div><div class='container av-section-cont-open' ><main  role=\"main\" itemprop=\"mainContentOfPage\"  class='template-page content  av-content-full alpha units'><div class='post-entry post-entry-type-page post-entry-104'><div class='entry-content-wrapper clearfix'>\n<div  class='flex_column av-3kbog-46beac140847957a1d8bee3d43ca85f6 av_one_fifth  avia-builder-el-1  el_before_av_three_fifth  avia-builder-el-first  first flex_column_div'     ><\/div><div  class='flex_column av-t0mk8-a057906703b00888225e2f329cc4e16b av_three_fifth  avia-builder-el-2  el_after_av_one_fifth  el_before_av_one_fifth  flex_column_div'     ><p>\n<style type=\"text\/css\" data-created_by=\"avia_inline_auto\" id=\"style-css-av-lvwg3xfd-7e683d8e86f03671c90ef589adbd7d0d\">\n#top .av-special-heading.av-lvwg3xfd-7e683d8e86f03671c90ef589adbd7d0d{\npadding-bottom:10px;\ncolor:#ffffff;\n}\nbody .av-special-heading.av-lvwg3xfd-7e683d8e86f03671c90ef589adbd7d0d .av-special-heading-tag .heading-char{\nfont-size:25px;\n}\n.av-special-heading.av-lvwg3xfd-7e683d8e86f03671c90ef589adbd7d0d .special-heading-inner-border{\nborder-color:#ffffff;\n}\n.av-special-heading.av-lvwg3xfd-7e683d8e86f03671c90ef589adbd7d0d .av-subheading{\nfont-size:15px;\n}\n<\/style>\n<div  class='av-special-heading av-lvwg3xfd-7e683d8e86f03671c90ef589adbd7d0d av-special-heading-h1 custom-color-heading blockquote modern-quote modern-centered  avia-builder-el-3  el_before_av_textblock  avia-builder-el-first'><h1 class='av-special-heading-tag'  itemprop=\"headline\"  >Identit\u00e9 d'entreprise<\/h1><div class='av_custom_color av-subheading av-subheading_below'><p><a href=\"https:\/\/swissmediadesign.com\/fr\/notre-expertise\/devenir-visible\/\">Devenir visible<\/a> \/ <a href=\"https:\/\/swissmediadesign.com\/fr\/notre-expertise\/devenir-visible\/identite-dentreprise\/\">Identit\u00e9 d'entreprise<\/a><\/p>\n<\/div><div class=\"special-heading-border\"><div class=\"special-heading-inner-border\"><\/div><\/div><\/div><br \/>\n\n<style type=\"text\/css\" data-created_by=\"avia_inline_auto\" id=\"style-css-av-mtrew-0eab85b7e5a3dc2311fa36c645d099b8\">\n#top .av_textblock_section.av-mtrew-0eab85b7e5a3dc2311fa36c645d099b8 .avia_textblock{\ncolor:#ffffff;\n}\n<\/style>\n<section  class='av_textblock_section av-mtrew-0eab85b7e5a3dc2311fa36c645d099b8'   itemscope=\"itemscope\" itemtype=\"https:\/\/schema.org\/CreativeWork\" ><div class='avia_textblock av_inherit_color'  itemprop=\"text\" ><p style=\"text-align: center;\">D\u00e9couvrez d\u00e8s maintenant les solutions innovantes et sur mesure de Swiss Media Designs en mati\u00e8re d'identit\u00e9 visuelle. Gr\u00e2ce \u00e0 des strat\u00e9gies globales et cr\u00e9atives, nous d\u00e9veloppons de mani\u00e8re proactive votre identit\u00e9 de marque unique pour une pr\u00e9sence forte, assertive et convaincante ainsi qu'une augmentation durable de la valeur du march\u00e9.<\/p>\n<\/div><\/section><\/p><\/div><div  class='flex_column av-eful4-3805b4973650b6298d9dfec93a1a7285 av_one_fifth  avia-builder-el-5  el_after_av_three_fifth  avia-builder-el-last  flex_column_div'     ><\/div>\n<style type=\"text\/css\" data-created_by=\"avia_inline_auto\" id=\"style-css-av-9c88w-7ba1fe1f2e981f932fd4bd9a7960fb86\">\n#top .av-masonry.av-9c88w-7ba1fe1f2e981f932fd4bd9a7960fb86{\nbackground-color:#ffffff;\n}\n<\/style>\n<div id='av-masonry-1' class='av-masonry av-9c88w-7ba1fe1f2e981f932fd4bd9a7960fb86 noHover av-flex-size av-large-gap av-hover-overlay-active av-masonry-animation-active av-masonry-col-3 av-caption-always av-caption-style-overlay av-masonry-gallery' data-post_id=\"104\"><div class=\"av-masonry-container isotope av-js-disabled\"><div class='av-masonry-entry isotope-item av-masonry-item-no-image'><\/div><a href=\"https:\/\/swissmediadesign.com\/fr\/notre-expertise\/devenir-visible\/identite-dentreprise\/conception-du-logo\/\"  aria-label=\"image Conception de logo\"  id='av-masonry-1-item-574' data-av-masonry-item='574' class='av-masonry-entry isotope-item post-574 attachment type-attachment status-inherit hentry  av-masonry-item-with-image' title=\"Conception du logo\" alt=\"\"  data-av-masonry-custom-link=\"https:\/\/swissmediadesign.com\/unsere-expertise\/sichtbar-werden\/corporate-identity\/logodesign\/\"  itemprop=\"thumbnailUrl\" ><div class='av-inner-masonry-sizer'><\/div><figure class='av-inner-masonry main_color'><div class=\"av-masonry-outerimage-container\"><div class='av-masonry-image-container'   ><img decoding=\"async\" src=\"https:\/\/swissmediadesign.com\/wp-content\/uploads\/2024\/04\/224386232_m_normal_none-3-1030x687.jpg\" title=\"Conception du logo\" alt=\"\" \/><\/div><\/div><figcaption class='av-inner-masonry-content site-background'><div class='av-inner-masonry-content-pos'><div class='av-inner-masonry-content-pos-content'><div class='avia-arrow'><\/div><h3 class='av-masonry-entry-title entry-title'  itemprop=\"headline\" >Conception du logo<\/h3><div class='av-masonry-entry-content entry-content'  itemprop=\"text\" >D\u00e9couvrez d\u00e8s maintenant les solutions innovantes et sur mesure de Swiss Media Designs en mati\u00e8re de design de logo. Gr\u00e2ce \u00e0 des strat\u00e9gies globales, cr\u00e9atives et cibl\u00e9es, nous d\u00e9veloppons de mani\u00e8re proactive votre logo unique pour une pr\u00e9sence forte, assertive et convaincante ainsi qu'une perception durable et impressionnante de votre marque.<\/div><\/div><\/div><\/figcaption><\/figure><\/a><!--end av-masonry entry--><a href=\"https:\/\/swissmediadesign.com\/fr\/notre-expertise\/devenir-visible\/identite-dentreprise\/branding-rebranding\/\"  aria-label=\"image de marque &amp; rebranding\"  id='av-masonry-1-item-840' data-av-masonry-item='840' class='av-masonry-entry isotope-item post-840 attachment type-attachment status-inherit hentry  av-masonry-item-with-image' title=\"Branding &amp; Rebranding\" alt=\"\"  data-av-masonry-custom-link=\"https:\/\/swissmediadesign.com\/unsere-expertise\/sichtbar-werden\/corporate-identity\/branding-rebranding\/\"  itemprop=\"thumbnailUrl\" ><div class='av-inner-masonry-sizer'><\/div><figure class='av-inner-masonry main_color'><div class=\"av-masonry-outerimage-container\"><div class='av-masonry-image-container'   ><img decoding=\"async\" src=\"https:\/\/swissmediadesign.com\/wp-content\/uploads\/2024\/05\/207420574_m_normal_none-1030x687.jpg\" title=\"Branding &amp; Rebranding\" alt=\"\" \/><\/div><\/div><figcaption class='av-inner-masonry-content site-background'><div class='av-inner-masonry-content-pos'><div class='av-inner-masonry-content-pos-content'><div class='avia-arrow'><\/div><h3 class='av-masonry-entry-title entry-title'  itemprop=\"headline\" >Branding &amp; rebranding<\/h3><div class='av-masonry-entry-content entry-content'  itemprop=\"text\" >D\u00e9couvrez le pouvoir de transformation de nos services de branding et de rebranding. Gr\u00e2ce \u00e0 notre vaste exp\u00e9rience et \u00e0 notre cr\u00e9ativit\u00e9, nous d\u00e9veloppons des strat\u00e9gies de marque sur mesure qui rendent votre marque visible et impressionnante. Nous utilisons votre vision pour cr\u00e9er une image de marque convaincante qui assure le succ\u00e8s \u00e0 long terme.<\/div><\/div><\/div><\/figcaption><\/figure><\/a><!--end av-masonry entry--><a href=\"https:\/\/swissmediadesign.com\/fr\/notre-expertise\/devenir-visible\/identite-dentreprise\/equipement-de-bureau\/\"  aria-label=\"image D\u00e9coration d&#039;entreprise\"  id='av-masonry-1-item-852' data-av-masonry-item='852' class='av-masonry-entry isotope-item post-852 attachment type-attachment status-inherit hentry  av-masonry-item-with-image' title=\"Equipement commercial\" alt=\"\"  data-av-masonry-custom-link=\"https:\/\/swissmediadesign.com\/unsere-expertise\/sichtbar-werden\/corporate-identity\/geschaeftsausstattung\/\"  itemprop=\"thumbnailUrl\" ><div class='av-inner-masonry-sizer'><\/div><figure class='av-inner-masonry main_color'><div class=\"av-masonry-outerimage-container\"><div class='av-masonry-image-container'   ><img decoding=\"async\" src=\"https:\/\/swissmediadesign.com\/wp-content\/uploads\/2024\/05\/53826564_m_normal_none-1030x687.jpg\" title=\"Equipement commercial\" alt=\"\" \/><\/div><\/div><figcaption class='av-inner-masonry-content site-background'><div class='av-inner-masonry-content-pos'><div class='av-inner-masonry-content-pos-content'><div class='avia-arrow'><\/div><h3 class='av-masonry-entry-title entry-title'  itemprop=\"headline\" >Equipement commercial<\/h3><div class='av-masonry-entry-content entry-content'  itemprop=\"text\" >D\u00e9couvrez nos solutions d'\u00e9quipement commercial sur mesure qui renforcent et diff\u00e9rencient votre marque. Gr\u00e2ce \u00e0 notre exp\u00e9rience et \u00e0 notre cr\u00e9ativit\u00e9, nous concevons des cartes de visite et des supports publicitaires complets qui sauront vous convaincre. Chaque \u00e9l\u00e9ment de votre \u00e9quipement commercial refl\u00e8te l'identit\u00e9 de votre entreprise et transmet le message de votre marque.<\/div><\/div><\/div><\/figcaption><\/figure><\/a><!--end av-masonry entry--><\/div><\/div><\/p>","protected":false},"excerpt":{"rendered":"","protected":false},"author":2,"featured_media":0,"parent":86,"menu_order":3120,"comment_status":"closed","ping_status":"closed","template":"","meta":{"footnotes":""},"class_list":["post-104","page","type-page","status-publish","hentry"],"_links":{"self":[{"href":"https:\/\/swissmediadesign.com\/fr\/wp-json\/wp\/v2\/pages\/104","targetHints":{"allow":["GET"]}}],"collection":[{"href":"https:\/\/swissmediadesign.com\/fr\/wp-json\/wp\/v2\/pages"}],"about":[{"href":"https:\/\/swissmediadesign.com\/fr\/wp-json\/wp\/v2\/types\/page"}],"author":[{"embeddable":true,"href":"https:\/\/swissmediadesign.com\/fr\/wp-json\/wp\/v2\/users\/2"}],"replies":[{"embeddable":true,"href":"https:\/\/swissmediadesign.com\/fr\/wp-json\/wp\/v2\/comments?post=104"}],"version-history":[{"count":0,"href":"https:\/\/swissmediadesign.com\/fr\/wp-json\/wp\/v2\/pages\/104\/revisions"}],"up":[{"embeddable":true,"href":"https:\/\/swissmediadesign.com\/fr\/wp-json\/wp\/v2\/pages\/86"}],"wp:attachment":[{"href":"https:\/\/swissmediadesign.com\/fr\/wp-json\/wp\/v2\/media?parent=104"}],"curies":[{"name":"wp","href":"https:\/\/api.w.org\/{rel}","templated":true}]}}