{"id":107,"date":"2024-04-02T20:30:44","date_gmt":"2024-04-02T18:30:44","guid":{"rendered":"https:\/\/swissmediadesign.com\/?page_id=107"},"modified":"2025-03-25T11:19:05","modified_gmt":"2025-03-25T10:19:05","slug":"logodesign","status":"publish","type":"page","link":"https:\/\/swissmediadesign.com\/fr\/notre-expertise\/devenir-visible\/identite-dentreprise\/conception-du-logo\/","title":{"rendered":"Conception du logo"},"content":{"rendered":"<style type=\"text\/css\" data-created_by=\"avia_inline_auto\" id=\"style-css-av-lv0yeg58-106f8fc99287b6ba6a46185fe28dee16\">\n.avia-section.av-lv0yeg58-106f8fc99287b6ba6a46185fe28dee16{\nbackground-repeat:no-repeat;\nbackground-image:url(https:\/\/swissmediadesign.com\/wp-content\/uploads\/2024\/04\/224386232_m_normal_none-3-1500x1000.jpg);\nbackground-position:50% 0%;\nbackground-attachment:scroll;\n}\n.avia-section.av-lv0yeg58-106f8fc99287b6ba6a46185fe28dee16 .av-section-color-overlay{\nopacity:0.5;\nbackground-color:#000000;\n}\n<\/style>\n<div id='av_section_1'  class='avia-section av-lv0yeg58-106f8fc99287b6ba6a46185fe28dee16 main_color avia-section-default avia-no-border-styling  avia-builder-el-0  el_before_av_one_full  avia-builder-el-first  avia-full-stretch avia-bg-style-scroll av-section-color-overlay-active container_wrap fullsize'  data-section-bg-repeat='stretch'><div class=\"av-section-color-overlay-wrap\"><div class=\"av-section-color-overlay\"><\/div><div class='container av-section-cont-open' ><main  role=\"main\" itemprop=\"mainContentOfPage\"  class='template-page content  av-content-full alpha units'><div class='post-entry post-entry-type-page post-entry-107'><div class='entry-content-wrapper clearfix'>\n<div  class='flex_column av-y4he3-8aed0d59e175d3e8b4f47a742b1d858a av_one_fifth  avia-builder-el-1  el_before_av_three_fifth  avia-builder-el-first  first flex_column_div'     ><\/div><div  class='flex_column av-pjwlf-8f26ceadc49157224562d8238c09483d av_three_fifth  avia-builder-el-2  el_after_av_one_fifth  el_before_av_one_fifth  flex_column_div'     ><p>\n<style type=\"text\/css\" data-created_by=\"avia_inline_auto\" id=\"style-css-av-n4irf-edbe93c60ffc5f56efc65082806a19b6\">\n#top .av-special-heading.av-n4irf-edbe93c60ffc5f56efc65082806a19b6{\npadding-bottom:10px;\ncolor:#ffffff;\n}\nbody .av-special-heading.av-n4irf-edbe93c60ffc5f56efc65082806a19b6 .av-special-heading-tag .heading-char{\nfont-size:25px;\n}\n.av-special-heading.av-n4irf-edbe93c60ffc5f56efc65082806a19b6 .special-heading-inner-border{\nborder-color:#ffffff;\n}\n.av-special-heading.av-n4irf-edbe93c60ffc5f56efc65082806a19b6 .av-subheading{\nfont-size:15px;\n}\n<\/style>\n<div  class='av-special-heading av-n4irf-edbe93c60ffc5f56efc65082806a19b6 av-special-heading-h1 custom-color-heading blockquote modern-quote modern-centered  avia-builder-el-3  el_before_av_textblock  avia-builder-el-first'><h1 class='av-special-heading-tag'  itemprop=\"headline\"  >Conception du logo<\/h1><div class='av_custom_color av-subheading av-subheading_below'><p><a href=\"https:\/\/swissmediadesign.com\/fr\/notre-expertise\/devenir-visible\/identite-dentreprise\/\">Identit\u00e9 d'entreprise<\/a> \/ <a href=\"https:\/\/swissmediadesign.com\/fr\/notre-expertise\/devenir-visible\/identite-dentreprise\/conception-du-logo\/\">Conception du logo<\/a><\/p>\n<\/div><div class=\"special-heading-border\"><div class=\"special-heading-inner-border\"><\/div><\/div><\/div><br \/>\n\n<style type=\"text\/css\" data-created_by=\"avia_inline_auto\" id=\"style-css-av-cjl0z-1ef230a91fc35ba5fe26dfd271e67349\">\n#top .av_textblock_section.av-cjl0z-1ef230a91fc35ba5fe26dfd271e67349 .avia_textblock{\ncolor:#ffffff;\n}\n<\/style>\n<section  class='av_textblock_section av-cjl0z-1ef230a91fc35ba5fe26dfd271e67349'   itemscope=\"itemscope\" itemtype=\"https:\/\/schema.org\/CreativeWork\" ><div class='avia_textblock av_inherit_color'  itemprop=\"text\" ><p style=\"text-align: center;\">D\u00e9couvrez d\u00e8s maintenant les solutions innovantes et sur mesure de Swiss Media Designs en mati\u00e8re de design de logo. Gr\u00e2ce \u00e0 des strat\u00e9gies globales, cr\u00e9atives et cibl\u00e9es, nous d\u00e9veloppons de mani\u00e8re proactive votre logo unique pour une pr\u00e9sence forte, assertive et convaincante ainsi qu'une perception durable et impressionnante de votre marque.<\/p>\n<\/div><\/section><\/p><\/div><div  class='flex_column av-7tw8b-0bc00732f98f6112f7eee62e52351b0f av_one_fifth  avia-builder-el-5  el_after_av_three_fifth  avia-builder-el-last  flex_column_div'     ><\/div><\/div><\/div><\/main><!-- close content main element --><\/div><\/div><\/div><div id='after_section_1'  class='main_color av_default_container_wrap container_wrap fullsize'  ><div class='container av-section-cont-open' ><div class='template-page content  av-content-full alpha units'><div class='post-entry post-entry-type-page post-entry-107'><div class='entry-content-wrapper clearfix'><div  class='flex_column av-8bx5f-fa63642824a82caa793846a3ff02de72 av_one_full  avia-builder-el-6  el_after_av_section  avia-builder-el-no-sibling  first flex_column_div'     ><p>\n<style type=\"text\/css\" data-created_by=\"avia_inline_auto\" id=\"style-css-av-lw0eifo2-f66531c41c6d8980cb557f4b10fbdb91\">\n#top .av-special-heading.av-lw0eifo2-f66531c41c6d8980cb557f4b10fbdb91{\npadding-bottom:10px;\n}\nbody .av-special-heading.av-lw0eifo2-f66531c41c6d8980cb557f4b10fbdb91 .av-special-heading-tag .heading-char{\nfont-size:25px;\n}\n.av-special-heading.av-lw0eifo2-f66531c41c6d8980cb557f4b10fbdb91 .av-subheading{\nfont-size:15px;\n}\n<\/style>\n<div  class='av-special-heading av-lw0eifo2-f66531c41c6d8980cb557f4b10fbdb91 av-special-heading-h2 blockquote modern-quote  avia-builder-el-7  el_before_av_textblock  avia-builder-el-first'><h2 class='av-special-heading-tag'  itemprop=\"headline\"  >Un design de logo professionnel pour votre marque<\/h2><div class=\"special-heading-border\"><div class=\"special-heading-inner-border\"><\/div><\/div><\/div><br \/>\n<section  class='av_textblock_section av-lw0eila9-713480773c5c513bdcb642c52f80d9df'   itemscope=\"itemscope\" itemtype=\"https:\/\/schema.org\/CreativeWork\" ><div class='avia_textblock'  itemprop=\"text\" ><p>Bienvenue dans le monde de la conception cr\u00e9ative de logos, o\u00f9 votre vision est transform\u00e9e en logos uniques et sur mesure. Nos designers professionnels utilisent leur vaste exp\u00e9rience et leur cr\u00e9ativit\u00e9 pour vous proposer des solutions innovantes dans Adobe Illustrator, adapt\u00e9es \u00e0 vos besoins. Nous comprenons qu'un bon logo est plus qu'une simple image - il est au c\u0153ur de l'identit\u00e9 de votre marque et joue un r\u00f4le crucial dans la communication des valeurs de votre entreprise.<\/p>\n<p>Chez nous, tout commence par une compr\u00e9hension minutieuse des objectifs de votre marque, suivie de la cr\u00e9ation de trois projets de logos individuels, bas\u00e9s sur vos instructions et notre interpr\u00e9tation cr\u00e9ative. Nous prenons ensuite rendez-vous avec vous pour discuter en d\u00e9tail des projets et recueillir vos r\u00e9actions. Ce processus interactif garantit que votre logo ne sera pas seulement plaisant, mais qu'il vous repr\u00e9sentera parfaitement, vous et votre marque.<\/p>\n<p>Nous travaillons en formats vectoriels pour que votre logo soit impeccable, quelle que soit sa taille et sa plateforme, des cartes de visite aux grandes affiches. Notre travail ne s'arr\u00eate que lorsque vous \u00eates enti\u00e8rement satisfait du logo final. De plus, si vous le souhaitez, nous vous offrons la possibilit\u00e9 d'utiliser votre logo \u00e0 l'envers sur un fond noir. Cette option est tr\u00e8s populaire, mais sachez que cela repr\u00e9sente un travail suppl\u00e9mentaire et doit \u00eatre pris en compte en cons\u00e9quence.<\/p>\n<p>\u00c0 la fin du processus de cr\u00e9ation, vous recevez un package complet de logos qui comprend les formats de fichiers les plus courants : AI, EPS, SVG, PDF, PNG et JPG. Vous avez ainsi la garantie d'avoir le fichier ad\u00e9quat pour chaque application. Nous proposons \u00e9galement une assistance pour la mise en \u0153uvre de votre nouveau logo sur diff\u00e9rents m\u00e9dias et plates-formes, afin de garantir une pr\u00e9sentation coh\u00e9rente et efficace de votre marque.<\/p>\n<p>Travaillons ensemble pour cr\u00e9er un logo fort, assertif et convaincant, qui renforcera durablement la perception de votre marque et vous aidera \u00e0 vous d\u00e9marquer sur un march\u00e9 tr\u00e8s concurrentiel. Votre satisfaction est notre objectif principal, et nous ne sommes satisfaits que lorsque vous l'\u00eates.<\/p>\n<\/div><\/section><\/p><\/div><\/p>","protected":false},"excerpt":{"rendered":"","protected":false},"author":2,"featured_media":0,"parent":104,"menu_order":3221,"comment_status":"closed","ping_status":"closed","template":"","meta":{"footnotes":""},"class_list":["post-107","page","type-page","status-publish","hentry"],"_links":{"self":[{"href":"https:\/\/swissmediadesign.com\/fr\/wp-json\/wp\/v2\/pages\/107","targetHints":{"allow":["GET"]}}],"collection":[{"href":"https:\/\/swissmediadesign.com\/fr\/wp-json\/wp\/v2\/pages"}],"about":[{"href":"https:\/\/swissmediadesign.com\/fr\/wp-json\/wp\/v2\/types\/page"}],"author":[{"embeddable":true,"href":"https:\/\/swissmediadesign.com\/fr\/wp-json\/wp\/v2\/users\/2"}],"replies":[{"embeddable":true,"href":"https:\/\/swissmediadesign.com\/fr\/wp-json\/wp\/v2\/comments?post=107"}],"version-history":[{"count":0,"href":"https:\/\/swissmediadesign.com\/fr\/wp-json\/wp\/v2\/pages\/107\/revisions"}],"up":[{"embeddable":true,"href":"https:\/\/swissmediadesign.com\/fr\/wp-json\/wp\/v2\/pages\/104"}],"wp:attachment":[{"href":"https:\/\/swissmediadesign.com\/fr\/wp-json\/wp\/v2\/media?parent=107"}],"curies":[{"name":"wp","href":"https:\/\/api.w.org\/{rel}","templated":true}]}}