{"id":109,"date":"2024-04-02T20:30:59","date_gmt":"2024-04-02T18:30:59","guid":{"rendered":"https:\/\/swissmediadesign.com\/?page_id=109"},"modified":"2025-03-25T11:21:55","modified_gmt":"2025-03-25T10:21:55","slug":"branding-rebranding","status":"publish","type":"page","link":"https:\/\/swissmediadesign.com\/fr\/notre-expertise\/devenir-visible\/identite-dentreprise\/branding-rebranding\/","title":{"rendered":"Branding &amp; rebranding"},"content":{"rendered":"<style type=\"text\/css\" data-created_by=\"avia_inline_auto\" id=\"style-css-av-1e1nnh-fe7a2c93cc3f571549a8e7f493fb32cc\">\n.avia-section.av-1e1nnh-fe7a2c93cc3f571549a8e7f493fb32cc{\nbackground-repeat:no-repeat;\nbackground-image:url(https:\/\/swissmediadesign.com\/wp-content\/uploads\/2024\/05\/207420574_m_normal_none-1500x1000.jpg);\nbackground-position:50% 50%;\nbackground-attachment:scroll;\n}\n.avia-section.av-1e1nnh-fe7a2c93cc3f571549a8e7f493fb32cc .av-section-color-overlay{\nopacity:0.5;\nbackground-color:#000000;\n}\n<\/style>\n<div id='av_section_1'  class='avia-section av-1e1nnh-fe7a2c93cc3f571549a8e7f493fb32cc main_color avia-section-default avia-no-border-styling  avia-builder-el-0  el_before_av_one_full  avia-builder-el-first  avia-full-stretch avia-bg-style-scroll av-section-color-overlay-active container_wrap fullsize'  data-section-bg-repeat='stretch'><div class=\"av-section-color-overlay-wrap\"><div class=\"av-section-color-overlay\"><\/div><div class='container av-section-cont-open' ><main  role=\"main\" itemprop=\"mainContentOfPage\"  class='template-page content  av-content-full alpha units'><div class='post-entry post-entry-type-page post-entry-109'><div class='entry-content-wrapper clearfix'>\n<div  class='flex_column av-18tx5x-7695476ea70dbfee9e1528bdaa8dd9a0 av_one_fifth  avia-builder-el-1  el_before_av_three_fifth  avia-builder-el-first  first flex_column_div'     ><\/div><div  class='flex_column av-10n951-0b47673e12a4490479678ca5b04cbd36 av_three_fifth  avia-builder-el-2  el_after_av_one_fifth  el_before_av_one_fifth  flex_column_div'     ><p>\n<style type=\"text\/css\" data-created_by=\"avia_inline_auto\" id=\"style-css-av-lw0euykp-f3c232ed86e880e5d3ee50fe423c8bae\">\n#top .av-special-heading.av-lw0euykp-f3c232ed86e880e5d3ee50fe423c8bae{\npadding-bottom:10px;\ncolor:#ffffff;\n}\nbody .av-special-heading.av-lw0euykp-f3c232ed86e880e5d3ee50fe423c8bae .av-special-heading-tag .heading-char{\nfont-size:25px;\n}\n.av-special-heading.av-lw0euykp-f3c232ed86e880e5d3ee50fe423c8bae .special-heading-inner-border{\nborder-color:#ffffff;\n}\n.av-special-heading.av-lw0euykp-f3c232ed86e880e5d3ee50fe423c8bae .av-subheading{\nfont-size:15px;\n}\n<\/style>\n<div  class='av-special-heading av-lw0euykp-f3c232ed86e880e5d3ee50fe423c8bae av-special-heading-h1 custom-color-heading blockquote modern-quote modern-centered  avia-builder-el-3  el_before_av_textblock  avia-builder-el-first'><h1 class='av-special-heading-tag'  itemprop=\"headline\"  >Marque <span class='special_amp'>&amp;<\/span> Rebranding<\/h1><div class='av_custom_color av-subheading av-subheading_below'><p><a href=\"https:\/\/swissmediadesign.com\/fr\/notre-expertise\/devenir-visible\/identite-dentreprise\/\">Identit\u00e9 d'entreprise<\/a> \/ <a href=\"https:\/\/swissmediadesign.com\/fr\/notre-expertise\/devenir-visible\/identite-dentreprise\/branding-rebranding\/\">Branding &amp; rebranding<\/a><\/p>\n<\/div><div class=\"special-heading-border\"><div class=\"special-heading-inner-border\"><\/div><\/div><\/div><br \/>\n\n<style type=\"text\/css\" data-created_by=\"avia_inline_auto\" id=\"style-css-av-wr90l-234e0f6c1da2858f4bd1a298acc4916b\">\n#top .av_textblock_section.av-wr90l-234e0f6c1da2858f4bd1a298acc4916b .avia_textblock{\ncolor:#ffffff;\n}\n<\/style>\n<section  class='av_textblock_section av-wr90l-234e0f6c1da2858f4bd1a298acc4916b'   itemscope=\"itemscope\" itemtype=\"https:\/\/schema.org\/CreativeWork\" ><div class='avia_textblock av_inherit_color'  itemprop=\"text\" ><p style=\"text-align: center;\">D\u00e9couvrez le pouvoir de transformation de nos services de branding et de rebranding. Gr\u00e2ce \u00e0 notre vaste exp\u00e9rience et \u00e0 notre cr\u00e9ativit\u00e9, nous d\u00e9veloppons des strat\u00e9gies de marque sur mesure qui rendent votre marque visible et impressionnante. Nous utilisons votre vision pour cr\u00e9er une image de marque convaincante qui assure le succ\u00e8s \u00e0 long terme.<\/p>\n<\/div><\/section><\/p><\/div><div  class='flex_column av-p546t-8e1d0608e675866d0698ada5eb4c95d4 av_one_fifth  avia-builder-el-5  el_after_av_three_fifth  avia-builder-el-last  flex_column_div'     ><\/div><\/div><\/div><\/main><!-- close content main element --><\/div><\/div><\/div><div id='after_section_1'  class='main_color av_default_container_wrap container_wrap fullsize'  ><div class='container av-section-cont-open' ><div class='template-page content  av-content-full alpha units'><div class='post-entry post-entry-type-page post-entry-109'><div class='entry-content-wrapper clearfix'><div  class='flex_column av-n3k1h-ab63db29a2dfd945cdbfc454252f87bd av_one_full  avia-builder-el-6  el_after_av_section  avia-builder-el-no-sibling  first flex_column_div'     ><p>\n<style type=\"text\/css\" data-created_by=\"avia_inline_auto\" id=\"style-css-av-cy79h-20645e4c5322b2d78c5b4fa4e347876c\">\n#top .av-special-heading.av-cy79h-20645e4c5322b2d78c5b4fa4e347876c{\npadding-bottom:10px;\n}\nbody .av-special-heading.av-cy79h-20645e4c5322b2d78c5b4fa4e347876c .av-special-heading-tag .heading-char{\nfont-size:25px;\n}\n.av-special-heading.av-cy79h-20645e4c5322b2d78c5b4fa4e347876c .av-subheading{\nfont-size:15px;\n}\n<\/style>\n<div  class='av-special-heading av-cy79h-20645e4c5322b2d78c5b4fa4e347876c av-special-heading-h2 blockquote modern-quote  avia-builder-el-7  el_before_av_textblock  avia-builder-el-first'><h2 class='av-special-heading-tag'  itemprop=\"headline\"  > Renforcez votre marque avec notre branding et rebranding professionnel<\/h2><div class=\"special-heading-border\"><div class=\"special-heading-inner-border\"><\/div><\/div><\/div><br \/>\n<section  class='av_textblock_section av-16fv1-a2c97b0a17bb8ccb9c935d8a35e3ecd0'   itemscope=\"itemscope\" itemtype=\"https:\/\/schema.org\/CreativeWork\" ><div class='avia_textblock'  itemprop=\"text\" ><p>Dans notre monde en constante \u00e9volution, une marque claire et attrayante est essentielle au succ\u00e8s d'une entreprise. Notre service de branding et de rebranding met en valeur l'identit\u00e9 de votre marque et l'adapte aux conditions du march\u00e9 en constante \u00e9volution. Forts d'une longue exp\u00e9rience et d'une cr\u00e9ativit\u00e9 d\u00e9brid\u00e9e, nous proposons des solutions sur mesure qui rendent votre marque non seulement visible, mais qui impressionnent aussi durablement et cr\u00e9ent des avantages concurrentiels.<\/p>\n<p>Chez nous, tout commence par une compr\u00e9hension profonde de l'histoire de votre marque et des valeurs que vous souhaitez incarner. Nous plongeons dans l'\u00e2me de votre entreprise afin de comprendre et de mettre en valeur les aspects uniques qui vous caract\u00e9risent. Ce processus nous aide \u00e0 d\u00e9velopper des strat\u00e9gies qui ne sont pas seulement techniquement irr\u00e9prochables, mais qui ont \u00e9galement une r\u00e9sonance \u00e9motionnelle.<\/p>\n<p>Notre approche int\u00e8gre vos objectifs commerciaux dans chaque d\u00e9tail du processus de rebranding, de la refonte visuelle \u00e0 la r\u00e9orientation strat\u00e9gique de votre communication de marque. Nos experts utilisent vos visions cl\u00e9s pour cr\u00e9er une image de marque coh\u00e9rente et attrayante qui refl\u00e8te l'essence de votre philosophie d'entreprise et s'adresse directement \u00e0 votre groupe cible. Pour ce faire, nous attachons une importance particuli\u00e8re \u00e0 raconter une histoire qui cr\u00e9e de v\u00e9ritables liens et engage vos clients sur le plan \u00e9motionnel.<\/p>\n<p>Travaillons ensemble pour red\u00e9finir votre marque et la transformer en une identit\u00e9 \u00e0 l'\u00e9preuve du temps, garante de succ\u00e8s \u00e0 long terme. Notre passion est de faire progresser votre entreprise gr\u00e2ce \u00e0 un branding cr\u00e9atif et efficace. Gr\u00e2ce \u00e0 notre approche globale, nous ferons en sorte que votre marque rayonne sous toutes ses facettes et \u00e9tablisse un lien durable avec vos clients et vos parties prenantes. D\u00e9couvrez comment nos efforts cibl\u00e9s en mati\u00e8re de branding permettent \u00e0 votre entreprise non seulement de se d\u00e9velopper, mais aussi de trouver un sens et un lien plus profonds avec son public.<\/p>\n<\/div><\/section><\/p><\/div><\/p>","protected":false},"excerpt":{"rendered":"","protected":false},"author":2,"featured_media":0,"parent":104,"menu_order":3222,"comment_status":"closed","ping_status":"closed","template":"","meta":{"footnotes":""},"class_list":["post-109","page","type-page","status-publish","hentry"],"_links":{"self":[{"href":"https:\/\/swissmediadesign.com\/fr\/wp-json\/wp\/v2\/pages\/109","targetHints":{"allow":["GET"]}}],"collection":[{"href":"https:\/\/swissmediadesign.com\/fr\/wp-json\/wp\/v2\/pages"}],"about":[{"href":"https:\/\/swissmediadesign.com\/fr\/wp-json\/wp\/v2\/types\/page"}],"author":[{"embeddable":true,"href":"https:\/\/swissmediadesign.com\/fr\/wp-json\/wp\/v2\/users\/2"}],"replies":[{"embeddable":true,"href":"https:\/\/swissmediadesign.com\/fr\/wp-json\/wp\/v2\/comments?post=109"}],"version-history":[{"count":0,"href":"https:\/\/swissmediadesign.com\/fr\/wp-json\/wp\/v2\/pages\/109\/revisions"}],"up":[{"embeddable":true,"href":"https:\/\/swissmediadesign.com\/fr\/wp-json\/wp\/v2\/pages\/104"}],"wp:attachment":[{"href":"https:\/\/swissmediadesign.com\/fr\/wp-json\/wp\/v2\/media?parent=109"}],"curies":[{"name":"wp","href":"https:\/\/api.w.org\/{rel}","templated":true}]}}