{"id":111,"date":"2024-04-02T20:31:17","date_gmt":"2024-04-02T18:31:17","guid":{"rendered":"https:\/\/swissmediadesign.com\/?page_id=111"},"modified":"2025-03-25T10:54:41","modified_gmt":"2025-03-25T09:54:41","slug":"geschaeftsausstattung","status":"publish","type":"page","link":"https:\/\/swissmediadesign.com\/fr\/notre-expertise\/devenir-visible\/identite-dentreprise\/equipement-de-bureau\/","title":{"rendered":"Equipement commercial"},"content":{"rendered":"<style type=\"text\/css\" data-created_by=\"avia_inline_auto\" id=\"style-css-av-y8q67-33201bf8c99822921cfdbaefbb37bd3c\">\n.avia-section.av-y8q67-33201bf8c99822921cfdbaefbb37bd3c{\nbackground-repeat:no-repeat;\nbackground-image:url(https:\/\/swissmediadesign.com\/wp-content\/uploads\/2024\/05\/53826564_m_normal_none-1500x1001.jpg);\nbackground-position:50% 50%;\nbackground-attachment:scroll;\n}\n.avia-section.av-y8q67-33201bf8c99822921cfdbaefbb37bd3c .av-section-color-overlay{\nopacity:0.5;\nbackground-color:#000000;\n}\n<\/style>\n<div id='av_section_1'  class='avia-section av-y8q67-33201bf8c99822921cfdbaefbb37bd3c main_color avia-section-default avia-no-border-styling  avia-builder-el-0  el_before_av_one_full  avia-builder-el-first  avia-full-stretch avia-bg-style-scroll av-section-color-overlay-active container_wrap fullsize'  data-section-bg-repeat='stretch'><div class=\"av-section-color-overlay-wrap\"><div class=\"av-section-color-overlay\"><\/div><div class='container av-section-cont-open' ><main  role=\"main\" itemprop=\"mainContentOfPage\"  class='template-page content  av-content-full alpha units'><div class='post-entry post-entry-type-page post-entry-111'><div class='entry-content-wrapper clearfix'>\n<div  class='flex_column av-q24gn-ac7ac8fd75a9ea85b1cde6afe982d718 av_one_fifth  avia-builder-el-1  el_before_av_three_fifth  avia-builder-el-first  first flex_column_div'     ><\/div><div  class='flex_column av-j3jmn-be19d56015c23474c8d804f53ff81995 av_three_fifth  avia-builder-el-2  el_after_av_one_fifth  el_before_av_one_fifth  flex_column_div'     ><p>\n<style type=\"text\/css\" data-created_by=\"avia_inline_auto\" id=\"style-css-av-lw0ggl6z-b4400b2d408b90b8634e1cbb58086c8d\">\n#top .av-special-heading.av-lw0ggl6z-b4400b2d408b90b8634e1cbb58086c8d{\npadding-bottom:10px;\ncolor:#ffffff;\n}\nbody .av-special-heading.av-lw0ggl6z-b4400b2d408b90b8634e1cbb58086c8d .av-special-heading-tag .heading-char{\nfont-size:25px;\n}\n.av-special-heading.av-lw0ggl6z-b4400b2d408b90b8634e1cbb58086c8d .special-heading-inner-border{\nborder-color:#ffffff;\n}\n.av-special-heading.av-lw0ggl6z-b4400b2d408b90b8634e1cbb58086c8d .av-subheading{\nfont-size:15px;\n}\n<\/style>\n<div  class='av-special-heading av-lw0ggl6z-b4400b2d408b90b8634e1cbb58086c8d av-special-heading-h1 custom-color-heading blockquote modern-quote modern-centered  avia-builder-el-3  el_before_av_textblock  avia-builder-el-first'><h1 class='av-special-heading-tag'  itemprop=\"headline\"  >Equipement commercial<\/h1><div class='av_custom_color av-subheading av-subheading_below'><p><a href=\"https:\/\/swissmediadesign.com\/fr\/notre-expertise\/devenir-visible\/identite-dentreprise\/\">Identit\u00e9 d'entreprise<\/a> \/ <a href=\"https:\/\/swissmediadesign.com\/fr\/notre-expertise\/devenir-visible\/identite-dentreprise\/equipement-de-bureau\/\">Equipement commercial<\/a><\/p>\n<\/div><div class=\"special-heading-border\"><div class=\"special-heading-inner-border\"><\/div><\/div><\/div><br \/>\n\n<style type=\"text\/css\" data-created_by=\"avia_inline_auto\" id=\"style-css-av-lw0gktp2-5bbb5dfce05fd9818838601d8ecb2b8f\">\n#top .av_textblock_section.av-lw0gktp2-5bbb5dfce05fd9818838601d8ecb2b8f .avia_textblock{\ncolor:#ffffff;\n}\n<\/style>\n<section  class='av_textblock_section av-lw0gktp2-5bbb5dfce05fd9818838601d8ecb2b8f'   itemscope=\"itemscope\" itemtype=\"https:\/\/schema.org\/CreativeWork\" ><div class='avia_textblock av_inherit_color'  itemprop=\"text\" ><p style=\"text-align: center;\">D\u00e9couvrez nos solutions d'\u00e9quipement commercial sur mesure qui renforcent et diff\u00e9rencient votre marque. Nous mettons notre exp\u00e9rience et notre cr\u00e9ativit\u00e9 au service de la conception, des cartes de visite au mat\u00e9riel publicitaire le plus complet. Chaque \u00e9l\u00e9ment de votre \u00e9quipement commercial refl\u00e8te l'identit\u00e9 de votre entreprise et transmet le message de votre marque.<\/p>\n<\/div><\/section><\/p><\/div><div  class='flex_column av-f629j-2729f6439816463471abf1c1424eada4 av_one_fifth  avia-builder-el-5  el_after_av_three_fifth  avia-builder-el-last  flex_column_div'     ><\/div><\/div><\/div><\/main><!-- close content main element --><\/div><\/div><\/div><div id='after_section_1'  class='main_color av_default_container_wrap container_wrap fullsize'  ><div class='container av-section-cont-open' ><div class='template-page content  av-content-full alpha units'><div class='post-entry post-entry-type-page post-entry-111'><div class='entry-content-wrapper clearfix'><div  class='flex_column av-7pv67-044e4b69891b0b6d5b6398decde42421 av_one_full  avia-builder-el-6  el_after_av_section  avia-builder-el-no-sibling  first flex_column_div'     ><p>\n<style type=\"text\/css\" data-created_by=\"avia_inline_auto\" id=\"style-css-av-lw0gjk39-2a415922c13a10bf0d600b9039e009e3\">\n#top .av-special-heading.av-lw0gjk39-2a415922c13a10bf0d600b9039e009e3{\npadding-bottom:10px;\n}\nbody .av-special-heading.av-lw0gjk39-2a415922c13a10bf0d600b9039e009e3 .av-special-heading-tag .heading-char{\nfont-size:25px;\n}\n.av-special-heading.av-lw0gjk39-2a415922c13a10bf0d600b9039e009e3 .av-subheading{\nfont-size:15px;\n}\n<\/style>\n<div  class='av-special-heading av-lw0gjk39-2a415922c13a10bf0d600b9039e009e3 av-special-heading-h2 blockquote modern-quote  avia-builder-el-7  el_before_av_textblock  avia-builder-el-first'><h2 class='av-special-heading-tag'  itemprop=\"headline\"  >Une papeterie professionnelle pour une pr\u00e9sence marquante<\/h2><div class=\"special-heading-border\"><div class=\"special-heading-inner-border\"><\/div><\/div><\/div><br \/>\n<section  class='av_textblock_section av-lw0gjs1c-e6814fc6fccf38ca4fefe5198dca43af'   itemscope=\"itemscope\" itemtype=\"https:\/\/schema.org\/CreativeWork\" ><div class='avia_textblock'  itemprop=\"text\" ><p>Une papeterie de bureau coh\u00e9rente et de haute qualit\u00e9 est la base essentielle pour toute entreprise qui souhaite communiquer efficacement sa marque et se diff\u00e9rencier de ses concurrents. Chez nous, vous trouverez des solutions sur mesure qui non seulement refl\u00e8tent pr\u00e9cis\u00e9ment l'identit\u00e9 de votre entreprise dans chaque d\u00e9tail, mais qui contribuent \u00e9galement \u00e0 exprimer le caract\u00e8re unique de votre marque. Qu'il s'agisse de cartes de visite, de papier \u00e0 lettres, de fournitures de bureau personnalis\u00e9es, de brochures percutantes, de d\u00e9pliants accrocheurs ou d'une multitude d'autres supports, nous garantissons que chaque \u00e9l\u00e9ment de votre papeterie d'entreprise est con\u00e7u avec le plus grand professionnalisme et envoie un message fort et coh\u00e9rent qui suscite l'\u00e9motion de votre groupe cible et l'impressionne durablement.<\/p>\n<p>Notre large gamme de produits couvre une vari\u00e9t\u00e9 d'articles qui peuvent \u00eatre personnalis\u00e9s en fonction de vos besoins et souhaits sp\u00e9cifiques. Que vous ayez besoin d'une s\u00e9rie compl\u00e8te de documents commerciaux pour une utilisation quotidienne ou que vous cherchiez \u00e0 produire du mat\u00e9riel promotionnel sp\u00e9cifique pour une campagne de marketing \u00e0 venir, nos designers exp\u00e9riment\u00e9s et nos experts en produits sont pr\u00eats \u00e0 r\u00e9pondre \u00e0 chaque exigence individuelle et \u00e0 transformer votre vision en r\u00e9alit\u00e9. Nous nous effor\u00e7ons non seulement de renforcer votre identit\u00e9 visuelle, mais aussi de veiller \u00e0 ce que les aspects pratiques de vos besoins commerciaux soient pleinement satisfaits.<\/p>\n<p>La collaboration avec vous est particuli\u00e8rement importante pour nous \u00e0 chaque \u00e9tape. Nous nous effor\u00e7ons de faire en sorte que chaque facette de votre mat\u00e9riel d'entreprise soit non seulement esth\u00e9tiquement attrayante, mais aussi fonctionnellement efficace et d'une qualit\u00e9 in\u00e9gal\u00e9e. Nous voulons ainsi nous assurer que le mat\u00e9riel ne repr\u00e9sente pas seulement votre marque, mais qu'il est \u00e9galement pratique \u00e0 utiliser au quotidien dans votre entreprise.<\/p>\n<p>Cr\u00e9ons ensemble une papeterie commerciale qui refl\u00e8te non seulement le v\u00e9ritable caract\u00e8re et les valeurs de votre marque, mais qui souligne \u00e9galement votre positionnement strat\u00e9gique et favorise votre succ\u00e8s commercial. Ensemble, nous pouvons r\u00e9aliser une papeterie commerciale impressionnante et coh\u00e9rente qui met en valeur vos offres et laisse une impression inoubliable et positive \u00e0 la fois \u00e0 vos clients et \u00e0 vos partenaires commerciaux.<\/p>\n<\/div><\/section><\/p><\/div><\/p>","protected":false},"excerpt":{"rendered":"","protected":false},"author":2,"featured_media":0,"parent":104,"menu_order":3223,"comment_status":"closed","ping_status":"closed","template":"","meta":{"footnotes":""},"class_list":["post-111","page","type-page","status-publish","hentry"],"_links":{"self":[{"href":"https:\/\/swissmediadesign.com\/fr\/wp-json\/wp\/v2\/pages\/111","targetHints":{"allow":["GET"]}}],"collection":[{"href":"https:\/\/swissmediadesign.com\/fr\/wp-json\/wp\/v2\/pages"}],"about":[{"href":"https:\/\/swissmediadesign.com\/fr\/wp-json\/wp\/v2\/types\/page"}],"author":[{"embeddable":true,"href":"https:\/\/swissmediadesign.com\/fr\/wp-json\/wp\/v2\/users\/2"}],"replies":[{"embeddable":true,"href":"https:\/\/swissmediadesign.com\/fr\/wp-json\/wp\/v2\/comments?post=111"}],"version-history":[{"count":0,"href":"https:\/\/swissmediadesign.com\/fr\/wp-json\/wp\/v2\/pages\/111\/revisions"}],"up":[{"embeddable":true,"href":"https:\/\/swissmediadesign.com\/fr\/wp-json\/wp\/v2\/pages\/104"}],"wp:attachment":[{"href":"https:\/\/swissmediadesign.com\/fr\/wp-json\/wp\/v2\/media?parent=111"}],"curies":[{"name":"wp","href":"https:\/\/api.w.org\/{rel}","templated":true}]}}