{"id":122,"date":"2024-04-02T20:33:23","date_gmt":"2024-04-02T18:33:23","guid":{"rendered":"https:\/\/swissmediadesign.com\/?page_id=122"},"modified":"2025-03-25T10:00:20","modified_gmt":"2025-03-25T09:00:20","slug":"lokale-seo-strategien","status":"publish","type":"page","link":"https:\/\/swissmediadesign.com\/fr\/notre-expertise\/devenir-visible\/optimisation-pour-les-moteurs-de-recherche-seo\/strategies-seo-locales\/","title":{"rendered":"Strat\u00e9gies de r\u00e9f\u00e9rencement local"},"content":{"rendered":"<style type=\"text\/css\" data-created_by=\"avia_inline_auto\" id=\"style-css-av-1f4uxe-aec319be8dfd3d0773d1fcc213b63520\">\n.avia-section.av-1f4uxe-aec319be8dfd3d0773d1fcc213b63520{\nbackground-repeat:no-repeat;\nbackground-image:url(https:\/\/swissmediadesign.com\/wp-content\/uploads\/2024\/05\/116596555_m_normal_none-1500x1000.jpg);\nbackground-position:50% 50%;\nbackground-attachment:scroll;\n}\n.avia-section.av-1f4uxe-aec319be8dfd3d0773d1fcc213b63520 .av-section-color-overlay{\nopacity:0.5;\nbackground-color:#000000;\n}\n<\/style>\n<div id='av_section_1'  class='avia-section av-1f4uxe-aec319be8dfd3d0773d1fcc213b63520 main_color avia-section-default avia-no-border-styling  avia-builder-el-0  el_before_av_one_full  avia-builder-el-first  avia-full-stretch avia-bg-style-scroll av-section-color-overlay-active container_wrap fullsize'  data-section-bg-repeat='stretch'><div class=\"av-section-color-overlay-wrap\"><div class=\"av-section-color-overlay\"><\/div><div class='container av-section-cont-open' ><main  role=\"main\" itemprop=\"mainContentOfPage\"  class='template-page content  av-content-full alpha units'><div class='post-entry post-entry-type-page post-entry-122'><div class='entry-content-wrapper clearfix'>\n<div  class='flex_column av-16xjr6-a56984cb9b3bf8861c9a3d69cd6a51c6 av_one_fifth  avia-builder-el-1  el_before_av_three_fifth  avia-builder-el-first  first flex_column_div'     ><\/div><div  class='flex_column av-40c2y-421678a8a69207addcbd79a0d2c0aa82 av_three_fifth  avia-builder-el-2  el_after_av_one_fifth  el_before_av_one_fifth  flex_column_div'     ><p>\n<style type=\"text\/css\" data-created_by=\"avia_inline_auto\" id=\"style-css-av-lw0koatk-4afbafa4977495812c5abf337c79d89d\">\n#top .av-special-heading.av-lw0koatk-4afbafa4977495812c5abf337c79d89d{\npadding-bottom:10px;\ncolor:#ffffff;\n}\nbody .av-special-heading.av-lw0koatk-4afbafa4977495812c5abf337c79d89d .av-special-heading-tag .heading-char{\nfont-size:25px;\n}\n.av-special-heading.av-lw0koatk-4afbafa4977495812c5abf337c79d89d .special-heading-inner-border{\nborder-color:#ffffff;\n}\n.av-special-heading.av-lw0koatk-4afbafa4977495812c5abf337c79d89d .av-subheading{\nfont-size:15px;\n}\n<\/style>\n<div  class='av-special-heading av-lw0koatk-4afbafa4977495812c5abf337c79d89d av-special-heading-h1 custom-color-heading blockquote modern-quote modern-centered  avia-builder-el-3  el_before_av_textblock  avia-builder-el-first'><h1 class='av-special-heading-tag'  itemprop=\"headline\"  >Strat\u00e9gies de r\u00e9f\u00e9rencement local<\/h1><div class='av_custom_color av-subheading av-subheading_below'><p><a href=\"https:\/\/swissmediadesign.com\/fr\/notre-expertise\/devenir-visible\/optimisation-pour-les-moteurs-de-recherche-seo\/\">Optimisation pour les moteurs de recherche<\/a> \/ <a href=\"https:\/\/swissmediadesign.com\/fr\/notre-expertise\/devenir-visible\/optimisation-pour-les-moteurs-de-recherche-seo\/strategies-seo-locales\/\">Strat\u00e9gies de r\u00e9f\u00e9rencement local<\/a><\/p>\n<\/div><div class=\"special-heading-border\"><div class=\"special-heading-inner-border\"><\/div><\/div><\/div><br \/>\n\n<style type=\"text\/css\" data-created_by=\"avia_inline_auto\" id=\"style-css-av-ufq2y-ae543d438fd157e1ce2285ecc03419e0\">\n#top .av_textblock_section.av-ufq2y-ae543d438fd157e1ce2285ecc03419e0 .avia_textblock{\ncolor:#ffffff;\n}\n<\/style>\n<section  class='av_textblock_section av-ufq2y-ae543d438fd157e1ce2285ecc03419e0'   itemscope=\"itemscope\" itemtype=\"https:\/\/schema.org\/CreativeWork\" ><div class='avia_textblock av_inherit_color'  itemprop=\"text\" ><p style=\"text-align: center;\">Avec plus d'une d\u00e9cennie d'exp\u00e9rience sur le march\u00e9 suisse, nous pouvons rendre votre entreprise visible localement. Nos solutions de r\u00e9f\u00e9rencement local utilisent des approches innovantes pour d\u00e9velopper des strat\u00e9gies qui attirent l'attention et produisent des r\u00e9sultats durables. Laissez-nous transformer vos objectifs de r\u00e9f\u00e9rencement local en succ\u00e8s mesurables.<\/p>\n<\/div><\/section><\/p><\/div><div  class='flex_column av-qhnvu-b3d27dd8b920d6b8212d4725eeb8c6e5 av_one_fifth  avia-builder-el-5  el_after_av_three_fifth  avia-builder-el-last  flex_column_div'     ><\/div><\/div><\/div><\/main><!-- close content main element --><\/div><\/div><\/div><div id='after_section_1'  class='main_color av_default_container_wrap container_wrap fullsize'  ><div class='container av-section-cont-open' ><div class='template-page content  av-content-full alpha units'><div class='post-entry post-entry-type-page post-entry-122'><div class='entry-content-wrapper clearfix'><div  class='flex_column av-lk34y-a19de273ca4fec7dacbbe52ababd91a8 av_one_full  avia-builder-el-6  el_after_av_section  avia-builder-el-no-sibling  first flex_column_div'     ><p>\n<style type=\"text\/css\" data-created_by=\"avia_inline_auto\" id=\"style-css-av-dr0b6-21ab953e66e443fdc89e9abc440c65ae\">\n#top .av-special-heading.av-dr0b6-21ab953e66e443fdc89e9abc440c65ae{\npadding-bottom:10px;\n}\nbody .av-special-heading.av-dr0b6-21ab953e66e443fdc89e9abc440c65ae .av-special-heading-tag .heading-char{\nfont-size:25px;\n}\n.av-special-heading.av-dr0b6-21ab953e66e443fdc89e9abc440c65ae .av-subheading{\nfont-size:15px;\n}\n<\/style>\n<div  class='av-special-heading av-dr0b6-21ab953e66e443fdc89e9abc440c65ae av-special-heading-h2 blockquote modern-quote  avia-builder-el-7  el_before_av_textblock  avia-builder-el-first'><h2 class='av-special-heading-tag'  itemprop=\"headline\"  > Augmentez votre visibilit\u00e9 locale gr\u00e2ce \u00e0 nos strat\u00e9gies de r\u00e9f\u00e9rencement local sp\u00e9cialis\u00e9es<\/h2><div class=\"special-heading-border\"><div class=\"special-heading-inner-border\"><\/div><\/div><\/div><br \/>\n<section  class='av_textblock_section av-9a6yi-a60bc9f247626670561b2c47ed31fc46'   itemscope=\"itemscope\" itemtype=\"https:\/\/schema.org\/CreativeWork\" ><div class='avia_textblock'  itemprop=\"text\" ><p>Dans le monde num\u00e9rique d'aujourd'hui, il est essentiel d'\u00eatre visible localement et de cr\u00e9er un lien direct avec votre groupe cible. Nos services de r\u00e9f\u00e9rencement local sur mesure sont sp\u00e9cialement con\u00e7us pour faire ressortir votre entreprise dans les r\u00e9sultats de recherche locaux, notamment gr\u00e2ce \u00e0 une optimisation compl\u00e8te de votre profil Google My Business. Non seulement nous rendons votre profil plus attrayant pour les recherches locales, mais nous veillons \u00e9galement \u00e0 ce que vos informations commerciales soient pr\u00e9cises et \u00e0 jour afin d'accro\u00eetre votre cr\u00e9dibilit\u00e9 et votre visibilit\u00e9 sur votre march\u00e9 local.<\/p>\n<p>Avec plus de 10 ans d'exp\u00e9rience dans le domaine du r\u00e9f\u00e9rencement local, en particulier en Suisse, nous disposons de l'expertise et des connaissances locales n\u00e9cessaires pour rendre votre entreprise visible de mani\u00e8re efficace. Nous comprenons les d\u00e9fis et les opportunit\u00e9s sp\u00e9cifiques du march\u00e9 suisse et utilisons ces connaissances pour d\u00e9velopper des strat\u00e9gies cibl\u00e9es qui mettent en valeur votre site et votre marque. Notre connaissance approfondie du march\u00e9 local nous permet de calibrer vos efforts de r\u00e9f\u00e9rencement afin d'obtenir un impact maximal et d'accro\u00eetre votre visibilit\u00e9 l\u00e0 o\u00f9 elle est la plus importante - dans votre environnement imm\u00e9diat.<\/p>\n<p>Nos strat\u00e9gies de r\u00e9f\u00e9rencement local \u00e9motionnellement attrayantes vont au-del\u00e0 des optimisations techniques. Nous vous aidons \u00e0 \u00e9tablir une relation plus profonde avec votre communaut\u00e9 locale en cr\u00e9ant un contenu authentique qui raconte votre histoire unique et attire les clients locaux. En encourageant les avis et en vous int\u00e9grant dans les r\u00e9seaux locaux, nous renfor\u00e7ons votre pr\u00e9sence locale et cr\u00e9ons un climat de confiance et de fid\u00e9lit\u00e9 chez vos clients.<\/p>\n<p>Faites confiance \u00e0 nos techniques de r\u00e9f\u00e9rencement local cibl\u00e9es pour non seulement am\u00e9liorer votre pr\u00e9sence en ligne, mais aussi contribuer \u00e0 faire de votre marque un acteur incontournable de la communaut\u00e9 locale. Travaillons ensemble pour vous placer en t\u00eate des r\u00e9sultats de recherche locaux et forger des liens r\u00e9els et durables avec vos clients locaux.<\/p>\n<\/div><\/section><\/p><\/div><\/p>","protected":false},"excerpt":{"rendered":"","protected":false},"author":2,"featured_media":0,"parent":116,"menu_order":3133,"comment_status":"closed","ping_status":"closed","template":"","meta":{"footnotes":""},"class_list":["post-122","page","type-page","status-publish","hentry"],"_links":{"self":[{"href":"https:\/\/swissmediadesign.com\/fr\/wp-json\/wp\/v2\/pages\/122","targetHints":{"allow":["GET"]}}],"collection":[{"href":"https:\/\/swissmediadesign.com\/fr\/wp-json\/wp\/v2\/pages"}],"about":[{"href":"https:\/\/swissmediadesign.com\/fr\/wp-json\/wp\/v2\/types\/page"}],"author":[{"embeddable":true,"href":"https:\/\/swissmediadesign.com\/fr\/wp-json\/wp\/v2\/users\/2"}],"replies":[{"embeddable":true,"href":"https:\/\/swissmediadesign.com\/fr\/wp-json\/wp\/v2\/comments?post=122"}],"version-history":[{"count":0,"href":"https:\/\/swissmediadesign.com\/fr\/wp-json\/wp\/v2\/pages\/122\/revisions"}],"up":[{"embeddable":true,"href":"https:\/\/swissmediadesign.com\/fr\/wp-json\/wp\/v2\/pages\/116"}],"wp:attachment":[{"href":"https:\/\/swissmediadesign.com\/fr\/wp-json\/wp\/v2\/media?parent=122"}],"curies":[{"name":"wp","href":"https:\/\/api.w.org\/{rel}","templated":true}]}}