{"id":128,"date":"2024-04-02T20:36:30","date_gmt":"2024-04-02T18:36:30","guid":{"rendered":"https:\/\/swissmediadesign.com\/?page_id=128"},"modified":"2025-03-25T11:12:29","modified_gmt":"2025-03-25T10:12:29","slug":"wachsen","status":"publish","type":"page","link":"https:\/\/swissmediadesign.com\/fr\/notre-expertise\/grandissent\/","title":{"rendered":"Cultiver"},"content":{"rendered":"<style type=\"text\/css\" data-created_by=\"avia_inline_auto\" id=\"style-css-av-luo53zcy-302d4d4be371bd0f0bd4b9d6e67ecf0b\">\n.avia-section.av-luo53zcy-302d4d4be371bd0f0bd4b9d6e67ecf0b{\nbackground-repeat:no-repeat;\nbackground-image:url(https:\/\/swissmediadesign.com\/wp-content\/uploads\/2024\/04\/208638253_m_normal_none-1500x1000.jpg);\nbackground-position:50% 50%;\nbackground-attachment:scroll;\n}\n.avia-section.av-luo53zcy-302d4d4be371bd0f0bd4b9d6e67ecf0b .av-section-color-overlay{\nopacity:0.5;\nbackground-color:#000000;\n}\n<\/style>\n<div id='av_section_1'  class='avia-section av-luo53zcy-302d4d4be371bd0f0bd4b9d6e67ecf0b main_color avia-section-default avia-no-border-styling  avia-builder-el-0  el_before_av_masonry_gallery  avia-builder-el-first  avia-full-stretch avia-bg-style-scroll av-section-color-overlay-active container_wrap fullsize'  data-section-bg-repeat='stretch'><div class=\"av-section-color-overlay-wrap\"><div class=\"av-section-color-overlay\"><\/div><div class='container av-section-cont-open' ><main  role=\"main\" itemprop=\"mainContentOfPage\"  class='template-page content  av-content-full alpha units'><div class='post-entry post-entry-type-page post-entry-128'><div class='entry-content-wrapper clearfix'>\n<div  class='flex_column av-2apq0-764dac5ab22cc5c611c73e2854a41fc9 av_one_fifth  avia-builder-el-1  el_before_av_three_fifth  avia-builder-el-first  first flex_column_div'     ><\/div><div  class='flex_column av-elqso-27d723e52eea371e74e2307c57f80fa4 av_three_fifth  avia-builder-el-2  el_after_av_one_fifth  el_before_av_one_fifth  flex_column_div'     ><p>\n<style type=\"text\/css\" data-created_by=\"avia_inline_auto\" id=\"style-css-av-luo53ln4-675aa9c5d925ba4499b1053d23577b41\">\n#top .av-special-heading.av-luo53ln4-675aa9c5d925ba4499b1053d23577b41{\npadding-bottom:10px;\ncolor:#ffffff;\n}\nbody .av-special-heading.av-luo53ln4-675aa9c5d925ba4499b1053d23577b41 .av-special-heading-tag .heading-char{\nfont-size:25px;\n}\n.av-special-heading.av-luo53ln4-675aa9c5d925ba4499b1053d23577b41 .special-heading-inner-border{\nborder-color:#ffffff;\n}\n.av-special-heading.av-luo53ln4-675aa9c5d925ba4499b1053d23577b41 .av-subheading{\nfont-size:15px;\n}\n<\/style>\n<div  class='av-special-heading av-luo53ln4-675aa9c5d925ba4499b1053d23577b41 av-special-heading-h1 custom-color-heading blockquote modern-quote modern-centered  avia-builder-el-3  el_before_av_textblock  avia-builder-el-first'><h1 class='av-special-heading-tag'  itemprop=\"headline\"  >Cultiver<\/h1><div class='av_custom_color av-subheading av-subheading_below'><p><a href=\"https:\/\/swissmediadesign.com\/fr\/notre-expertise\/\">Notre expertise<\/a> \/ <a href=\"https:\/\/swissmediadesign.com\/fr\/notre-expertise\/grandissent\/\">Cultiver<\/a><\/p>\n<\/div><div class=\"special-heading-border\"><div class=\"special-heading-inner-border\"><\/div><\/div><\/div><br \/>\n\n<style type=\"text\/css\" data-created_by=\"avia_inline_auto\" id=\"style-css-av-luo54zqy-bf3ec57aae528d4e987d2da0d67315b5\">\n#top .av_textblock_section.av-luo54zqy-bf3ec57aae528d4e987d2da0d67315b5 .avia_textblock{\ncolor:#ffffff;\n}\n<\/style>\n<section  class='av_textblock_section av-luo54zqy-bf3ec57aae528d4e987d2da0d67315b5'   itemscope=\"itemscope\" itemtype=\"https:\/\/schema.org\/CreativeWork\" ><div class='avia_textblock av_inherit_color'  itemprop=\"text\" ><p style=\"text-align: center;\">Augmentez votre potentiel avec nous et voyez votre entreprise atteindre de nouveaux sommets. Notre vision strat\u00e9gique, associ\u00e9e \u00e0 une cr\u00e9ativit\u00e9 innovante, d\u00e9clenche une croissance dynamique de votre marque. Nous prenons vos ambitions et les transformons en succ\u00e8s mesurables en combinant strat\u00e9gies et excellence cr\u00e9ative.<\/p>\n<\/div><\/section><\/p><\/div><div  class='flex_column av-141gg-1f97017944aacb16cecdbc7a32da49f5 av_one_fifth  avia-builder-el-5  el_after_av_three_fifth  avia-builder-el-last  flex_column_div'     ><\/div>\n<style type=\"text\/css\" data-created_by=\"avia_inline_auto\" id=\"style-css-av-lw0wzf3n-536249d8033f06a825ceafb5139f8509\">\n#top .av-masonry.av-lw0wzf3n-536249d8033f06a825ceafb5139f8509{\nbackground-color:#ffffff;\n}\n<\/style>\n<div id='av-masonry-1' class='av-masonry av-lw0wzf3n-536249d8033f06a825ceafb5139f8509 noHover av-flex-size av-large-gap av-hover-overlay-active av-masonry-animation-active av-masonry-col-3 av-caption-always av-caption-style-overlay av-masonry-gallery' data-post_id=\"128\"><div class=\"av-masonry-container isotope av-js-disabled\"><div class='av-masonry-entry isotope-item av-masonry-item-no-image'><\/div><a href=\"https:\/\/swissmediadesign.com\/fr\/notre-expertise\/grandissent\/marketing-communication\/\"  aria-label=\"Analyse et optimisation de l&#039;image\"  id='av-masonry-1-item-982' data-av-masonry-item='982' class='av-masonry-entry isotope-item post-982 attachment type-attachment status-inherit hentry  av-masonry-item-with-image' title=\"Analyse et optimisation\" alt=\"\"  data-av-masonry-custom-link=\"https:\/\/swissmediadesign.com\/unsere-expertise\/wachsen\/analyse-und-optimierung\/\"  itemprop=\"thumbnailUrl\" ><div class='av-inner-masonry-sizer'><\/div><figure class='av-inner-masonry main_color'><div class=\"av-masonry-outerimage-container\"><div class='av-masonry-image-container'   ><img decoding=\"async\" src=\"https:\/\/swissmediadesign.com\/wp-content\/uploads\/2024\/05\/195648228_l_normal_none-1030x687.jpg\" title=\"Analyse et optimisation\" alt=\"\" \/><\/div><\/div><figcaption class='av-inner-masonry-content site-background'><div class='av-inner-masonry-content-pos'><div class='av-inner-masonry-content-pos-content'><div class='avia-arrow'><\/div><h3 class='av-masonry-entry-title entry-title'  itemprop=\"headline\" >Analyse et optimisation<\/h3><div class='av-masonry-entry-content entry-content'  itemprop=\"text\" >D\u00e9veloppez le plein potentiel de votre marque gr\u00e2ce \u00e0 notre expertise. Gr\u00e2ce \u00e0 notre exp\u00e9rience approfondie et \u00e0 notre cr\u00e9ativit\u00e9 d\u00e9brid\u00e9e, nous cr\u00e9ons des strat\u00e9gies marketing sur mesure qui ne se contentent pas d'attirer l'attention, mais qui impressionnent durablement. Nous transformons vos visions en succ\u00e8s durables et mesurables.<\/div><\/div><\/div><\/figcaption><\/figure><\/a><!--end av-masonry entry--><a href=\"https:\/\/swissmediadesign.com\/fr\/notre-expertise\/grandissent\/developpement-de-lidentite-visuelle\/\"  aria-label=\"image Marketing en ligne\"  id='av-masonry-1-item-1033' data-av-masonry-item='1033' class='av-masonry-entry isotope-item post-1033 attachment type-attachment status-inherit hentry  av-masonry-item-with-image' title=\"Marketing en ligne\" alt=\"\"  data-av-masonry-custom-link=\"https:\/\/swissmediadesign.com\/unsere-expertise\/wachsen\/online-marketing\/\"  itemprop=\"thumbnailUrl\" ><div class='av-inner-masonry-sizer'><\/div><figure class='av-inner-masonry main_color'><div class=\"av-masonry-outerimage-container\"><div class='av-masonry-image-container'   ><img decoding=\"async\" src=\"https:\/\/swissmediadesign.com\/wp-content\/uploads\/2024\/05\/AdobeStock_265258002-1030x687.jpeg\" title=\"Marketing en ligne\" alt=\"\" \/><\/div><\/div><figcaption class='av-inner-masonry-content site-background'><div class='av-inner-masonry-content-pos'><div class='av-inner-masonry-content-pos-content'><div class='avia-arrow'><\/div><h3 class='av-masonry-entry-title entry-title'  itemprop=\"headline\" >Marketing en ligne<\/h3><div class='av-masonry-entry-content entry-content'  itemprop=\"text\" >Chez Swiss Media Design, nous proposons des services complets de marketing en ligne afin de renforcer votre pr\u00e9sence num\u00e9rique et d'atteindre efficacement votre groupe cible. Notre expertise comprend la cr\u00e9ation de contenus sur mesure, le d\u00e9veloppement de strat\u00e9gies bien pens\u00e9es, la conception de newsletters attrayantes et l'utilisation cibl\u00e9e de Google Ads.<\/div><\/div><\/div><\/figcaption><\/figure><\/a><!--end av-masonry entry--><a href=\"https:\/\/swissmediadesign.com\/fr\/notre-expertise\/grandissent\/renforcer-la-presence-en-ligne\/\"  aria-label=\"image Photographie\"  id='av-masonry-1-item-937' data-av-masonry-item='937' class='av-masonry-entry isotope-item post-937 attachment type-attachment status-inherit hentry  av-masonry-item-with-image' title=\"Photographie\" alt=\"\"  data-av-masonry-custom-link=\"https:\/\/swissmediadesign.com\/unsere-expertise\/wachsen\/fotografie\/\"  itemprop=\"thumbnailUrl\" ><div class='av-inner-masonry-sizer'><\/div><figure class='av-inner-masonry main_color'><div class=\"av-masonry-outerimage-container\"><div class='av-masonry-image-container'   ><img decoding=\"async\" src=\"https:\/\/swissmediadesign.com\/wp-content\/uploads\/2024\/05\/6228957_m_normal_none-1030x684.jpg\" title=\"Photographie\" alt=\"\" \/><\/div><\/div><figcaption class='av-inner-masonry-content site-background'><div class='av-inner-masonry-content-pos'><div class='av-inner-masonry-content-pos-content'><div class='avia-arrow'><\/div><h3 class='av-masonry-entry-title entry-title'  itemprop=\"headline\" >Photographie<\/h3><div class='av-masonry-entry-content entry-content'  itemprop=\"text\" >Bienvenue chez Swiss Media Design, votre expert en photographie. En collaboration avec des freelances talentueux, nous proposons une large gamme de services photographiques, notamment des locaux commerciaux et des portraits d'employ\u00e9s, ainsi que des photographies d'architecture pour des vues ext\u00e9rieures. Ensemble, donnons vie \u00e0 vos visions.<\/div><\/div><\/div><\/figcaption><\/figure><\/a><!--end av-masonry entry--><\/div><\/div><\/p>","protected":false},"excerpt":{"rendered":"","protected":false},"author":2,"featured_media":0,"parent":31,"menu_order":3200,"comment_status":"closed","ping_status":"closed","template":"","meta":{"footnotes":""},"class_list":["post-128","page","type-page","status-publish","hentry"],"_links":{"self":[{"href":"https:\/\/swissmediadesign.com\/fr\/wp-json\/wp\/v2\/pages\/128","targetHints":{"allow":["GET"]}}],"collection":[{"href":"https:\/\/swissmediadesign.com\/fr\/wp-json\/wp\/v2\/pages"}],"about":[{"href":"https:\/\/swissmediadesign.com\/fr\/wp-json\/wp\/v2\/types\/page"}],"author":[{"embeddable":true,"href":"https:\/\/swissmediadesign.com\/fr\/wp-json\/wp\/v2\/users\/2"}],"replies":[{"embeddable":true,"href":"https:\/\/swissmediadesign.com\/fr\/wp-json\/wp\/v2\/comments?post=128"}],"version-history":[{"count":0,"href":"https:\/\/swissmediadesign.com\/fr\/wp-json\/wp\/v2\/pages\/128\/revisions"}],"up":[{"embeddable":true,"href":"https:\/\/swissmediadesign.com\/fr\/wp-json\/wp\/v2\/pages\/31"}],"wp:attachment":[{"href":"https:\/\/swissmediadesign.com\/fr\/wp-json\/wp\/v2\/media?parent=128"}],"curies":[{"name":"wp","href":"https:\/\/api.w.org\/{rel}","templated":true}]}}