{"id":131,"date":"2024-04-02T20:38:57","date_gmt":"2024-04-02T18:38:57","guid":{"rendered":"https:\/\/swissmediadesign.com\/?page_id=131"},"modified":"2025-04-24T08:31:46","modified_gmt":"2025-04-24T06:31:46","slug":"analyse-und-optimierung","status":"publish","type":"page","link":"https:\/\/swissmediadesign.com\/fr\/notre-expertise\/grandissent\/marketing-communication\/","title":{"rendered":"Analyse et optimisation"},"content":{"rendered":"<style type=\"text\/css\" data-created_by=\"avia_inline_auto\" id=\"style-css-av-lw0xfadu-6885f19c1aa8279ee93f0146df61bd04\">\n.avia-section.av-lw0xfadu-6885f19c1aa8279ee93f0146df61bd04{\nbackground-repeat:no-repeat;\nbackground-image:url(https:\/\/swissmediadesign.com\/wp-content\/uploads\/2024\/05\/195648228_m_normal_none-1500x981.jpg);\nbackground-position:50% 50%;\nbackground-attachment:scroll;\n}\n.avia-section.av-lw0xfadu-6885f19c1aa8279ee93f0146df61bd04 .av-section-color-overlay{\nopacity:0.5;\nbackground-color:#000000;\n}\n<\/style>\n<div id='av_section_1'  class='avia-section av-lw0xfadu-6885f19c1aa8279ee93f0146df61bd04 main_color avia-section-default avia-no-border-styling  avia-builder-el-0  el_before_av_masonry_gallery  avia-builder-el-first  avia-full-stretch avia-bg-style-scroll av-section-color-overlay-active container_wrap fullsize'  data-section-bg-repeat='stretch'><div class=\"av-section-color-overlay-wrap\"><div class=\"av-section-color-overlay\"><\/div><div class='container av-section-cont-open' ><main  role=\"main\" itemprop=\"mainContentOfPage\"  class='template-page content  av-content-full alpha units'><div class='post-entry post-entry-type-page post-entry-131'><div class='entry-content-wrapper clearfix'>\n<div  class='flex_column av-p1k4b-997b8251d88fbe916ffc7ee62956407f av_one_fifth  avia-builder-el-1  el_before_av_three_fifth  avia-builder-el-first  first flex_column_div'     ><\/div><div  class='flex_column av-mecnf-98f38da2b2f74c345ce2cb7dccf65689 av_three_fifth  avia-builder-el-2  el_after_av_one_fifth  el_before_av_one_fifth  flex_column_div'     ><p>\n<style type=\"text\/css\" data-created_by=\"avia_inline_auto\" id=\"style-css-av-lw0xelqw-33a35cba5a47e2bcef0048b124b51de1\">\n#top .av-special-heading.av-lw0xelqw-33a35cba5a47e2bcef0048b124b51de1{\npadding-bottom:10px;\ncolor:#ffffff;\n}\nbody .av-special-heading.av-lw0xelqw-33a35cba5a47e2bcef0048b124b51de1 .av-special-heading-tag .heading-char{\nfont-size:25px;\n}\n.av-special-heading.av-lw0xelqw-33a35cba5a47e2bcef0048b124b51de1 .special-heading-inner-border{\nborder-color:#ffffff;\n}\n.av-special-heading.av-lw0xelqw-33a35cba5a47e2bcef0048b124b51de1 .av-subheading{\nfont-size:15px;\n}\n<\/style>\n<div  class='av-special-heading av-lw0xelqw-33a35cba5a47e2bcef0048b124b51de1 av-special-heading-h1 custom-color-heading blockquote modern-quote modern-centered  avia-builder-el-3  el_before_av_textblock  avia-builder-el-first'><h1 class='av-special-heading-tag'  itemprop=\"headline\"  >Analyse et optimisation<\/h1><div class='av_custom_color av-subheading av-subheading_below'><p><a href=\"https:\/\/swissmediadesign.com\/fr\/notre-expertise\/grandissent\/\">Cultiver<\/a> \/ <a href=\"https:\/\/swissmediadesign.com\/fr\/notre-expertise\/grandissent\/marketing-communication\/\">Analyse et optimisation<\/a><\/p>\n<\/div><div class=\"special-heading-border\"><div class=\"special-heading-inner-border\"><\/div><\/div><\/div><br \/>\n\n<style type=\"text\/css\" data-created_by=\"avia_inline_auto\" id=\"style-css-av-fdoyz-e793d7ea2841a23bdaaac36ca58fa86c\">\n#top .av_textblock_section.av-fdoyz-e793d7ea2841a23bdaaac36ca58fa86c .avia_textblock{\ncolor:#ffffff;\n}\n<\/style>\n<section  class='av_textblock_section av-fdoyz-e793d7ea2841a23bdaaac36ca58fa86c'   itemscope=\"itemscope\" itemtype=\"https:\/\/schema.org\/CreativeWork\" ><div class='avia_textblock av_inherit_color'  itemprop=\"text\" ><p style=\"text-align: center;\">D\u00e9veloppez le plein potentiel de votre marque gr\u00e2ce \u00e0 notre expertise. Gr\u00e2ce \u00e0 notre exp\u00e9rience approfondie et \u00e0 notre cr\u00e9ativit\u00e9 d\u00e9brid\u00e9e, nous cr\u00e9ons des strat\u00e9gies marketing sur mesure qui ne se contentent pas d'attirer l'attention, mais qui impressionnent durablement. Nous transformons vos visions en succ\u00e8s durables et mesurables.<\/p>\n<\/div><\/section><\/p><\/div><div  class='flex_column av-b9adn-0d158a387b5fd6bc6242fcfce08f231f av_one_fifth  avia-builder-el-5  el_after_av_three_fifth  avia-builder-el-last  flex_column_div'     ><\/div>\n<style type=\"text\/css\" data-created_by=\"avia_inline_auto\" id=\"style-css-av-lw0xeg9w-5c027042ed079d3abae90780e44c7810\">\n#top .av-masonry.av-lw0xeg9w-5c027042ed079d3abae90780e44c7810{\nbackground-color:#ffffff;\n}\n<\/style>\n<div id='av-masonry-1' class='av-masonry av-lw0xeg9w-5c027042ed079d3abae90780e44c7810 noHover av-flex-size av-large-gap av-hover-overlay-active av-masonry-animation-active av-masonry-col-3 av-caption-always av-caption-style-overlay av-masonry-gallery' data-post_id=\"131\"><div class=\"av-masonry-container isotope av-js-disabled\"><div class='av-masonry-entry isotope-item av-masonry-item-no-image'><\/div><a href=\"https:\/\/swissmediadesign.com\/fr\/notre-expertise\/grandissent\/marketing-communication\/strategie-de-creation-de-contenu\/\"  aria-label=\"image Google Analytics\"  id='av-masonry-1-item-927' data-av-masonry-item='927' class='av-masonry-entry isotope-item post-927 attachment type-attachment status-inherit hentry  av-masonry-item-with-image' title=\"Google Analytics\" alt=\"\"  data-av-masonry-custom-link=\"https:\/\/swissmediadesign.com\/unsere-expertise\/wachsen\/analyse-und-optimierung\/google-analytics\/\"  itemprop=\"thumbnailUrl\" ><div class='av-inner-masonry-sizer'><\/div><figure class='av-inner-masonry main_color'><div class=\"av-masonry-outerimage-container\"><div class='av-masonry-image-container'   ><img decoding=\"async\" src=\"https:\/\/swissmediadesign.com\/wp-content\/uploads\/2024\/05\/mockup-of-a-macbook-pro-being-used-in-a-public-space-489-el-1030x687.png\" title=\"Google Analytics\" alt=\"\" \/><\/div><\/div><figcaption class='av-inner-masonry-content site-background'><div class='av-inner-masonry-content-pos'><div class='av-inner-masonry-content-pos-content'><div class='avia-arrow'><\/div><h3 class='av-masonry-entry-title entry-title'  itemprop=\"headline\" >Google Analytics<\/h3><div class='av-masonry-entry-content entry-content'  itemprop=\"text\" >Utilisez la puissance de Google Analytics pour prendre des d\u00e9cisions \u00e9clair\u00e9es et stimuler la croissance de votre entreprise. Gr\u00e2ce \u00e0 nos connaissances approfondies et \u00e0 nos approches innovantes, nous vous proposons des solutions d'analyse sur mesure qui fournissent des informations approfondies sur le comportement de vos utilisateurs.<\/div><\/div><\/div><\/figcaption><\/figure><\/a><!--end av-masonry entry--><a href=\"https:\/\/swissmediadesign.com\/fr\/notre-expertise\/grandissent\/marketing-communication\/marketing-des-medias-sociaux\/\"  aria-label=\"image Conversion Tracking\"  id='av-masonry-1-item-934' data-av-masonry-item='934' class='av-masonry-entry isotope-item post-934 attachment type-attachment status-inherit hentry  av-masonry-item-with-image' title=\"Suivi des conversions\" alt=\"\"  data-av-masonry-custom-link=\"https:\/\/swissmediadesign.com\/unsere-expertise\/wachsen\/analyse-und-optimierung\/conversion-tracking\/\"  itemprop=\"thumbnailUrl\" ><div class='av-inner-masonry-sizer'><\/div><figure class='av-inner-masonry main_color'><div class=\"av-masonry-outerimage-container\"><div class='av-masonry-image-container'   ><img decoding=\"async\" src=\"https:\/\/swissmediadesign.com\/wp-content\/uploads\/2024\/05\/conversion-tracking-1030x687.jpg\" title=\"Suivi des conversions\" alt=\"\" \/><\/div><\/div><figcaption class='av-inner-masonry-content site-background'><div class='av-inner-masonry-content-pos'><div class='av-inner-masonry-content-pos-content'><div class='avia-arrow'><\/div><h3 class='av-masonry-entry-title entry-title'  itemprop=\"headline\" >Suivi des conversions<\/h3><div class='av-masonry-entry-content entry-content'  itemprop=\"text\" >Chez Swiss Media Design, nous utilisons le suivi des conversions pour analyser le comportement de vos utilisateurs et optimiser vos strat\u00e9gies marketing. Avec Google Tag Manager et Google Ads, nous augmentons vos taux de conversion et maximisons votre retour sur investissement. Faites confiance \u00e0 notre expertise pour atteindre efficacement vos objectifs marketing.<\/div><\/div><\/div><\/figcaption><\/figure><\/a><!--end av-masonry entry--><a href=\"https:\/\/swissmediadesign.com\/fr\/notre-expertise\/grandissent\/marketing-communication\/google-ads\/\"  aria-label=\"image Analyse des performances et reporting\"  id='av-masonry-1-item-991' data-av-masonry-item='991' class='av-masonry-entry isotope-item post-991 attachment type-attachment status-inherit hentry  av-masonry-item-with-image' title=\"Analyse des performances et rapports\" alt=\"\"  data-av-masonry-custom-link=\"https:\/\/swissmediadesign.com\/unsere-expertise\/wachsen\/analyse-und-optimierung\/leistungsanalyse-und-reporting\/\"  itemprop=\"thumbnailUrl\" ><div class='av-inner-masonry-sizer'><\/div><figure class='av-inner-masonry main_color'><div class=\"av-masonry-outerimage-container\"><div class='av-masonry-image-container'   ><img decoding=\"async\" src=\"https:\/\/swissmediadesign.com\/wp-content\/uploads\/2024\/05\/198321432_m_normal_none-1030x687.jpg\" title=\"Analyse des performances et rapports\" alt=\"\" \/><\/div><\/div><figcaption class='av-inner-masonry-content site-background'><div class='av-inner-masonry-content-pos'><div class='av-inner-masonry-content-pos-content'><div class='avia-arrow'><\/div><h3 class='av-masonry-entry-title entry-title'  itemprop=\"headline\" >Analyse des performances et rapports<\/h3><div class='av-masonry-entry-content entry-content'  itemprop=\"text\" >Chez Swiss Media Design, nous proposons des analyses de performance et des rapports complets afin d'optimiser vos strat\u00e9gies marketing sur la base de donn\u00e9es. Gr\u00e2ce \u00e0 des rapports sur mesure et \u00e0 des analyses approfondies, nous am\u00e9liorons vos processus de d\u00e9cision et maximisons vos r\u00e9sultats. Faites confiance \u00e0 notre expertise pour atteindre efficacement vos objectifs commerciaux.<\/div><\/div><\/div><\/figcaption><\/figure><\/a><!--end av-masonry entry--><\/div><\/div><\/p>","protected":false},"excerpt":{"rendered":"","protected":false},"author":2,"featured_media":0,"parent":128,"menu_order":3210,"comment_status":"closed","ping_status":"closed","template":"","meta":{"footnotes":""},"class_list":["post-131","page","type-page","status-publish","hentry"],"_links":{"self":[{"href":"https:\/\/swissmediadesign.com\/fr\/wp-json\/wp\/v2\/pages\/131","targetHints":{"allow":["GET"]}}],"collection":[{"href":"https:\/\/swissmediadesign.com\/fr\/wp-json\/wp\/v2\/pages"}],"about":[{"href":"https:\/\/swissmediadesign.com\/fr\/wp-json\/wp\/v2\/types\/page"}],"author":[{"embeddable":true,"href":"https:\/\/swissmediadesign.com\/fr\/wp-json\/wp\/v2\/users\/2"}],"replies":[{"embeddable":true,"href":"https:\/\/swissmediadesign.com\/fr\/wp-json\/wp\/v2\/comments?post=131"}],"version-history":[{"count":0,"href":"https:\/\/swissmediadesign.com\/fr\/wp-json\/wp\/v2\/pages\/131\/revisions"}],"up":[{"embeddable":true,"href":"https:\/\/swissmediadesign.com\/fr\/wp-json\/wp\/v2\/pages\/128"}],"wp:attachment":[{"href":"https:\/\/swissmediadesign.com\/fr\/wp-json\/wp\/v2\/media?parent=131"}],"curies":[{"name":"wp","href":"https:\/\/api.w.org\/{rel}","templated":true}]}}