{"id":133,"date":"2024-04-02T20:39:23","date_gmt":"2024-04-02T18:39:23","guid":{"rendered":"https:\/\/swissmediadesign.com\/?page_id=133"},"modified":"2025-04-24T08:33:50","modified_gmt":"2025-04-24T06:33:50","slug":"google-analytics","status":"publish","type":"page","link":"https:\/\/swissmediadesign.com\/fr\/notre-expertise\/grandissent\/marketing-communication\/strategie-de-creation-de-contenu\/","title":{"rendered":"Google Analytics"},"content":{"rendered":"<style type=\"text\/css\" data-created_by=\"avia_inline_auto\" id=\"style-css-av-lw0xwvdj-9434f89b56b8be4ebcdbd4bab1aeb5c3\">\n.avia-section.av-lw0xwvdj-9434f89b56b8be4ebcdbd4bab1aeb5c3{\nbackground-repeat:no-repeat;\nbackground-image:url(https:\/\/swissmediadesign.com\/wp-content\/uploads\/2024\/05\/mockup-of-a-macbook-pro-being-used-in-a-public-space-489-el-1500x1000.png);\nbackground-position:50% 50%;\nbackground-attachment:scroll;\n}\n.avia-section.av-lw0xwvdj-9434f89b56b8be4ebcdbd4bab1aeb5c3 .av-section-color-overlay{\nopacity:0.5;\nbackground-color:#000000;\n}\n<\/style>\n<div id='av_section_1'  class='avia-section av-lw0xwvdj-9434f89b56b8be4ebcdbd4bab1aeb5c3 main_color avia-section-default avia-no-border-styling  avia-builder-el-0  el_before_av_one_full  avia-builder-el-first  avia-full-stretch avia-bg-style-scroll av-section-color-overlay-active container_wrap fullsize'  data-section-bg-repeat='stretch'><div class=\"av-section-color-overlay-wrap\"><div class=\"av-section-color-overlay\"><\/div><div class='container av-section-cont-open' ><main  role=\"main\" itemprop=\"mainContentOfPage\"  class='template-page content  av-content-full alpha units'><div class='post-entry post-entry-type-page post-entry-133'><div class='entry-content-wrapper clearfix'>\n<div  class='flex_column av-1878tp-dbc15d9fe5bd991946abfe238011c956 av_one_fifth  avia-builder-el-1  el_before_av_three_fifth  avia-builder-el-first  first flex_column_div'     ><\/div><div  class='flex_column av-11xakd-45b9125b7ad6f3267ca26df41b1aec1e av_three_fifth  avia-builder-el-2  el_after_av_one_fifth  el_before_av_one_fifth  flex_column_div'     ><p>\n<style type=\"text\/css\" data-created_by=\"avia_inline_auto\" id=\"style-css-av-lw0xvn8i-6319b30530ceb7af25e438b666d1ca30\">\n#top .av-special-heading.av-lw0xvn8i-6319b30530ceb7af25e438b666d1ca30{\npadding-bottom:10px;\ncolor:#ffffff;\n}\nbody .av-special-heading.av-lw0xvn8i-6319b30530ceb7af25e438b666d1ca30 .av-special-heading-tag .heading-char{\nfont-size:25px;\n}\n.av-special-heading.av-lw0xvn8i-6319b30530ceb7af25e438b666d1ca30 .special-heading-inner-border{\nborder-color:#ffffff;\n}\n.av-special-heading.av-lw0xvn8i-6319b30530ceb7af25e438b666d1ca30 .av-subheading{\nfont-size:15px;\n}\n<\/style>\n<div  class='av-special-heading av-lw0xvn8i-6319b30530ceb7af25e438b666d1ca30 av-special-heading-h1 custom-color-heading blockquote modern-quote modern-centered  avia-builder-el-3  el_before_av_textblock  avia-builder-el-first'><h1 class='av-special-heading-tag'  itemprop=\"headline\"  >Google Analytics<\/h1><div class='av_custom_color av-subheading av-subheading_below'><p><a href=\"https:\/\/swissmediadesign.com\/fr\/notre-expertise\/grandissent\/marketing-communication\/\">Analyse et optimisation<\/a> \/ <a href=\"https:\/\/swissmediadesign.com\/fr\/notre-expertise\/grandissent\/marketing-communication\/strategie-de-creation-de-contenu\/\">Google Analytics<\/a><\/p>\n<\/div><div class=\"special-heading-border\"><div class=\"special-heading-inner-border\"><\/div><\/div><\/div><br \/>\n\n<style type=\"text\/css\" data-created_by=\"avia_inline_auto\" id=\"style-css-av-z35v9-9faa17a259a8bd82e7be91f5509467b0\">\n#top .av_textblock_section.av-z35v9-9faa17a259a8bd82e7be91f5509467b0 .avia_textblock{\ncolor:#ffffff;\n}\n<\/style>\n<section  class='av_textblock_section av-z35v9-9faa17a259a8bd82e7be91f5509467b0'   itemscope=\"itemscope\" itemtype=\"https:\/\/schema.org\/CreativeWork\" ><div class='avia_textblock av_inherit_color'  itemprop=\"text\" ><p style=\"text-align: center;\">Utilisez la puissance de Google Analytics pour prendre des d\u00e9cisions \u00e9clair\u00e9es et stimuler la croissance de votre entreprise. Gr\u00e2ce \u00e0 nos connaissances approfondies et \u00e0 nos approches innovantes, nous vous proposons des solutions d'analyse sur mesure qui fournissent des informations approfondies sur le comportement de vos utilisateurs.<\/p>\n<\/div><\/section><\/p><\/div><div  class='flex_column av-ov7q5-f0f31cd1e9552a2a14cb610834a6e122 av_one_fifth  avia-builder-el-5  el_after_av_three_fifth  avia-builder-el-last  flex_column_div'     ><\/div><\/div><\/div><\/main><!-- close content main element --><\/div><\/div><\/div><div id='after_section_1'  class='main_color av_default_container_wrap container_wrap fullsize'  ><div class='container av-section-cont-open' ><div class='template-page content  av-content-full alpha units'><div class='post-entry post-entry-type-page post-entry-133'><div class='entry-content-wrapper clearfix'><div  class='flex_column av-n00qt-7aa55bb5457a11e49d16c086adb56907 av_one_full  avia-builder-el-6  el_after_av_section  avia-builder-el-no-sibling  first flex_column_div'     ><p>\n<style type=\"text\/css\" data-created_by=\"avia_inline_auto\" id=\"style-css-av-ejsl1-7c60ff659d89ade9e3ee3641b90b702b\">\n#top .av-special-heading.av-ejsl1-7c60ff659d89ade9e3ee3641b90b702b{\npadding-bottom:10px;\n}\nbody .av-special-heading.av-ejsl1-7c60ff659d89ade9e3ee3641b90b702b .av-special-heading-tag .heading-char{\nfont-size:25px;\n}\n.av-special-heading.av-ejsl1-7c60ff659d89ade9e3ee3641b90b702b .av-subheading{\nfont-size:15px;\n}\n<\/style>\n<div  class='av-special-heading av-ejsl1-7c60ff659d89ade9e3ee3641b90b702b av-special-heading-h2 blockquote modern-quote  avia-builder-el-7  el_before_av_textblock  avia-builder-el-first'><h2 class='av-special-heading-tag'  itemprop=\"headline\"  >Optimisez vos performances avec Google Analytics<\/h2><div class=\"special-heading-border\"><div class=\"special-heading-inner-border\"><\/div><\/div><\/div><br \/>\n<section  class='av_textblock_section av-ao5kt-ca5e695a8007814c6b58ab77ada3f9dd'   itemscope=\"itemscope\" itemtype=\"https:\/\/schema.org\/CreativeWork\" ><div class='avia_textblock'  itemprop=\"text\" ><p>Dans le monde num\u00e9rique d'aujourd'hui, il est crucial de prendre les bonnes d\u00e9cisions au bon moment. Chez Swiss Media Design, nous comprenons le pouvoir des donn\u00e9es et la mani\u00e8re dont elles peuvent faire avancer votre entreprise. C'est pourquoi nous vous proposons des solutions compl\u00e8tes avec Google Analytics pour faire passer votre pr\u00e9sence en ligne au niveau sup\u00e9rieur. Universal Analytics a longtemps \u00e9t\u00e9 la colonne vert\u00e9brale de nombreuses strat\u00e9gies num\u00e9riques. Il vous a permis d'obtenir des informations d\u00e9taill\u00e9es sur le comportement de vos utilisateurs, de mesurer le succ\u00e8s de vos campagnes et d'adapter vos strat\u00e9gies marketing en cons\u00e9quence. Mais le paysage num\u00e9rique \u00e9volue, tout comme les outils que nous devons utiliser.<\/p>\n<p>Bienvenue dans l'\u00e8re de Google Analytics 4, une mise \u00e0 niveau r\u00e9volutionnaire qui change radicalement la fa\u00e7on dont vous analysez les donn\u00e9es. GA4 vous offre une toute nouvelle perspective et des fonctionnalit\u00e9s avanc\u00e9es, sp\u00e9cialement con\u00e7ues pour r\u00e9pondre aux exigences modernes du monde num\u00e9rique. GA4 abandonne le mod\u00e8le traditionnel de la session pour un suivi plus flexible et bas\u00e9 sur les \u00e9v\u00e9nements. Cela signifie que chaque interaction - du clic au d\u00e9filement - est enregistr\u00e9e en d\u00e9tail, ce qui vous permet d'obtenir des informations plus approfondies sur le comportement des utilisateurs. Qu'il s'agisse d'un site web ou d'une application, GA4 int\u00e8gre de mani\u00e8re transparente les donn\u00e9es de diff\u00e9rentes plateformes. Cela vous donne une image globale du parcours de l'utilisateur et vous aide \u00e0 affiner vos strat\u00e9gies marketing. Gr\u00e2ce \u00e0 l'IA int\u00e9gr\u00e9e, GA4 offre des analyses pr\u00e9dictives qui vous permettent de pr\u00e9dire le comportement futur des utilisateurs et d'y r\u00e9agir de mani\u00e8re proactive. GA4 est con\u00e7u pour respecter les dispositions actuelles en mati\u00e8re de protection des donn\u00e9es et r\u00e9duit la d\u00e9pendance aux cookies. Vous restez ainsi toujours du c\u00f4t\u00e9 de la s\u00e9curit\u00e9.<\/p>\n<p>Chez Swiss Media Design, nous savons que les donn\u00e9es sont plus que de simples chiffres. Elles racontent l'histoire de vos clients et de leur comportement. Gr\u00e2ce \u00e0 notre expertise, nous vous aidons \u00e0 d\u00e9crypter ces histoires et \u00e0 les transformer en strat\u00e9gies gagnantes. Notre \u00e9quipe d'analystes de donn\u00e9es et de strat\u00e8ges num\u00e9riques exp\u00e9riment\u00e9s travaille en \u00e9troite collaboration avec vous pour d\u00e9velopper des solutions sur mesure. Nous vous aidons \u00e0 mettre en \u0153uvre la GA4, \u00e0 interpr\u00e9ter des donn\u00e9es complexes et \u00e0 optimiser vos campagnes marketing. Notre mission est de maximiser la croissance de votre entreprise gr\u00e2ce \u00e0 des d\u00e9cisions ax\u00e9es sur les donn\u00e9es.<\/p>\n<p>Ensemble, transformons vos visions en succ\u00e8s mesurables. Faites confiance \u00e0 Swiss Media Design pour lib\u00e9rer tout le potentiel de Google Analytics 4 pour votre entreprise. D\u00e9couvrez comment nous pouvons optimiser vos strat\u00e9gies en ligne et obtenir des r\u00e9sultats durables. Contactez-nous d\u00e8s aujourd'hui et commencez votre voyage vers un avenir bas\u00e9 sur les donn\u00e9es avec Swiss Media Design.<\/p>\n<\/div><\/section><\/p><\/div><\/p>","protected":false},"excerpt":{"rendered":"","protected":false},"author":2,"featured_media":0,"parent":131,"menu_order":3211,"comment_status":"closed","ping_status":"closed","template":"","meta":{"footnotes":""},"class_list":["post-133","page","type-page","status-publish","hentry"],"_links":{"self":[{"href":"https:\/\/swissmediadesign.com\/fr\/wp-json\/wp\/v2\/pages\/133","targetHints":{"allow":["GET"]}}],"collection":[{"href":"https:\/\/swissmediadesign.com\/fr\/wp-json\/wp\/v2\/pages"}],"about":[{"href":"https:\/\/swissmediadesign.com\/fr\/wp-json\/wp\/v2\/types\/page"}],"author":[{"embeddable":true,"href":"https:\/\/swissmediadesign.com\/fr\/wp-json\/wp\/v2\/users\/2"}],"replies":[{"embeddable":true,"href":"https:\/\/swissmediadesign.com\/fr\/wp-json\/wp\/v2\/comments?post=133"}],"version-history":[{"count":0,"href":"https:\/\/swissmediadesign.com\/fr\/wp-json\/wp\/v2\/pages\/133\/revisions"}],"up":[{"embeddable":true,"href":"https:\/\/swissmediadesign.com\/fr\/wp-json\/wp\/v2\/pages\/131"}],"wp:attachment":[{"href":"https:\/\/swissmediadesign.com\/fr\/wp-json\/wp\/v2\/media?parent=133"}],"curies":[{"name":"wp","href":"https:\/\/api.w.org\/{rel}","templated":true}]}}