{"id":135,"date":"2024-04-02T20:39:55","date_gmt":"2024-04-02T18:39:55","guid":{"rendered":"https:\/\/swissmediadesign.com\/?page_id=135"},"modified":"2025-04-24T08:41:38","modified_gmt":"2025-04-24T06:41:38","slug":"conversion-tracking","status":"publish","type":"page","link":"https:\/\/swissmediadesign.com\/fr\/notre-expertise\/grandissent\/marketing-communication\/marketing-des-medias-sociaux\/","title":{"rendered":"Suivi des conversions"},"content":{"rendered":"<style type=\"text\/css\" data-created_by=\"avia_inline_auto\" id=\"style-css-av-lw0y5a2t-b23259ca2b2468d2e52fff91d5453f53\">\n.avia-section.av-lw0y5a2t-b23259ca2b2468d2e52fff91d5453f53{\nbackground-repeat:no-repeat;\nbackground-image:url(https:\/\/swissmediadesign.com\/wp-content\/uploads\/2024\/05\/conversion-tracking-1500x1000.jpg);\nbackground-position:50% 50%;\nbackground-attachment:scroll;\n}\n.avia-section.av-lw0y5a2t-b23259ca2b2468d2e52fff91d5453f53 .av-section-color-overlay{\nopacity:0.5;\nbackground-color:#000000;\n}\n<\/style>\n<div id='av_section_1'  class='avia-section av-lw0y5a2t-b23259ca2b2468d2e52fff91d5453f53 main_color avia-section-default avia-no-border-styling  avia-builder-el-0  el_before_av_one_full  avia-builder-el-first  avia-full-stretch avia-bg-style-scroll av-section-color-overlay-active container_wrap fullsize'  data-section-bg-repeat='stretch'><div class=\"av-section-color-overlay-wrap\"><div class=\"av-section-color-overlay\"><\/div><div class='container av-section-cont-open' ><main  role=\"main\" itemprop=\"mainContentOfPage\"  class='template-page content  av-content-full alpha units'><div class='post-entry post-entry-type-page post-entry-135'><div class='entry-content-wrapper clearfix'>\n<div  class='flex_column av-10spx3-b26f2cd0c36377b105192a014db3c1bd av_one_fifth  avia-builder-el-1  el_before_av_three_fifth  avia-builder-el-first  first flex_column_div'     ><\/div><div  class='flex_column av-utkjr-cf93199cc483b5bef7491aea758b59b6 av_three_fifth  avia-builder-el-2  el_after_av_one_fifth  el_before_av_one_fifth  flex_column_div'     ><p>\n<style type=\"text\/css\" data-created_by=\"avia_inline_auto\" id=\"style-css-av-lw0y3w5y-1d1c289e1d2159fb3bbe4d5bb55e589c\">\n#top .av-special-heading.av-lw0y3w5y-1d1c289e1d2159fb3bbe4d5bb55e589c{\npadding-bottom:10px;\ncolor:#ffffff;\n}\nbody .av-special-heading.av-lw0y3w5y-1d1c289e1d2159fb3bbe4d5bb55e589c .av-special-heading-tag .heading-char{\nfont-size:25px;\n}\n.av-special-heading.av-lw0y3w5y-1d1c289e1d2159fb3bbe4d5bb55e589c .special-heading-inner-border{\nborder-color:#ffffff;\n}\n.av-special-heading.av-lw0y3w5y-1d1c289e1d2159fb3bbe4d5bb55e589c .av-subheading{\nfont-size:15px;\n}\n<\/style>\n<div  class='av-special-heading av-lw0y3w5y-1d1c289e1d2159fb3bbe4d5bb55e589c av-special-heading-h1 custom-color-heading blockquote modern-quote modern-centered  avia-builder-el-3  el_before_av_textblock  avia-builder-el-first'><h1 class='av-special-heading-tag'  itemprop=\"headline\"  >Suivi des conversions<\/h1><div class='av_custom_color av-subheading av-subheading_below'><p><a href=\"https:\/\/swissmediadesign.com\/fr\/notre-expertise\/grandissent\/marketing-communication\/\">Analyse et optimisation<\/a> \/ <a href=\"https:\/\/swissmediadesign.com\/fr\/notre-expertise\/grandissent\/marketing-communication\/marketing-des-medias-sociaux\/\">Suivi des conversions<\/a><\/p>\n<\/div><div class=\"special-heading-border\"><div class=\"special-heading-inner-border\"><\/div><\/div><\/div><br \/>\n\n<style type=\"text\/css\" data-created_by=\"avia_inline_auto\" id=\"style-css-av-oxhin-82d3850d118eef5fa0cf1e93d444d5c6\">\n#top .av_textblock_section.av-oxhin-82d3850d118eef5fa0cf1e93d444d5c6 .avia_textblock{\ncolor:#ffffff;\n}\n<\/style>\n<section  class='av_textblock_section av-oxhin-82d3850d118eef5fa0cf1e93d444d5c6'   itemscope=\"itemscope\" itemtype=\"https:\/\/schema.org\/CreativeWork\" ><div class='avia_textblock av_inherit_color'  itemprop=\"text\" ><p style=\"text-align: center;\">Chez Swiss Media Design, nous utilisons le suivi des conversions pour analyser le comportement de vos utilisateurs et optimiser vos strat\u00e9gies marketing. Avec Google Tag Manager et Google Ads, nous augmentons vos taux de conversion et maximisons votre retour sur investissement. Faites confiance \u00e0 notre expertise pour atteindre efficacement vos objectifs marketing.<\/p>\n<\/div><\/section><\/p><\/div><div  class='flex_column av-iojiv-1ead89b838ccff8e9a2a03f536cd1c5e av_one_fifth  avia-builder-el-5  el_after_av_three_fifth  avia-builder-el-last  flex_column_div'     ><\/div><\/div><\/div><\/main><!-- close content main element --><\/div><\/div><\/div><div id='after_section_1'  class='main_color av_default_container_wrap container_wrap fullsize'  ><div class='container av-section-cont-open' ><div class='template-page content  av-content-full alpha units'><div class='post-entry post-entry-type-page post-entry-135'><div class='entry-content-wrapper clearfix'><div  class='flex_column av-jnggv-d230e65fce51906268eb8dd69692fefb av_one_full  avia-builder-el-6  el_after_av_section  avia-builder-el-no-sibling  first flex_column_div'     ><p>\n<style type=\"text\/css\" data-created_by=\"avia_inline_auto\" id=\"style-css-av-djofj-1bdf357e64f8c80b3e25925bc80e2186\">\n#top .av-special-heading.av-djofj-1bdf357e64f8c80b3e25925bc80e2186{\npadding-bottom:10px;\n}\nbody .av-special-heading.av-djofj-1bdf357e64f8c80b3e25925bc80e2186 .av-special-heading-tag .heading-char{\nfont-size:25px;\n}\n.av-special-heading.av-djofj-1bdf357e64f8c80b3e25925bc80e2186 .av-subheading{\nfont-size:15px;\n}\n<\/style>\n<div  class='av-special-heading av-djofj-1bdf357e64f8c80b3e25925bc80e2186 av-special-heading-h2 blockquote modern-quote  avia-builder-el-7  el_before_av_textblock  avia-builder-el-first'><h2 class='av-special-heading-tag'  itemprop=\"headline\"  >Maximisez votre succ\u00e8s avec le suivi des conversions<\/h2><div class=\"special-heading-border\"><div class=\"special-heading-inner-border\"><\/div><\/div><\/div><br \/>\n<section  class='av_textblock_section av-7bi7r-4fc1457395e2696ae2eba4969b42c952'   itemscope=\"itemscope\" itemtype=\"https:\/\/schema.org\/CreativeWork\" ><div class='avia_textblock'  itemprop=\"text\" ><p>Dans le monde num\u00e9rique d'aujourd'hui, il est crucial de comprendre chaque \u00e9tape de vos clients et de les optimiser de mani\u00e8re cibl\u00e9e. Chez Swiss Media Design, nous proposons des solutions compl\u00e8tes dans le domaine du suivi des conversions, qui vous aident \u00e0 orienter pr\u00e9cis\u00e9ment vos strat\u00e9gies marketing et \u00e0 obtenir des r\u00e9sultats mesurables. Notre objectif est d'augmenter vos taux de conversion et de faire \u00e9voluer votre activit\u00e9 de mani\u00e8re durable.<\/p>\n<p>Avec le suivi des conversions, vous pouvez suivre avec pr\u00e9cision les actions que vos utilisateurs effectuent sur votre site web ou votre application. Qu'il s'agisse d'achats, d'inscriptions ou d'autres interactions importantes, nous vous aidons \u00e0 collecter et \u00e0 analyser ces donn\u00e9es de mani\u00e8re efficace. Google Tag Manager joue un r\u00f4le central \u00e0 cet \u00e9gard, car il permet une mise en \u0153uvre et une gestion simples des codes de suivi, sans n\u00e9cessiter de connaissances approfondies en programmation. Vous pouvez ainsi r\u00e9agir rapidement aux changements et optimiser vos campagnes en permanence.<\/p>\n<p>Google Ads et le suivi des conversions vont de pair. En associant Google Ads \u00e0 votre suivi des conversions, vous pouvez mesurer de mani\u00e8re cibl\u00e9e la performance de vos annonces et maximiser le retour sur investissement (ROI). Nous vous aidons \u00e0 concevoir vos campagnes publicitaires de mani\u00e8re \u00e0 ce qu'elles n'attirent pas seulement l'attention, mais qu'elles g\u00e9n\u00e8rent \u00e9galement de v\u00e9ritables conversions. Des rapports et analyses d\u00e9taill\u00e9s vous donnent un aper\u00e7u pr\u00e9cieux de l'efficacit\u00e9 de votre publicit\u00e9 et vous permettent d'utiliser vos budgets plus efficacement.<\/p>\n<p>Un autre aspect important est le contr\u00f4le des co\u00fbts. Le co\u00fbt par acquisition (CPA) vous permet de d\u00e9terminer exactement combien vous \u00eates pr\u00eat \u00e0 payer pour chaque conversion. Nous vous aidons \u00e0 atteindre vos objectifs CPA en optimisant continuellement vos campagnes et en les orientant vers une efficacit\u00e9 maximale. Nous nous assurons ainsi que vos d\u00e9penses marketing se transforment en v\u00e9ritables r\u00e9sultats commerciaux.<\/p>\n<p>En combinant le suivi des conversions, Google Tag Manager, Google Ads et une strat\u00e9gie CPA cibl\u00e9e, vous pouvez faire \u00e9voluer votre activit\u00e9 de mani\u00e8re efficace. Chez Swiss Media Design, notre \u00e9quipe travaille en \u00e9troite collaboration avec vous pour d\u00e9velopper des solutions sur mesure, adapt\u00e9es \u00e0 vos besoins sp\u00e9cifiques. Nous vous aidons \u00e0 prendre les bonnes d\u00e9cisions au bon moment et \u00e0 exploiter pleinement votre potentiel de croissance.<\/p>\n<p>Ensemble, optimisons vos strat\u00e9gies num\u00e9riques et obtenons des succ\u00e8s durables. Faites confiance \u00e0 l'expertise de Swiss Media Design pour lib\u00e9rer tout le potentiel du suivi des conversions et de nos solutions marketing sur mesure pour votre entreprise. Contactez-nous d\u00e8s aujourd'hui et commencez votre voyage vers un avenir ax\u00e9 sur les donn\u00e9es avec Swiss Media Design.<\/p>\n<\/div><\/section><\/p><\/div><\/p>","protected":false},"excerpt":{"rendered":"","protected":false},"author":2,"featured_media":0,"parent":131,"menu_order":3212,"comment_status":"closed","ping_status":"closed","template":"","meta":{"footnotes":""},"class_list":["post-135","page","type-page","status-publish","hentry"],"_links":{"self":[{"href":"https:\/\/swissmediadesign.com\/fr\/wp-json\/wp\/v2\/pages\/135","targetHints":{"allow":["GET"]}}],"collection":[{"href":"https:\/\/swissmediadesign.com\/fr\/wp-json\/wp\/v2\/pages"}],"about":[{"href":"https:\/\/swissmediadesign.com\/fr\/wp-json\/wp\/v2\/types\/page"}],"author":[{"embeddable":true,"href":"https:\/\/swissmediadesign.com\/fr\/wp-json\/wp\/v2\/users\/2"}],"replies":[{"embeddable":true,"href":"https:\/\/swissmediadesign.com\/fr\/wp-json\/wp\/v2\/comments?post=135"}],"version-history":[{"count":0,"href":"https:\/\/swissmediadesign.com\/fr\/wp-json\/wp\/v2\/pages\/135\/revisions"}],"up":[{"embeddable":true,"href":"https:\/\/swissmediadesign.com\/fr\/wp-json\/wp\/v2\/pages\/131"}],"wp:attachment":[{"href":"https:\/\/swissmediadesign.com\/fr\/wp-json\/wp\/v2\/media?parent=135"}],"curies":[{"name":"wp","href":"https:\/\/api.w.org\/{rel}","templated":true}]}}