{"id":145,"date":"2024-04-02T20:43:53","date_gmt":"2024-04-02T18:43:53","guid":{"rendered":"https:\/\/swissmediadesign.com\/?page_id=145"},"modified":"2025-04-24T08:42:26","modified_gmt":"2025-04-24T06:42:26","slug":"content-erstellung-und-strategie","status":"publish","type":"page","link":"https:\/\/swissmediadesign.com\/fr\/notre-expertise\/grandissent\/developpement-de-lidentite-visuelle\/identite-de-marque\/","title":{"rendered":"Cr\u00e9ation de contenu et strat\u00e9gie"},"content":{"rendered":"<style type=\"text\/css\" data-created_by=\"avia_inline_auto\" id=\"style-css-av-lwi15xsy-685f648a07044bf06703faff9ef8ac08\">\n.avia-section.av-lwi15xsy-685f648a07044bf06703faff9ef8ac08{\nbackground-repeat:no-repeat;\nbackground-image:url(https:\/\/swissmediadesign.com\/wp-content\/uploads\/2024\/05\/107984725_m_normal_none-1500x1000.jpg);\nbackground-position:50% 50%;\nbackground-attachment:scroll;\n}\n.avia-section.av-lwi15xsy-685f648a07044bf06703faff9ef8ac08 .av-section-color-overlay{\nopacity:0.5;\nbackground-color:#000000;\n}\n<\/style>\n<div id='av_section_1'  class='avia-section av-lwi15xsy-685f648a07044bf06703faff9ef8ac08 main_color avia-section-default avia-no-border-styling  avia-builder-el-0  el_before_av_one_full  avia-builder-el-first  avia-full-stretch avia-bg-style-scroll av-section-color-overlay-active container_wrap fullsize'  data-section-bg-repeat='stretch'><div class=\"av-section-color-overlay-wrap\"><div class=\"av-section-color-overlay\"><\/div><div class='container av-section-cont-open' ><main  role=\"main\" itemprop=\"mainContentOfPage\"  class='template-page content  av-content-full alpha units'><div class='post-entry post-entry-type-page post-entry-145'><div class='entry-content-wrapper clearfix'>\n<div  class='flex_column av-16txdd-30f89fc270373e2c04e0e054c339dd0a av_one_fifth  avia-builder-el-1  el_before_av_three_fifth  avia-builder-el-first  first flex_column_div'     ><\/div><div  class='flex_column av-1126z5-9450f5042e3c0bc4f5b8164ebea238bd av_three_fifth  avia-builder-el-2  el_after_av_one_fifth  el_before_av_one_fifth  flex_column_div'     ><p>\n<style type=\"text\/css\" data-created_by=\"avia_inline_auto\" id=\"style-css-av-lwi14y9a-8513f7a13606378b63d1219f888c3616\">\n#top .av-special-heading.av-lwi14y9a-8513f7a13606378b63d1219f888c3616{\npadding-bottom:10px;\ncolor:#ffffff;\n}\nbody .av-special-heading.av-lwi14y9a-8513f7a13606378b63d1219f888c3616 .av-special-heading-tag .heading-char{\nfont-size:25px;\n}\n.av-special-heading.av-lwi14y9a-8513f7a13606378b63d1219f888c3616 .special-heading-inner-border{\nborder-color:#ffffff;\n}\n.av-special-heading.av-lwi14y9a-8513f7a13606378b63d1219f888c3616 .av-subheading{\nfont-size:15px;\n}\n<\/style>\n<div  class='av-special-heading av-lwi14y9a-8513f7a13606378b63d1219f888c3616 av-special-heading-h1 custom-color-heading blockquote modern-quote modern-centered  avia-builder-el-3  el_before_av_textblock  avia-builder-el-first'><h1 class='av-special-heading-tag'  itemprop=\"headline\"  >Cr\u00e9ation de contenu et strat\u00e9gie<\/h1><div class='av_custom_color av-subheading av-subheading_below'><p><a href=\"https:\/\/swissmediadesign.com\/fr\/notre-expertise\/grandissent\/developpement-de-lidentite-visuelle\/\">Marketing en ligne<\/a> \/ <a href=\"https:\/\/swissmediadesign.com\/fr\/notre-expertise\/grandissent\/developpement-de-lidentite-visuelle\/identite-de-marque\/\">Cr\u00e9ation de contenu et strat\u00e9gie<\/a><\/p>\n<\/div><div class=\"special-heading-border\"><div class=\"special-heading-inner-border\"><\/div><\/div><\/div><br \/>\n\n<style type=\"text\/css\" data-created_by=\"avia_inline_auto\" id=\"style-css-av-xjzrl-346780767acd113d45c18e7a2be1c448\">\n#top .av_textblock_section.av-xjzrl-346780767acd113d45c18e7a2be1c448 .avia_textblock{\ncolor:#ffffff;\n}\n<\/style>\n<section  class='av_textblock_section av-xjzrl-346780767acd113d45c18e7a2be1c448'   itemscope=\"itemscope\" itemtype=\"https:\/\/schema.org\/CreativeWork\" ><div class='avia_textblock av_inherit_color'  itemprop=\"text\" ><p style=\"text-align: center;\">Chez Swiss Media Design, nous proposons une cr\u00e9ation et une strat\u00e9gie de contenu compl\u00e8tes afin de renforcer votre marque et d'optimiser votre pr\u00e9sence en ligne. Un contenu de haute qualit\u00e9 est la cl\u00e9 pour atteindre et fid\u00e9liser votre groupe cible. Faites confiance \u00e0 notre expertise pour renforcer votre marque et am\u00e9liorer votre pr\u00e9sence gr\u00e2ce \u00e0 des contenus strat\u00e9giques.<\/p>\n<\/div><\/section><\/p><\/div><div  class='flex_column av-qi4vl-60379d7e4c4abbede41705e2a18fae7a av_one_fifth  avia-builder-el-5  el_after_av_three_fifth  avia-builder-el-last  flex_column_div'     ><\/div><\/div><\/div><\/main><!-- close content main element --><\/div><\/div><\/div><div id='after_section_1'  class='main_color av_default_container_wrap container_wrap fullsize'  ><div class='container av-section-cont-open' ><div class='template-page content  av-content-full alpha units'><div class='post-entry post-entry-type-page post-entry-145'><div class='entry-content-wrapper clearfix'><div  class='flex_column av-iykn5-b359dd687dd06f4e7f02e8e0e845a0e4 av_one_full  avia-builder-el-6  el_after_av_section  avia-builder-el-no-sibling  first flex_column_div'     ><p>\n<style type=\"text\/css\" data-created_by=\"avia_inline_auto\" id=\"style-css-av-cpmnd-060d3039468055e2c26164a27bbabec8\">\n#top .av-special-heading.av-cpmnd-060d3039468055e2c26164a27bbabec8{\npadding-bottom:10px;\n}\nbody .av-special-heading.av-cpmnd-060d3039468055e2c26164a27bbabec8 .av-special-heading-tag .heading-char{\nfont-size:25px;\n}\n.av-special-heading.av-cpmnd-060d3039468055e2c26164a27bbabec8 .av-subheading{\nfont-size:15px;\n}\n<\/style>\n<div  class='av-special-heading av-cpmnd-060d3039468055e2c26164a27bbabec8 av-special-heading-h2 blockquote modern-quote  avia-builder-el-7  el_before_av_textblock  avia-builder-el-first'><h2 class='av-special-heading-tag'  itemprop=\"headline\"  >Cr\u00e9ation de contenu strat\u00e9gique et articles de blog sur mesure<\/h2><div class=\"special-heading-border\"><div class=\"special-heading-inner-border\"><\/div><\/div><\/div><br \/>\n<section  class='av_textblock_section av-a098x-969eabe5be69a60073130ddf348cb4d6'   itemscope=\"itemscope\" itemtype=\"https:\/\/schema.org\/CreativeWork\" ><div class='avia_textblock'  itemprop=\"text\" ><p>Chez Swiss Media Design, nous vous proposons des services complets de cr\u00e9ation et de strat\u00e9gie de contenu afin de renforcer durablement votre marque et d'optimiser votre pr\u00e9sence en ligne. Un contenu de qualit\u00e9 et pertinent est la cl\u00e9 pour atteindre et fid\u00e9liser votre groupe cible. C'est pourquoi nous cr\u00e9ons chaque mois des articles de blog sur mesure qui ne se contentent pas d'informer et de divertir, mais qui am\u00e9liorent \u00e9galement votre classement dans les moteurs de recherche.<\/p>\n<p>Notre strat\u00e9gie de contenu se base sur une analyse approfondie de votre groupe cible et de vos objectifs commerciaux. Nous d\u00e9veloppons des contenus qui repr\u00e9sentent votre marque de mani\u00e8re authentique et qui communiquent vos messages de mani\u00e8re claire et convaincante. Gr\u00e2ce \u00e0 des articles de blog r\u00e9guliers, bien document\u00e9s et r\u00e9dig\u00e9s de mani\u00e8re attrayante, nous positionnons votre marque en tant qu'expert dans votre domaine et renfor\u00e7ons votre autorit\u00e9 et votre visibilit\u00e9 sur le web.<\/p>\n<p>La cr\u00e9ation de contenu comprend diff\u00e9rentes \u00e9tapes : de la recherche et de l'identification des th\u00e8mes \u00e0 l'optimisation pour les moteurs de recherche (SEO), en passant par la r\u00e9daction et l'\u00e9dition. Notre \u00e9quipe de r\u00e9dacteurs et de sp\u00e9cialistes en contenu exp\u00e9riment\u00e9s veille \u00e0 ce que chaque contribution soit adapt\u00e9e \u00e0 vos besoins individuels et r\u00e9ponde aux normes de qualit\u00e9 les plus \u00e9lev\u00e9es.<\/p>\n<p>Nous proposons en outre un suivi et une analyse continus des performances de vos contenus. Sur la base des donn\u00e9es et du feed-back, nous adaptons en permanence notre strat\u00e9gie afin de garantir que vos contenus obtiennent les r\u00e9sultats escompt\u00e9s. Nous travaillons en \u00e9troite collaboration avec vous afin d'atteindre vos objectifs et de positionner votre marque avec succ\u00e8s dans l'espace num\u00e9rique.<\/p>\n<p>Faites confiance \u00e0 l'expertise de Swiss Media Design pour faire passer votre strat\u00e9gie de contenu au niveau sup\u00e9rieur. Gr\u00e2ce \u00e0 nos articles de blog sur mesure et \u00e0 nos approches strat\u00e9giques, nous vous aidons \u00e0 atteindre efficacement votre groupe cible et \u00e0 obtenir des r\u00e9sultats durables. Ensemble, racontons votre histoire et transformons vos visions en contenus convaincants.<\/p>\n<\/div><\/section><\/p><\/div><\/p>","protected":false},"excerpt":{"rendered":"","protected":false},"author":2,"featured_media":0,"parent":143,"menu_order":3210,"comment_status":"closed","ping_status":"closed","template":"","meta":{"footnotes":""},"class_list":["post-145","page","type-page","status-publish","hentry"],"_links":{"self":[{"href":"https:\/\/swissmediadesign.com\/fr\/wp-json\/wp\/v2\/pages\/145","targetHints":{"allow":["GET"]}}],"collection":[{"href":"https:\/\/swissmediadesign.com\/fr\/wp-json\/wp\/v2\/pages"}],"about":[{"href":"https:\/\/swissmediadesign.com\/fr\/wp-json\/wp\/v2\/types\/page"}],"author":[{"embeddable":true,"href":"https:\/\/swissmediadesign.com\/fr\/wp-json\/wp\/v2\/users\/2"}],"replies":[{"embeddable":true,"href":"https:\/\/swissmediadesign.com\/fr\/wp-json\/wp\/v2\/comments?post=145"}],"version-history":[{"count":0,"href":"https:\/\/swissmediadesign.com\/fr\/wp-json\/wp\/v2\/pages\/145\/revisions"}],"up":[{"embeddable":true,"href":"https:\/\/swissmediadesign.com\/fr\/wp-json\/wp\/v2\/pages\/143"}],"wp:attachment":[{"href":"https:\/\/swissmediadesign.com\/fr\/wp-json\/wp\/v2\/media?parent=145"}],"curies":[{"name":"wp","href":"https:\/\/api.w.org\/{rel}","templated":true}]}}