{"id":147,"date":"2024-04-02T20:44:12","date_gmt":"2024-04-02T18:44:12","guid":{"rendered":"https:\/\/swissmediadesign.com\/?page_id=147"},"modified":"2025-04-24T08:42:40","modified_gmt":"2025-04-24T06:42:40","slug":"newslettergestaltung-ohne-versand","status":"publish","type":"page","link":"https:\/\/swissmediadesign.com\/fr\/notre-expertise\/grandissent\/developpement-de-lidentite-visuelle\/manuel-de-corporate-design\/","title":{"rendered":"Conception de la newsletter sans envoi"},"content":{"rendered":"<style type=\"text\/css\" data-created_by=\"avia_inline_auto\" id=\"style-css-av-lwi1t8qw-ec44c7fd5ce62ff543864af65168b46d\">\n.avia-section.av-lwi1t8qw-ec44c7fd5ce62ff543864af65168b46d{\nbackground-repeat:no-repeat;\nbackground-image:url(https:\/\/swissmediadesign.com\/wp-content\/uploads\/2024\/05\/208151297_m_normal_none-1500x1000.jpg);\nbackground-position:50% 50%;\nbackground-attachment:scroll;\n}\n.avia-section.av-lwi1t8qw-ec44c7fd5ce62ff543864af65168b46d .av-section-color-overlay{\nopacity:0.5;\nbackground-color:#000000;\n}\n<\/style>\n<div id='av_section_1'  class='avia-section av-lwi1t8qw-ec44c7fd5ce62ff543864af65168b46d main_color avia-section-default avia-no-border-styling  avia-builder-el-0  el_before_av_one_full  avia-builder-el-first  avia-full-stretch avia-bg-style-scroll av-section-color-overlay-active container_wrap fullsize'  data-section-bg-repeat='stretch'><div class=\"av-section-color-overlay-wrap\"><div class=\"av-section-color-overlay\"><\/div><div class='container av-section-cont-open' ><main  role=\"main\" itemprop=\"mainContentOfPage\"  class='template-page content  av-content-full alpha units'><div class='post-entry post-entry-type-page post-entry-147'><div class='entry-content-wrapper clearfix'>\n<div  class='flex_column av-zbkcj-6526e351e07e99131b42e9e86bc49e19 av_one_fifth  avia-builder-el-1  el_before_av_three_fifth  avia-builder-el-first  first flex_column_div'     ><\/div><div  class='flex_column av-olc0z-1895124de99ae31446d7ba7da2b5b35e av_three_fifth  avia-builder-el-2  el_after_av_one_fifth  el_before_av_one_fifth  flex_column_div'     ><p>\n<style type=\"text\/css\" data-created_by=\"avia_inline_auto\" id=\"style-css-av-lwi1sijc-611a60d69c508c0eba024f04747e93e3\">\n#top .av-special-heading.av-lwi1sijc-611a60d69c508c0eba024f04747e93e3{\npadding-bottom:10px;\ncolor:#ffffff;\n}\nbody .av-special-heading.av-lwi1sijc-611a60d69c508c0eba024f04747e93e3 .av-special-heading-tag .heading-char{\nfont-size:25px;\n}\n.av-special-heading.av-lwi1sijc-611a60d69c508c0eba024f04747e93e3 .special-heading-inner-border{\nborder-color:#ffffff;\n}\n.av-special-heading.av-lwi1sijc-611a60d69c508c0eba024f04747e93e3 .av-subheading{\nfont-size:15px;\n}\n<\/style>\n<div  class='av-special-heading av-lwi1sijc-611a60d69c508c0eba024f04747e93e3 av-special-heading-h1 custom-color-heading blockquote modern-quote modern-centered  avia-builder-el-3  el_before_av_textblock  avia-builder-el-first'><h1 class='av-special-heading-tag'  itemprop=\"headline\"  >Conception de la newsletter sans envoi<\/h1><div class='av_custom_color av-subheading av-subheading_below'><p><a href=\"https:\/\/swissmediadesign.com\/fr\/notre-expertise\/grandissent\/developpement-de-lidentite-visuelle\/\">Marketing en ligne<\/a> \/ <a href=\"https:\/\/swissmediadesign.com\/fr\/notre-expertise\/grandissent\/developpement-de-lidentite-visuelle\/manuel-de-corporate-design\/\">Conception de la newsletter sans envoi<\/a><\/p>\n<\/div><div class=\"special-heading-border\"><div class=\"special-heading-inner-border\"><\/div><\/div><\/div><br \/>\n\n<style type=\"text\/css\" data-created_by=\"avia_inline_auto\" id=\"style-css-av-iie2z-798fd64a655d0c03bae45c1b7d07fd7c\">\n#top .av_textblock_section.av-iie2z-798fd64a655d0c03bae45c1b7d07fd7c .avia_textblock{\ncolor:#ffffff;\n}\n<\/style>\n<section  class='av_textblock_section av-iie2z-798fd64a655d0c03bae45c1b7d07fd7c'   itemscope=\"itemscope\" itemtype=\"https:\/\/schema.org\/CreativeWork\" ><div class='avia_textblock av_inherit_color'  itemprop=\"text\" ><p style=\"text-align: center;\">Chez Swiss Media Design, nous vous proposons une conception cr\u00e9ative et professionnelle de newsletters. Nous travaillons avec Mailchimp et Cleverreach, cr\u00e9ons des mod\u00e8les personnalisables et proposons des formations en ligne compl\u00e8tes. En raison des dispositions l\u00e9gales, nous ne nous chargeons pas nous-m\u00eames de l'envoi, mais nous recommandons des prestataires de services sp\u00e9cialis\u00e9s.<\/p>\n<\/div><\/section><\/p><\/div><div  class='flex_column av-dvid7-890e9223386d613a1d35624cbe17a8d0 av_one_fifth  avia-builder-el-5  el_after_av_three_fifth  avia-builder-el-last  flex_column_div'     ><\/div><\/div><\/div><\/main><!-- close content main element --><\/div><\/div><\/div><div id='after_section_1'  class='main_color av_default_container_wrap container_wrap fullsize'  ><div class='container av-section-cont-open' ><div class='template-page content  av-content-full alpha units'><div class='post-entry post-entry-type-page post-entry-147'><div class='entry-content-wrapper clearfix'><div  class='flex_column av-w8lv-1bf67b6b29e38d0112221db9d23c12b8 av_one_full  avia-builder-el-6  el_after_av_section  avia-builder-el-no-sibling  first flex_column_div'     ><p>\n<style type=\"text\/css\" data-created_by=\"avia_inline_auto\" id=\"style-css-av-lwi22czu-c62608882ec8f5ddbdef4c05c3a85ba5\">\n#top .av-special-heading.av-lwi22czu-c62608882ec8f5ddbdef4c05c3a85ba5{\npadding-bottom:10px;\n}\nbody .av-special-heading.av-lwi22czu-c62608882ec8f5ddbdef4c05c3a85ba5 .av-special-heading-tag .heading-char{\nfont-size:25px;\n}\n.av-special-heading.av-lwi22czu-c62608882ec8f5ddbdef4c05c3a85ba5 .av-subheading{\nfont-size:15px;\n}\n<\/style>\n<div  class='av-special-heading av-lwi22czu-c62608882ec8f5ddbdef4c05c3a85ba5 av-special-heading-h2 blockquote modern-quote  avia-builder-el-7  el_before_av_textblock  avia-builder-el-first'><h2 class='av-special-heading-tag'  itemprop=\"headline\"  >Une newsletter inspir\u00e9e pour votre marque<\/h2><div class=\"special-heading-border\"><div class=\"special-heading-inner-border\"><\/div><\/div><\/div><br \/>\n<section  class='av_textblock_section av-lwi21uuo-ddde0f52e45b8dd77254ebaf17c4c257'   itemscope=\"itemscope\" itemtype=\"https:\/\/schema.org\/CreativeWork\" ><div class='avia_textblock'  itemprop=\"text\" ><p>Chez Swiss Media Design, nous vous proposons des services complets pour la conception de newsletters attrayantes et professionnelles. Notre expertise r\u00e9side dans le d\u00e9veloppement cr\u00e9atif et strat\u00e9gique de newsletters qui informent, enthousiasment et incitent \u00e0 l'action.<\/p>\n<p>Nous mettons l'accent sur la conception, car nous savons qu'un design de premier ordre fait la diff\u00e9rence. C'est pourquoi nous recommandons de faire appel \u00e0 des prestataires de services sp\u00e9cialis\u00e9s dans l'e-mail marketing afin d'\u00e9viter tout probl\u00e8me juridique et de garantir que vos newsletters sont envoy\u00e9es conform\u00e9ment \u00e0 la loi.<\/p>\n<p>Gr\u00e2ce \u00e0 notre vaste expertise, nous travaillons principalement avec des plateformes telles que Mailchimp et Cleverreach, qui offrent des outils de premier ordre pour la cr\u00e9ation et la gestion de newsletters. Nos services comprennent le design cr\u00e9atif, la conception du contenu, la mise en page et la structure ainsi que le design responsive.<\/p>\n<p>Notre \u00e9diteur drag-and-drop constitue un point fort particulier. Nous cr\u00e9ons des mod\u00e8les faciles \u00e0 utiliser que vous pouvez adapter sans effort. De plus, nous proposons des formations en ligne pour vous aider \u00e0 utiliser les outils et \u00e0 optimiser votre strat\u00e9gie d'e-mail marketing.<\/p>\n<p>Pour une strat\u00e9gie marketing enti\u00e8rement automatis\u00e9e, nous cr\u00e9ons \u00e9galement des parcours clients. Ceux-ci comprennent toutes les \u00e9tapes, du premier contact \u00e0 la conversion et au-del\u00e0. Nous travaillons toujours avec une proc\u00e9dure de double opt-in afin de nous assurer que tous les destinataires ont donn\u00e9 leur accord. Lorsque des clients viennent nous voir avec des listes d'adresses e-mail existantes, la responsabilit\u00e9 de la l\u00e9galit\u00e9 de ces listes leur incombe toujours, car nous nous chargeons uniquement de la conception et non de l'envoi.<\/p>\n<p>Faites confiance \u00e0 Swiss Media Design pour faire de votre newsletter un outil puissant de votre strat\u00e9gie marketing. Contactez-nous d\u00e8s aujourd'hui et commencez votre voyage vers des newsletters impressionnantes et efficaces.<\/p>\n<\/div><\/section><\/p><\/div><\/p>","protected":false},"excerpt":{"rendered":"","protected":false},"author":2,"featured_media":0,"parent":143,"menu_order":3222,"comment_status":"closed","ping_status":"closed","template":"","meta":{"footnotes":""},"class_list":["post-147","page","type-page","status-publish","hentry"],"_links":{"self":[{"href":"https:\/\/swissmediadesign.com\/fr\/wp-json\/wp\/v2\/pages\/147","targetHints":{"allow":["GET"]}}],"collection":[{"href":"https:\/\/swissmediadesign.com\/fr\/wp-json\/wp\/v2\/pages"}],"about":[{"href":"https:\/\/swissmediadesign.com\/fr\/wp-json\/wp\/v2\/types\/page"}],"author":[{"embeddable":true,"href":"https:\/\/swissmediadesign.com\/fr\/wp-json\/wp\/v2\/users\/2"}],"replies":[{"embeddable":true,"href":"https:\/\/swissmediadesign.com\/fr\/wp-json\/wp\/v2\/comments?post=147"}],"version-history":[{"count":0,"href":"https:\/\/swissmediadesign.com\/fr\/wp-json\/wp\/v2\/pages\/147\/revisions"}],"up":[{"embeddable":true,"href":"https:\/\/swissmediadesign.com\/fr\/wp-json\/wp\/v2\/pages\/143"}],"wp:attachment":[{"href":"https:\/\/swissmediadesign.com\/fr\/wp-json\/wp\/v2\/media?parent=147"}],"curies":[{"name":"wp","href":"https:\/\/api.w.org\/{rel}","templated":true}]}}