{"id":150,"date":"2024-04-02T20:44:39","date_gmt":"2024-04-02T18:44:39","guid":{"rendered":"https:\/\/swissmediadesign.com\/?page_id=150"},"modified":"2025-04-24T08:42:50","modified_gmt":"2025-04-24T06:42:50","slug":"effizientes-google-ads-marketing","status":"publish","type":"page","link":"https:\/\/swissmediadesign.com\/fr\/notre-expertise\/grandissent\/developpement-de-lidentite-visuelle\/strategies-de-communication-visuelle\/","title":{"rendered":"Un marketing Google Ads efficace"},"content":{"rendered":"<style type=\"text\/css\" data-created_by=\"avia_inline_auto\" id=\"style-css-av-lwi2t18n-fb308cb36728fc7206e07928035b06b6\">\n.avia-section.av-lwi2t18n-fb308cb36728fc7206e07928035b06b6{\nbackground-repeat:no-repeat;\nbackground-image:url(https:\/\/swissmediadesign.com\/wp-content\/uploads\/2024\/05\/AdobeStock_288081374_Editorial_Use_Only-1500x998.jpeg);\nbackground-position:50% 50%;\nbackground-attachment:scroll;\n}\n.avia-section.av-lwi2t18n-fb308cb36728fc7206e07928035b06b6 .av-section-color-overlay{\nopacity:0.5;\nbackground-color:#000000;\n}\n<\/style>\n<div id='av_section_1'  class='avia-section av-lwi2t18n-fb308cb36728fc7206e07928035b06b6 main_color avia-section-default avia-no-border-styling  avia-builder-el-0  el_before_av_one_full  avia-builder-el-first  avia-full-stretch avia-bg-style-scroll av-section-color-overlay-active container_wrap fullsize'  data-section-bg-repeat='stretch'><div class=\"av-section-color-overlay-wrap\"><div class=\"av-section-color-overlay\"><\/div><div class='container av-section-cont-open' ><main  role=\"main\" itemprop=\"mainContentOfPage\"  class='template-page content  av-content-full alpha units'><div class='post-entry post-entry-type-page post-entry-150'><div class='entry-content-wrapper clearfix'>\n<div  class='flex_column av-z7d46-03c82e51c12f64018c624a0c2bf8255c av_one_fifth  avia-builder-el-1  el_before_av_three_fifth  avia-builder-el-first  first flex_column_div'     ><\/div><div  class='flex_column av-r5ti6-7d581946a5996e293e131ab1e337abeb av_three_fifth  avia-builder-el-2  el_after_av_one_fifth  el_before_av_one_fifth  flex_column_div'     ><p>\n<style type=\"text\/css\" data-created_by=\"avia_inline_auto\" id=\"style-css-av-lwi2t7dq-ad8f110fd60cab53a76f1359a0c3e9eb\">\n#top .av-special-heading.av-lwi2t7dq-ad8f110fd60cab53a76f1359a0c3e9eb{\npadding-bottom:10px;\ncolor:#ffffff;\n}\nbody .av-special-heading.av-lwi2t7dq-ad8f110fd60cab53a76f1359a0c3e9eb .av-special-heading-tag .heading-char{\nfont-size:25px;\n}\n.av-special-heading.av-lwi2t7dq-ad8f110fd60cab53a76f1359a0c3e9eb .special-heading-inner-border{\nborder-color:#ffffff;\n}\n.av-special-heading.av-lwi2t7dq-ad8f110fd60cab53a76f1359a0c3e9eb .av-subheading{\nfont-size:15px;\n}\n<\/style>\n<div  class='av-special-heading av-lwi2t7dq-ad8f110fd60cab53a76f1359a0c3e9eb av-special-heading-h1 custom-color-heading blockquote modern-quote modern-centered  avia-builder-el-3  el_before_av_textblock  avia-builder-el-first'><h1 class='av-special-heading-tag'  itemprop=\"headline\"  >Un marketing Google Ads efficace<\/h1><div class='av_custom_color av-subheading av-subheading_below'><p><a href=\"https:\/\/swissmediadesign.com\/fr\/notre-expertise\/grandissent\/developpement-de-lidentite-visuelle\/\">Marketing en ligne<\/a> \/ <a href=\"https:\/\/swissmediadesign.com\/fr\/notre-expertise\/grandissent\/developpement-de-lidentite-visuelle\/strategies-de-communication-visuelle\/\">Un marketing Google Ads efficace<\/a><\/p>\n<\/div><div class=\"special-heading-border\"><div class=\"special-heading-inner-border\"><\/div><\/div><\/div><br \/>\n\n<style type=\"text\/css\" data-created_by=\"avia_inline_auto\" id=\"style-css-av-jg6wm-048b8304d5cf14f056766cc527de9958\">\n#top .av_textblock_section.av-jg6wm-048b8304d5cf14f056766cc527de9958 .avia_textblock{\ncolor:#ffffff;\n}\n<\/style>\n<section  class='av_textblock_section av-jg6wm-048b8304d5cf14f056766cc527de9958'   itemscope=\"itemscope\" itemtype=\"https:\/\/schema.org\/CreativeWork\" ><div class='avia_textblock av_inherit_color'  itemprop=\"text\" ><p style=\"text-align: center;\">Bienvenue chez Swiss Media Design, votre partenaire pour un marketing Google Ads efficace. Gr\u00e2ce \u00e0 des campagnes sur mesure et \u00e0 des connaissances approfondies, nous faisons rayonner votre marque dans l'espace num\u00e9rique. D\u00e9couvrez avec nous de nouvelles possibilit\u00e9s d'atteindre votre groupe cible et de positionner votre entreprise avec succ\u00e8s.<\/p>\n<\/div><\/section><\/p><\/div><div  class='flex_column av-1lsd2-9314326f4a3374b2308c4a119a2cd655 av_one_fifth  avia-builder-el-5  el_after_av_three_fifth  avia-builder-el-last  flex_column_div'     ><\/div><\/div><\/div><\/main><!-- close content main element --><\/div><\/div><\/div><div id='after_section_1'  class='main_color av_default_container_wrap container_wrap fullsize'  ><div class='container av-section-cont-open' ><div class='template-page content  av-content-full alpha units'><div class='post-entry post-entry-type-page post-entry-150'><div class='entry-content-wrapper clearfix'><div  class='flex_column av-aiesu-5a6278a3470b6549fbb12ada88fdaa18 av_one_full  avia-builder-el-6  el_after_av_section  avia-builder-el-no-sibling  first flex_column_div'     ><p>\n<style type=\"text\/css\" data-created_by=\"avia_inline_auto\" id=\"style-css-av-lwi2uz2s-881b0c99408134bdb4a2710749f61f39\">\n#top .av-special-heading.av-lwi2uz2s-881b0c99408134bdb4a2710749f61f39{\npadding-bottom:10px;\n}\nbody .av-special-heading.av-lwi2uz2s-881b0c99408134bdb4a2710749f61f39 .av-special-heading-tag .heading-char{\nfont-size:25px;\n}\n.av-special-heading.av-lwi2uz2s-881b0c99408134bdb4a2710749f61f39 .av-subheading{\nfont-size:15px;\n}\n<\/style>\n<div  class='av-special-heading av-lwi2uz2s-881b0c99408134bdb4a2710749f61f39 av-special-heading-h2 blockquote modern-quote  avia-builder-el-7  el_before_av_textblock  avia-builder-el-first'><h2 class='av-special-heading-tag'  itemprop=\"headline\"  > Des campagnes Google Ads efficaces pour votre succ\u00e8s num\u00e9rique<\/h2><div class=\"special-heading-border\"><div class=\"special-heading-inner-border\"><\/div><\/div><\/div><br \/>\n<section  class='av_textblock_section av-lwi2vaj5-ba338f5b9567ca8ef43fd38a49692bb8'   itemscope=\"itemscope\" itemtype=\"https:\/\/schema.org\/CreativeWork\" ><div class='avia_textblock'  itemprop=\"text\" ><p>Chez Swiss Media Design, nous sommes passionn\u00e9s par le fait d'amener votre marque vers le succ\u00e8s num\u00e9rique. Gr\u00e2ce \u00e0 notre expertise dans tous les domaines du marketing num\u00e9rique, nous vous proposons des campagnes Google Ads sur mesure qui mettent votre marque sous les feux de la rampe et font progresser votre entreprise.<\/p>\n<p>Google Ads est un moyen extr\u00eamement efficace de faire conna\u00eetre votre marque et d'attirer l'attention de clients potentiels. Gr\u00e2ce \u00e0 des campagnes de recherche cibl\u00e9es, nous pla\u00e7ons vos annonces exactement l\u00e0 o\u00f9 votre groupe cible recherche activement vos produits ou services. Cela signifie une visibilit\u00e9 maximale et une forte probabilit\u00e9 que des clients potentiels cliquent sur vos annonces et s'int\u00e9ressent \u00e0 votre entreprise.<\/p>\n<p>Mais Google Ads va bien au-del\u00e0 des campagnes de recherche. Gr\u00e2ce \u00e0 des campagnes de branding et des strat\u00e9gies de remarketing, nous veillons \u00e0 ce que votre marque reste pr\u00e9sente dans l'esprit de votre groupe cible. Gr\u00e2ce \u00e0 un branding continu et \u00e0 une publicit\u00e9 cibl\u00e9e, nous pouvons renforcer la confiance en votre marque et \u00e9tablir des relations \u00e0 long terme avec vos clients.<\/p>\n<p>Nos experts travaillent en \u00e9troite collaboration avec vous afin de comprendre vos objectifs et de mettre au point une campagne qui fera le succ\u00e8s de votre marque. Nous analysons en permanence les performances de vos campagnes et les optimisons afin de garantir que vous obteniez un maximum de r\u00e9sultats.<\/p>\n<p>Faites confiance \u00e0 Swiss Media Design pour mener votre marque au succ\u00e8s num\u00e9rique. Contactez-nous d\u00e8s aujourd'hui pour en savoir plus sur nos services Google Ads et commencer votre parcours vers le succ\u00e8s.<\/p>\n<\/div><\/section><\/p><\/div><\/p>","protected":false},"excerpt":{"rendered":"","protected":false},"author":2,"featured_media":0,"parent":143,"menu_order":3223,"comment_status":"closed","ping_status":"closed","template":"","meta":{"footnotes":""},"class_list":["post-150","page","type-page","status-publish","hentry"],"_links":{"self":[{"href":"https:\/\/swissmediadesign.com\/fr\/wp-json\/wp\/v2\/pages\/150","targetHints":{"allow":["GET"]}}],"collection":[{"href":"https:\/\/swissmediadesign.com\/fr\/wp-json\/wp\/v2\/pages"}],"about":[{"href":"https:\/\/swissmediadesign.com\/fr\/wp-json\/wp\/v2\/types\/page"}],"author":[{"embeddable":true,"href":"https:\/\/swissmediadesign.com\/fr\/wp-json\/wp\/v2\/users\/2"}],"replies":[{"embeddable":true,"href":"https:\/\/swissmediadesign.com\/fr\/wp-json\/wp\/v2\/comments?post=150"}],"version-history":[{"count":0,"href":"https:\/\/swissmediadesign.com\/fr\/wp-json\/wp\/v2\/pages\/150\/revisions"}],"up":[{"embeddable":true,"href":"https:\/\/swissmediadesign.com\/fr\/wp-json\/wp\/v2\/pages\/143"}],"wp:attachment":[{"href":"https:\/\/swissmediadesign.com\/fr\/wp-json\/wp\/v2\/media?parent=150"}],"curies":[{"name":"wp","href":"https:\/\/api.w.org\/{rel}","templated":true}]}}